{"id":105826,"date":"2023-05-08T09:44:31","date_gmt":"2023-05-08T09:44:31","guid":{"rendered":"https:\/\/wos-dev-1.staging.sd-hosting.pt\/produto\/uriage-depiderm-cuidado-antimanchas-spf50-30ml\/"},"modified":"2024-01-12T16:18:57","modified_gmt":"2024-01-12T16:18:57","slug":"uriage-depiderm-cuidado-antimanchas-spf50-30ml","status":"publish","type":"product","link":"https:\/\/wos-dev-1.staging.sd-hosting.pt\/?product=uriage-depiderm-cuidado-antimanchas-spf50-30ml","title":{"rendered":"Uriage D\u00e9piderm Cuidado Antimanchas SPF50+ 30mL"},"content":{"rendered":"<p class=\"wosc-text-s wosc-text-justify\"><strong class=\"wosc-text-secondary\">Uriage D\u00e9piderm Cuidado Antimanchas SPF50+<\/strong> \u00e9 um cuidado de dia com a\u00e7\u00e3o despigmentante e prote\u00e7\u00e3o solar muito elevada.<\/p>\n<p class=\"wosc-text-s wosc-text-justify\">Com o Complex CX, este produto tem uma a\u00e7\u00e3o despigmentante muito eficaz, atuando nas diferentes fases da pigmenta\u00e7\u00e3o. Assim consegue-se reduzir e prevenir o aparecimento de manchas.<\/p>\n<p class=\"wosc-text-s wosc-text-justify\">Da mesma forma, a prote\u00e7\u00e3o solar juntamente com os antioxidantes presentes na f\u00f3rmula, al\u00e9m de protegerem a pele da radia\u00e7\u00e3o solar e dos radicais livres, tamb\u00e9m atuam na redu\u00e7\u00e3o das manchas.<\/p>\n<p class=\"wosc-text-s wosc-text-justify\">Este cuidado antimanchas est\u00e1 adaptado a pele sujeita a tratamentos dermoest\u00e9ticos (laser, peeling, dermoabras\u00e3o, entre outros). \u00c9 uma f\u00f3rmula enriquecida em \u00c1gua Termal de Uriage que hidrata e repara a pele.<\/p>\n","protected":false},"excerpt":{"rendered":"<p>Cuidado di\u00e1rio despigmentante com prote\u00e7\u00e3o solar elevada.<\/p>\n","protected":false},"featured_media":733,"comment_status":"open","ping_status":"closed","template":"","meta":{"_acf_changed":false},"product_cat":[987,1019,1028,1041,999,986],"product_tag":[],"wos_brand":[1145,1101],"class_list":{"0":"post-105826","1":"product","2":"type-product","3":"status-publish","4":"has-post-thumbnail","6":"product_cat-corpo","7":"product_cat-manchas","8":"product_cat-outros-cuidados","9":"product_cat-outros-cuidados-corporais","10":"product_cat-problemas-de-pele","11":"product_cat-rosto","12":"wos_brand-depiderm","13":"wos_brand-uriage","15":"first","16":"instock","17":"taxable","18":"shipping-taxable","19":"purchasable","20":"product-type-simple"},"acf":[],"yoast_head":"<!-- This site is optimized with the Yoast SEO plugin v22.8 - https:\/\/yoast.com\/wordpress\/plugins\/seo\/ -->\n<title>Uriage D\u00e9piderm Cuidado Antimanchas SPF50+ 30mL - World Of Skin<\/title>\n<meta name=\"description\" content=\"Uriage D\u00e9piderm Cuidado Antimanchas SPF50+ \u00e9 um cuidado de dia com a\u00e7\u00e3o despigmentante e prote\u00e7\u00e3o solar muito elevada. Hidrata e repara a pele.\" \/>\n<meta name=\"robots\" content=\"index, follow, max-snippet:-1, max-image-preview:large, max-video-preview:-1\" \/>\n<link rel=\"canonical\" href=\"https:\/\/wos-dev-1.staging.sd-hosting.pt\/produto\/uriage-depiderm-cuidado-antimanchas-spf50-30ml\/\" \/>\n<meta property=\"og:locale\" content=\"pt_PT\" \/>\n<meta property=\"og:type\" content=\"article\" \/>\n<meta property=\"og:title\" content=\"Uriage D\u00e9piderm Cuidado Antimanchas SPF50+ 30mL - World Of Skin\" \/>\n<meta property=\"og:description\" content=\"Uriage D\u00e9piderm Cuidado Antimanchas SPF50+ \u00e9 um cuidado de dia com a\u00e7\u00e3o despigmentante e prote\u00e7\u00e3o solar muito elevada. Hidrata e repara a pele.\" \/>\n<meta property=\"og:url\" content=\"https:\/\/wos-dev-1.staging.sd-hosting.pt\/produto\/uriage-depiderm-cuidado-antimanchas-spf50-30ml\/\" \/>\n<meta property=\"og:site_name\" content=\"World Of Skin\" \/>\n<meta property=\"article:publisher\" content=\"https:\/\/www.facebook.com\/worldofskin.pt\/\" \/>\n<meta property=\"article:modified_time\" content=\"2024-01-12T16:18:57+00:00\" \/>\n<meta property=\"og:image\" content=\"https:\/\/wos-dev-1.staging.sd-hosting.pt\/wp-content\/uploads\/2022\/12\/uriage-depiderm-cuidado-antimanchas-spf50.png\" \/>\n\t<meta property=\"og:image:width\" content=\"2911\" \/>\n\t<meta property=\"og:image:height\" content=\"4308\" \/>\n\t<meta property=\"og:image:type\" content=\"image\/png\" \/>\n<meta name=\"twitter:card\" content=\"summary_large_image\" \/>\n<meta name=\"twitter:label1\" content=\"Tempo estimado de leitura\" \/>\n\t<meta name=\"twitter:data1\" content=\"1 minuto\" \/>\n<script type=\"application\/ld+json\" class=\"yoast-schema-graph\">{\"@context\":\"https:\/\/schema.org\",\"@graph\":[{\"@type\":\"WebPage\",\"@id\":\"https:\/\/wos-dev-1.staging.sd-hosting.pt\/produto\/uriage-depiderm-cuidado-antimanchas-spf50-30ml\/\",\"url\":\"https:\/\/wos-dev-1.staging.sd-hosting.pt\/produto\/uriage-depiderm-cuidado-antimanchas-spf50-30ml\/\",\"name\":\"Uriage D\u00e9piderm Cuidado Antimanchas SPF50+ 30mL - World Of Skin\",\"isPartOf\":{\"@id\":\"https:\/\/wos-dev-1.staging.sd-hosting.pt\/#website\"},\"primaryImageOfPage\":{\"@id\":\"https:\/\/wos-dev-1.staging.sd-hosting.pt\/produto\/uriage-depiderm-cuidado-antimanchas-spf50-30ml\/#primaryimage\"},\"image\":{\"@id\":\"https:\/\/wos-dev-1.staging.sd-hosting.pt\/produto\/uriage-depiderm-cuidado-antimanchas-spf50-30ml\/#primaryimage\"},\"thumbnailUrl\":\"https:\/\/wos-dev-1.staging.sd-hosting.pt\/wp-content\/uploads\/2022\/12\/uriage-depiderm-cuidado-antimanchas-spf50.png\",\"datePublished\":\"2023-05-08T09:44:31+00:00\",\"dateModified\":\"2024-01-12T16:18:57+00:00\",\"description\":\"Uriage D\u00e9piderm Cuidado Antimanchas SPF50+ \u00e9 um cuidado de dia com a\u00e7\u00e3o despigmentante e prote\u00e7\u00e3o solar muito elevada. Hidrata e repara a pele.\",\"breadcrumb\":{\"@id\":\"https:\/\/wos-dev-1.staging.sd-hosting.pt\/produto\/uriage-depiderm-cuidado-antimanchas-spf50-30ml\/#breadcrumb\"},\"inLanguage\":\"pt-PT\",\"potentialAction\":[{\"@type\":\"ReadAction\",\"target\":[\"https:\/\/wos-dev-1.staging.sd-hosting.pt\/produto\/uriage-depiderm-cuidado-antimanchas-spf50-30ml\/\"]}]},{\"@type\":\"ImageObject\",\"inLanguage\":\"pt-PT\",\"@id\":\"https:\/\/wos-dev-1.staging.sd-hosting.pt\/produto\/uriage-depiderm-cuidado-antimanchas-spf50-30ml\/#primaryimage\",\"url\":\"https:\/\/wos-dev-1.staging.sd-hosting.pt\/wp-content\/uploads\/2022\/12\/uriage-depiderm-cuidado-antimanchas-spf50.png\",\"contentUrl\":\"https:\/\/wos-dev-1.staging.sd-hosting.pt\/wp-content\/uploads\/2022\/12\/uriage-depiderm-cuidado-antimanchas-spf50.png\",\"width\":2911,\"height\":4308,\"caption\":\"Uriage D\u00e9piderm Cuidado Antimanchas SPF50+ 30mL\"},{\"@type\":\"BreadcrumbList\",\"@id\":\"https:\/\/wos-dev-1.staging.sd-hosting.pt\/produto\/uriage-depiderm-cuidado-antimanchas-spf50-30ml\/#breadcrumb\",\"itemListElement\":[{\"@type\":\"ListItem\",\"position\":1,\"name\":\"In\u00edcio\",\"item\":\"https:\/\/wos-dev-1.staging.sd-hosting.pt\/\"},{\"@type\":\"ListItem\",\"position\":2,\"name\":\"Uriage D\u00e9piderm Cuidado Antimanchas SPF50+ 30mL\"}]},{\"@type\":\"WebSite\",\"@id\":\"https:\/\/wos-dev-1.staging.sd-hosting.pt\/#website\",\"url\":\"https:\/\/wos-dev-1.staging.sd-hosting.pt\/\",\"name\":\"World Of Skin\",\"description\":\"World Of Skin\",\"publisher\":{\"@id\":\"https:\/\/wos-dev-1.staging.sd-hosting.pt\/#organization\"},\"potentialAction\":[{\"@type\":\"SearchAction\",\"target\":{\"@type\":\"EntryPoint\",\"urlTemplate\":\"https:\/\/wos-dev-1.staging.sd-hosting.pt\/?s={search_term_string}\"},\"query-input\":\"required name=search_term_string\"}],\"inLanguage\":\"pt-PT\"},{\"@type\":\"Organization\",\"@id\":\"https:\/\/wos-dev-1.staging.sd-hosting.pt\/#organization\",\"name\":\"World Of Skin\",\"url\":\"https:\/\/wos-dev-1.staging.sd-hosting.pt\/\",\"logo\":{\"@type\":\"ImageObject\",\"inLanguage\":\"pt-PT\",\"@id\":\"https:\/\/wos-dev-1.staging.sd-hosting.pt\/#\/schema\/logo\/image\/\",\"url\":\"https:\/\/wos-dev-1.staging.sd-hosting.pt\/wp-content\/uploads\/2022\/10\/Logotipo_Final.png\",\"contentUrl\":\"https:\/\/wos-dev-1.staging.sd-hosting.pt\/wp-content\/uploads\/2022\/10\/Logotipo_Final.png\",\"width\":1774,\"height\":1536,\"caption\":\"World Of Skin\"},\"image\":{\"@id\":\"https:\/\/wos-dev-1.staging.sd-hosting.pt\/#\/schema\/logo\/image\/\"},\"sameAs\":[\"https:\/\/www.facebook.com\/worldofskin.pt\/\",\"https:\/\/www.instagram.com\/world.of.skin\/\"]}]}<\/script>\n<!-- \/ Yoast SEO plugin. -->","yoast_head_json":{"title":"Uriage D\u00e9piderm Cuidado Antimanchas SPF50+ 30mL - World Of Skin","description":"Uriage D\u00e9piderm Cuidado Antimanchas SPF50+ \u00e9 um cuidado de dia com a\u00e7\u00e3o despigmentante e prote\u00e7\u00e3o solar muito elevada. Hidrata e repara a pele.","robots":{"index":"index","follow":"follow","max-snippet":"max-snippet:-1","max-image-preview":"max-image-preview:large","max-video-preview":"max-video-preview:-1"},"canonical":"https:\/\/wos-dev-1.staging.sd-hosting.pt\/produto\/uriage-depiderm-cuidado-antimanchas-spf50-30ml\/","og_locale":"pt_PT","og_type":"article","og_title":"Uriage D\u00e9piderm Cuidado Antimanchas SPF50+ 30mL - World Of Skin","og_description":"Uriage D\u00e9piderm Cuidado Antimanchas SPF50+ \u00e9 um cuidado de dia com a\u00e7\u00e3o despigmentante e prote\u00e7\u00e3o solar muito elevada. Hidrata e repara a pele.","og_url":"https:\/\/wos-dev-1.staging.sd-hosting.pt\/produto\/uriage-depiderm-cuidado-antimanchas-spf50-30ml\/","og_site_name":"World Of Skin","article_publisher":"https:\/\/www.facebook.com\/worldofskin.pt\/","article_modified_time":"2024-01-12T16:18:57+00:00","og_image":[{"width":2911,"height":4308,"url":"https:\/\/wos-dev-1.staging.sd-hosting.pt\/wp-content\/uploads\/2022\/12\/uriage-depiderm-cuidado-antimanchas-spf50.png","type":"image\/png"}],"twitter_card":"summary_large_image","twitter_misc":{"Tempo estimado de leitura":"1 minuto"},"schema":{"@context":"https:\/\/schema.org","@graph":[{"@type":"WebPage","@id":"https:\/\/wos-dev-1.staging.sd-hosting.pt\/produto\/uriage-depiderm-cuidado-antimanchas-spf50-30ml\/","url":"https:\/\/wos-dev-1.staging.sd-hosting.pt\/produto\/uriage-depiderm-cuidado-antimanchas-spf50-30ml\/","name":"Uriage D\u00e9piderm Cuidado Antimanchas SPF50+ 30mL - World Of Skin","isPartOf":{"@id":"https:\/\/wos-dev-1.staging.sd-hosting.pt\/#website"},"primaryImageOfPage":{"@id":"https:\/\/wos-dev-1.staging.sd-hosting.pt\/produto\/uriage-depiderm-cuidado-antimanchas-spf50-30ml\/#primaryimage"},"image":{"@id":"https:\/\/wos-dev-1.staging.sd-hosting.pt\/produto\/uriage-depiderm-cuidado-antimanchas-spf50-30ml\/#primaryimage"},"thumbnailUrl":"https:\/\/wos-dev-1.staging.sd-hosting.pt\/wp-content\/uploads\/2022\/12\/uriage-depiderm-cuidado-antimanchas-spf50.png","datePublished":"2023-05-08T09:44:31+00:00","dateModified":"2024-01-12T16:18:57+00:00","description":"Uriage D\u00e9piderm Cuidado Antimanchas SPF50+ \u00e9 um cuidado de dia com a\u00e7\u00e3o despigmentante e prote\u00e7\u00e3o solar muito elevada. Hidrata e repara a pele.","breadcrumb":{"@id":"https:\/\/wos-dev-1.staging.sd-hosting.pt\/produto\/uriage-depiderm-cuidado-antimanchas-spf50-30ml\/#breadcrumb"},"inLanguage":"pt-PT","potentialAction":[{"@type":"ReadAction","target":["https:\/\/wos-dev-1.staging.sd-hosting.pt\/produto\/uriage-depiderm-cuidado-antimanchas-spf50-30ml\/"]}]},{"@type":"ImageObject","inLanguage":"pt-PT","@id":"https:\/\/wos-dev-1.staging.sd-hosting.pt\/produto\/uriage-depiderm-cuidado-antimanchas-spf50-30ml\/#primaryimage","url":"https:\/\/wos-dev-1.staging.sd-hosting.pt\/wp-content\/uploads\/2022\/12\/uriage-depiderm-cuidado-antimanchas-spf50.png","contentUrl":"https:\/\/wos-dev-1.staging.sd-hosting.pt\/wp-content\/uploads\/2022\/12\/uriage-depiderm-cuidado-antimanchas-spf50.png","width":2911,"height":4308,"caption":"Uriage D\u00e9piderm Cuidado Antimanchas SPF50+ 30mL"},{"@type":"BreadcrumbList","@id":"https:\/\/wos-dev-1.staging.sd-hosting.pt\/produto\/uriage-depiderm-cuidado-antimanchas-spf50-30ml\/#breadcrumb","itemListElement":[{"@type":"ListItem","position":1,"name":"In\u00edcio","item":"https:\/\/wos-dev-1.staging.sd-hosting.pt\/"},{"@type":"ListItem","position":2,"name":"Uriage D\u00e9piderm Cuidado Antimanchas SPF50+ 30mL"}]},{"@type":"WebSite","@id":"https:\/\/wos-dev-1.staging.sd-hosting.pt\/#website","url":"https:\/\/wos-dev-1.staging.sd-hosting.pt\/","name":"World Of Skin","description":"World Of Skin","publisher":{"@id":"https:\/\/wos-dev-1.staging.sd-hosting.pt\/#organization"},"potentialAction":[{"@type":"SearchAction","target":{"@type":"EntryPoint","urlTemplate":"https:\/\/wos-dev-1.staging.sd-hosting.pt\/?s={search_term_string}"},"query-input":"required name=search_term_string"}],"inLanguage":"pt-PT"},{"@type":"Organization","@id":"https:\/\/wos-dev-1.staging.sd-hosting.pt\/#organization","name":"World Of Skin","url":"https:\/\/wos-dev-1.staging.sd-hosting.pt\/","logo":{"@type":"ImageObject","inLanguage":"pt-PT","@id":"https:\/\/wos-dev-1.staging.sd-hosting.pt\/#\/schema\/logo\/image\/","url":"https:\/\/wos-dev-1.staging.sd-hosting.pt\/wp-content\/uploads\/2022\/10\/Logotipo_Final.png","contentUrl":"https:\/\/wos-dev-1.staging.sd-hosting.pt\/wp-content\/uploads\/2022\/10\/Logotipo_Final.png","width":1774,"height":1536,"caption":"World Of Skin"},"image":{"@id":"https:\/\/wos-dev-1.staging.sd-hosting.pt\/#\/schema\/logo\/image\/"},"sameAs":["https:\/\/www.facebook.com\/worldofskin.pt\/","https:\/\/www.instagram.com\/world.of.skin\/"]}]}},"_links":{"self":[{"href":"https:\/\/wos-dev-1.staging.sd-hosting.pt\/index.php?rest_route=\/wp\/v2\/product\/105826","targetHints":{"allow":["GET"]}}],"collection":[{"href":"https:\/\/wos-dev-1.staging.sd-hosting.pt\/index.php?rest_route=\/wp\/v2\/product"}],"about":[{"href":"https:\/\/wos-dev-1.staging.sd-hosting.pt\/index.php?rest_route=\/wp\/v2\/types\/product"}],"replies":[{"embeddable":true,"href":"https:\/\/wos-dev-1.staging.sd-hosting.pt\/index.php?rest_route=%2Fwp%2Fv2%2Fcomments&post=105826"}],"wp:featuredmedia":[{"embeddable":true,"href":"https:\/\/wos-dev-1.staging.sd-hosting.pt\/index.php?rest_route=\/wp\/v2\/media\/733"}],"wp:attachment":[{"href":"https:\/\/wos-dev-1.staging.sd-hosting.pt\/index.php?rest_route=%2Fwp%2Fv2%2Fmedia&parent=105826"}],"wp:term":[{"taxonomy":"product_cat","embeddable":true,"href":"https:\/\/wos-dev-1.staging.sd-hosting.pt\/index.php?rest_route=%2Fwp%2Fv2%2Fproduct_cat&post=105826"},{"taxonomy":"product_tag","embeddable":true,"href":"https:\/\/wos-dev-1.staging.sd-hosting.pt\/index.php?rest_route=%2Fwp%2Fv2%2Fproduct_tag&post=105826"},{"taxonomy":"wos_brand","embeddable":true,"href":"https:\/\/wos-dev-1.staging.sd-hosting.pt\/index.php?rest_route=%2Fwp%2Fv2%2Fwos_brand&post=105826"}],"curies":[{"name":"wp","href":"https:\/\/api.w.org\/{rel}","templated":true}]}}