{"id":105631,"date":"2023-05-03T11:30:55","date_gmt":"2023-05-03T11:30:55","guid":{"rendered":"https:\/\/wos-dev-1.staging.sd-hosting.pt\/produto\/klorane-capilar-mascara-nutritiva-manga-150ml\/"},"modified":"2023-08-22T08:58:58","modified_gmt":"2023-08-22T08:58:58","slug":"klorane-capilar-mascara-nutritiva-manga-150ml","status":"publish","type":"product","link":"https:\/\/wos-dev-1.staging.sd-hosting.pt\/?product=klorane-capilar-mascara-nutritiva-manga-150ml","title":{"rendered":"Klorane Capilar M\u00e1scara Nutritiva Manga 150ml"},"content":{"rendered":"<p class=\"wosc-text-s wosc-text-justify\"><strong class=\"wosc-text-secondary\">Klorane Capilar M\u00e1scara Nutritiva Manga<\/strong> \u00e9 um cuidado nutritivo capilar para revestir e proteger o cabelo seco.<\/p>\n<p class=\"wosc-text-s wosc-text-justify\">Na sua composi\u00e7\u00e3o encontramos manteiga de manga, extra\u00edda do centro do caro\u00e7o do fruto, rica em \u00e1cidos gordos. Desta forma adquirem-se <strong>propriedades nutritivas e protetoras<\/strong> das agress\u00f5es externas que v\u00e3o atuar no cabelo enfraquecido de forma duradoura. Al\u00e9m disso, esta m\u00e1scara <strong>repara a fibra capilar e revitaliza o cabelo<\/strong>.<\/p>\n<p>&nbsp;<\/p>\n<p class=\"wosc-text-s wosc-text-justify\"><span class=\"wosc-text-secondary\">Compromisso Ambiental: <\/span>F\u00f3rmula Biodegrad\u00e1vel, frasco feito com 97% de material reciclado e embalagem 100% reciclada e recicl\u00e1vel.<\/p>\n","protected":false},"excerpt":{"rendered":"<p>Cuidado nutritivo capilar para revestir e proteger o cabelo seco.<\/p>\n","protected":false},"featured_media":2578,"comment_status":"open","ping_status":"closed","template":"","meta":{"_acf_changed":false},"product_cat":[989,1057,1059,1049],"product_tag":[],"wos_brand":[1243,1131],"class_list":{"0":"post-105631","1":"product","2":"type-product","3":"status-publish","4":"has-post-thumbnail","6":"product_cat-cabelo","7":"product_cat-cabelos-danificados","8":"product_cat-mascaras-e-condicionadores","9":"product_cat-tratamentos-capilares","10":"wos_brand-capilar","11":"wos_brand-klorane","13":"first","14":"outofstock","15":"taxable","16":"shipping-taxable","17":"purchasable","18":"product-type-simple"},"acf":[],"yoast_head":"<!-- This site is optimized with the Yoast SEO plugin v22.8 - https:\/\/yoast.com\/wordpress\/plugins\/seo\/ -->\n<title>Klorane Capilar M\u00e1scara Nutritiva Manga 150ml - World Of Skin<\/title>\n<meta name=\"description\" content=\"Klorane Capilar M\u00e1scara Nutritiva Manga \u00e9 um cuidado nutritivo capilar para revestir e proteger o cabelo seco, bem como reparar e revitalizar.\" \/>\n<meta name=\"robots\" content=\"index, follow, max-snippet:-1, max-image-preview:large, max-video-preview:-1\" \/>\n<link rel=\"canonical\" href=\"https:\/\/wos-dev-1.staging.sd-hosting.pt\/produto\/klorane-capilar-mascara-nutritiva-manga-150ml\/\" \/>\n<meta property=\"og:locale\" content=\"pt_PT\" \/>\n<meta property=\"og:type\" content=\"article\" \/>\n<meta property=\"og:title\" content=\"Klorane Capilar M\u00e1scara Nutritiva Manga 150ml - World Of Skin\" \/>\n<meta property=\"og:description\" content=\"Klorane Capilar M\u00e1scara Nutritiva Manga \u00e9 um cuidado nutritivo capilar para revestir e proteger o cabelo seco, bem como reparar e revitalizar.\" \/>\n<meta property=\"og:url\" content=\"https:\/\/wos-dev-1.staging.sd-hosting.pt\/produto\/klorane-capilar-mascara-nutritiva-manga-150ml\/\" \/>\n<meta property=\"og:site_name\" content=\"World Of Skin\" \/>\n<meta property=\"article:publisher\" content=\"https:\/\/www.facebook.com\/worldofskin.pt\/\" \/>\n<meta property=\"article:modified_time\" content=\"2023-08-22T08:58:58+00:00\" \/>\n<meta property=\"og:image\" content=\"https:\/\/wos-dev-1.staging.sd-hosting.pt\/wp-content\/uploads\/2023\/03\/pierre-fabre-klorane-capilar-mascara-nutritiva-manga.png\" \/>\n\t<meta property=\"og:image:width\" content=\"1434\" \/>\n\t<meta property=\"og:image:height\" content=\"1434\" \/>\n\t<meta property=\"og:image:type\" content=\"image\/png\" \/>\n<meta name=\"twitter:card\" content=\"summary_large_image\" \/>\n<meta name=\"twitter:label1\" content=\"Tempo estimado de leitura\" \/>\n\t<meta name=\"twitter:data1\" content=\"1 minuto\" \/>\n<script type=\"application\/ld+json\" class=\"yoast-schema-graph\">{\"@context\":\"https:\/\/schema.org\",\"@graph\":[{\"@type\":\"WebPage\",\"@id\":\"https:\/\/wos-dev-1.staging.sd-hosting.pt\/produto\/klorane-capilar-mascara-nutritiva-manga-150ml\/\",\"url\":\"https:\/\/wos-dev-1.staging.sd-hosting.pt\/produto\/klorane-capilar-mascara-nutritiva-manga-150ml\/\",\"name\":\"Klorane Capilar M\u00e1scara Nutritiva Manga 150ml - World Of Skin\",\"isPartOf\":{\"@id\":\"https:\/\/wos-dev-1.staging.sd-hosting.pt\/#website\"},\"primaryImageOfPage\":{\"@id\":\"https:\/\/wos-dev-1.staging.sd-hosting.pt\/produto\/klorane-capilar-mascara-nutritiva-manga-150ml\/#primaryimage\"},\"image\":{\"@id\":\"https:\/\/wos-dev-1.staging.sd-hosting.pt\/produto\/klorane-capilar-mascara-nutritiva-manga-150ml\/#primaryimage\"},\"thumbnailUrl\":\"https:\/\/wos-dev-1.staging.sd-hosting.pt\/wp-content\/uploads\/2023\/03\/pierre-fabre-klorane-capilar-mascara-nutritiva-manga.png\",\"datePublished\":\"2023-05-03T11:30:55+00:00\",\"dateModified\":\"2023-08-22T08:58:58+00:00\",\"description\":\"Klorane Capilar M\u00e1scara Nutritiva Manga \u00e9 um cuidado nutritivo capilar para revestir e proteger o cabelo seco, bem como reparar e revitalizar.\",\"breadcrumb\":{\"@id\":\"https:\/\/wos-dev-1.staging.sd-hosting.pt\/produto\/klorane-capilar-mascara-nutritiva-manga-150ml\/#breadcrumb\"},\"inLanguage\":\"pt-PT\",\"potentialAction\":[{\"@type\":\"ReadAction\",\"target\":[\"https:\/\/wos-dev-1.staging.sd-hosting.pt\/produto\/klorane-capilar-mascara-nutritiva-manga-150ml\/\"]}]},{\"@type\":\"ImageObject\",\"inLanguage\":\"pt-PT\",\"@id\":\"https:\/\/wos-dev-1.staging.sd-hosting.pt\/produto\/klorane-capilar-mascara-nutritiva-manga-150ml\/#primaryimage\",\"url\":\"https:\/\/wos-dev-1.staging.sd-hosting.pt\/wp-content\/uploads\/2023\/03\/pierre-fabre-klorane-capilar-mascara-nutritiva-manga.png\",\"contentUrl\":\"https:\/\/wos-dev-1.staging.sd-hosting.pt\/wp-content\/uploads\/2023\/03\/pierre-fabre-klorane-capilar-mascara-nutritiva-manga.png\",\"width\":1434,\"height\":1434,\"caption\":\"Klorane Capilar M\u00e1scara Nutritiva Manga 150ml\"},{\"@type\":\"BreadcrumbList\",\"@id\":\"https:\/\/wos-dev-1.staging.sd-hosting.pt\/produto\/klorane-capilar-mascara-nutritiva-manga-150ml\/#breadcrumb\",\"itemListElement\":[{\"@type\":\"ListItem\",\"position\":1,\"name\":\"In\u00edcio\",\"item\":\"https:\/\/wos-dev-1.staging.sd-hosting.pt\/\"},{\"@type\":\"ListItem\",\"position\":2,\"name\":\"Klorane Capilar M\u00e1scara Nutritiva Manga 150ml\"}]},{\"@type\":\"WebSite\",\"@id\":\"https:\/\/wos-dev-1.staging.sd-hosting.pt\/#website\",\"url\":\"https:\/\/wos-dev-1.staging.sd-hosting.pt\/\",\"name\":\"World Of Skin\",\"description\":\"World Of Skin\",\"publisher\":{\"@id\":\"https:\/\/wos-dev-1.staging.sd-hosting.pt\/#organization\"},\"potentialAction\":[{\"@type\":\"SearchAction\",\"target\":{\"@type\":\"EntryPoint\",\"urlTemplate\":\"https:\/\/wos-dev-1.staging.sd-hosting.pt\/?s={search_term_string}\"},\"query-input\":\"required name=search_term_string\"}],\"inLanguage\":\"pt-PT\"},{\"@type\":\"Organization\",\"@id\":\"https:\/\/wos-dev-1.staging.sd-hosting.pt\/#organization\",\"name\":\"World Of Skin\",\"url\":\"https:\/\/wos-dev-1.staging.sd-hosting.pt\/\",\"logo\":{\"@type\":\"ImageObject\",\"inLanguage\":\"pt-PT\",\"@id\":\"https:\/\/wos-dev-1.staging.sd-hosting.pt\/#\/schema\/logo\/image\/\",\"url\":\"https:\/\/wos-dev-1.staging.sd-hosting.pt\/wp-content\/uploads\/2022\/10\/Logotipo_Final.png\",\"contentUrl\":\"https:\/\/wos-dev-1.staging.sd-hosting.pt\/wp-content\/uploads\/2022\/10\/Logotipo_Final.png\",\"width\":1774,\"height\":1536,\"caption\":\"World Of Skin\"},\"image\":{\"@id\":\"https:\/\/wos-dev-1.staging.sd-hosting.pt\/#\/schema\/logo\/image\/\"},\"sameAs\":[\"https:\/\/www.facebook.com\/worldofskin.pt\/\",\"https:\/\/www.instagram.com\/world.of.skin\/\"]}]}<\/script>\n<!-- \/ Yoast SEO plugin. -->","yoast_head_json":{"title":"Klorane Capilar M\u00e1scara Nutritiva Manga 150ml - World Of Skin","description":"Klorane Capilar M\u00e1scara Nutritiva Manga \u00e9 um cuidado nutritivo capilar para revestir e proteger o cabelo seco, bem como reparar e revitalizar.","robots":{"index":"index","follow":"follow","max-snippet":"max-snippet:-1","max-image-preview":"max-image-preview:large","max-video-preview":"max-video-preview:-1"},"canonical":"https:\/\/wos-dev-1.staging.sd-hosting.pt\/produto\/klorane-capilar-mascara-nutritiva-manga-150ml\/","og_locale":"pt_PT","og_type":"article","og_title":"Klorane Capilar M\u00e1scara Nutritiva Manga 150ml - World Of Skin","og_description":"Klorane Capilar M\u00e1scara Nutritiva Manga \u00e9 um cuidado nutritivo capilar para revestir e proteger o cabelo seco, bem como reparar e revitalizar.","og_url":"https:\/\/wos-dev-1.staging.sd-hosting.pt\/produto\/klorane-capilar-mascara-nutritiva-manga-150ml\/","og_site_name":"World Of Skin","article_publisher":"https:\/\/www.facebook.com\/worldofskin.pt\/","article_modified_time":"2023-08-22T08:58:58+00:00","og_image":[{"width":1434,"height":1434,"url":"https:\/\/wos-dev-1.staging.sd-hosting.pt\/wp-content\/uploads\/2023\/03\/pierre-fabre-klorane-capilar-mascara-nutritiva-manga.png","type":"image\/png"}],"twitter_card":"summary_large_image","twitter_misc":{"Tempo estimado de leitura":"1 minuto"},"schema":{"@context":"https:\/\/schema.org","@graph":[{"@type":"WebPage","@id":"https:\/\/wos-dev-1.staging.sd-hosting.pt\/produto\/klorane-capilar-mascara-nutritiva-manga-150ml\/","url":"https:\/\/wos-dev-1.staging.sd-hosting.pt\/produto\/klorane-capilar-mascara-nutritiva-manga-150ml\/","name":"Klorane Capilar M\u00e1scara Nutritiva Manga 150ml - World Of Skin","isPartOf":{"@id":"https:\/\/wos-dev-1.staging.sd-hosting.pt\/#website"},"primaryImageOfPage":{"@id":"https:\/\/wos-dev-1.staging.sd-hosting.pt\/produto\/klorane-capilar-mascara-nutritiva-manga-150ml\/#primaryimage"},"image":{"@id":"https:\/\/wos-dev-1.staging.sd-hosting.pt\/produto\/klorane-capilar-mascara-nutritiva-manga-150ml\/#primaryimage"},"thumbnailUrl":"https:\/\/wos-dev-1.staging.sd-hosting.pt\/wp-content\/uploads\/2023\/03\/pierre-fabre-klorane-capilar-mascara-nutritiva-manga.png","datePublished":"2023-05-03T11:30:55+00:00","dateModified":"2023-08-22T08:58:58+00:00","description":"Klorane Capilar M\u00e1scara Nutritiva Manga \u00e9 um cuidado nutritivo capilar para revestir e proteger o cabelo seco, bem como reparar e revitalizar.","breadcrumb":{"@id":"https:\/\/wos-dev-1.staging.sd-hosting.pt\/produto\/klorane-capilar-mascara-nutritiva-manga-150ml\/#breadcrumb"},"inLanguage":"pt-PT","potentialAction":[{"@type":"ReadAction","target":["https:\/\/wos-dev-1.staging.sd-hosting.pt\/produto\/klorane-capilar-mascara-nutritiva-manga-150ml\/"]}]},{"@type":"ImageObject","inLanguage":"pt-PT","@id":"https:\/\/wos-dev-1.staging.sd-hosting.pt\/produto\/klorane-capilar-mascara-nutritiva-manga-150ml\/#primaryimage","url":"https:\/\/wos-dev-1.staging.sd-hosting.pt\/wp-content\/uploads\/2023\/03\/pierre-fabre-klorane-capilar-mascara-nutritiva-manga.png","contentUrl":"https:\/\/wos-dev-1.staging.sd-hosting.pt\/wp-content\/uploads\/2023\/03\/pierre-fabre-klorane-capilar-mascara-nutritiva-manga.png","width":1434,"height":1434,"caption":"Klorane Capilar M\u00e1scara Nutritiva Manga 150ml"},{"@type":"BreadcrumbList","@id":"https:\/\/wos-dev-1.staging.sd-hosting.pt\/produto\/klorane-capilar-mascara-nutritiva-manga-150ml\/#breadcrumb","itemListElement":[{"@type":"ListItem","position":1,"name":"In\u00edcio","item":"https:\/\/wos-dev-1.staging.sd-hosting.pt\/"},{"@type":"ListItem","position":2,"name":"Klorane Capilar M\u00e1scara Nutritiva Manga 150ml"}]},{"@type":"WebSite","@id":"https:\/\/wos-dev-1.staging.sd-hosting.pt\/#website","url":"https:\/\/wos-dev-1.staging.sd-hosting.pt\/","name":"World Of Skin","description":"World Of Skin","publisher":{"@id":"https:\/\/wos-dev-1.staging.sd-hosting.pt\/#organization"},"potentialAction":[{"@type":"SearchAction","target":{"@type":"EntryPoint","urlTemplate":"https:\/\/wos-dev-1.staging.sd-hosting.pt\/?s={search_term_string}"},"query-input":"required name=search_term_string"}],"inLanguage":"pt-PT"},{"@type":"Organization","@id":"https:\/\/wos-dev-1.staging.sd-hosting.pt\/#organization","name":"World Of Skin","url":"https:\/\/wos-dev-1.staging.sd-hosting.pt\/","logo":{"@type":"ImageObject","inLanguage":"pt-PT","@id":"https:\/\/wos-dev-1.staging.sd-hosting.pt\/#\/schema\/logo\/image\/","url":"https:\/\/wos-dev-1.staging.sd-hosting.pt\/wp-content\/uploads\/2022\/10\/Logotipo_Final.png","contentUrl":"https:\/\/wos-dev-1.staging.sd-hosting.pt\/wp-content\/uploads\/2022\/10\/Logotipo_Final.png","width":1774,"height":1536,"caption":"World Of Skin"},"image":{"@id":"https:\/\/wos-dev-1.staging.sd-hosting.pt\/#\/schema\/logo\/image\/"},"sameAs":["https:\/\/www.facebook.com\/worldofskin.pt\/","https:\/\/www.instagram.com\/world.of.skin\/"]}]}},"_links":{"self":[{"href":"https:\/\/wos-dev-1.staging.sd-hosting.pt\/index.php?rest_route=\/wp\/v2\/product\/105631","targetHints":{"allow":["GET"]}}],"collection":[{"href":"https:\/\/wos-dev-1.staging.sd-hosting.pt\/index.php?rest_route=\/wp\/v2\/product"}],"about":[{"href":"https:\/\/wos-dev-1.staging.sd-hosting.pt\/index.php?rest_route=\/wp\/v2\/types\/product"}],"replies":[{"embeddable":true,"href":"https:\/\/wos-dev-1.staging.sd-hosting.pt\/index.php?rest_route=%2Fwp%2Fv2%2Fcomments&post=105631"}],"wp:featuredmedia":[{"embeddable":true,"href":"https:\/\/wos-dev-1.staging.sd-hosting.pt\/index.php?rest_route=\/wp\/v2\/media\/2578"}],"wp:attachment":[{"href":"https:\/\/wos-dev-1.staging.sd-hosting.pt\/index.php?rest_route=%2Fwp%2Fv2%2Fmedia&parent=105631"}],"wp:term":[{"taxonomy":"product_cat","embeddable":true,"href":"https:\/\/wos-dev-1.staging.sd-hosting.pt\/index.php?rest_route=%2Fwp%2Fv2%2Fproduct_cat&post=105631"},{"taxonomy":"product_tag","embeddable":true,"href":"https:\/\/wos-dev-1.staging.sd-hosting.pt\/index.php?rest_route=%2Fwp%2Fv2%2Fproduct_tag&post=105631"},{"taxonomy":"wos_brand","embeddable":true,"href":"https:\/\/wos-dev-1.staging.sd-hosting.pt\/index.php?rest_route=%2Fwp%2Fv2%2Fwos_brand&post=105631"}],"curies":[{"name":"wp","href":"https:\/\/api.w.org\/{rel}","templated":true}]}}