{"id":105623,"date":"2023-05-03T11:30:47","date_gmt":"2023-05-03T11:30:47","guid":{"rendered":"https:\/\/wos-dev-1.staging.sd-hosting.pt\/produto\/klorane-capilar-champo-solido-manga-80g\/"},"modified":"2023-08-22T08:59:19","modified_gmt":"2023-08-22T08:59:19","slug":"klorane-capilar-champo-solido-manga-80g","status":"publish","type":"product","link":"https:\/\/wos-dev-1.staging.sd-hosting.pt\/?product=klorane-capilar-champo-solido-manga-80g","title":{"rendered":"Klorane Capilar Champ\u00f4 S\u00f3lido Manga 80g"},"content":{"rendered":"<p class=\"wosc-text-s wosc-text-justify\"><strong class=\"wosc-text-secondary\">Klorane Capilar Champ\u00f4 S\u00f3lido Manga<\/strong> \u00e9 um cuidado de higiene capilar s\u00f3lido e amigo do ambiente para nutrir o cabelo seco sem pesar.<\/p>\n<p class=\"wosc-text-s wosc-text-justify\">Com manteiga de manga na sua composi\u00e7\u00e3o este cuidado <strong>nutre<\/strong> generosamente o cabelo ao mesmo tempo que <strong>hidrata e limpa<\/strong> suavemente o cabelo danificado e sem brilho.<\/p>\n<p class=\"wosc-text-s wosc-text-justify\">A sua espuma cremosa \u00e9 f\u00e1cil de enxaguar e facilita o desembara\u00e7ar, deixando o cabelo mais forte.<\/p>\n<p>&nbsp;<\/p>\n<p class=\"wosc-text-s wosc-text-justify\"><span class=\"wosc-text-secondary\">Compromisso Ambiental: <\/span>F\u00f3rmula biodegrad\u00e1vel e formulado sem \u00e1gua.<\/p>\n","protected":false},"excerpt":{"rendered":"<p>Cuidado de higiene capilar s\u00f3lido e amigo do ambiente para nutrir o cabelo sem pesar.<\/p>\n","protected":false},"featured_media":2571,"comment_status":"open","ping_status":"closed","template":"","meta":{"_acf_changed":false},"product_cat":[989,1050,1057,1048,1049],"product_tag":[],"wos_brand":[1243,1131],"class_list":{"0":"post-105623","1":"product","2":"type-product","3":"status-publish","4":"has-post-thumbnail","6":"product_cat-cabelo","7":"product_cat-cabelo-seco","8":"product_cat-cabelos-danificados","9":"product_cat-higiene-cabelo","10":"product_cat-tratamentos-capilares","11":"wos_brand-capilar","12":"wos_brand-klorane","14":"first","15":"outofstock","16":"taxable","17":"shipping-taxable","18":"purchasable","19":"product-type-simple"},"acf":[],"yoast_head":"<!-- This site is optimized with the Yoast SEO plugin v22.8 - https:\/\/yoast.com\/wordpress\/plugins\/seo\/ -->\n<title>Klorane Capilar Champ\u00f4 S\u00f3lido Manga 80g - World Of Skin<\/title>\n<meta name=\"description\" content=\"Klorane Capilar Champ\u00f4 S\u00f3lido Manga \u00e9 um cuidado de higiene capilar s\u00f3lido e amigo do ambiente para nutrir o cabelo seco sem pesar.\" \/>\n<meta name=\"robots\" content=\"index, follow, max-snippet:-1, max-image-preview:large, max-video-preview:-1\" \/>\n<link rel=\"canonical\" href=\"https:\/\/wos-dev-1.staging.sd-hosting.pt\/produto\/klorane-capilar-champo-solido-manga-80g\/\" \/>\n<meta property=\"og:locale\" content=\"pt_PT\" \/>\n<meta property=\"og:type\" content=\"article\" \/>\n<meta property=\"og:title\" content=\"Klorane Capilar Champ\u00f4 S\u00f3lido Manga 80g - World Of Skin\" \/>\n<meta property=\"og:description\" content=\"Klorane Capilar Champ\u00f4 S\u00f3lido Manga \u00e9 um cuidado de higiene capilar s\u00f3lido e amigo do ambiente para nutrir o cabelo seco sem pesar.\" \/>\n<meta property=\"og:url\" content=\"https:\/\/wos-dev-1.staging.sd-hosting.pt\/produto\/klorane-capilar-champo-solido-manga-80g\/\" \/>\n<meta property=\"og:site_name\" content=\"World Of Skin\" \/>\n<meta property=\"article:publisher\" content=\"https:\/\/www.facebook.com\/worldofskin.pt\/\" \/>\n<meta property=\"article:modified_time\" content=\"2023-08-22T08:59:19+00:00\" \/>\n<meta property=\"og:image\" content=\"https:\/\/wos-dev-1.staging.sd-hosting.pt\/wp-content\/uploads\/2023\/03\/pierre-fabre-klorane-capilar-champo-solido-manga.png\" \/>\n\t<meta property=\"og:image:width\" content=\"1024\" \/>\n\t<meta property=\"og:image:height\" content=\"1024\" \/>\n\t<meta property=\"og:image:type\" content=\"image\/png\" \/>\n<meta name=\"twitter:card\" content=\"summary_large_image\" \/>\n<meta name=\"twitter:label1\" content=\"Tempo estimado de leitura\" \/>\n\t<meta name=\"twitter:data1\" content=\"1 minuto\" \/>\n<script type=\"application\/ld+json\" class=\"yoast-schema-graph\">{\"@context\":\"https:\/\/schema.org\",\"@graph\":[{\"@type\":\"WebPage\",\"@id\":\"https:\/\/wos-dev-1.staging.sd-hosting.pt\/produto\/klorane-capilar-champo-solido-manga-80g\/\",\"url\":\"https:\/\/wos-dev-1.staging.sd-hosting.pt\/produto\/klorane-capilar-champo-solido-manga-80g\/\",\"name\":\"Klorane Capilar Champ\u00f4 S\u00f3lido Manga 80g - World Of Skin\",\"isPartOf\":{\"@id\":\"https:\/\/wos-dev-1.staging.sd-hosting.pt\/#website\"},\"primaryImageOfPage\":{\"@id\":\"https:\/\/wos-dev-1.staging.sd-hosting.pt\/produto\/klorane-capilar-champo-solido-manga-80g\/#primaryimage\"},\"image\":{\"@id\":\"https:\/\/wos-dev-1.staging.sd-hosting.pt\/produto\/klorane-capilar-champo-solido-manga-80g\/#primaryimage\"},\"thumbnailUrl\":\"https:\/\/wos-dev-1.staging.sd-hosting.pt\/wp-content\/uploads\/2023\/03\/pierre-fabre-klorane-capilar-champo-solido-manga.png\",\"datePublished\":\"2023-05-03T11:30:47+00:00\",\"dateModified\":\"2023-08-22T08:59:19+00:00\",\"description\":\"Klorane Capilar Champ\u00f4 S\u00f3lido Manga \u00e9 um cuidado de higiene capilar s\u00f3lido e amigo do ambiente para nutrir o cabelo seco sem pesar.\",\"breadcrumb\":{\"@id\":\"https:\/\/wos-dev-1.staging.sd-hosting.pt\/produto\/klorane-capilar-champo-solido-manga-80g\/#breadcrumb\"},\"inLanguage\":\"pt-PT\",\"potentialAction\":[{\"@type\":\"ReadAction\",\"target\":[\"https:\/\/wos-dev-1.staging.sd-hosting.pt\/produto\/klorane-capilar-champo-solido-manga-80g\/\"]}]},{\"@type\":\"ImageObject\",\"inLanguage\":\"pt-PT\",\"@id\":\"https:\/\/wos-dev-1.staging.sd-hosting.pt\/produto\/klorane-capilar-champo-solido-manga-80g\/#primaryimage\",\"url\":\"https:\/\/wos-dev-1.staging.sd-hosting.pt\/wp-content\/uploads\/2023\/03\/pierre-fabre-klorane-capilar-champo-solido-manga.png\",\"contentUrl\":\"https:\/\/wos-dev-1.staging.sd-hosting.pt\/wp-content\/uploads\/2023\/03\/pierre-fabre-klorane-capilar-champo-solido-manga.png\",\"width\":3902,\"height\":3902,\"caption\":\"Klorane Capilar Champ\u00f4 S\u00f3lido Manga 80g\"},{\"@type\":\"BreadcrumbList\",\"@id\":\"https:\/\/wos-dev-1.staging.sd-hosting.pt\/produto\/klorane-capilar-champo-solido-manga-80g\/#breadcrumb\",\"itemListElement\":[{\"@type\":\"ListItem\",\"position\":1,\"name\":\"In\u00edcio\",\"item\":\"https:\/\/wos-dev-1.staging.sd-hosting.pt\/\"},{\"@type\":\"ListItem\",\"position\":2,\"name\":\"Klorane Capilar Champ\u00f4 S\u00f3lido Manga 80g\"}]},{\"@type\":\"WebSite\",\"@id\":\"https:\/\/wos-dev-1.staging.sd-hosting.pt\/#website\",\"url\":\"https:\/\/wos-dev-1.staging.sd-hosting.pt\/\",\"name\":\"World Of Skin\",\"description\":\"World Of Skin\",\"publisher\":{\"@id\":\"https:\/\/wos-dev-1.staging.sd-hosting.pt\/#organization\"},\"potentialAction\":[{\"@type\":\"SearchAction\",\"target\":{\"@type\":\"EntryPoint\",\"urlTemplate\":\"https:\/\/wos-dev-1.staging.sd-hosting.pt\/?s={search_term_string}\"},\"query-input\":\"required name=search_term_string\"}],\"inLanguage\":\"pt-PT\"},{\"@type\":\"Organization\",\"@id\":\"https:\/\/wos-dev-1.staging.sd-hosting.pt\/#organization\",\"name\":\"World Of Skin\",\"url\":\"https:\/\/wos-dev-1.staging.sd-hosting.pt\/\",\"logo\":{\"@type\":\"ImageObject\",\"inLanguage\":\"pt-PT\",\"@id\":\"https:\/\/wos-dev-1.staging.sd-hosting.pt\/#\/schema\/logo\/image\/\",\"url\":\"https:\/\/wos-dev-1.staging.sd-hosting.pt\/wp-content\/uploads\/2022\/10\/Logotipo_Final.png\",\"contentUrl\":\"https:\/\/wos-dev-1.staging.sd-hosting.pt\/wp-content\/uploads\/2022\/10\/Logotipo_Final.png\",\"width\":1774,\"height\":1536,\"caption\":\"World Of Skin\"},\"image\":{\"@id\":\"https:\/\/wos-dev-1.staging.sd-hosting.pt\/#\/schema\/logo\/image\/\"},\"sameAs\":[\"https:\/\/www.facebook.com\/worldofskin.pt\/\",\"https:\/\/www.instagram.com\/world.of.skin\/\"]}]}<\/script>\n<!-- \/ Yoast SEO plugin. -->","yoast_head_json":{"title":"Klorane Capilar Champ\u00f4 S\u00f3lido Manga 80g - World Of Skin","description":"Klorane Capilar Champ\u00f4 S\u00f3lido Manga \u00e9 um cuidado de higiene capilar s\u00f3lido e amigo do ambiente para nutrir o cabelo seco sem pesar.","robots":{"index":"index","follow":"follow","max-snippet":"max-snippet:-1","max-image-preview":"max-image-preview:large","max-video-preview":"max-video-preview:-1"},"canonical":"https:\/\/wos-dev-1.staging.sd-hosting.pt\/produto\/klorane-capilar-champo-solido-manga-80g\/","og_locale":"pt_PT","og_type":"article","og_title":"Klorane Capilar Champ\u00f4 S\u00f3lido Manga 80g - World Of Skin","og_description":"Klorane Capilar Champ\u00f4 S\u00f3lido Manga \u00e9 um cuidado de higiene capilar s\u00f3lido e amigo do ambiente para nutrir o cabelo seco sem pesar.","og_url":"https:\/\/wos-dev-1.staging.sd-hosting.pt\/produto\/klorane-capilar-champo-solido-manga-80g\/","og_site_name":"World Of Skin","article_publisher":"https:\/\/www.facebook.com\/worldofskin.pt\/","article_modified_time":"2023-08-22T08:59:19+00:00","og_image":[{"url":"https:\/\/wos-dev-1.staging.sd-hosting.pt\/wp-content\/uploads\/2023\/03\/pierre-fabre-klorane-capilar-champo-solido-manga.png","width":1024,"height":1024,"type":"image\/png"}],"twitter_card":"summary_large_image","twitter_misc":{"Tempo estimado de leitura":"1 minuto"},"schema":{"@context":"https:\/\/schema.org","@graph":[{"@type":"WebPage","@id":"https:\/\/wos-dev-1.staging.sd-hosting.pt\/produto\/klorane-capilar-champo-solido-manga-80g\/","url":"https:\/\/wos-dev-1.staging.sd-hosting.pt\/produto\/klorane-capilar-champo-solido-manga-80g\/","name":"Klorane Capilar Champ\u00f4 S\u00f3lido Manga 80g - World Of Skin","isPartOf":{"@id":"https:\/\/wos-dev-1.staging.sd-hosting.pt\/#website"},"primaryImageOfPage":{"@id":"https:\/\/wos-dev-1.staging.sd-hosting.pt\/produto\/klorane-capilar-champo-solido-manga-80g\/#primaryimage"},"image":{"@id":"https:\/\/wos-dev-1.staging.sd-hosting.pt\/produto\/klorane-capilar-champo-solido-manga-80g\/#primaryimage"},"thumbnailUrl":"https:\/\/wos-dev-1.staging.sd-hosting.pt\/wp-content\/uploads\/2023\/03\/pierre-fabre-klorane-capilar-champo-solido-manga.png","datePublished":"2023-05-03T11:30:47+00:00","dateModified":"2023-08-22T08:59:19+00:00","description":"Klorane Capilar Champ\u00f4 S\u00f3lido Manga \u00e9 um cuidado de higiene capilar s\u00f3lido e amigo do ambiente para nutrir o cabelo seco sem pesar.","breadcrumb":{"@id":"https:\/\/wos-dev-1.staging.sd-hosting.pt\/produto\/klorane-capilar-champo-solido-manga-80g\/#breadcrumb"},"inLanguage":"pt-PT","potentialAction":[{"@type":"ReadAction","target":["https:\/\/wos-dev-1.staging.sd-hosting.pt\/produto\/klorane-capilar-champo-solido-manga-80g\/"]}]},{"@type":"ImageObject","inLanguage":"pt-PT","@id":"https:\/\/wos-dev-1.staging.sd-hosting.pt\/produto\/klorane-capilar-champo-solido-manga-80g\/#primaryimage","url":"https:\/\/wos-dev-1.staging.sd-hosting.pt\/wp-content\/uploads\/2023\/03\/pierre-fabre-klorane-capilar-champo-solido-manga.png","contentUrl":"https:\/\/wos-dev-1.staging.sd-hosting.pt\/wp-content\/uploads\/2023\/03\/pierre-fabre-klorane-capilar-champo-solido-manga.png","width":3902,"height":3902,"caption":"Klorane Capilar Champ\u00f4 S\u00f3lido Manga 80g"},{"@type":"BreadcrumbList","@id":"https:\/\/wos-dev-1.staging.sd-hosting.pt\/produto\/klorane-capilar-champo-solido-manga-80g\/#breadcrumb","itemListElement":[{"@type":"ListItem","position":1,"name":"In\u00edcio","item":"https:\/\/wos-dev-1.staging.sd-hosting.pt\/"},{"@type":"ListItem","position":2,"name":"Klorane Capilar Champ\u00f4 S\u00f3lido Manga 80g"}]},{"@type":"WebSite","@id":"https:\/\/wos-dev-1.staging.sd-hosting.pt\/#website","url":"https:\/\/wos-dev-1.staging.sd-hosting.pt\/","name":"World Of Skin","description":"World Of Skin","publisher":{"@id":"https:\/\/wos-dev-1.staging.sd-hosting.pt\/#organization"},"potentialAction":[{"@type":"SearchAction","target":{"@type":"EntryPoint","urlTemplate":"https:\/\/wos-dev-1.staging.sd-hosting.pt\/?s={search_term_string}"},"query-input":"required name=search_term_string"}],"inLanguage":"pt-PT"},{"@type":"Organization","@id":"https:\/\/wos-dev-1.staging.sd-hosting.pt\/#organization","name":"World Of Skin","url":"https:\/\/wos-dev-1.staging.sd-hosting.pt\/","logo":{"@type":"ImageObject","inLanguage":"pt-PT","@id":"https:\/\/wos-dev-1.staging.sd-hosting.pt\/#\/schema\/logo\/image\/","url":"https:\/\/wos-dev-1.staging.sd-hosting.pt\/wp-content\/uploads\/2022\/10\/Logotipo_Final.png","contentUrl":"https:\/\/wos-dev-1.staging.sd-hosting.pt\/wp-content\/uploads\/2022\/10\/Logotipo_Final.png","width":1774,"height":1536,"caption":"World Of Skin"},"image":{"@id":"https:\/\/wos-dev-1.staging.sd-hosting.pt\/#\/schema\/logo\/image\/"},"sameAs":["https:\/\/www.facebook.com\/worldofskin.pt\/","https:\/\/www.instagram.com\/world.of.skin\/"]}]}},"_links":{"self":[{"href":"https:\/\/wos-dev-1.staging.sd-hosting.pt\/index.php?rest_route=\/wp\/v2\/product\/105623","targetHints":{"allow":["GET"]}}],"collection":[{"href":"https:\/\/wos-dev-1.staging.sd-hosting.pt\/index.php?rest_route=\/wp\/v2\/product"}],"about":[{"href":"https:\/\/wos-dev-1.staging.sd-hosting.pt\/index.php?rest_route=\/wp\/v2\/types\/product"}],"replies":[{"embeddable":true,"href":"https:\/\/wos-dev-1.staging.sd-hosting.pt\/index.php?rest_route=%2Fwp%2Fv2%2Fcomments&post=105623"}],"wp:featuredmedia":[{"embeddable":true,"href":"https:\/\/wos-dev-1.staging.sd-hosting.pt\/index.php?rest_route=\/wp\/v2\/media\/2571"}],"wp:attachment":[{"href":"https:\/\/wos-dev-1.staging.sd-hosting.pt\/index.php?rest_route=%2Fwp%2Fv2%2Fmedia&parent=105623"}],"wp:term":[{"taxonomy":"product_cat","embeddable":true,"href":"https:\/\/wos-dev-1.staging.sd-hosting.pt\/index.php?rest_route=%2Fwp%2Fv2%2Fproduct_cat&post=105623"},{"taxonomy":"product_tag","embeddable":true,"href":"https:\/\/wos-dev-1.staging.sd-hosting.pt\/index.php?rest_route=%2Fwp%2Fv2%2Fproduct_tag&post=105623"},{"taxonomy":"wos_brand","embeddable":true,"href":"https:\/\/wos-dev-1.staging.sd-hosting.pt\/index.php?rest_route=%2Fwp%2Fv2%2Fwos_brand&post=105623"}],"curies":[{"name":"wp","href":"https:\/\/api.w.org\/{rel}","templated":true}]}}