{"id":105599,"date":"2023-05-03T11:30:24","date_gmt":"2023-05-03T11:30:24","guid":{"rendered":"https:\/\/wos-dev-1.staging.sd-hosting.pt\/produto\/a-derma-exomega-control-leite-emoliente-400ml\/"},"modified":"2023-08-22T08:59:40","modified_gmt":"2023-08-22T08:59:40","slug":"a-derma-exomega-control-leite-emoliente-400ml","status":"publish","type":"product","link":"https:\/\/wos-dev-1.staging.sd-hosting.pt\/?product=a-derma-exomega-control-leite-emoliente-400ml","title":{"rendered":"A-Derma Exomega Control Leite Emoliente 400ml"},"content":{"rendered":"<p class=\"wosc-text-s wosc-text-justify\"><strong class=\"wosc-text-secondary\">A-Derma Exomega Control Leite Emoliente<\/strong> \u00e9 um cuidado hidratante que acalma e reduz o desconforto, irrita\u00e7\u00e3o, secura e prurido na pele seca de tend\u00eancia a eczema at\u00f3pico.<\/p>\n<p class=\"wosc-text-s wosc-text-justify\">Na sua composi\u00e7\u00e3o encontramos extrato de Pl\u00e2ntulas de Aveia Rhealba\u00ae. Este possui efeitos calmantes e reequilibrantes para uma pele reconfortada, com <strong>menos prurido e com menor incid\u00eancia de irrita\u00e7\u00f5es<\/strong>. Ajuda ainda a <strong>reduzir a secura, reparando a barreira cut\u00e2nea<\/strong>, especialmente necess\u00e1rio nos casos de atopia.<\/p>\n<p class=\"wosc-text-s wosc-text-justify\">A sua textura n\u00e3o colante e n\u00e3o oleosa est\u00e1 indicada para toda a fam\u00edlia.<\/p>\n","protected":false},"excerpt":{"rendered":"<p>Cuidado hidratante para pele seca com tend\u00eancia at\u00f3pica.<\/p>\n","protected":false},"featured_media":2458,"comment_status":"open","ping_status":"closed","template":"","meta":{"_acf_changed":false},"product_cat":[1038,1062,990,987,1024,1064,1028,999,1036,986],"product_tag":[],"wos_brand":[1130,1237],"class_list":{"0":"post-105599","1":"product","2":"type-product","3":"status-publish","4":"has-post-thumbnail","6":"product_cat-atopia-outros-cuidados","7":"product_cat-bebe","8":"product_cat-bebe-e-mama","9":"product_cat-corpo","10":"product_cat-hidratacao-corpo","11":"product_cat-hidratacao-bebe","12":"product_cat-outros-cuidados","13":"product_cat-problemas-de-pele","14":"product_cat-psoriase-outros-cuidados","15":"product_cat-rosto","16":"wos_brand-a-derma","17":"wos_brand-exomega","19":"first","20":"outofstock","21":"taxable","22":"shipping-taxable","23":"purchasable","24":"product-type-simple"},"acf":[],"yoast_head":"<!-- This site is optimized with the Yoast SEO plugin v22.8 - https:\/\/yoast.com\/wordpress\/plugins\/seo\/ -->\n<title>A-Derma Exomega Control Leite Emoliente 400ml - World Of Skin<\/title>\n<meta name=\"description\" content=\"A-Derma Exomega Control Leite Emoliente \u00e9 um cuidado hidratante que acalma e reduz o desconforto na pele seca de tend\u00eancia a eczema at\u00f3pico.\" \/>\n<meta name=\"robots\" content=\"index, follow, max-snippet:-1, max-image-preview:large, max-video-preview:-1\" \/>\n<link rel=\"canonical\" href=\"https:\/\/wos-dev-1.staging.sd-hosting.pt\/produto\/a-derma-exomega-control-leite-emoliente-400ml\/\" \/>\n<meta property=\"og:locale\" content=\"pt_PT\" \/>\n<meta property=\"og:type\" content=\"article\" \/>\n<meta property=\"og:title\" content=\"A-Derma Exomega Control Leite Emoliente 400ml - World Of Skin\" \/>\n<meta property=\"og:description\" content=\"A-Derma Exomega Control Leite Emoliente \u00e9 um cuidado hidratante que acalma e reduz o desconforto na pele seca de tend\u00eancia a eczema at\u00f3pico.\" \/>\n<meta property=\"og:url\" content=\"https:\/\/wos-dev-1.staging.sd-hosting.pt\/produto\/a-derma-exomega-control-leite-emoliente-400ml\/\" \/>\n<meta property=\"og:site_name\" content=\"World Of Skin\" \/>\n<meta property=\"article:publisher\" content=\"https:\/\/www.facebook.com\/worldofskin.pt\/\" \/>\n<meta property=\"article:modified_time\" content=\"2023-08-22T08:59:40+00:00\" \/>\n<meta property=\"og:image\" content=\"https:\/\/wos-dev-1.staging.sd-hosting.pt\/wp-content\/uploads\/2023\/03\/pierre-fabre-a-derma-exomega-control-leite-emoliente.png\" \/>\n\t<meta property=\"og:image:width\" content=\"1024\" \/>\n\t<meta property=\"og:image:height\" content=\"1024\" \/>\n\t<meta property=\"og:image:type\" content=\"image\/png\" \/>\n<meta name=\"twitter:card\" content=\"summary_large_image\" \/>\n<meta name=\"twitter:label1\" content=\"Tempo estimado de leitura\" \/>\n\t<meta name=\"twitter:data1\" content=\"1 minuto\" \/>\n<script type=\"application\/ld+json\" class=\"yoast-schema-graph\">{\"@context\":\"https:\/\/schema.org\",\"@graph\":[{\"@type\":\"WebPage\",\"@id\":\"https:\/\/wos-dev-1.staging.sd-hosting.pt\/produto\/a-derma-exomega-control-leite-emoliente-400ml\/\",\"url\":\"https:\/\/wos-dev-1.staging.sd-hosting.pt\/produto\/a-derma-exomega-control-leite-emoliente-400ml\/\",\"name\":\"A-Derma Exomega Control Leite Emoliente 400ml - World Of Skin\",\"isPartOf\":{\"@id\":\"https:\/\/wos-dev-1.staging.sd-hosting.pt\/#website\"},\"primaryImageOfPage\":{\"@id\":\"https:\/\/wos-dev-1.staging.sd-hosting.pt\/produto\/a-derma-exomega-control-leite-emoliente-400ml\/#primaryimage\"},\"image\":{\"@id\":\"https:\/\/wos-dev-1.staging.sd-hosting.pt\/produto\/a-derma-exomega-control-leite-emoliente-400ml\/#primaryimage\"},\"thumbnailUrl\":\"https:\/\/wos-dev-1.staging.sd-hosting.pt\/wp-content\/uploads\/2023\/03\/pierre-fabre-a-derma-exomega-control-leite-emoliente.png\",\"datePublished\":\"2023-05-03T11:30:24+00:00\",\"dateModified\":\"2023-08-22T08:59:40+00:00\",\"description\":\"A-Derma Exomega Control Leite Emoliente \u00e9 um cuidado hidratante que acalma e reduz o desconforto na pele seca de tend\u00eancia a eczema at\u00f3pico.\",\"breadcrumb\":{\"@id\":\"https:\/\/wos-dev-1.staging.sd-hosting.pt\/produto\/a-derma-exomega-control-leite-emoliente-400ml\/#breadcrumb\"},\"inLanguage\":\"pt-PT\",\"potentialAction\":[{\"@type\":\"ReadAction\",\"target\":[\"https:\/\/wos-dev-1.staging.sd-hosting.pt\/produto\/a-derma-exomega-control-leite-emoliente-400ml\/\"]}]},{\"@type\":\"ImageObject\",\"inLanguage\":\"pt-PT\",\"@id\":\"https:\/\/wos-dev-1.staging.sd-hosting.pt\/produto\/a-derma-exomega-control-leite-emoliente-400ml\/#primaryimage\",\"url\":\"https:\/\/wos-dev-1.staging.sd-hosting.pt\/wp-content\/uploads\/2023\/03\/pierre-fabre-a-derma-exomega-control-leite-emoliente.png\",\"contentUrl\":\"https:\/\/wos-dev-1.staging.sd-hosting.pt\/wp-content\/uploads\/2023\/03\/pierre-fabre-a-derma-exomega-control-leite-emoliente.png\",\"width\":3000,\"height\":3000,\"caption\":\"A-Derma Exomega Control Leite Emoliente 400ml - hidratante para eczema at\u00f3pico\"},{\"@type\":\"BreadcrumbList\",\"@id\":\"https:\/\/wos-dev-1.staging.sd-hosting.pt\/produto\/a-derma-exomega-control-leite-emoliente-400ml\/#breadcrumb\",\"itemListElement\":[{\"@type\":\"ListItem\",\"position\":1,\"name\":\"In\u00edcio\",\"item\":\"https:\/\/wos-dev-1.staging.sd-hosting.pt\/\"},{\"@type\":\"ListItem\",\"position\":2,\"name\":\"A-Derma Exomega Control Leite Emoliente 400ml\"}]},{\"@type\":\"WebSite\",\"@id\":\"https:\/\/wos-dev-1.staging.sd-hosting.pt\/#website\",\"url\":\"https:\/\/wos-dev-1.staging.sd-hosting.pt\/\",\"name\":\"World Of Skin\",\"description\":\"World Of Skin\",\"publisher\":{\"@id\":\"https:\/\/wos-dev-1.staging.sd-hosting.pt\/#organization\"},\"potentialAction\":[{\"@type\":\"SearchAction\",\"target\":{\"@type\":\"EntryPoint\",\"urlTemplate\":\"https:\/\/wos-dev-1.staging.sd-hosting.pt\/?s={search_term_string}\"},\"query-input\":\"required name=search_term_string\"}],\"inLanguage\":\"pt-PT\"},{\"@type\":\"Organization\",\"@id\":\"https:\/\/wos-dev-1.staging.sd-hosting.pt\/#organization\",\"name\":\"World Of Skin\",\"url\":\"https:\/\/wos-dev-1.staging.sd-hosting.pt\/\",\"logo\":{\"@type\":\"ImageObject\",\"inLanguage\":\"pt-PT\",\"@id\":\"https:\/\/wos-dev-1.staging.sd-hosting.pt\/#\/schema\/logo\/image\/\",\"url\":\"https:\/\/wos-dev-1.staging.sd-hosting.pt\/wp-content\/uploads\/2022\/10\/Logotipo_Final.png\",\"contentUrl\":\"https:\/\/wos-dev-1.staging.sd-hosting.pt\/wp-content\/uploads\/2022\/10\/Logotipo_Final.png\",\"width\":1774,\"height\":1536,\"caption\":\"World Of Skin\"},\"image\":{\"@id\":\"https:\/\/wos-dev-1.staging.sd-hosting.pt\/#\/schema\/logo\/image\/\"},\"sameAs\":[\"https:\/\/www.facebook.com\/worldofskin.pt\/\",\"https:\/\/www.instagram.com\/world.of.skin\/\"]}]}<\/script>\n<!-- \/ Yoast SEO plugin. -->","yoast_head_json":{"title":"A-Derma Exomega Control Leite Emoliente 400ml - World Of Skin","description":"A-Derma Exomega Control Leite Emoliente \u00e9 um cuidado hidratante que acalma e reduz o desconforto na pele seca de tend\u00eancia a eczema at\u00f3pico.","robots":{"index":"index","follow":"follow","max-snippet":"max-snippet:-1","max-image-preview":"max-image-preview:large","max-video-preview":"max-video-preview:-1"},"canonical":"https:\/\/wos-dev-1.staging.sd-hosting.pt\/produto\/a-derma-exomega-control-leite-emoliente-400ml\/","og_locale":"pt_PT","og_type":"article","og_title":"A-Derma Exomega Control Leite Emoliente 400ml - World Of Skin","og_description":"A-Derma Exomega Control Leite Emoliente \u00e9 um cuidado hidratante que acalma e reduz o desconforto na pele seca de tend\u00eancia a eczema at\u00f3pico.","og_url":"https:\/\/wos-dev-1.staging.sd-hosting.pt\/produto\/a-derma-exomega-control-leite-emoliente-400ml\/","og_site_name":"World Of Skin","article_publisher":"https:\/\/www.facebook.com\/worldofskin.pt\/","article_modified_time":"2023-08-22T08:59:40+00:00","og_image":[{"url":"https:\/\/wos-dev-1.staging.sd-hosting.pt\/wp-content\/uploads\/2023\/03\/pierre-fabre-a-derma-exomega-control-leite-emoliente.png","width":1024,"height":1024,"type":"image\/png"}],"twitter_card":"summary_large_image","twitter_misc":{"Tempo estimado de leitura":"1 minuto"},"schema":{"@context":"https:\/\/schema.org","@graph":[{"@type":"WebPage","@id":"https:\/\/wos-dev-1.staging.sd-hosting.pt\/produto\/a-derma-exomega-control-leite-emoliente-400ml\/","url":"https:\/\/wos-dev-1.staging.sd-hosting.pt\/produto\/a-derma-exomega-control-leite-emoliente-400ml\/","name":"A-Derma Exomega Control Leite Emoliente 400ml - World Of Skin","isPartOf":{"@id":"https:\/\/wos-dev-1.staging.sd-hosting.pt\/#website"},"primaryImageOfPage":{"@id":"https:\/\/wos-dev-1.staging.sd-hosting.pt\/produto\/a-derma-exomega-control-leite-emoliente-400ml\/#primaryimage"},"image":{"@id":"https:\/\/wos-dev-1.staging.sd-hosting.pt\/produto\/a-derma-exomega-control-leite-emoliente-400ml\/#primaryimage"},"thumbnailUrl":"https:\/\/wos-dev-1.staging.sd-hosting.pt\/wp-content\/uploads\/2023\/03\/pierre-fabre-a-derma-exomega-control-leite-emoliente.png","datePublished":"2023-05-03T11:30:24+00:00","dateModified":"2023-08-22T08:59:40+00:00","description":"A-Derma Exomega Control Leite Emoliente \u00e9 um cuidado hidratante que acalma e reduz o desconforto na pele seca de tend\u00eancia a eczema at\u00f3pico.","breadcrumb":{"@id":"https:\/\/wos-dev-1.staging.sd-hosting.pt\/produto\/a-derma-exomega-control-leite-emoliente-400ml\/#breadcrumb"},"inLanguage":"pt-PT","potentialAction":[{"@type":"ReadAction","target":["https:\/\/wos-dev-1.staging.sd-hosting.pt\/produto\/a-derma-exomega-control-leite-emoliente-400ml\/"]}]},{"@type":"ImageObject","inLanguage":"pt-PT","@id":"https:\/\/wos-dev-1.staging.sd-hosting.pt\/produto\/a-derma-exomega-control-leite-emoliente-400ml\/#primaryimage","url":"https:\/\/wos-dev-1.staging.sd-hosting.pt\/wp-content\/uploads\/2023\/03\/pierre-fabre-a-derma-exomega-control-leite-emoliente.png","contentUrl":"https:\/\/wos-dev-1.staging.sd-hosting.pt\/wp-content\/uploads\/2023\/03\/pierre-fabre-a-derma-exomega-control-leite-emoliente.png","width":3000,"height":3000,"caption":"A-Derma Exomega Control Leite Emoliente 400ml - hidratante para eczema at\u00f3pico"},{"@type":"BreadcrumbList","@id":"https:\/\/wos-dev-1.staging.sd-hosting.pt\/produto\/a-derma-exomega-control-leite-emoliente-400ml\/#breadcrumb","itemListElement":[{"@type":"ListItem","position":1,"name":"In\u00edcio","item":"https:\/\/wos-dev-1.staging.sd-hosting.pt\/"},{"@type":"ListItem","position":2,"name":"A-Derma Exomega Control Leite Emoliente 400ml"}]},{"@type":"WebSite","@id":"https:\/\/wos-dev-1.staging.sd-hosting.pt\/#website","url":"https:\/\/wos-dev-1.staging.sd-hosting.pt\/","name":"World Of Skin","description":"World Of Skin","publisher":{"@id":"https:\/\/wos-dev-1.staging.sd-hosting.pt\/#organization"},"potentialAction":[{"@type":"SearchAction","target":{"@type":"EntryPoint","urlTemplate":"https:\/\/wos-dev-1.staging.sd-hosting.pt\/?s={search_term_string}"},"query-input":"required name=search_term_string"}],"inLanguage":"pt-PT"},{"@type":"Organization","@id":"https:\/\/wos-dev-1.staging.sd-hosting.pt\/#organization","name":"World Of Skin","url":"https:\/\/wos-dev-1.staging.sd-hosting.pt\/","logo":{"@type":"ImageObject","inLanguage":"pt-PT","@id":"https:\/\/wos-dev-1.staging.sd-hosting.pt\/#\/schema\/logo\/image\/","url":"https:\/\/wos-dev-1.staging.sd-hosting.pt\/wp-content\/uploads\/2022\/10\/Logotipo_Final.png","contentUrl":"https:\/\/wos-dev-1.staging.sd-hosting.pt\/wp-content\/uploads\/2022\/10\/Logotipo_Final.png","width":1774,"height":1536,"caption":"World Of Skin"},"image":{"@id":"https:\/\/wos-dev-1.staging.sd-hosting.pt\/#\/schema\/logo\/image\/"},"sameAs":["https:\/\/www.facebook.com\/worldofskin.pt\/","https:\/\/www.instagram.com\/world.of.skin\/"]}]}},"_links":{"self":[{"href":"https:\/\/wos-dev-1.staging.sd-hosting.pt\/index.php?rest_route=\/wp\/v2\/product\/105599","targetHints":{"allow":["GET"]}}],"collection":[{"href":"https:\/\/wos-dev-1.staging.sd-hosting.pt\/index.php?rest_route=\/wp\/v2\/product"}],"about":[{"href":"https:\/\/wos-dev-1.staging.sd-hosting.pt\/index.php?rest_route=\/wp\/v2\/types\/product"}],"replies":[{"embeddable":true,"href":"https:\/\/wos-dev-1.staging.sd-hosting.pt\/index.php?rest_route=%2Fwp%2Fv2%2Fcomments&post=105599"}],"wp:featuredmedia":[{"embeddable":true,"href":"https:\/\/wos-dev-1.staging.sd-hosting.pt\/index.php?rest_route=\/wp\/v2\/media\/2458"}],"wp:attachment":[{"href":"https:\/\/wos-dev-1.staging.sd-hosting.pt\/index.php?rest_route=%2Fwp%2Fv2%2Fmedia&parent=105599"}],"wp:term":[{"taxonomy":"product_cat","embeddable":true,"href":"https:\/\/wos-dev-1.staging.sd-hosting.pt\/index.php?rest_route=%2Fwp%2Fv2%2Fproduct_cat&post=105599"},{"taxonomy":"product_tag","embeddable":true,"href":"https:\/\/wos-dev-1.staging.sd-hosting.pt\/index.php?rest_route=%2Fwp%2Fv2%2Fproduct_tag&post=105599"},{"taxonomy":"wos_brand","embeddable":true,"href":"https:\/\/wos-dev-1.staging.sd-hosting.pt\/index.php?rest_route=%2Fwp%2Fv2%2Fwos_brand&post=105599"}],"curies":[{"name":"wp","href":"https:\/\/api.w.org\/{rel}","templated":true}]}}