{"id":105569,"date":"2023-05-02T15:30:17","date_gmt":"2023-05-02T15:30:17","guid":{"rendered":"https:\/\/wos-dev-1.staging.sd-hosting.pt\/produto\/viterra-mulher-platinum-55-30-comprimidos\/"},"modified":"2023-08-22T08:59:00","modified_gmt":"2023-08-22T08:59:00","slug":"viterra-mulher-platinum-55-30-comprimidos","status":"publish","type":"product","link":"https:\/\/wos-dev-1.staging.sd-hosting.pt\/?product=viterra-mulher-platinum-55-30-comprimidos","title":{"rendered":"Viterra Mulher Platinum 55+ 30 comprimidos"},"content":{"rendered":"<p class=\"wosc-text-s wosc-text-justify\"><strong class=\"wosc-text-secondary\">Viterra Platinum 55+ Mulher<\/strong> \u00e9 um suplemento alimentar adaptado para apoiar no per\u00edodo p\u00f3s-menopausa.<\/p>\n<p class=\"wosc-text-s wosc-text-justify\">A sua composi\u00e7\u00e3o procura fornecer quatro benef\u00edcios essenciais:<\/p>\n<ul>\n<li class=\"wosc-li-p\"><strong>Energia di\u00e1ria<\/strong>: gra\u00e7as a uma associa\u00e7\u00e3o de vitaminas e minerais que regulam o metabolismo energ\u00e9tico e diminuem o cansa\u00e7o e fadiga;<\/li>\n<li class=\"wosc-li-p\"><strong>Manuten\u00e7\u00e3o de ossos saud\u00e1veis<\/strong>: gra\u00e7as \u00e0 vitamina D, c\u00e1lcio e mangan\u00eas, bem como vitamina C que atuam na forma\u00e7\u00e3o do colag\u00e9nio e no funcionamento \u00f3sseo;<\/li>\n<li class=\"wosc-li-p\"><strong>Mem\u00f3ria<\/strong>: gra\u00e7as ao folato, ferro e zinco mantemos a fun\u00e7\u00e3o cognitiva e o normal funcionamento do sistema nervoso;<\/li>\n<li class=\"wosc-li-p\"><strong>Manuten\u00e7\u00e3o do cora\u00e7\u00e3o saud\u00e1vel<\/strong>: gra\u00e7as \u00e0s Vitaminas B6, B12 e Tiamina, assim como Vitamina K e C\u00e1lcio.<\/li>\n<\/ul>\n","protected":false},"excerpt":{"rendered":"<p>Suplemento alimentar adaptado para apoiar no per\u00edodo p\u00f3s-menopausa.<\/p>\n","protected":false},"featured_media":2362,"comment_status":"open","ping_status":"closed","template":"","meta":{"_acf_changed":false},"product_cat":[992,1088,1080],"product_tag":[],"wos_brand":[1828],"class_list":{"0":"post-105569","1":"product","2":"type-product","3":"status-publish","4":"has-post-thumbnail","6":"product_cat-bem-estar","7":"product_cat-feminino","8":"product_cat-suplementos","9":"wos_brand-viterra","11":"first","12":"outofstock","13":"taxable","14":"shipping-taxable","15":"purchasable","16":"product-type-simple"},"acf":[],"yoast_head":"<!-- This site is optimized with the Yoast SEO plugin v22.8 - https:\/\/yoast.com\/wordpress\/plugins\/seo\/ -->\n<title>Viterra Mulher Platinum 55+ 30 comprimidos - World Of Skin<\/title>\n<meta name=\"description\" content=\"Viterra Platinum 55+ Mulher \u00e9 um suplemento alimentar para o per\u00edodo p\u00f3s-menopausa. Fornece energia, mant\u00e9m a mem\u00f3ria e os ossos e o cora\u00e7\u00e3o saud\u00e1veis.\" \/>\n<meta name=\"robots\" content=\"index, follow, max-snippet:-1, max-image-preview:large, max-video-preview:-1\" \/>\n<link rel=\"canonical\" href=\"https:\/\/wos-dev-1.staging.sd-hosting.pt\/produto\/viterra-mulher-platinum-55-30-comprimidos\/\" \/>\n<meta property=\"og:locale\" content=\"pt_PT\" \/>\n<meta property=\"og:type\" content=\"article\" \/>\n<meta property=\"og:title\" content=\"Viterra Mulher Platinum 55+ 30 comprimidos - World Of Skin\" \/>\n<meta property=\"og:description\" content=\"Viterra Platinum 55+ Mulher \u00e9 um suplemento alimentar para o per\u00edodo p\u00f3s-menopausa. Fornece energia, mant\u00e9m a mem\u00f3ria e os ossos e o cora\u00e7\u00e3o saud\u00e1veis.\" \/>\n<meta property=\"og:url\" content=\"https:\/\/wos-dev-1.staging.sd-hosting.pt\/produto\/viterra-mulher-platinum-55-30-comprimidos\/\" \/>\n<meta property=\"og:site_name\" content=\"World Of Skin\" \/>\n<meta property=\"article:publisher\" content=\"https:\/\/www.facebook.com\/worldofskin.pt\/\" \/>\n<meta property=\"article:modified_time\" content=\"2023-08-22T08:59:00+00:00\" \/>\n<meta property=\"og:image\" content=\"https:\/\/wos-dev-1.staging.sd-hosting.pt\/wp-content\/uploads\/2023\/03\/perrigo-viterra-mulher-platinum-55.jpg\" \/>\n\t<meta property=\"og:image:width\" content=\"1920\" \/>\n\t<meta property=\"og:image:height\" content=\"1920\" \/>\n\t<meta property=\"og:image:type\" content=\"image\/jpeg\" \/>\n<meta name=\"twitter:card\" content=\"summary_large_image\" \/>\n<meta name=\"twitter:label1\" content=\"Tempo estimado de leitura\" \/>\n\t<meta name=\"twitter:data1\" content=\"1 minuto\" \/>\n<script type=\"application\/ld+json\" class=\"yoast-schema-graph\">{\"@context\":\"https:\/\/schema.org\",\"@graph\":[{\"@type\":\"WebPage\",\"@id\":\"https:\/\/wos-dev-1.staging.sd-hosting.pt\/produto\/viterra-mulher-platinum-55-30-comprimidos\/\",\"url\":\"https:\/\/wos-dev-1.staging.sd-hosting.pt\/produto\/viterra-mulher-platinum-55-30-comprimidos\/\",\"name\":\"Viterra Mulher Platinum 55+ 30 comprimidos - World Of Skin\",\"isPartOf\":{\"@id\":\"https:\/\/wos-dev-1.staging.sd-hosting.pt\/#website\"},\"primaryImageOfPage\":{\"@id\":\"https:\/\/wos-dev-1.staging.sd-hosting.pt\/produto\/viterra-mulher-platinum-55-30-comprimidos\/#primaryimage\"},\"image\":{\"@id\":\"https:\/\/wos-dev-1.staging.sd-hosting.pt\/produto\/viterra-mulher-platinum-55-30-comprimidos\/#primaryimage\"},\"thumbnailUrl\":\"https:\/\/wos-dev-1.staging.sd-hosting.pt\/wp-content\/uploads\/2023\/03\/perrigo-viterra-mulher-platinum-55.jpg\",\"datePublished\":\"2023-05-02T15:30:17+00:00\",\"dateModified\":\"2023-08-22T08:59:00+00:00\",\"description\":\"Viterra Platinum 55+ Mulher \u00e9 um suplemento alimentar para o per\u00edodo p\u00f3s-menopausa. Fornece energia, mant\u00e9m a mem\u00f3ria e os ossos e o cora\u00e7\u00e3o saud\u00e1veis.\",\"breadcrumb\":{\"@id\":\"https:\/\/wos-dev-1.staging.sd-hosting.pt\/produto\/viterra-mulher-platinum-55-30-comprimidos\/#breadcrumb\"},\"inLanguage\":\"pt-PT\",\"potentialAction\":[{\"@type\":\"ReadAction\",\"target\":[\"https:\/\/wos-dev-1.staging.sd-hosting.pt\/produto\/viterra-mulher-platinum-55-30-comprimidos\/\"]}]},{\"@type\":\"ImageObject\",\"inLanguage\":\"pt-PT\",\"@id\":\"https:\/\/wos-dev-1.staging.sd-hosting.pt\/produto\/viterra-mulher-platinum-55-30-comprimidos\/#primaryimage\",\"url\":\"https:\/\/wos-dev-1.staging.sd-hosting.pt\/wp-content\/uploads\/2023\/03\/perrigo-viterra-mulher-platinum-55.jpg\",\"contentUrl\":\"https:\/\/wos-dev-1.staging.sd-hosting.pt\/wp-content\/uploads\/2023\/03\/perrigo-viterra-mulher-platinum-55.jpg\",\"width\":1920,\"height\":1920,\"caption\":\"Viterra Mulher Platinum 55+ 30 comprimidos - suplemento alimentar p\u00f3s menopausa\"},{\"@type\":\"BreadcrumbList\",\"@id\":\"https:\/\/wos-dev-1.staging.sd-hosting.pt\/produto\/viterra-mulher-platinum-55-30-comprimidos\/#breadcrumb\",\"itemListElement\":[{\"@type\":\"ListItem\",\"position\":1,\"name\":\"In\u00edcio\",\"item\":\"https:\/\/wos-dev-1.staging.sd-hosting.pt\/\"},{\"@type\":\"ListItem\",\"position\":2,\"name\":\"Viterra Mulher Platinum 55+ 30 comprimidos\"}]},{\"@type\":\"WebSite\",\"@id\":\"https:\/\/wos-dev-1.staging.sd-hosting.pt\/#website\",\"url\":\"https:\/\/wos-dev-1.staging.sd-hosting.pt\/\",\"name\":\"World Of Skin\",\"description\":\"World Of Skin\",\"publisher\":{\"@id\":\"https:\/\/wos-dev-1.staging.sd-hosting.pt\/#organization\"},\"potentialAction\":[{\"@type\":\"SearchAction\",\"target\":{\"@type\":\"EntryPoint\",\"urlTemplate\":\"https:\/\/wos-dev-1.staging.sd-hosting.pt\/?s={search_term_string}\"},\"query-input\":\"required name=search_term_string\"}],\"inLanguage\":\"pt-PT\"},{\"@type\":\"Organization\",\"@id\":\"https:\/\/wos-dev-1.staging.sd-hosting.pt\/#organization\",\"name\":\"World Of Skin\",\"url\":\"https:\/\/wos-dev-1.staging.sd-hosting.pt\/\",\"logo\":{\"@type\":\"ImageObject\",\"inLanguage\":\"pt-PT\",\"@id\":\"https:\/\/wos-dev-1.staging.sd-hosting.pt\/#\/schema\/logo\/image\/\",\"url\":\"https:\/\/wos-dev-1.staging.sd-hosting.pt\/wp-content\/uploads\/2022\/10\/Logotipo_Final.png\",\"contentUrl\":\"https:\/\/wos-dev-1.staging.sd-hosting.pt\/wp-content\/uploads\/2022\/10\/Logotipo_Final.png\",\"width\":1774,\"height\":1536,\"caption\":\"World Of Skin\"},\"image\":{\"@id\":\"https:\/\/wos-dev-1.staging.sd-hosting.pt\/#\/schema\/logo\/image\/\"},\"sameAs\":[\"https:\/\/www.facebook.com\/worldofskin.pt\/\",\"https:\/\/www.instagram.com\/world.of.skin\/\"]}]}<\/script>\n<!-- \/ Yoast SEO plugin. -->","yoast_head_json":{"title":"Viterra Mulher Platinum 55+ 30 comprimidos - World Of Skin","description":"Viterra Platinum 55+ Mulher \u00e9 um suplemento alimentar para o per\u00edodo p\u00f3s-menopausa. Fornece energia, mant\u00e9m a mem\u00f3ria e os ossos e o cora\u00e7\u00e3o saud\u00e1veis.","robots":{"index":"index","follow":"follow","max-snippet":"max-snippet:-1","max-image-preview":"max-image-preview:large","max-video-preview":"max-video-preview:-1"},"canonical":"https:\/\/wos-dev-1.staging.sd-hosting.pt\/produto\/viterra-mulher-platinum-55-30-comprimidos\/","og_locale":"pt_PT","og_type":"article","og_title":"Viterra Mulher Platinum 55+ 30 comprimidos - World Of Skin","og_description":"Viterra Platinum 55+ Mulher \u00e9 um suplemento alimentar para o per\u00edodo p\u00f3s-menopausa. Fornece energia, mant\u00e9m a mem\u00f3ria e os ossos e o cora\u00e7\u00e3o saud\u00e1veis.","og_url":"https:\/\/wos-dev-1.staging.sd-hosting.pt\/produto\/viterra-mulher-platinum-55-30-comprimidos\/","og_site_name":"World Of Skin","article_publisher":"https:\/\/www.facebook.com\/worldofskin.pt\/","article_modified_time":"2023-08-22T08:59:00+00:00","og_image":[{"width":1920,"height":1920,"url":"https:\/\/wos-dev-1.staging.sd-hosting.pt\/wp-content\/uploads\/2023\/03\/perrigo-viterra-mulher-platinum-55.jpg","type":"image\/jpeg"}],"twitter_card":"summary_large_image","twitter_misc":{"Tempo estimado de leitura":"1 minuto"},"schema":{"@context":"https:\/\/schema.org","@graph":[{"@type":"WebPage","@id":"https:\/\/wos-dev-1.staging.sd-hosting.pt\/produto\/viterra-mulher-platinum-55-30-comprimidos\/","url":"https:\/\/wos-dev-1.staging.sd-hosting.pt\/produto\/viterra-mulher-platinum-55-30-comprimidos\/","name":"Viterra Mulher Platinum 55+ 30 comprimidos - World Of Skin","isPartOf":{"@id":"https:\/\/wos-dev-1.staging.sd-hosting.pt\/#website"},"primaryImageOfPage":{"@id":"https:\/\/wos-dev-1.staging.sd-hosting.pt\/produto\/viterra-mulher-platinum-55-30-comprimidos\/#primaryimage"},"image":{"@id":"https:\/\/wos-dev-1.staging.sd-hosting.pt\/produto\/viterra-mulher-platinum-55-30-comprimidos\/#primaryimage"},"thumbnailUrl":"https:\/\/wos-dev-1.staging.sd-hosting.pt\/wp-content\/uploads\/2023\/03\/perrigo-viterra-mulher-platinum-55.jpg","datePublished":"2023-05-02T15:30:17+00:00","dateModified":"2023-08-22T08:59:00+00:00","description":"Viterra Platinum 55+ Mulher \u00e9 um suplemento alimentar para o per\u00edodo p\u00f3s-menopausa. Fornece energia, mant\u00e9m a mem\u00f3ria e os ossos e o cora\u00e7\u00e3o saud\u00e1veis.","breadcrumb":{"@id":"https:\/\/wos-dev-1.staging.sd-hosting.pt\/produto\/viterra-mulher-platinum-55-30-comprimidos\/#breadcrumb"},"inLanguage":"pt-PT","potentialAction":[{"@type":"ReadAction","target":["https:\/\/wos-dev-1.staging.sd-hosting.pt\/produto\/viterra-mulher-platinum-55-30-comprimidos\/"]}]},{"@type":"ImageObject","inLanguage":"pt-PT","@id":"https:\/\/wos-dev-1.staging.sd-hosting.pt\/produto\/viterra-mulher-platinum-55-30-comprimidos\/#primaryimage","url":"https:\/\/wos-dev-1.staging.sd-hosting.pt\/wp-content\/uploads\/2023\/03\/perrigo-viterra-mulher-platinum-55.jpg","contentUrl":"https:\/\/wos-dev-1.staging.sd-hosting.pt\/wp-content\/uploads\/2023\/03\/perrigo-viterra-mulher-platinum-55.jpg","width":1920,"height":1920,"caption":"Viterra Mulher Platinum 55+ 30 comprimidos - suplemento alimentar p\u00f3s menopausa"},{"@type":"BreadcrumbList","@id":"https:\/\/wos-dev-1.staging.sd-hosting.pt\/produto\/viterra-mulher-platinum-55-30-comprimidos\/#breadcrumb","itemListElement":[{"@type":"ListItem","position":1,"name":"In\u00edcio","item":"https:\/\/wos-dev-1.staging.sd-hosting.pt\/"},{"@type":"ListItem","position":2,"name":"Viterra Mulher Platinum 55+ 30 comprimidos"}]},{"@type":"WebSite","@id":"https:\/\/wos-dev-1.staging.sd-hosting.pt\/#website","url":"https:\/\/wos-dev-1.staging.sd-hosting.pt\/","name":"World Of Skin","description":"World Of Skin","publisher":{"@id":"https:\/\/wos-dev-1.staging.sd-hosting.pt\/#organization"},"potentialAction":[{"@type":"SearchAction","target":{"@type":"EntryPoint","urlTemplate":"https:\/\/wos-dev-1.staging.sd-hosting.pt\/?s={search_term_string}"},"query-input":"required name=search_term_string"}],"inLanguage":"pt-PT"},{"@type":"Organization","@id":"https:\/\/wos-dev-1.staging.sd-hosting.pt\/#organization","name":"World Of Skin","url":"https:\/\/wos-dev-1.staging.sd-hosting.pt\/","logo":{"@type":"ImageObject","inLanguage":"pt-PT","@id":"https:\/\/wos-dev-1.staging.sd-hosting.pt\/#\/schema\/logo\/image\/","url":"https:\/\/wos-dev-1.staging.sd-hosting.pt\/wp-content\/uploads\/2022\/10\/Logotipo_Final.png","contentUrl":"https:\/\/wos-dev-1.staging.sd-hosting.pt\/wp-content\/uploads\/2022\/10\/Logotipo_Final.png","width":1774,"height":1536,"caption":"World Of Skin"},"image":{"@id":"https:\/\/wos-dev-1.staging.sd-hosting.pt\/#\/schema\/logo\/image\/"},"sameAs":["https:\/\/www.facebook.com\/worldofskin.pt\/","https:\/\/www.instagram.com\/world.of.skin\/"]}]}},"_links":{"self":[{"href":"https:\/\/wos-dev-1.staging.sd-hosting.pt\/index.php?rest_route=\/wp\/v2\/product\/105569","targetHints":{"allow":["GET"]}}],"collection":[{"href":"https:\/\/wos-dev-1.staging.sd-hosting.pt\/index.php?rest_route=\/wp\/v2\/product"}],"about":[{"href":"https:\/\/wos-dev-1.staging.sd-hosting.pt\/index.php?rest_route=\/wp\/v2\/types\/product"}],"replies":[{"embeddable":true,"href":"https:\/\/wos-dev-1.staging.sd-hosting.pt\/index.php?rest_route=%2Fwp%2Fv2%2Fcomments&post=105569"}],"wp:featuredmedia":[{"embeddable":true,"href":"https:\/\/wos-dev-1.staging.sd-hosting.pt\/index.php?rest_route=\/wp\/v2\/media\/2362"}],"wp:attachment":[{"href":"https:\/\/wos-dev-1.staging.sd-hosting.pt\/index.php?rest_route=%2Fwp%2Fv2%2Fmedia&parent=105569"}],"wp:term":[{"taxonomy":"product_cat","embeddable":true,"href":"https:\/\/wos-dev-1.staging.sd-hosting.pt\/index.php?rest_route=%2Fwp%2Fv2%2Fproduct_cat&post=105569"},{"taxonomy":"product_tag","embeddable":true,"href":"https:\/\/wos-dev-1.staging.sd-hosting.pt\/index.php?rest_route=%2Fwp%2Fv2%2Fproduct_tag&post=105569"},{"taxonomy":"wos_brand","embeddable":true,"href":"https:\/\/wos-dev-1.staging.sd-hosting.pt\/index.php?rest_route=%2Fwp%2Fv2%2Fwos_brand&post=105569"}],"curies":[{"name":"wp","href":"https:\/\/api.w.org\/{rel}","templated":true}]}}