{"id":105568,"date":"2023-05-02T15:30:16","date_gmt":"2023-05-02T15:30:16","guid":{"rendered":"https:\/\/wos-dev-1.staging.sd-hosting.pt\/produto\/viterra-mini-probiplus-d-gotas-75ml\/"},"modified":"2023-08-22T08:59:19","modified_gmt":"2023-08-22T08:59:19","slug":"viterra-mini-probiplus-d-gotas-75ml","status":"publish","type":"product","link":"https:\/\/wos-dev-1.staging.sd-hosting.pt\/?product=viterra-mini-probiplus-d-gotas-75ml","title":{"rendered":"Viterra Mini ProbiPlus D Gotas 7,5ml"},"content":{"rendered":"<p class=\"wosc-text-s wosc-text-justify\"><strong class=\"wosc-text-secondary\">Viterra Mini ProbiPlus D Gotas<\/strong> \u00e9 um suplemento alimentar para apoiar a sa\u00fade e bem estar, desde o nascimento.<\/p>\n<p class=\"wosc-text-s wosc-text-justify\">Enriquecido com uma associa\u00e7\u00e3o de probi\u00f3ticos (200 milh\u00f5es) ajuda no bom desenvolvimento de uma microflora intestinal saud\u00e1vel: Lactobacillus rhamnosus e Lactobacillus reuteri. Encontramos tamb\u00e9m Vitamina D3 que otimiza o sistema imunit\u00e1rio ao mesmo tempo que contribui para a normal absor\u00e7\u00e3o\/utiliza\u00e7\u00e3o de c\u00e1lcio e do f\u00f3sforo. Desta forma ajuda na manuten\u00e7\u00e3o de dentes e ossos saud\u00e1veis.<\/p>\n","protected":false},"excerpt":{"rendered":"<p>Suplemento alimentar para apoiar a sa\u00fade e bem estar, desde o nascimento<\/p>\n","protected":false},"featured_media":2357,"comment_status":"open","ping_status":"closed","template":"","meta":{"_acf_changed":false},"product_cat":[1062,990,992,1097,1093,1080],"product_tag":[],"wos_brand":[1828],"class_list":{"0":"post-105568","1":"product","2":"type-product","3":"status-publish","4":"has-post-thumbnail","6":"product_cat-bebe","7":"product_cat-bebe-e-mama","8":"product_cat-bem-estar","9":"product_cat-outros","10":"product_cat-sistema-imunitario","11":"product_cat-suplementos","12":"wos_brand-viterra","14":"first","15":"outofstock","16":"taxable","17":"shipping-taxable","18":"purchasable","19":"product-type-simple"},"acf":[],"yoast_head":"<!-- This site is optimized with the Yoast SEO plugin v22.8 - https:\/\/yoast.com\/wordpress\/plugins\/seo\/ -->\n<title>Viterra Mini ProbiPlus D Gotas 7,5ml - World Of Skin<\/title>\n<meta name=\"description\" content=\"Viterra Mini ProbiPlus D Gotas \u00e9 um suplemento alimentar para apoiar a sa\u00fade e bem estar desde o nascimento. Sistema imunit\u00e1rio, digestivo, ossos,...\" \/>\n<meta name=\"robots\" content=\"index, follow, max-snippet:-1, max-image-preview:large, max-video-preview:-1\" \/>\n<link rel=\"canonical\" href=\"https:\/\/wos-dev-1.staging.sd-hosting.pt\/produto\/viterra-mini-probiplus-d-gotas-75ml\/\" \/>\n<meta property=\"og:locale\" content=\"pt_PT\" \/>\n<meta property=\"og:type\" content=\"article\" \/>\n<meta property=\"og:title\" content=\"Viterra Mini ProbiPlus D Gotas 7,5ml - World Of Skin\" \/>\n<meta property=\"og:description\" content=\"Viterra Mini ProbiPlus D Gotas \u00e9 um suplemento alimentar para apoiar a sa\u00fade e bem estar desde o nascimento. Sistema imunit\u00e1rio, digestivo, ossos,...\" \/>\n<meta property=\"og:url\" content=\"https:\/\/wos-dev-1.staging.sd-hosting.pt\/produto\/viterra-mini-probiplus-d-gotas-75ml\/\" \/>\n<meta property=\"og:site_name\" content=\"World Of Skin\" \/>\n<meta property=\"article:publisher\" content=\"https:\/\/www.facebook.com\/worldofskin.pt\/\" \/>\n<meta property=\"article:modified_time\" content=\"2023-08-22T08:59:19+00:00\" \/>\n<meta property=\"og:image\" content=\"https:\/\/wos-dev-1.staging.sd-hosting.pt\/wp-content\/uploads\/2023\/03\/perrigo-viterra-mini-probiplus-D.jpg\" \/>\n\t<meta property=\"og:image:width\" content=\"800\" \/>\n\t<meta property=\"og:image:height\" content=\"800\" \/>\n\t<meta property=\"og:image:type\" content=\"image\/jpeg\" \/>\n<meta name=\"twitter:card\" content=\"summary_large_image\" \/>\n<meta name=\"twitter:label1\" content=\"Tempo estimado de leitura\" \/>\n\t<meta name=\"twitter:data1\" content=\"1 minuto\" \/>\n<script type=\"application\/ld+json\" class=\"yoast-schema-graph\">{\"@context\":\"https:\/\/schema.org\",\"@graph\":[{\"@type\":\"WebPage\",\"@id\":\"https:\/\/wos-dev-1.staging.sd-hosting.pt\/produto\/viterra-mini-probiplus-d-gotas-75ml\/\",\"url\":\"https:\/\/wos-dev-1.staging.sd-hosting.pt\/produto\/viterra-mini-probiplus-d-gotas-75ml\/\",\"name\":\"Viterra Mini ProbiPlus D Gotas 7,5ml - World Of Skin\",\"isPartOf\":{\"@id\":\"https:\/\/wos-dev-1.staging.sd-hosting.pt\/#website\"},\"primaryImageOfPage\":{\"@id\":\"https:\/\/wos-dev-1.staging.sd-hosting.pt\/produto\/viterra-mini-probiplus-d-gotas-75ml\/#primaryimage\"},\"image\":{\"@id\":\"https:\/\/wos-dev-1.staging.sd-hosting.pt\/produto\/viterra-mini-probiplus-d-gotas-75ml\/#primaryimage\"},\"thumbnailUrl\":\"https:\/\/wos-dev-1.staging.sd-hosting.pt\/wp-content\/uploads\/2023\/03\/perrigo-viterra-mini-probiplus-D.jpg\",\"datePublished\":\"2023-05-02T15:30:16+00:00\",\"dateModified\":\"2023-08-22T08:59:19+00:00\",\"description\":\"Viterra Mini ProbiPlus D Gotas \u00e9 um suplemento alimentar para apoiar a sa\u00fade e bem estar desde o nascimento. Sistema imunit\u00e1rio, digestivo, ossos,...\",\"breadcrumb\":{\"@id\":\"https:\/\/wos-dev-1.staging.sd-hosting.pt\/produto\/viterra-mini-probiplus-d-gotas-75ml\/#breadcrumb\"},\"inLanguage\":\"pt-PT\",\"potentialAction\":[{\"@type\":\"ReadAction\",\"target\":[\"https:\/\/wos-dev-1.staging.sd-hosting.pt\/produto\/viterra-mini-probiplus-d-gotas-75ml\/\"]}]},{\"@type\":\"ImageObject\",\"inLanguage\":\"pt-PT\",\"@id\":\"https:\/\/wos-dev-1.staging.sd-hosting.pt\/produto\/viterra-mini-probiplus-d-gotas-75ml\/#primaryimage\",\"url\":\"https:\/\/wos-dev-1.staging.sd-hosting.pt\/wp-content\/uploads\/2023\/03\/perrigo-viterra-mini-probiplus-D.jpg\",\"contentUrl\":\"https:\/\/wos-dev-1.staging.sd-hosting.pt\/wp-content\/uploads\/2023\/03\/perrigo-viterra-mini-probiplus-D.jpg\",\"width\":800,\"height\":800,\"caption\":\"Viterra Mini ProbiPlus D Gotas 7,5ml - suplemento desde o nascimento\"},{\"@type\":\"BreadcrumbList\",\"@id\":\"https:\/\/wos-dev-1.staging.sd-hosting.pt\/produto\/viterra-mini-probiplus-d-gotas-75ml\/#breadcrumb\",\"itemListElement\":[{\"@type\":\"ListItem\",\"position\":1,\"name\":\"In\u00edcio\",\"item\":\"https:\/\/wos-dev-1.staging.sd-hosting.pt\/\"},{\"@type\":\"ListItem\",\"position\":2,\"name\":\"Viterra Mini ProbiPlus D Gotas 7,5ml\"}]},{\"@type\":\"WebSite\",\"@id\":\"https:\/\/wos-dev-1.staging.sd-hosting.pt\/#website\",\"url\":\"https:\/\/wos-dev-1.staging.sd-hosting.pt\/\",\"name\":\"World Of Skin\",\"description\":\"World Of Skin\",\"publisher\":{\"@id\":\"https:\/\/wos-dev-1.staging.sd-hosting.pt\/#organization\"},\"potentialAction\":[{\"@type\":\"SearchAction\",\"target\":{\"@type\":\"EntryPoint\",\"urlTemplate\":\"https:\/\/wos-dev-1.staging.sd-hosting.pt\/?s={search_term_string}\"},\"query-input\":\"required name=search_term_string\"}],\"inLanguage\":\"pt-PT\"},{\"@type\":\"Organization\",\"@id\":\"https:\/\/wos-dev-1.staging.sd-hosting.pt\/#organization\",\"name\":\"World Of Skin\",\"url\":\"https:\/\/wos-dev-1.staging.sd-hosting.pt\/\",\"logo\":{\"@type\":\"ImageObject\",\"inLanguage\":\"pt-PT\",\"@id\":\"https:\/\/wos-dev-1.staging.sd-hosting.pt\/#\/schema\/logo\/image\/\",\"url\":\"https:\/\/wos-dev-1.staging.sd-hosting.pt\/wp-content\/uploads\/2022\/10\/Logotipo_Final.png\",\"contentUrl\":\"https:\/\/wos-dev-1.staging.sd-hosting.pt\/wp-content\/uploads\/2022\/10\/Logotipo_Final.png\",\"width\":1774,\"height\":1536,\"caption\":\"World Of Skin\"},\"image\":{\"@id\":\"https:\/\/wos-dev-1.staging.sd-hosting.pt\/#\/schema\/logo\/image\/\"},\"sameAs\":[\"https:\/\/www.facebook.com\/worldofskin.pt\/\",\"https:\/\/www.instagram.com\/world.of.skin\/\"]}]}<\/script>\n<!-- \/ Yoast SEO plugin. -->","yoast_head_json":{"title":"Viterra Mini ProbiPlus D Gotas 7,5ml - World Of Skin","description":"Viterra Mini ProbiPlus D Gotas \u00e9 um suplemento alimentar para apoiar a sa\u00fade e bem estar desde o nascimento. Sistema imunit\u00e1rio, digestivo, ossos,...","robots":{"index":"index","follow":"follow","max-snippet":"max-snippet:-1","max-image-preview":"max-image-preview:large","max-video-preview":"max-video-preview:-1"},"canonical":"https:\/\/wos-dev-1.staging.sd-hosting.pt\/produto\/viterra-mini-probiplus-d-gotas-75ml\/","og_locale":"pt_PT","og_type":"article","og_title":"Viterra Mini ProbiPlus D Gotas 7,5ml - World Of Skin","og_description":"Viterra Mini ProbiPlus D Gotas \u00e9 um suplemento alimentar para apoiar a sa\u00fade e bem estar desde o nascimento. Sistema imunit\u00e1rio, digestivo, ossos,...","og_url":"https:\/\/wos-dev-1.staging.sd-hosting.pt\/produto\/viterra-mini-probiplus-d-gotas-75ml\/","og_site_name":"World Of Skin","article_publisher":"https:\/\/www.facebook.com\/worldofskin.pt\/","article_modified_time":"2023-08-22T08:59:19+00:00","og_image":[{"width":800,"height":800,"url":"https:\/\/wos-dev-1.staging.sd-hosting.pt\/wp-content\/uploads\/2023\/03\/perrigo-viterra-mini-probiplus-D.jpg","type":"image\/jpeg"}],"twitter_card":"summary_large_image","twitter_misc":{"Tempo estimado de leitura":"1 minuto"},"schema":{"@context":"https:\/\/schema.org","@graph":[{"@type":"WebPage","@id":"https:\/\/wos-dev-1.staging.sd-hosting.pt\/produto\/viterra-mini-probiplus-d-gotas-75ml\/","url":"https:\/\/wos-dev-1.staging.sd-hosting.pt\/produto\/viterra-mini-probiplus-d-gotas-75ml\/","name":"Viterra Mini ProbiPlus D Gotas 7,5ml - World Of Skin","isPartOf":{"@id":"https:\/\/wos-dev-1.staging.sd-hosting.pt\/#website"},"primaryImageOfPage":{"@id":"https:\/\/wos-dev-1.staging.sd-hosting.pt\/produto\/viterra-mini-probiplus-d-gotas-75ml\/#primaryimage"},"image":{"@id":"https:\/\/wos-dev-1.staging.sd-hosting.pt\/produto\/viterra-mini-probiplus-d-gotas-75ml\/#primaryimage"},"thumbnailUrl":"https:\/\/wos-dev-1.staging.sd-hosting.pt\/wp-content\/uploads\/2023\/03\/perrigo-viterra-mini-probiplus-D.jpg","datePublished":"2023-05-02T15:30:16+00:00","dateModified":"2023-08-22T08:59:19+00:00","description":"Viterra Mini ProbiPlus D Gotas \u00e9 um suplemento alimentar para apoiar a sa\u00fade e bem estar desde o nascimento. Sistema imunit\u00e1rio, digestivo, ossos,...","breadcrumb":{"@id":"https:\/\/wos-dev-1.staging.sd-hosting.pt\/produto\/viterra-mini-probiplus-d-gotas-75ml\/#breadcrumb"},"inLanguage":"pt-PT","potentialAction":[{"@type":"ReadAction","target":["https:\/\/wos-dev-1.staging.sd-hosting.pt\/produto\/viterra-mini-probiplus-d-gotas-75ml\/"]}]},{"@type":"ImageObject","inLanguage":"pt-PT","@id":"https:\/\/wos-dev-1.staging.sd-hosting.pt\/produto\/viterra-mini-probiplus-d-gotas-75ml\/#primaryimage","url":"https:\/\/wos-dev-1.staging.sd-hosting.pt\/wp-content\/uploads\/2023\/03\/perrigo-viterra-mini-probiplus-D.jpg","contentUrl":"https:\/\/wos-dev-1.staging.sd-hosting.pt\/wp-content\/uploads\/2023\/03\/perrigo-viterra-mini-probiplus-D.jpg","width":800,"height":800,"caption":"Viterra Mini ProbiPlus D Gotas 7,5ml - suplemento desde o nascimento"},{"@type":"BreadcrumbList","@id":"https:\/\/wos-dev-1.staging.sd-hosting.pt\/produto\/viterra-mini-probiplus-d-gotas-75ml\/#breadcrumb","itemListElement":[{"@type":"ListItem","position":1,"name":"In\u00edcio","item":"https:\/\/wos-dev-1.staging.sd-hosting.pt\/"},{"@type":"ListItem","position":2,"name":"Viterra Mini ProbiPlus D Gotas 7,5ml"}]},{"@type":"WebSite","@id":"https:\/\/wos-dev-1.staging.sd-hosting.pt\/#website","url":"https:\/\/wos-dev-1.staging.sd-hosting.pt\/","name":"World Of Skin","description":"World Of Skin","publisher":{"@id":"https:\/\/wos-dev-1.staging.sd-hosting.pt\/#organization"},"potentialAction":[{"@type":"SearchAction","target":{"@type":"EntryPoint","urlTemplate":"https:\/\/wos-dev-1.staging.sd-hosting.pt\/?s={search_term_string}"},"query-input":"required name=search_term_string"}],"inLanguage":"pt-PT"},{"@type":"Organization","@id":"https:\/\/wos-dev-1.staging.sd-hosting.pt\/#organization","name":"World Of Skin","url":"https:\/\/wos-dev-1.staging.sd-hosting.pt\/","logo":{"@type":"ImageObject","inLanguage":"pt-PT","@id":"https:\/\/wos-dev-1.staging.sd-hosting.pt\/#\/schema\/logo\/image\/","url":"https:\/\/wos-dev-1.staging.sd-hosting.pt\/wp-content\/uploads\/2022\/10\/Logotipo_Final.png","contentUrl":"https:\/\/wos-dev-1.staging.sd-hosting.pt\/wp-content\/uploads\/2022\/10\/Logotipo_Final.png","width":1774,"height":1536,"caption":"World Of Skin"},"image":{"@id":"https:\/\/wos-dev-1.staging.sd-hosting.pt\/#\/schema\/logo\/image\/"},"sameAs":["https:\/\/www.facebook.com\/worldofskin.pt\/","https:\/\/www.instagram.com\/world.of.skin\/"]}]}},"_links":{"self":[{"href":"https:\/\/wos-dev-1.staging.sd-hosting.pt\/index.php?rest_route=\/wp\/v2\/product\/105568","targetHints":{"allow":["GET"]}}],"collection":[{"href":"https:\/\/wos-dev-1.staging.sd-hosting.pt\/index.php?rest_route=\/wp\/v2\/product"}],"about":[{"href":"https:\/\/wos-dev-1.staging.sd-hosting.pt\/index.php?rest_route=\/wp\/v2\/types\/product"}],"replies":[{"embeddable":true,"href":"https:\/\/wos-dev-1.staging.sd-hosting.pt\/index.php?rest_route=%2Fwp%2Fv2%2Fcomments&post=105568"}],"wp:featuredmedia":[{"embeddable":true,"href":"https:\/\/wos-dev-1.staging.sd-hosting.pt\/index.php?rest_route=\/wp\/v2\/media\/2357"}],"wp:attachment":[{"href":"https:\/\/wos-dev-1.staging.sd-hosting.pt\/index.php?rest_route=%2Fwp%2Fv2%2Fmedia&parent=105568"}],"wp:term":[{"taxonomy":"product_cat","embeddable":true,"href":"https:\/\/wos-dev-1.staging.sd-hosting.pt\/index.php?rest_route=%2Fwp%2Fv2%2Fproduct_cat&post=105568"},{"taxonomy":"product_tag","embeddable":true,"href":"https:\/\/wos-dev-1.staging.sd-hosting.pt\/index.php?rest_route=%2Fwp%2Fv2%2Fproduct_tag&post=105568"},{"taxonomy":"wos_brand","embeddable":true,"href":"https:\/\/wos-dev-1.staging.sd-hosting.pt\/index.php?rest_route=%2Fwp%2Fv2%2Fwos_brand&post=105568"}],"curies":[{"name":"wp","href":"https:\/\/api.w.org\/{rel}","templated":true}]}}