{"id":105565,"date":"2023-05-02T15:30:13","date_gmt":"2023-05-02T15:30:13","guid":{"rendered":"https:\/\/wos-dev-1.staging.sd-hosting.pt\/produto\/viterra-classico-30-comprimidos-revestidos\/"},"modified":"2023-08-22T08:58:51","modified_gmt":"2023-08-22T08:58:51","slug":"viterra-classico-30-comprimidos-revestidos","status":"publish","type":"product","link":"https:\/\/wos-dev-1.staging.sd-hosting.pt\/?product=viterra-classico-30-comprimidos-revestidos","title":{"rendered":"Viterra Cl\u00e1ssico 30 comprimidos revestidos"},"content":{"rendered":"<p class=\"wosc-text-s wosc-text-justify\"><strong class=\"wosc-text-secondary\">Viterra Cl\u00e1ssico<\/strong> \u00e9 um suplemento alimentar geral adaptado \u00e0s necessidades do dia-a-dia.<\/p>\n<p class=\"wosc-text-s wosc-text-justify\">A sua composi\u00e7\u00e3o fornece diferentes benef\u00edcios:<\/p>\n<ul>\n<li class=\"wosc-li-p\">Refor\u00e7o do sistema imunit\u00e1rio: gra\u00e7as \u00e0 Vitamina A, C e Cobre;<\/li>\n<li class=\"wosc-li-p\">Manuten\u00e7\u00e3o do metabolismo energ\u00e9tico: gra\u00e7as \u00e0 Tiamina (Vitamina B1), Riboflavina (Vitamina B2) e Niacina (Vitamina B3);<\/li>\n<li class=\"wosc-li-p\">Redu\u00e7\u00e3o do Cansa\u00e7o e Fadiga; gra\u00e7as ao \u00c1cido Pantot\u00e9nico (Vitamina B5), Ferro e Vitamina B12.<\/li>\n<\/ul>\n","protected":false},"excerpt":{"rendered":"<p>Suplemento alimentar geral adaptado \u00e0s necessidades do dia-a-dia<\/p>\n","protected":false},"featured_media":2349,"comment_status":"open","ping_status":"closed","template":"","meta":{"_acf_changed":false},"product_cat":[992,1087,1093,1080],"product_tag":[],"wos_brand":[1828],"class_list":{"0":"post-105565","1":"product","2":"type-product","3":"status-publish","4":"has-post-thumbnail","6":"product_cat-bem-estar","7":"product_cat-energia","8":"product_cat-sistema-imunitario","9":"product_cat-suplementos","10":"wos_brand-viterra","12":"first","13":"outofstock","14":"taxable","15":"shipping-taxable","16":"purchasable","17":"product-type-simple"},"acf":[],"yoast_head":"<!-- This site is optimized with the Yoast SEO plugin v22.8 - https:\/\/yoast.com\/wordpress\/plugins\/seo\/ -->\n<title>Viterra Cl\u00e1ssico 30 comprimidos revestidos - World Of Skin<\/title>\n<meta name=\"description\" content=\"Viterra Cl\u00e1ssico \u00e9 um suplemento alimentar geral adaptado ao dia-a-dia. Refor\u00e7o do sistema imunit\u00e1rio, produ\u00e7\u00e3o de energia e redu\u00e7\u00e3o do cansa\u00e7o e fadiga.\" \/>\n<meta name=\"robots\" content=\"index, follow, max-snippet:-1, max-image-preview:large, max-video-preview:-1\" \/>\n<link rel=\"canonical\" href=\"https:\/\/wos-dev-1.staging.sd-hosting.pt\/produto\/viterra-classico-30-comprimidos-revestidos\/\" \/>\n<meta property=\"og:locale\" content=\"pt_PT\" \/>\n<meta property=\"og:type\" content=\"article\" \/>\n<meta property=\"og:title\" content=\"Viterra Cl\u00e1ssico 30 comprimidos revestidos - World Of Skin\" \/>\n<meta property=\"og:description\" content=\"Viterra Cl\u00e1ssico \u00e9 um suplemento alimentar geral adaptado ao dia-a-dia. Refor\u00e7o do sistema imunit\u00e1rio, produ\u00e7\u00e3o de energia e redu\u00e7\u00e3o do cansa\u00e7o e fadiga.\" \/>\n<meta property=\"og:url\" content=\"https:\/\/wos-dev-1.staging.sd-hosting.pt\/produto\/viterra-classico-30-comprimidos-revestidos\/\" \/>\n<meta property=\"og:site_name\" content=\"World Of Skin\" \/>\n<meta property=\"article:publisher\" content=\"https:\/\/www.facebook.com\/worldofskin.pt\/\" \/>\n<meta property=\"article:modified_time\" content=\"2023-08-22T08:58:51+00:00\" \/>\n<meta property=\"og:image\" content=\"https:\/\/wos-dev-1.staging.sd-hosting.pt\/wp-content\/uploads\/2023\/03\/perrigo-viterra-classico.jpg\" \/>\n\t<meta property=\"og:image:width\" content=\"2000\" \/>\n\t<meta property=\"og:image:height\" content=\"2000\" \/>\n\t<meta property=\"og:image:type\" content=\"image\/jpeg\" \/>\n<meta name=\"twitter:card\" content=\"summary_large_image\" \/>\n<meta name=\"twitter:label1\" content=\"Tempo estimado de leitura\" \/>\n\t<meta name=\"twitter:data1\" content=\"1 minuto\" \/>\n<script type=\"application\/ld+json\" class=\"yoast-schema-graph\">{\"@context\":\"https:\/\/schema.org\",\"@graph\":[{\"@type\":\"WebPage\",\"@id\":\"https:\/\/wos-dev-1.staging.sd-hosting.pt\/produto\/viterra-classico-30-comprimidos-revestidos\/\",\"url\":\"https:\/\/wos-dev-1.staging.sd-hosting.pt\/produto\/viterra-classico-30-comprimidos-revestidos\/\",\"name\":\"Viterra Cl\u00e1ssico 30 comprimidos revestidos - World Of Skin\",\"isPartOf\":{\"@id\":\"https:\/\/wos-dev-1.staging.sd-hosting.pt\/#website\"},\"primaryImageOfPage\":{\"@id\":\"https:\/\/wos-dev-1.staging.sd-hosting.pt\/produto\/viterra-classico-30-comprimidos-revestidos\/#primaryimage\"},\"image\":{\"@id\":\"https:\/\/wos-dev-1.staging.sd-hosting.pt\/produto\/viterra-classico-30-comprimidos-revestidos\/#primaryimage\"},\"thumbnailUrl\":\"https:\/\/wos-dev-1.staging.sd-hosting.pt\/wp-content\/uploads\/2023\/03\/perrigo-viterra-classico.jpg\",\"datePublished\":\"2023-05-02T15:30:13+00:00\",\"dateModified\":\"2023-08-22T08:58:51+00:00\",\"description\":\"Viterra Cl\u00e1ssico \u00e9 um suplemento alimentar geral adaptado ao dia-a-dia. Refor\u00e7o do sistema imunit\u00e1rio, produ\u00e7\u00e3o de energia e redu\u00e7\u00e3o do cansa\u00e7o e fadiga.\",\"breadcrumb\":{\"@id\":\"https:\/\/wos-dev-1.staging.sd-hosting.pt\/produto\/viterra-classico-30-comprimidos-revestidos\/#breadcrumb\"},\"inLanguage\":\"pt-PT\",\"potentialAction\":[{\"@type\":\"ReadAction\",\"target\":[\"https:\/\/wos-dev-1.staging.sd-hosting.pt\/produto\/viterra-classico-30-comprimidos-revestidos\/\"]}]},{\"@type\":\"ImageObject\",\"inLanguage\":\"pt-PT\",\"@id\":\"https:\/\/wos-dev-1.staging.sd-hosting.pt\/produto\/viterra-classico-30-comprimidos-revestidos\/#primaryimage\",\"url\":\"https:\/\/wos-dev-1.staging.sd-hosting.pt\/wp-content\/uploads\/2023\/03\/perrigo-viterra-classico.jpg\",\"contentUrl\":\"https:\/\/wos-dev-1.staging.sd-hosting.pt\/wp-content\/uploads\/2023\/03\/perrigo-viterra-classico.jpg\",\"width\":2000,\"height\":2000,\"caption\":\"Viterra Cl\u00e1ssico 30 comprimidos revestidos - suplemento alimentar geral\"},{\"@type\":\"BreadcrumbList\",\"@id\":\"https:\/\/wos-dev-1.staging.sd-hosting.pt\/produto\/viterra-classico-30-comprimidos-revestidos\/#breadcrumb\",\"itemListElement\":[{\"@type\":\"ListItem\",\"position\":1,\"name\":\"In\u00edcio\",\"item\":\"https:\/\/wos-dev-1.staging.sd-hosting.pt\/\"},{\"@type\":\"ListItem\",\"position\":2,\"name\":\"Viterra Cl\u00e1ssico 30 comprimidos revestidos\"}]},{\"@type\":\"WebSite\",\"@id\":\"https:\/\/wos-dev-1.staging.sd-hosting.pt\/#website\",\"url\":\"https:\/\/wos-dev-1.staging.sd-hosting.pt\/\",\"name\":\"World Of Skin\",\"description\":\"World Of Skin\",\"publisher\":{\"@id\":\"https:\/\/wos-dev-1.staging.sd-hosting.pt\/#organization\"},\"potentialAction\":[{\"@type\":\"SearchAction\",\"target\":{\"@type\":\"EntryPoint\",\"urlTemplate\":\"https:\/\/wos-dev-1.staging.sd-hosting.pt\/?s={search_term_string}\"},\"query-input\":\"required name=search_term_string\"}],\"inLanguage\":\"pt-PT\"},{\"@type\":\"Organization\",\"@id\":\"https:\/\/wos-dev-1.staging.sd-hosting.pt\/#organization\",\"name\":\"World Of Skin\",\"url\":\"https:\/\/wos-dev-1.staging.sd-hosting.pt\/\",\"logo\":{\"@type\":\"ImageObject\",\"inLanguage\":\"pt-PT\",\"@id\":\"https:\/\/wos-dev-1.staging.sd-hosting.pt\/#\/schema\/logo\/image\/\",\"url\":\"https:\/\/wos-dev-1.staging.sd-hosting.pt\/wp-content\/uploads\/2022\/10\/Logotipo_Final.png\",\"contentUrl\":\"https:\/\/wos-dev-1.staging.sd-hosting.pt\/wp-content\/uploads\/2022\/10\/Logotipo_Final.png\",\"width\":1774,\"height\":1536,\"caption\":\"World Of Skin\"},\"image\":{\"@id\":\"https:\/\/wos-dev-1.staging.sd-hosting.pt\/#\/schema\/logo\/image\/\"},\"sameAs\":[\"https:\/\/www.facebook.com\/worldofskin.pt\/\",\"https:\/\/www.instagram.com\/world.of.skin\/\"]}]}<\/script>\n<!-- \/ Yoast SEO plugin. -->","yoast_head_json":{"title":"Viterra Cl\u00e1ssico 30 comprimidos revestidos - World Of Skin","description":"Viterra Cl\u00e1ssico \u00e9 um suplemento alimentar geral adaptado ao dia-a-dia. Refor\u00e7o do sistema imunit\u00e1rio, produ\u00e7\u00e3o de energia e redu\u00e7\u00e3o do cansa\u00e7o e fadiga.","robots":{"index":"index","follow":"follow","max-snippet":"max-snippet:-1","max-image-preview":"max-image-preview:large","max-video-preview":"max-video-preview:-1"},"canonical":"https:\/\/wos-dev-1.staging.sd-hosting.pt\/produto\/viterra-classico-30-comprimidos-revestidos\/","og_locale":"pt_PT","og_type":"article","og_title":"Viterra Cl\u00e1ssico 30 comprimidos revestidos - World Of Skin","og_description":"Viterra Cl\u00e1ssico \u00e9 um suplemento alimentar geral adaptado ao dia-a-dia. Refor\u00e7o do sistema imunit\u00e1rio, produ\u00e7\u00e3o de energia e redu\u00e7\u00e3o do cansa\u00e7o e fadiga.","og_url":"https:\/\/wos-dev-1.staging.sd-hosting.pt\/produto\/viterra-classico-30-comprimidos-revestidos\/","og_site_name":"World Of Skin","article_publisher":"https:\/\/www.facebook.com\/worldofskin.pt\/","article_modified_time":"2023-08-22T08:58:51+00:00","og_image":[{"width":2000,"height":2000,"url":"https:\/\/wos-dev-1.staging.sd-hosting.pt\/wp-content\/uploads\/2023\/03\/perrigo-viterra-classico.jpg","type":"image\/jpeg"}],"twitter_card":"summary_large_image","twitter_misc":{"Tempo estimado de leitura":"1 minuto"},"schema":{"@context":"https:\/\/schema.org","@graph":[{"@type":"WebPage","@id":"https:\/\/wos-dev-1.staging.sd-hosting.pt\/produto\/viterra-classico-30-comprimidos-revestidos\/","url":"https:\/\/wos-dev-1.staging.sd-hosting.pt\/produto\/viterra-classico-30-comprimidos-revestidos\/","name":"Viterra Cl\u00e1ssico 30 comprimidos revestidos - World Of Skin","isPartOf":{"@id":"https:\/\/wos-dev-1.staging.sd-hosting.pt\/#website"},"primaryImageOfPage":{"@id":"https:\/\/wos-dev-1.staging.sd-hosting.pt\/produto\/viterra-classico-30-comprimidos-revestidos\/#primaryimage"},"image":{"@id":"https:\/\/wos-dev-1.staging.sd-hosting.pt\/produto\/viterra-classico-30-comprimidos-revestidos\/#primaryimage"},"thumbnailUrl":"https:\/\/wos-dev-1.staging.sd-hosting.pt\/wp-content\/uploads\/2023\/03\/perrigo-viterra-classico.jpg","datePublished":"2023-05-02T15:30:13+00:00","dateModified":"2023-08-22T08:58:51+00:00","description":"Viterra Cl\u00e1ssico \u00e9 um suplemento alimentar geral adaptado ao dia-a-dia. Refor\u00e7o do sistema imunit\u00e1rio, produ\u00e7\u00e3o de energia e redu\u00e7\u00e3o do cansa\u00e7o e fadiga.","breadcrumb":{"@id":"https:\/\/wos-dev-1.staging.sd-hosting.pt\/produto\/viterra-classico-30-comprimidos-revestidos\/#breadcrumb"},"inLanguage":"pt-PT","potentialAction":[{"@type":"ReadAction","target":["https:\/\/wos-dev-1.staging.sd-hosting.pt\/produto\/viterra-classico-30-comprimidos-revestidos\/"]}]},{"@type":"ImageObject","inLanguage":"pt-PT","@id":"https:\/\/wos-dev-1.staging.sd-hosting.pt\/produto\/viterra-classico-30-comprimidos-revestidos\/#primaryimage","url":"https:\/\/wos-dev-1.staging.sd-hosting.pt\/wp-content\/uploads\/2023\/03\/perrigo-viterra-classico.jpg","contentUrl":"https:\/\/wos-dev-1.staging.sd-hosting.pt\/wp-content\/uploads\/2023\/03\/perrigo-viterra-classico.jpg","width":2000,"height":2000,"caption":"Viterra Cl\u00e1ssico 30 comprimidos revestidos - suplemento alimentar geral"},{"@type":"BreadcrumbList","@id":"https:\/\/wos-dev-1.staging.sd-hosting.pt\/produto\/viterra-classico-30-comprimidos-revestidos\/#breadcrumb","itemListElement":[{"@type":"ListItem","position":1,"name":"In\u00edcio","item":"https:\/\/wos-dev-1.staging.sd-hosting.pt\/"},{"@type":"ListItem","position":2,"name":"Viterra Cl\u00e1ssico 30 comprimidos revestidos"}]},{"@type":"WebSite","@id":"https:\/\/wos-dev-1.staging.sd-hosting.pt\/#website","url":"https:\/\/wos-dev-1.staging.sd-hosting.pt\/","name":"World Of Skin","description":"World Of Skin","publisher":{"@id":"https:\/\/wos-dev-1.staging.sd-hosting.pt\/#organization"},"potentialAction":[{"@type":"SearchAction","target":{"@type":"EntryPoint","urlTemplate":"https:\/\/wos-dev-1.staging.sd-hosting.pt\/?s={search_term_string}"},"query-input":"required name=search_term_string"}],"inLanguage":"pt-PT"},{"@type":"Organization","@id":"https:\/\/wos-dev-1.staging.sd-hosting.pt\/#organization","name":"World Of Skin","url":"https:\/\/wos-dev-1.staging.sd-hosting.pt\/","logo":{"@type":"ImageObject","inLanguage":"pt-PT","@id":"https:\/\/wos-dev-1.staging.sd-hosting.pt\/#\/schema\/logo\/image\/","url":"https:\/\/wos-dev-1.staging.sd-hosting.pt\/wp-content\/uploads\/2022\/10\/Logotipo_Final.png","contentUrl":"https:\/\/wos-dev-1.staging.sd-hosting.pt\/wp-content\/uploads\/2022\/10\/Logotipo_Final.png","width":1774,"height":1536,"caption":"World Of Skin"},"image":{"@id":"https:\/\/wos-dev-1.staging.sd-hosting.pt\/#\/schema\/logo\/image\/"},"sameAs":["https:\/\/www.facebook.com\/worldofskin.pt\/","https:\/\/www.instagram.com\/world.of.skin\/"]}]}},"_links":{"self":[{"href":"https:\/\/wos-dev-1.staging.sd-hosting.pt\/index.php?rest_route=\/wp\/v2\/product\/105565","targetHints":{"allow":["GET"]}}],"collection":[{"href":"https:\/\/wos-dev-1.staging.sd-hosting.pt\/index.php?rest_route=\/wp\/v2\/product"}],"about":[{"href":"https:\/\/wos-dev-1.staging.sd-hosting.pt\/index.php?rest_route=\/wp\/v2\/types\/product"}],"replies":[{"embeddable":true,"href":"https:\/\/wos-dev-1.staging.sd-hosting.pt\/index.php?rest_route=%2Fwp%2Fv2%2Fcomments&post=105565"}],"wp:featuredmedia":[{"embeddable":true,"href":"https:\/\/wos-dev-1.staging.sd-hosting.pt\/index.php?rest_route=\/wp\/v2\/media\/2349"}],"wp:attachment":[{"href":"https:\/\/wos-dev-1.staging.sd-hosting.pt\/index.php?rest_route=%2Fwp%2Fv2%2Fmedia&parent=105565"}],"wp:term":[{"taxonomy":"product_cat","embeddable":true,"href":"https:\/\/wos-dev-1.staging.sd-hosting.pt\/index.php?rest_route=%2Fwp%2Fv2%2Fproduct_cat&post=105565"},{"taxonomy":"product_tag","embeddable":true,"href":"https:\/\/wos-dev-1.staging.sd-hosting.pt\/index.php?rest_route=%2Fwp%2Fv2%2Fproduct_tag&post=105565"},{"taxonomy":"wos_brand","embeddable":true,"href":"https:\/\/wos-dev-1.staging.sd-hosting.pt\/index.php?rest_route=%2Fwp%2Fv2%2Fwos_brand&post=105565"}],"curies":[{"name":"wp","href":"https:\/\/api.w.org\/{rel}","templated":true}]}}