{"id":105460,"date":"2023-04-21T10:05:59","date_gmt":"2023-04-21T10:05:59","guid":{"rendered":"https:\/\/wos-dev-1.staging.sd-hosting.pt\/produto\/lierac-sunissime-cuidado-protetor-contorno-de-olhos-spf50-3g\/"},"modified":"2023-08-22T08:59:21","modified_gmt":"2023-08-22T08:59:21","slug":"lierac-sunissime-cuidado-protetor-contorno-de-olhos-spf50-3g","status":"publish","type":"product","link":"https:\/\/wos-dev-1.staging.sd-hosting.pt\/?product=lierac-sunissime-cuidado-protetor-contorno-de-olhos-spf50-3g","title":{"rendered":"Lierac Sunissime Cuidado Protetor Contorno de Olhos Spf50 3g"},"content":{"rendered":"<p class=\"wosc-text-s wosc-text-justify\"><strong class=\"wosc-text-secondary\">Lierac Sunissime Cuidado Protetor Contorno de Olhos Spf50<\/strong> \u00e9 um cuidado antienvelhecimento que hidrata, apazigua e refresca a zona do contorno ocular.<\/p>\n<p class=\"wosc-text-s wosc-text-justify\">Desta forma atua a dois n\u00edveis: prote\u00e7\u00e3o solar (atrav\u00e9s de um sistema de filtros patenteado acompanhado por favonoides vegetais e melanina fracionada) e prote\u00e7\u00e3o contra o envelhecimento da pele. Gra\u00e7as ao \u00e1cido hialur\u00f3nico e ao \u00f3leo de abacate, ajuda a hidratar e acalmar, ao mesmo tempo que nutre e repara a pele.<\/p>\n<p class=\"wosc-text-s wosc-text-justify\">A sua textura em creme com uma ligeira tonalidade perite camuflar olheiras. O seu formato em creme em stick ajuda na aplica\u00e7\u00e3o e facilita a utiliza\u00e7\u00e3o ao longo do dia.<\/p>\n<p class=\"wosc-text-s wosc-text-justify\">Este cuidado protetor para o contorno de olhos \u00e9 tamb\u00e9m indicado em zonas sens\u00edveis que necessitem de prote\u00e7\u00e3o adicional.<\/p>\n","protected":false},"excerpt":{"rendered":"<p>Cuidado antienvelhecimento do contorno ocular com prote\u00e7\u00e3o solar<\/p>\n","protected":false},"featured_media":2134,"comment_status":"open","ping_status":"closed","template":"","meta":{"_acf_changed":false},"product_cat":[1072,998,997,986,991],"product_tag":[],"wos_brand":[1123,1225],"class_list":{"0":"post-105460","1":"product","2":"type-product","3":"status-publish","4":"has-post-thumbnail","6":"product_cat-faciais","7":"product_cat-labios-e-olhos","8":"product_cat-protecao-solar","9":"product_cat-rosto","10":"product_cat-solares","11":"wos_brand-lierac","12":"wos_brand-sunissime","14":"first","15":"outofstock","16":"taxable","17":"shipping-taxable","18":"purchasable","19":"product-type-simple"},"acf":[],"yoast_head":"<!-- This site is optimized with the Yoast SEO plugin v22.8 - https:\/\/yoast.com\/wordpress\/plugins\/seo\/ -->\n<title>Lierac Sunissime Cuidado Protetor Contorno Olhos Spf50 - WOS<\/title>\n<meta name=\"description\" content=\"Lierac Sunissime Cuidado Protetor Contorno de Olhos Spf50 \u00e9 um cuidado antienvelhecimento que hidrata, apazigua e refresca a zona do contorno ocular.\" \/>\n<meta name=\"robots\" content=\"index, follow, max-snippet:-1, max-image-preview:large, max-video-preview:-1\" \/>\n<link rel=\"canonical\" href=\"https:\/\/wos-dev-1.staging.sd-hosting.pt\/produto\/lierac-sunissime-cuidado-protetor-contorno-de-olhos-spf50-3g\/\" \/>\n<meta property=\"og:locale\" content=\"pt_PT\" \/>\n<meta property=\"og:type\" content=\"article\" \/>\n<meta property=\"og:title\" content=\"Lierac Sunissime Cuidado Protetor Contorno Olhos Spf50 - WOS\" \/>\n<meta property=\"og:description\" content=\"Lierac Sunissime Cuidado Protetor Contorno de Olhos Spf50 \u00e9 um cuidado antienvelhecimento que hidrata, apazigua e refresca a zona do contorno ocular.\" \/>\n<meta property=\"og:url\" content=\"https:\/\/wos-dev-1.staging.sd-hosting.pt\/produto\/lierac-sunissime-cuidado-protetor-contorno-de-olhos-spf50-3g\/\" \/>\n<meta property=\"og:site_name\" content=\"World Of Skin\" \/>\n<meta property=\"article:publisher\" content=\"https:\/\/www.facebook.com\/worldofskin.pt\/\" \/>\n<meta property=\"article:modified_time\" content=\"2023-08-22T08:59:21+00:00\" \/>\n<meta property=\"og:image\" content=\"https:\/\/wos-dev-1.staging.sd-hosting.pt\/wp-content\/uploads\/2023\/02\/lierac-sunissime-cuidado-protetor-contorno-olhos-spf50.png\" \/>\n\t<meta property=\"og:image:width\" content=\"627\" \/>\n\t<meta property=\"og:image:height\" content=\"627\" \/>\n\t<meta property=\"og:image:type\" content=\"image\/png\" \/>\n<meta name=\"twitter:card\" content=\"summary_large_image\" \/>\n<meta name=\"twitter:label1\" content=\"Tempo estimado de leitura\" \/>\n\t<meta name=\"twitter:data1\" content=\"1 minuto\" \/>\n<script type=\"application\/ld+json\" class=\"yoast-schema-graph\">{\"@context\":\"https:\/\/schema.org\",\"@graph\":[{\"@type\":\"WebPage\",\"@id\":\"https:\/\/wos-dev-1.staging.sd-hosting.pt\/produto\/lierac-sunissime-cuidado-protetor-contorno-de-olhos-spf50-3g\/\",\"url\":\"https:\/\/wos-dev-1.staging.sd-hosting.pt\/produto\/lierac-sunissime-cuidado-protetor-contorno-de-olhos-spf50-3g\/\",\"name\":\"Lierac Sunissime Cuidado Protetor Contorno Olhos Spf50 - WOS\",\"isPartOf\":{\"@id\":\"https:\/\/wos-dev-1.staging.sd-hosting.pt\/#website\"},\"primaryImageOfPage\":{\"@id\":\"https:\/\/wos-dev-1.staging.sd-hosting.pt\/produto\/lierac-sunissime-cuidado-protetor-contorno-de-olhos-spf50-3g\/#primaryimage\"},\"image\":{\"@id\":\"https:\/\/wos-dev-1.staging.sd-hosting.pt\/produto\/lierac-sunissime-cuidado-protetor-contorno-de-olhos-spf50-3g\/#primaryimage\"},\"thumbnailUrl\":\"https:\/\/wos-dev-1.staging.sd-hosting.pt\/wp-content\/uploads\/2023\/02\/lierac-sunissime-cuidado-protetor-contorno-olhos-spf50.png\",\"datePublished\":\"2023-04-21T10:05:59+00:00\",\"dateModified\":\"2023-08-22T08:59:21+00:00\",\"description\":\"Lierac Sunissime Cuidado Protetor Contorno de Olhos Spf50 \u00e9 um cuidado antienvelhecimento que hidrata, apazigua e refresca a zona do contorno ocular.\",\"breadcrumb\":{\"@id\":\"https:\/\/wos-dev-1.staging.sd-hosting.pt\/produto\/lierac-sunissime-cuidado-protetor-contorno-de-olhos-spf50-3g\/#breadcrumb\"},\"inLanguage\":\"pt-PT\",\"potentialAction\":[{\"@type\":\"ReadAction\",\"target\":[\"https:\/\/wos-dev-1.staging.sd-hosting.pt\/produto\/lierac-sunissime-cuidado-protetor-contorno-de-olhos-spf50-3g\/\"]}]},{\"@type\":\"ImageObject\",\"inLanguage\":\"pt-PT\",\"@id\":\"https:\/\/wos-dev-1.staging.sd-hosting.pt\/produto\/lierac-sunissime-cuidado-protetor-contorno-de-olhos-spf50-3g\/#primaryimage\",\"url\":\"https:\/\/wos-dev-1.staging.sd-hosting.pt\/wp-content\/uploads\/2023\/02\/lierac-sunissime-cuidado-protetor-contorno-olhos-spf50.png\",\"contentUrl\":\"https:\/\/wos-dev-1.staging.sd-hosting.pt\/wp-content\/uploads\/2023\/02\/lierac-sunissime-cuidado-protetor-contorno-olhos-spf50.png\",\"width\":627,\"height\":627,\"caption\":\"Lierac Sunissime Cuidado Protetor Contorno de Olhos Spf50 3g\"},{\"@type\":\"BreadcrumbList\",\"@id\":\"https:\/\/wos-dev-1.staging.sd-hosting.pt\/produto\/lierac-sunissime-cuidado-protetor-contorno-de-olhos-spf50-3g\/#breadcrumb\",\"itemListElement\":[{\"@type\":\"ListItem\",\"position\":1,\"name\":\"In\u00edcio\",\"item\":\"https:\/\/wos-dev-1.staging.sd-hosting.pt\/\"},{\"@type\":\"ListItem\",\"position\":2,\"name\":\"Lierac Sunissime Cuidado Protetor Contorno de Olhos Spf50 3g\"}]},{\"@type\":\"WebSite\",\"@id\":\"https:\/\/wos-dev-1.staging.sd-hosting.pt\/#website\",\"url\":\"https:\/\/wos-dev-1.staging.sd-hosting.pt\/\",\"name\":\"World Of Skin\",\"description\":\"World Of Skin\",\"publisher\":{\"@id\":\"https:\/\/wos-dev-1.staging.sd-hosting.pt\/#organization\"},\"potentialAction\":[{\"@type\":\"SearchAction\",\"target\":{\"@type\":\"EntryPoint\",\"urlTemplate\":\"https:\/\/wos-dev-1.staging.sd-hosting.pt\/?s={search_term_string}\"},\"query-input\":\"required name=search_term_string\"}],\"inLanguage\":\"pt-PT\"},{\"@type\":\"Organization\",\"@id\":\"https:\/\/wos-dev-1.staging.sd-hosting.pt\/#organization\",\"name\":\"World Of Skin\",\"url\":\"https:\/\/wos-dev-1.staging.sd-hosting.pt\/\",\"logo\":{\"@type\":\"ImageObject\",\"inLanguage\":\"pt-PT\",\"@id\":\"https:\/\/wos-dev-1.staging.sd-hosting.pt\/#\/schema\/logo\/image\/\",\"url\":\"https:\/\/wos-dev-1.staging.sd-hosting.pt\/wp-content\/uploads\/2022\/10\/Logotipo_Final.png\",\"contentUrl\":\"https:\/\/wos-dev-1.staging.sd-hosting.pt\/wp-content\/uploads\/2022\/10\/Logotipo_Final.png\",\"width\":1774,\"height\":1536,\"caption\":\"World Of Skin\"},\"image\":{\"@id\":\"https:\/\/wos-dev-1.staging.sd-hosting.pt\/#\/schema\/logo\/image\/\"},\"sameAs\":[\"https:\/\/www.facebook.com\/worldofskin.pt\/\",\"https:\/\/www.instagram.com\/world.of.skin\/\"]}]}<\/script>\n<!-- \/ Yoast SEO plugin. -->","yoast_head_json":{"title":"Lierac Sunissime Cuidado Protetor Contorno Olhos Spf50 - WOS","description":"Lierac Sunissime Cuidado Protetor Contorno de Olhos Spf50 \u00e9 um cuidado antienvelhecimento que hidrata, apazigua e refresca a zona do contorno ocular.","robots":{"index":"index","follow":"follow","max-snippet":"max-snippet:-1","max-image-preview":"max-image-preview:large","max-video-preview":"max-video-preview:-1"},"canonical":"https:\/\/wos-dev-1.staging.sd-hosting.pt\/produto\/lierac-sunissime-cuidado-protetor-contorno-de-olhos-spf50-3g\/","og_locale":"pt_PT","og_type":"article","og_title":"Lierac Sunissime Cuidado Protetor Contorno Olhos Spf50 - WOS","og_description":"Lierac Sunissime Cuidado Protetor Contorno de Olhos Spf50 \u00e9 um cuidado antienvelhecimento que hidrata, apazigua e refresca a zona do contorno ocular.","og_url":"https:\/\/wos-dev-1.staging.sd-hosting.pt\/produto\/lierac-sunissime-cuidado-protetor-contorno-de-olhos-spf50-3g\/","og_site_name":"World Of Skin","article_publisher":"https:\/\/www.facebook.com\/worldofskin.pt\/","article_modified_time":"2023-08-22T08:59:21+00:00","og_image":[{"width":627,"height":627,"url":"https:\/\/wos-dev-1.staging.sd-hosting.pt\/wp-content\/uploads\/2023\/02\/lierac-sunissime-cuidado-protetor-contorno-olhos-spf50.png","type":"image\/png"}],"twitter_card":"summary_large_image","twitter_misc":{"Tempo estimado de leitura":"1 minuto"},"schema":{"@context":"https:\/\/schema.org","@graph":[{"@type":"WebPage","@id":"https:\/\/wos-dev-1.staging.sd-hosting.pt\/produto\/lierac-sunissime-cuidado-protetor-contorno-de-olhos-spf50-3g\/","url":"https:\/\/wos-dev-1.staging.sd-hosting.pt\/produto\/lierac-sunissime-cuidado-protetor-contorno-de-olhos-spf50-3g\/","name":"Lierac Sunissime Cuidado Protetor Contorno Olhos Spf50 - WOS","isPartOf":{"@id":"https:\/\/wos-dev-1.staging.sd-hosting.pt\/#website"},"primaryImageOfPage":{"@id":"https:\/\/wos-dev-1.staging.sd-hosting.pt\/produto\/lierac-sunissime-cuidado-protetor-contorno-de-olhos-spf50-3g\/#primaryimage"},"image":{"@id":"https:\/\/wos-dev-1.staging.sd-hosting.pt\/produto\/lierac-sunissime-cuidado-protetor-contorno-de-olhos-spf50-3g\/#primaryimage"},"thumbnailUrl":"https:\/\/wos-dev-1.staging.sd-hosting.pt\/wp-content\/uploads\/2023\/02\/lierac-sunissime-cuidado-protetor-contorno-olhos-spf50.png","datePublished":"2023-04-21T10:05:59+00:00","dateModified":"2023-08-22T08:59:21+00:00","description":"Lierac Sunissime Cuidado Protetor Contorno de Olhos Spf50 \u00e9 um cuidado antienvelhecimento que hidrata, apazigua e refresca a zona do contorno ocular.","breadcrumb":{"@id":"https:\/\/wos-dev-1.staging.sd-hosting.pt\/produto\/lierac-sunissime-cuidado-protetor-contorno-de-olhos-spf50-3g\/#breadcrumb"},"inLanguage":"pt-PT","potentialAction":[{"@type":"ReadAction","target":["https:\/\/wos-dev-1.staging.sd-hosting.pt\/produto\/lierac-sunissime-cuidado-protetor-contorno-de-olhos-spf50-3g\/"]}]},{"@type":"ImageObject","inLanguage":"pt-PT","@id":"https:\/\/wos-dev-1.staging.sd-hosting.pt\/produto\/lierac-sunissime-cuidado-protetor-contorno-de-olhos-spf50-3g\/#primaryimage","url":"https:\/\/wos-dev-1.staging.sd-hosting.pt\/wp-content\/uploads\/2023\/02\/lierac-sunissime-cuidado-protetor-contorno-olhos-spf50.png","contentUrl":"https:\/\/wos-dev-1.staging.sd-hosting.pt\/wp-content\/uploads\/2023\/02\/lierac-sunissime-cuidado-protetor-contorno-olhos-spf50.png","width":627,"height":627,"caption":"Lierac Sunissime Cuidado Protetor Contorno de Olhos Spf50 3g"},{"@type":"BreadcrumbList","@id":"https:\/\/wos-dev-1.staging.sd-hosting.pt\/produto\/lierac-sunissime-cuidado-protetor-contorno-de-olhos-spf50-3g\/#breadcrumb","itemListElement":[{"@type":"ListItem","position":1,"name":"In\u00edcio","item":"https:\/\/wos-dev-1.staging.sd-hosting.pt\/"},{"@type":"ListItem","position":2,"name":"Lierac Sunissime Cuidado Protetor Contorno de Olhos Spf50 3g"}]},{"@type":"WebSite","@id":"https:\/\/wos-dev-1.staging.sd-hosting.pt\/#website","url":"https:\/\/wos-dev-1.staging.sd-hosting.pt\/","name":"World Of Skin","description":"World Of Skin","publisher":{"@id":"https:\/\/wos-dev-1.staging.sd-hosting.pt\/#organization"},"potentialAction":[{"@type":"SearchAction","target":{"@type":"EntryPoint","urlTemplate":"https:\/\/wos-dev-1.staging.sd-hosting.pt\/?s={search_term_string}"},"query-input":"required name=search_term_string"}],"inLanguage":"pt-PT"},{"@type":"Organization","@id":"https:\/\/wos-dev-1.staging.sd-hosting.pt\/#organization","name":"World Of Skin","url":"https:\/\/wos-dev-1.staging.sd-hosting.pt\/","logo":{"@type":"ImageObject","inLanguage":"pt-PT","@id":"https:\/\/wos-dev-1.staging.sd-hosting.pt\/#\/schema\/logo\/image\/","url":"https:\/\/wos-dev-1.staging.sd-hosting.pt\/wp-content\/uploads\/2022\/10\/Logotipo_Final.png","contentUrl":"https:\/\/wos-dev-1.staging.sd-hosting.pt\/wp-content\/uploads\/2022\/10\/Logotipo_Final.png","width":1774,"height":1536,"caption":"World Of Skin"},"image":{"@id":"https:\/\/wos-dev-1.staging.sd-hosting.pt\/#\/schema\/logo\/image\/"},"sameAs":["https:\/\/www.facebook.com\/worldofskin.pt\/","https:\/\/www.instagram.com\/world.of.skin\/"]}]}},"_links":{"self":[{"href":"https:\/\/wos-dev-1.staging.sd-hosting.pt\/index.php?rest_route=\/wp\/v2\/product\/105460","targetHints":{"allow":["GET"]}}],"collection":[{"href":"https:\/\/wos-dev-1.staging.sd-hosting.pt\/index.php?rest_route=\/wp\/v2\/product"}],"about":[{"href":"https:\/\/wos-dev-1.staging.sd-hosting.pt\/index.php?rest_route=\/wp\/v2\/types\/product"}],"replies":[{"embeddable":true,"href":"https:\/\/wos-dev-1.staging.sd-hosting.pt\/index.php?rest_route=%2Fwp%2Fv2%2Fcomments&post=105460"}],"wp:featuredmedia":[{"embeddable":true,"href":"https:\/\/wos-dev-1.staging.sd-hosting.pt\/index.php?rest_route=\/wp\/v2\/media\/2134"}],"wp:attachment":[{"href":"https:\/\/wos-dev-1.staging.sd-hosting.pt\/index.php?rest_route=%2Fwp%2Fv2%2Fmedia&parent=105460"}],"wp:term":[{"taxonomy":"product_cat","embeddable":true,"href":"https:\/\/wos-dev-1.staging.sd-hosting.pt\/index.php?rest_route=%2Fwp%2Fv2%2Fproduct_cat&post=105460"},{"taxonomy":"product_tag","embeddable":true,"href":"https:\/\/wos-dev-1.staging.sd-hosting.pt\/index.php?rest_route=%2Fwp%2Fv2%2Fproduct_tag&post=105460"},{"taxonomy":"wos_brand","embeddable":true,"href":"https:\/\/wos-dev-1.staging.sd-hosting.pt\/index.php?rest_route=%2Fwp%2Fv2%2Fwos_brand&post=105460"}],"curies":[{"name":"wp","href":"https:\/\/api.w.org\/{rel}","templated":true}]}}