{"id":105453,"date":"2023-04-21T10:05:53","date_gmt":"2023-04-21T10:05:53","guid":{"rendered":"https:\/\/wos-dev-1.staging.sd-hosting.pt\/produto\/lierac-sunissime-fluido-bb-protetor-spf50-40ml\/"},"modified":"2023-08-22T08:59:21","modified_gmt":"2023-08-22T08:59:21","slug":"lierac-sunissime-fluido-bb-protetor-spf50-40ml","status":"publish","type":"product","link":"https:\/\/wos-dev-1.staging.sd-hosting.pt\/?product=lierac-sunissime-fluido-bb-protetor-spf50-40ml","title":{"rendered":"Lierac Sunissime Flu\u00eddo BB Protetor Spf50 40ml"},"content":{"rendered":"<p class=\"wosc-text-s wosc-text-justify\"><strong class=\"wosc-text-secondary\">Lierac Sunissime Flu\u00eddo BB Protetor Spf50<\/strong> \u00e9 um protetor solar com cor para o rosto com a\u00e7\u00e3o antienvelhecimento. Protege e hidrata a pele, ao mesmo tempo que uniformiza.<\/p>\n<p class=\"wosc-text-s wosc-text-justify\">Este flu\u00eddo oferece prote\u00e7\u00e3o contra a radia\u00e7\u00e3o solar e infravermelhos, bem como contra oxida\u00e7\u00f5es indesejadas atrav\u00e9s da protaurina e do seu efeito antioxidante.<\/p>\n<p class=\"wosc-text-s wosc-text-justify\">Neste produto encontramos ainda \u00e1cido hialur\u00f3nico para hidratar e preencher, um p\u00e9ptido ativador do bronzeado e pigmentos dourados para um tom radiante e uniforme. O sistema de filtros patenteado vem acompanhado por flavonoides vegetais e melanina fracionada que protegem a pele dos sinais de envelhecimento como rugas, perda de firmeza e manchas.<\/p>\n<p class=\"wosc-text-s wosc-text-justify\">Desta forma obtemos um protetor solar para o rosto com cor para uniformizar e com a\u00e7\u00e3o antienvelhecimento. A fragr\u00e2ncia \u00e9 de bergamota, jasmim e \u00e1gua de coco.<\/p>\n","protected":false},"excerpt":{"rendered":"<p>Protetor Solar Facial Antienvelhecimento com cor<\/p>\n","protected":false},"featured_media":2140,"comment_status":"open","ping_status":"closed","template":"","meta":{"_acf_changed":false},"product_cat":[1000,1072,997,986,991],"product_tag":[],"wos_brand":[1123,1225],"class_list":{"0":"post-105453","1":"product","2":"type-product","3":"status-publish","4":"has-post-thumbnail","6":"product_cat-antienvelhecimento","7":"product_cat-faciais","8":"product_cat-protecao-solar","9":"product_cat-rosto","10":"product_cat-solares","11":"wos_brand-lierac","12":"wos_brand-sunissime","14":"first","15":"outofstock","16":"taxable","17":"shipping-taxable","18":"purchasable","19":"product-type-simple"},"acf":[],"yoast_head":"<!-- This site is optimized with the Yoast SEO plugin v22.8 - https:\/\/yoast.com\/wordpress\/plugins\/seo\/ -->\n<title>Lierac Sunissime Flu\u00eddo BB Protetor Spf50 40ml - World Of Skin<\/title>\n<meta name=\"description\" content=\"Lierac Sunissime Flu\u00eddo BB Protetor Spf50 \u00e9 um protetor solar com cor para o rosto com a\u00e7\u00e3o antienvelhecimento que protege, hidrata e uniformiza a pele.\" \/>\n<meta name=\"robots\" content=\"index, follow, max-snippet:-1, max-image-preview:large, max-video-preview:-1\" \/>\n<link rel=\"canonical\" href=\"https:\/\/wos-dev-1.staging.sd-hosting.pt\/produto\/lierac-sunissime-fluido-bb-protetor-spf50-40ml\/\" \/>\n<meta property=\"og:locale\" content=\"pt_PT\" \/>\n<meta property=\"og:type\" content=\"article\" \/>\n<meta property=\"og:title\" content=\"Lierac Sunissime Flu\u00eddo BB Protetor Spf50 40ml - World Of Skin\" \/>\n<meta property=\"og:description\" content=\"Lierac Sunissime Flu\u00eddo BB Protetor Spf50 \u00e9 um protetor solar com cor para o rosto com a\u00e7\u00e3o antienvelhecimento que protege, hidrata e uniformiza a pele.\" \/>\n<meta property=\"og:url\" content=\"https:\/\/wos-dev-1.staging.sd-hosting.pt\/produto\/lierac-sunissime-fluido-bb-protetor-spf50-40ml\/\" \/>\n<meta property=\"og:site_name\" content=\"World Of Skin\" \/>\n<meta property=\"article:publisher\" content=\"https:\/\/www.facebook.com\/worldofskin.pt\/\" \/>\n<meta property=\"article:modified_time\" content=\"2023-08-22T08:59:21+00:00\" \/>\n<meta property=\"og:image\" content=\"https:\/\/wos-dev-1.staging.sd-hosting.pt\/wp-content\/uploads\/2023\/02\/lierac-sunissime-fluido-bb-protetor-spf50.png\" \/>\n\t<meta property=\"og:image:width\" content=\"627\" \/>\n\t<meta property=\"og:image:height\" content=\"627\" \/>\n\t<meta property=\"og:image:type\" content=\"image\/png\" \/>\n<meta name=\"twitter:card\" content=\"summary_large_image\" \/>\n<meta name=\"twitter:label1\" content=\"Tempo estimado de leitura\" \/>\n\t<meta name=\"twitter:data1\" content=\"1 minuto\" \/>\n<script type=\"application\/ld+json\" class=\"yoast-schema-graph\">{\"@context\":\"https:\/\/schema.org\",\"@graph\":[{\"@type\":\"WebPage\",\"@id\":\"https:\/\/wos-dev-1.staging.sd-hosting.pt\/produto\/lierac-sunissime-fluido-bb-protetor-spf50-40ml\/\",\"url\":\"https:\/\/wos-dev-1.staging.sd-hosting.pt\/produto\/lierac-sunissime-fluido-bb-protetor-spf50-40ml\/\",\"name\":\"Lierac Sunissime Flu\u00eddo BB Protetor Spf50 40ml - World Of Skin\",\"isPartOf\":{\"@id\":\"https:\/\/wos-dev-1.staging.sd-hosting.pt\/#website\"},\"primaryImageOfPage\":{\"@id\":\"https:\/\/wos-dev-1.staging.sd-hosting.pt\/produto\/lierac-sunissime-fluido-bb-protetor-spf50-40ml\/#primaryimage\"},\"image\":{\"@id\":\"https:\/\/wos-dev-1.staging.sd-hosting.pt\/produto\/lierac-sunissime-fluido-bb-protetor-spf50-40ml\/#primaryimage\"},\"thumbnailUrl\":\"https:\/\/wos-dev-1.staging.sd-hosting.pt\/wp-content\/uploads\/2023\/02\/lierac-sunissime-fluido-bb-protetor-spf50.png\",\"datePublished\":\"2023-04-21T10:05:53+00:00\",\"dateModified\":\"2023-08-22T08:59:21+00:00\",\"description\":\"Lierac Sunissime Flu\u00eddo BB Protetor Spf50 \u00e9 um protetor solar com cor para o rosto com a\u00e7\u00e3o antienvelhecimento que protege, hidrata e uniformiza a pele.\",\"breadcrumb\":{\"@id\":\"https:\/\/wos-dev-1.staging.sd-hosting.pt\/produto\/lierac-sunissime-fluido-bb-protetor-spf50-40ml\/#breadcrumb\"},\"inLanguage\":\"pt-PT\",\"potentialAction\":[{\"@type\":\"ReadAction\",\"target\":[\"https:\/\/wos-dev-1.staging.sd-hosting.pt\/produto\/lierac-sunissime-fluido-bb-protetor-spf50-40ml\/\"]}]},{\"@type\":\"ImageObject\",\"inLanguage\":\"pt-PT\",\"@id\":\"https:\/\/wos-dev-1.staging.sd-hosting.pt\/produto\/lierac-sunissime-fluido-bb-protetor-spf50-40ml\/#primaryimage\",\"url\":\"https:\/\/wos-dev-1.staging.sd-hosting.pt\/wp-content\/uploads\/2023\/02\/lierac-sunissime-fluido-bb-protetor-spf50.png\",\"contentUrl\":\"https:\/\/wos-dev-1.staging.sd-hosting.pt\/wp-content\/uploads\/2023\/02\/lierac-sunissime-fluido-bb-protetor-spf50.png\",\"width\":627,\"height\":627,\"caption\":\"Lierac Sunissime Flu\u00eddo BB Protetor Spf50 40ml - protetor rosto antienvelhecimento com cor\"},{\"@type\":\"BreadcrumbList\",\"@id\":\"https:\/\/wos-dev-1.staging.sd-hosting.pt\/produto\/lierac-sunissime-fluido-bb-protetor-spf50-40ml\/#breadcrumb\",\"itemListElement\":[{\"@type\":\"ListItem\",\"position\":1,\"name\":\"In\u00edcio\",\"item\":\"https:\/\/wos-dev-1.staging.sd-hosting.pt\/\"},{\"@type\":\"ListItem\",\"position\":2,\"name\":\"Lierac Sunissime Flu\u00eddo BB Protetor Spf50 40ml\"}]},{\"@type\":\"WebSite\",\"@id\":\"https:\/\/wos-dev-1.staging.sd-hosting.pt\/#website\",\"url\":\"https:\/\/wos-dev-1.staging.sd-hosting.pt\/\",\"name\":\"World Of Skin\",\"description\":\"World Of Skin\",\"publisher\":{\"@id\":\"https:\/\/wos-dev-1.staging.sd-hosting.pt\/#organization\"},\"potentialAction\":[{\"@type\":\"SearchAction\",\"target\":{\"@type\":\"EntryPoint\",\"urlTemplate\":\"https:\/\/wos-dev-1.staging.sd-hosting.pt\/?s={search_term_string}\"},\"query-input\":\"required name=search_term_string\"}],\"inLanguage\":\"pt-PT\"},{\"@type\":\"Organization\",\"@id\":\"https:\/\/wos-dev-1.staging.sd-hosting.pt\/#organization\",\"name\":\"World Of Skin\",\"url\":\"https:\/\/wos-dev-1.staging.sd-hosting.pt\/\",\"logo\":{\"@type\":\"ImageObject\",\"inLanguage\":\"pt-PT\",\"@id\":\"https:\/\/wos-dev-1.staging.sd-hosting.pt\/#\/schema\/logo\/image\/\",\"url\":\"https:\/\/wos-dev-1.staging.sd-hosting.pt\/wp-content\/uploads\/2022\/10\/Logotipo_Final.png\",\"contentUrl\":\"https:\/\/wos-dev-1.staging.sd-hosting.pt\/wp-content\/uploads\/2022\/10\/Logotipo_Final.png\",\"width\":1774,\"height\":1536,\"caption\":\"World Of Skin\"},\"image\":{\"@id\":\"https:\/\/wos-dev-1.staging.sd-hosting.pt\/#\/schema\/logo\/image\/\"},\"sameAs\":[\"https:\/\/www.facebook.com\/worldofskin.pt\/\",\"https:\/\/www.instagram.com\/world.of.skin\/\"]}]}<\/script>\n<!-- \/ Yoast SEO plugin. -->","yoast_head_json":{"title":"Lierac Sunissime Flu\u00eddo BB Protetor Spf50 40ml - World Of Skin","description":"Lierac Sunissime Flu\u00eddo BB Protetor Spf50 \u00e9 um protetor solar com cor para o rosto com a\u00e7\u00e3o antienvelhecimento que protege, hidrata e uniformiza a pele.","robots":{"index":"index","follow":"follow","max-snippet":"max-snippet:-1","max-image-preview":"max-image-preview:large","max-video-preview":"max-video-preview:-1"},"canonical":"https:\/\/wos-dev-1.staging.sd-hosting.pt\/produto\/lierac-sunissime-fluido-bb-protetor-spf50-40ml\/","og_locale":"pt_PT","og_type":"article","og_title":"Lierac Sunissime Flu\u00eddo BB Protetor Spf50 40ml - World Of Skin","og_description":"Lierac Sunissime Flu\u00eddo BB Protetor Spf50 \u00e9 um protetor solar com cor para o rosto com a\u00e7\u00e3o antienvelhecimento que protege, hidrata e uniformiza a pele.","og_url":"https:\/\/wos-dev-1.staging.sd-hosting.pt\/produto\/lierac-sunissime-fluido-bb-protetor-spf50-40ml\/","og_site_name":"World Of Skin","article_publisher":"https:\/\/www.facebook.com\/worldofskin.pt\/","article_modified_time":"2023-08-22T08:59:21+00:00","og_image":[{"width":627,"height":627,"url":"https:\/\/wos-dev-1.staging.sd-hosting.pt\/wp-content\/uploads\/2023\/02\/lierac-sunissime-fluido-bb-protetor-spf50.png","type":"image\/png"}],"twitter_card":"summary_large_image","twitter_misc":{"Tempo estimado de leitura":"1 minuto"},"schema":{"@context":"https:\/\/schema.org","@graph":[{"@type":"WebPage","@id":"https:\/\/wos-dev-1.staging.sd-hosting.pt\/produto\/lierac-sunissime-fluido-bb-protetor-spf50-40ml\/","url":"https:\/\/wos-dev-1.staging.sd-hosting.pt\/produto\/lierac-sunissime-fluido-bb-protetor-spf50-40ml\/","name":"Lierac Sunissime Flu\u00eddo BB Protetor Spf50 40ml - World Of Skin","isPartOf":{"@id":"https:\/\/wos-dev-1.staging.sd-hosting.pt\/#website"},"primaryImageOfPage":{"@id":"https:\/\/wos-dev-1.staging.sd-hosting.pt\/produto\/lierac-sunissime-fluido-bb-protetor-spf50-40ml\/#primaryimage"},"image":{"@id":"https:\/\/wos-dev-1.staging.sd-hosting.pt\/produto\/lierac-sunissime-fluido-bb-protetor-spf50-40ml\/#primaryimage"},"thumbnailUrl":"https:\/\/wos-dev-1.staging.sd-hosting.pt\/wp-content\/uploads\/2023\/02\/lierac-sunissime-fluido-bb-protetor-spf50.png","datePublished":"2023-04-21T10:05:53+00:00","dateModified":"2023-08-22T08:59:21+00:00","description":"Lierac Sunissime Flu\u00eddo BB Protetor Spf50 \u00e9 um protetor solar com cor para o rosto com a\u00e7\u00e3o antienvelhecimento que protege, hidrata e uniformiza a pele.","breadcrumb":{"@id":"https:\/\/wos-dev-1.staging.sd-hosting.pt\/produto\/lierac-sunissime-fluido-bb-protetor-spf50-40ml\/#breadcrumb"},"inLanguage":"pt-PT","potentialAction":[{"@type":"ReadAction","target":["https:\/\/wos-dev-1.staging.sd-hosting.pt\/produto\/lierac-sunissime-fluido-bb-protetor-spf50-40ml\/"]}]},{"@type":"ImageObject","inLanguage":"pt-PT","@id":"https:\/\/wos-dev-1.staging.sd-hosting.pt\/produto\/lierac-sunissime-fluido-bb-protetor-spf50-40ml\/#primaryimage","url":"https:\/\/wos-dev-1.staging.sd-hosting.pt\/wp-content\/uploads\/2023\/02\/lierac-sunissime-fluido-bb-protetor-spf50.png","contentUrl":"https:\/\/wos-dev-1.staging.sd-hosting.pt\/wp-content\/uploads\/2023\/02\/lierac-sunissime-fluido-bb-protetor-spf50.png","width":627,"height":627,"caption":"Lierac Sunissime Flu\u00eddo BB Protetor Spf50 40ml - protetor rosto antienvelhecimento com cor"},{"@type":"BreadcrumbList","@id":"https:\/\/wos-dev-1.staging.sd-hosting.pt\/produto\/lierac-sunissime-fluido-bb-protetor-spf50-40ml\/#breadcrumb","itemListElement":[{"@type":"ListItem","position":1,"name":"In\u00edcio","item":"https:\/\/wos-dev-1.staging.sd-hosting.pt\/"},{"@type":"ListItem","position":2,"name":"Lierac Sunissime Flu\u00eddo BB Protetor Spf50 40ml"}]},{"@type":"WebSite","@id":"https:\/\/wos-dev-1.staging.sd-hosting.pt\/#website","url":"https:\/\/wos-dev-1.staging.sd-hosting.pt\/","name":"World Of Skin","description":"World Of Skin","publisher":{"@id":"https:\/\/wos-dev-1.staging.sd-hosting.pt\/#organization"},"potentialAction":[{"@type":"SearchAction","target":{"@type":"EntryPoint","urlTemplate":"https:\/\/wos-dev-1.staging.sd-hosting.pt\/?s={search_term_string}"},"query-input":"required name=search_term_string"}],"inLanguage":"pt-PT"},{"@type":"Organization","@id":"https:\/\/wos-dev-1.staging.sd-hosting.pt\/#organization","name":"World Of Skin","url":"https:\/\/wos-dev-1.staging.sd-hosting.pt\/","logo":{"@type":"ImageObject","inLanguage":"pt-PT","@id":"https:\/\/wos-dev-1.staging.sd-hosting.pt\/#\/schema\/logo\/image\/","url":"https:\/\/wos-dev-1.staging.sd-hosting.pt\/wp-content\/uploads\/2022\/10\/Logotipo_Final.png","contentUrl":"https:\/\/wos-dev-1.staging.sd-hosting.pt\/wp-content\/uploads\/2022\/10\/Logotipo_Final.png","width":1774,"height":1536,"caption":"World Of Skin"},"image":{"@id":"https:\/\/wos-dev-1.staging.sd-hosting.pt\/#\/schema\/logo\/image\/"},"sameAs":["https:\/\/www.facebook.com\/worldofskin.pt\/","https:\/\/www.instagram.com\/world.of.skin\/"]}]}},"_links":{"self":[{"href":"https:\/\/wos-dev-1.staging.sd-hosting.pt\/index.php?rest_route=\/wp\/v2\/product\/105453","targetHints":{"allow":["GET"]}}],"collection":[{"href":"https:\/\/wos-dev-1.staging.sd-hosting.pt\/index.php?rest_route=\/wp\/v2\/product"}],"about":[{"href":"https:\/\/wos-dev-1.staging.sd-hosting.pt\/index.php?rest_route=\/wp\/v2\/types\/product"}],"replies":[{"embeddable":true,"href":"https:\/\/wos-dev-1.staging.sd-hosting.pt\/index.php?rest_route=%2Fwp%2Fv2%2Fcomments&post=105453"}],"wp:featuredmedia":[{"embeddable":true,"href":"https:\/\/wos-dev-1.staging.sd-hosting.pt\/index.php?rest_route=\/wp\/v2\/media\/2140"}],"wp:attachment":[{"href":"https:\/\/wos-dev-1.staging.sd-hosting.pt\/index.php?rest_route=%2Fwp%2Fv2%2Fmedia&parent=105453"}],"wp:term":[{"taxonomy":"product_cat","embeddable":true,"href":"https:\/\/wos-dev-1.staging.sd-hosting.pt\/index.php?rest_route=%2Fwp%2Fv2%2Fproduct_cat&post=105453"},{"taxonomy":"product_tag","embeddable":true,"href":"https:\/\/wos-dev-1.staging.sd-hosting.pt\/index.php?rest_route=%2Fwp%2Fv2%2Fproduct_tag&post=105453"},{"taxonomy":"wos_brand","embeddable":true,"href":"https:\/\/wos-dev-1.staging.sd-hosting.pt\/index.php?rest_route=%2Fwp%2Fv2%2Fwos_brand&post=105453"}],"curies":[{"name":"wp","href":"https:\/\/api.w.org\/{rel}","templated":true}]}}