{"id":105422,"date":"2023-04-21T10:05:28","date_gmt":"2023-04-21T10:05:28","guid":{"rendered":"https:\/\/wos-dev-1.staging.sd-hosting.pt\/produto\/lierac-dioptifatigue-gel-creme-redinamizante-contorno-de-olhos-15ml\/"},"modified":"2023-08-22T08:59:46","modified_gmt":"2023-08-22T08:59:46","slug":"lierac-dioptifatigue-gel-creme-redinamizante-contorno-de-olhos-15ml","status":"publish","type":"product","link":"https:\/\/wos-dev-1.staging.sd-hosting.pt\/?product=lierac-dioptifatigue-gel-creme-redinamizante-contorno-de-olhos-15ml","title":{"rendered":"Lierac Dioptifatigue Gel-Creme Redinamizante Contorno de Olhos 15ml"},"content":{"rendered":"<p class=\"wosc-text-s wosc-text-justify\"><strong class=\"wosc-text-secondary\">Lierac Dioptifatigue Gel-Creme Redinamizante<\/strong> \u00e9 um cuidado de olhos que atua nos sinais da fadiga suavizando, iluminando e hidratando.<\/p>\n<p class=\"wosc-text-s wosc-text-justify\">Este gel-creme tem uma tripla a\u00e7\u00e3o nas principais marcas associadas \u00e0 fadiga:<\/p>\n<ul>\n<li class=\"wosc-li-p\">Papos: gra\u00e7as \u00e0 cafe\u00edna com o seu efeito drenante e estimulante dos vasos sangu\u00edneos para uma boa microcircula\u00e7\u00e3o;<\/li>\n<li class=\"wosc-li-p\">Rugas: gra\u00e7as ao hyalu 2 rehidrata a pele em profundidade preenchendo-a;<\/li>\n<li class=\"wosc-li-p\">Olheiras: gra\u00e7as \u00e0 vitamina C que ilumina as \u00e1reas sombrias provocadas pelo excesso de melanina.<\/li>\n<\/ul>\n<p class=\"wosc-text-s wosc-text-justify\">Al\u00e9m disso cont\u00e9m p\u00e9ptidos bloqueadores da luz azul para uma prote\u00e7\u00e3o acrescida contra danos celulares.<\/p>\n","protected":false},"excerpt":{"rendered":"<p>Cuidado de olhos que redinamiza e corrige os sinais de fadiga ocular<\/p>\n","protected":false},"featured_media":2014,"comment_status":"open","ping_status":"closed","template":"","meta":{"_acf_changed":false},"product_cat":[998,986],"product_tag":[],"wos_brand":[1216,1123],"class_list":{"0":"post-105422","1":"product","2":"type-product","3":"status-publish","4":"has-post-thumbnail","6":"product_cat-labios-e-olhos","7":"product_cat-rosto","8":"wos_brand-diopti","9":"wos_brand-lierac","11":"first","12":"outofstock","13":"taxable","14":"shipping-taxable","15":"purchasable","16":"product-type-simple"},"acf":[],"yoast_head":"<!-- This site is optimized with the Yoast SEO plugin v22.8 - https:\/\/yoast.com\/wordpress\/plugins\/seo\/ -->\n<title>Lierac Dioptifatigue Gel-Creme Redinamizante Contorno Olhos<\/title>\n<meta name=\"description\" content=\"Lierac Dioptifatigue Gel-Creme Redinamizante \u00e9 um cuidado de olhos que atua nos sinais da fadiga suavizando, iluminando e hidratando.\" \/>\n<meta name=\"robots\" content=\"index, follow, max-snippet:-1, max-image-preview:large, max-video-preview:-1\" \/>\n<link rel=\"canonical\" href=\"https:\/\/wos-dev-1.staging.sd-hosting.pt\/produto\/lierac-dioptifatigue-gel-creme-redinamizante-contorno-de-olhos-15ml\/\" \/>\n<meta property=\"og:locale\" content=\"pt_PT\" \/>\n<meta property=\"og:type\" content=\"article\" \/>\n<meta property=\"og:title\" content=\"Lierac Dioptifatigue Gel-Creme Redinamizante Contorno Olhos\" \/>\n<meta property=\"og:description\" content=\"Lierac Dioptifatigue Gel-Creme Redinamizante \u00e9 um cuidado de olhos que atua nos sinais da fadiga suavizando, iluminando e hidratando.\" \/>\n<meta property=\"og:url\" content=\"https:\/\/wos-dev-1.staging.sd-hosting.pt\/produto\/lierac-dioptifatigue-gel-creme-redinamizante-contorno-de-olhos-15ml\/\" \/>\n<meta property=\"og:site_name\" content=\"World Of Skin\" \/>\n<meta property=\"article:publisher\" content=\"https:\/\/www.facebook.com\/worldofskin.pt\/\" \/>\n<meta property=\"article:modified_time\" content=\"2023-08-22T08:59:46+00:00\" \/>\n<meta property=\"og:image\" content=\"https:\/\/wos-dev-1.staging.sd-hosting.pt\/wp-content\/uploads\/2023\/02\/lierac-dioptifatigue-gel-creme-redinamizante-olhos.png\" \/>\n\t<meta property=\"og:image:width\" content=\"627\" \/>\n\t<meta property=\"og:image:height\" content=\"627\" \/>\n\t<meta property=\"og:image:type\" content=\"image\/png\" \/>\n<meta name=\"twitter:card\" content=\"summary_large_image\" \/>\n<meta name=\"twitter:label1\" content=\"Tempo estimado de leitura\" \/>\n\t<meta name=\"twitter:data1\" content=\"1 minuto\" \/>\n<script type=\"application\/ld+json\" class=\"yoast-schema-graph\">{\"@context\":\"https:\/\/schema.org\",\"@graph\":[{\"@type\":\"WebPage\",\"@id\":\"https:\/\/wos-dev-1.staging.sd-hosting.pt\/produto\/lierac-dioptifatigue-gel-creme-redinamizante-contorno-de-olhos-15ml\/\",\"url\":\"https:\/\/wos-dev-1.staging.sd-hosting.pt\/produto\/lierac-dioptifatigue-gel-creme-redinamizante-contorno-de-olhos-15ml\/\",\"name\":\"Lierac Dioptifatigue Gel-Creme Redinamizante Contorno Olhos\",\"isPartOf\":{\"@id\":\"https:\/\/wos-dev-1.staging.sd-hosting.pt\/#website\"},\"primaryImageOfPage\":{\"@id\":\"https:\/\/wos-dev-1.staging.sd-hosting.pt\/produto\/lierac-dioptifatigue-gel-creme-redinamizante-contorno-de-olhos-15ml\/#primaryimage\"},\"image\":{\"@id\":\"https:\/\/wos-dev-1.staging.sd-hosting.pt\/produto\/lierac-dioptifatigue-gel-creme-redinamizante-contorno-de-olhos-15ml\/#primaryimage\"},\"thumbnailUrl\":\"https:\/\/wos-dev-1.staging.sd-hosting.pt\/wp-content\/uploads\/2023\/02\/lierac-dioptifatigue-gel-creme-redinamizante-olhos.png\",\"datePublished\":\"2023-04-21T10:05:28+00:00\",\"dateModified\":\"2023-08-22T08:59:46+00:00\",\"description\":\"Lierac Dioptifatigue Gel-Creme Redinamizante \u00e9 um cuidado de olhos que atua nos sinais da fadiga suavizando, iluminando e hidratando.\",\"breadcrumb\":{\"@id\":\"https:\/\/wos-dev-1.staging.sd-hosting.pt\/produto\/lierac-dioptifatigue-gel-creme-redinamizante-contorno-de-olhos-15ml\/#breadcrumb\"},\"inLanguage\":\"pt-PT\",\"potentialAction\":[{\"@type\":\"ReadAction\",\"target\":[\"https:\/\/wos-dev-1.staging.sd-hosting.pt\/produto\/lierac-dioptifatigue-gel-creme-redinamizante-contorno-de-olhos-15ml\/\"]}]},{\"@type\":\"ImageObject\",\"inLanguage\":\"pt-PT\",\"@id\":\"https:\/\/wos-dev-1.staging.sd-hosting.pt\/produto\/lierac-dioptifatigue-gel-creme-redinamizante-contorno-de-olhos-15ml\/#primaryimage\",\"url\":\"https:\/\/wos-dev-1.staging.sd-hosting.pt\/wp-content\/uploads\/2023\/02\/lierac-dioptifatigue-gel-creme-redinamizante-olhos.png\",\"contentUrl\":\"https:\/\/wos-dev-1.staging.sd-hosting.pt\/wp-content\/uploads\/2023\/02\/lierac-dioptifatigue-gel-creme-redinamizante-olhos.png\",\"width\":627,\"height\":627,\"caption\":\"Lierac Dioptifatigue Gel-Creme Redinamizante Contorno de Olhos 15ml - cuidado de olhos para sinais de fadiga\"},{\"@type\":\"BreadcrumbList\",\"@id\":\"https:\/\/wos-dev-1.staging.sd-hosting.pt\/produto\/lierac-dioptifatigue-gel-creme-redinamizante-contorno-de-olhos-15ml\/#breadcrumb\",\"itemListElement\":[{\"@type\":\"ListItem\",\"position\":1,\"name\":\"In\u00edcio\",\"item\":\"https:\/\/wos-dev-1.staging.sd-hosting.pt\/\"},{\"@type\":\"ListItem\",\"position\":2,\"name\":\"Lierac Dioptifatigue Gel-Creme Redinamizante Contorno de Olhos 15ml\"}]},{\"@type\":\"WebSite\",\"@id\":\"https:\/\/wos-dev-1.staging.sd-hosting.pt\/#website\",\"url\":\"https:\/\/wos-dev-1.staging.sd-hosting.pt\/\",\"name\":\"World Of Skin\",\"description\":\"World Of Skin\",\"publisher\":{\"@id\":\"https:\/\/wos-dev-1.staging.sd-hosting.pt\/#organization\"},\"potentialAction\":[{\"@type\":\"SearchAction\",\"target\":{\"@type\":\"EntryPoint\",\"urlTemplate\":\"https:\/\/wos-dev-1.staging.sd-hosting.pt\/?s={search_term_string}\"},\"query-input\":\"required name=search_term_string\"}],\"inLanguage\":\"pt-PT\"},{\"@type\":\"Organization\",\"@id\":\"https:\/\/wos-dev-1.staging.sd-hosting.pt\/#organization\",\"name\":\"World Of Skin\",\"url\":\"https:\/\/wos-dev-1.staging.sd-hosting.pt\/\",\"logo\":{\"@type\":\"ImageObject\",\"inLanguage\":\"pt-PT\",\"@id\":\"https:\/\/wos-dev-1.staging.sd-hosting.pt\/#\/schema\/logo\/image\/\",\"url\":\"https:\/\/wos-dev-1.staging.sd-hosting.pt\/wp-content\/uploads\/2022\/10\/Logotipo_Final.png\",\"contentUrl\":\"https:\/\/wos-dev-1.staging.sd-hosting.pt\/wp-content\/uploads\/2022\/10\/Logotipo_Final.png\",\"width\":1774,\"height\":1536,\"caption\":\"World Of Skin\"},\"image\":{\"@id\":\"https:\/\/wos-dev-1.staging.sd-hosting.pt\/#\/schema\/logo\/image\/\"},\"sameAs\":[\"https:\/\/www.facebook.com\/worldofskin.pt\/\",\"https:\/\/www.instagram.com\/world.of.skin\/\"]}]}<\/script>\n<!-- \/ Yoast SEO plugin. -->","yoast_head_json":{"title":"Lierac Dioptifatigue Gel-Creme Redinamizante Contorno Olhos","description":"Lierac Dioptifatigue Gel-Creme Redinamizante \u00e9 um cuidado de olhos que atua nos sinais da fadiga suavizando, iluminando e hidratando.","robots":{"index":"index","follow":"follow","max-snippet":"max-snippet:-1","max-image-preview":"max-image-preview:large","max-video-preview":"max-video-preview:-1"},"canonical":"https:\/\/wos-dev-1.staging.sd-hosting.pt\/produto\/lierac-dioptifatigue-gel-creme-redinamizante-contorno-de-olhos-15ml\/","og_locale":"pt_PT","og_type":"article","og_title":"Lierac Dioptifatigue Gel-Creme Redinamizante Contorno Olhos","og_description":"Lierac Dioptifatigue Gel-Creme Redinamizante \u00e9 um cuidado de olhos que atua nos sinais da fadiga suavizando, iluminando e hidratando.","og_url":"https:\/\/wos-dev-1.staging.sd-hosting.pt\/produto\/lierac-dioptifatigue-gel-creme-redinamizante-contorno-de-olhos-15ml\/","og_site_name":"World Of Skin","article_publisher":"https:\/\/www.facebook.com\/worldofskin.pt\/","article_modified_time":"2023-08-22T08:59:46+00:00","og_image":[{"width":627,"height":627,"url":"https:\/\/wos-dev-1.staging.sd-hosting.pt\/wp-content\/uploads\/2023\/02\/lierac-dioptifatigue-gel-creme-redinamizante-olhos.png","type":"image\/png"}],"twitter_card":"summary_large_image","twitter_misc":{"Tempo estimado de leitura":"1 minuto"},"schema":{"@context":"https:\/\/schema.org","@graph":[{"@type":"WebPage","@id":"https:\/\/wos-dev-1.staging.sd-hosting.pt\/produto\/lierac-dioptifatigue-gel-creme-redinamizante-contorno-de-olhos-15ml\/","url":"https:\/\/wos-dev-1.staging.sd-hosting.pt\/produto\/lierac-dioptifatigue-gel-creme-redinamizante-contorno-de-olhos-15ml\/","name":"Lierac Dioptifatigue Gel-Creme Redinamizante Contorno Olhos","isPartOf":{"@id":"https:\/\/wos-dev-1.staging.sd-hosting.pt\/#website"},"primaryImageOfPage":{"@id":"https:\/\/wos-dev-1.staging.sd-hosting.pt\/produto\/lierac-dioptifatigue-gel-creme-redinamizante-contorno-de-olhos-15ml\/#primaryimage"},"image":{"@id":"https:\/\/wos-dev-1.staging.sd-hosting.pt\/produto\/lierac-dioptifatigue-gel-creme-redinamizante-contorno-de-olhos-15ml\/#primaryimage"},"thumbnailUrl":"https:\/\/wos-dev-1.staging.sd-hosting.pt\/wp-content\/uploads\/2023\/02\/lierac-dioptifatigue-gel-creme-redinamizante-olhos.png","datePublished":"2023-04-21T10:05:28+00:00","dateModified":"2023-08-22T08:59:46+00:00","description":"Lierac Dioptifatigue Gel-Creme Redinamizante \u00e9 um cuidado de olhos que atua nos sinais da fadiga suavizando, iluminando e hidratando.","breadcrumb":{"@id":"https:\/\/wos-dev-1.staging.sd-hosting.pt\/produto\/lierac-dioptifatigue-gel-creme-redinamizante-contorno-de-olhos-15ml\/#breadcrumb"},"inLanguage":"pt-PT","potentialAction":[{"@type":"ReadAction","target":["https:\/\/wos-dev-1.staging.sd-hosting.pt\/produto\/lierac-dioptifatigue-gel-creme-redinamizante-contorno-de-olhos-15ml\/"]}]},{"@type":"ImageObject","inLanguage":"pt-PT","@id":"https:\/\/wos-dev-1.staging.sd-hosting.pt\/produto\/lierac-dioptifatigue-gel-creme-redinamizante-contorno-de-olhos-15ml\/#primaryimage","url":"https:\/\/wos-dev-1.staging.sd-hosting.pt\/wp-content\/uploads\/2023\/02\/lierac-dioptifatigue-gel-creme-redinamizante-olhos.png","contentUrl":"https:\/\/wos-dev-1.staging.sd-hosting.pt\/wp-content\/uploads\/2023\/02\/lierac-dioptifatigue-gel-creme-redinamizante-olhos.png","width":627,"height":627,"caption":"Lierac Dioptifatigue Gel-Creme Redinamizante Contorno de Olhos 15ml - cuidado de olhos para sinais de fadiga"},{"@type":"BreadcrumbList","@id":"https:\/\/wos-dev-1.staging.sd-hosting.pt\/produto\/lierac-dioptifatigue-gel-creme-redinamizante-contorno-de-olhos-15ml\/#breadcrumb","itemListElement":[{"@type":"ListItem","position":1,"name":"In\u00edcio","item":"https:\/\/wos-dev-1.staging.sd-hosting.pt\/"},{"@type":"ListItem","position":2,"name":"Lierac Dioptifatigue Gel-Creme Redinamizante Contorno de Olhos 15ml"}]},{"@type":"WebSite","@id":"https:\/\/wos-dev-1.staging.sd-hosting.pt\/#website","url":"https:\/\/wos-dev-1.staging.sd-hosting.pt\/","name":"World Of Skin","description":"World Of Skin","publisher":{"@id":"https:\/\/wos-dev-1.staging.sd-hosting.pt\/#organization"},"potentialAction":[{"@type":"SearchAction","target":{"@type":"EntryPoint","urlTemplate":"https:\/\/wos-dev-1.staging.sd-hosting.pt\/?s={search_term_string}"},"query-input":"required name=search_term_string"}],"inLanguage":"pt-PT"},{"@type":"Organization","@id":"https:\/\/wos-dev-1.staging.sd-hosting.pt\/#organization","name":"World Of Skin","url":"https:\/\/wos-dev-1.staging.sd-hosting.pt\/","logo":{"@type":"ImageObject","inLanguage":"pt-PT","@id":"https:\/\/wos-dev-1.staging.sd-hosting.pt\/#\/schema\/logo\/image\/","url":"https:\/\/wos-dev-1.staging.sd-hosting.pt\/wp-content\/uploads\/2022\/10\/Logotipo_Final.png","contentUrl":"https:\/\/wos-dev-1.staging.sd-hosting.pt\/wp-content\/uploads\/2022\/10\/Logotipo_Final.png","width":1774,"height":1536,"caption":"World Of Skin"},"image":{"@id":"https:\/\/wos-dev-1.staging.sd-hosting.pt\/#\/schema\/logo\/image\/"},"sameAs":["https:\/\/www.facebook.com\/worldofskin.pt\/","https:\/\/www.instagram.com\/world.of.skin\/"]}]}},"_links":{"self":[{"href":"https:\/\/wos-dev-1.staging.sd-hosting.pt\/index.php?rest_route=\/wp\/v2\/product\/105422","targetHints":{"allow":["GET"]}}],"collection":[{"href":"https:\/\/wos-dev-1.staging.sd-hosting.pt\/index.php?rest_route=\/wp\/v2\/product"}],"about":[{"href":"https:\/\/wos-dev-1.staging.sd-hosting.pt\/index.php?rest_route=\/wp\/v2\/types\/product"}],"replies":[{"embeddable":true,"href":"https:\/\/wos-dev-1.staging.sd-hosting.pt\/index.php?rest_route=%2Fwp%2Fv2%2Fcomments&post=105422"}],"wp:featuredmedia":[{"embeddable":true,"href":"https:\/\/wos-dev-1.staging.sd-hosting.pt\/index.php?rest_route=\/wp\/v2\/media\/2014"}],"wp:attachment":[{"href":"https:\/\/wos-dev-1.staging.sd-hosting.pt\/index.php?rest_route=%2Fwp%2Fv2%2Fmedia&parent=105422"}],"wp:term":[{"taxonomy":"product_cat","embeddable":true,"href":"https:\/\/wos-dev-1.staging.sd-hosting.pt\/index.php?rest_route=%2Fwp%2Fv2%2Fproduct_cat&post=105422"},{"taxonomy":"product_tag","embeddable":true,"href":"https:\/\/wos-dev-1.staging.sd-hosting.pt\/index.php?rest_route=%2Fwp%2Fv2%2Fproduct_tag&post=105422"},{"taxonomy":"wos_brand","embeddable":true,"href":"https:\/\/wos-dev-1.staging.sd-hosting.pt\/index.php?rest_route=%2Fwp%2Fv2%2Fwos_brand&post=105422"}],"curies":[{"name":"wp","href":"https:\/\/api.w.org\/{rel}","templated":true}]}}