{"id":105143,"date":"2023-04-14T10:41:39","date_gmt":"2023-04-14T10:41:39","guid":{"rendered":"https:\/\/wos-dev-1.staging.sd-hosting.pt\/produto\/eucerin-dermopure-fluido-protetor-fps-30-50ml\/"},"modified":"2023-08-22T08:59:27","modified_gmt":"2023-08-22T08:59:27","slug":"eucerin-dermopure-fluido-protetor-fps-30-50ml","status":"publish","type":"product","link":"https:\/\/wos-dev-1.staging.sd-hosting.pt\/?product=eucerin-dermopure-fluido-protetor-fps-30-50ml","title":{"rendered":"Eucerin DermoPure Fluido Protetor FPS 30 50ml"},"content":{"rendered":"<p class=\"wosc-text-s wosc-text-justify\"><strong class=\"wosc-text-secondary\">Eucerin DermoPure Fluido Protetor FPS 30<\/strong> \u00e9 um cuidado protetor para prevenir o aparecimento de marcas p\u00f3s acne.<\/p>\n<p class=\"wosc-text-s wosc-text-justify\">Entre os seus benef\u00edcios principais temos: prote\u00e7\u00e3o contra o escurecimento das marcas p\u00f3s-acne, redu\u00e7\u00e3o das imperfei\u00e7\u00f5es e preven\u00e7\u00e3o do seu reaparecimento, efeito apaziguante das irrita\u00e7\u00f5es e controlo do excesso de sebo.<\/p>\n<ul>\n<li class=\"wosc-li-p\">Antimarcas: os filtros FPS 30 UVA\/B protegem as marcas p\u00f3s-acne do escurecimento, devido \u00e0 a\u00e7\u00e3o do sol, e previnem o seu aparecimento.<\/li>\n<li class=\"wosc-li-p\">Anti-imperfei\u00e7\u00f5es: o Decanediol antibacteriano ajuda a prevenir as imperfei\u00e7\u00f5es e o Licochalcone A apazigua as irrita\u00e7\u00f5es.<\/li>\n<li class=\"wosc-li-p\">Antibrilho: a Tecnologia Seborreguladora proporciona um acabamento mate, seco e duradouro.<\/li>\n<\/ul>\n","protected":false},"excerpt":{"rendered":"<p>Cuidado protetor para prevenir o aparecimento de marcas do acne.<\/p>\n","protected":false},"featured_media":1004,"comment_status":"open","ping_status":"closed","template":"","meta":{"_acf_changed":false},"product_cat":[1015,999,986],"product_tag":[],"wos_brand":[1157,1102],"class_list":{"0":"post-105143","1":"product","2":"type-product","3":"status-publish","4":"has-post-thumbnail","6":"product_cat-acne","7":"product_cat-problemas-de-pele","8":"product_cat-rosto","9":"wos_brand-dermopure","10":"wos_brand-eucerin","12":"first","13":"outofstock","14":"taxable","15":"shipping-taxable","16":"purchasable","17":"product-type-simple"},"acf":[],"yoast_head":"<!-- This site is optimized with the Yoast SEO plugin v22.8 - https:\/\/yoast.com\/wordpress\/plugins\/seo\/ -->\n<title>Eucerin DermoPure Fluido Protetor FPS 30 50ml - World Of Skin<\/title>\n<meta name=\"description\" content=\"Eucerin DermoPure Fluido Protetor FPS 30 \u00e9 um cuidado com prote\u00e7\u00e3o solar para prevenir o aparecimento de marcas p\u00f3s acne.\" \/>\n<meta name=\"robots\" content=\"index, follow, max-snippet:-1, max-image-preview:large, max-video-preview:-1\" \/>\n<link rel=\"canonical\" href=\"https:\/\/wos-dev-1.staging.sd-hosting.pt\/produto\/eucerin-dermopure-fluido-protetor-fps-30-50ml\/\" \/>\n<meta property=\"og:locale\" content=\"pt_PT\" \/>\n<meta property=\"og:type\" content=\"article\" \/>\n<meta property=\"og:title\" content=\"Eucerin DermoPure Fluido Protetor FPS 30 50ml - World Of Skin\" \/>\n<meta property=\"og:description\" content=\"Eucerin DermoPure Fluido Protetor FPS 30 \u00e9 um cuidado com prote\u00e7\u00e3o solar para prevenir o aparecimento de marcas p\u00f3s acne.\" \/>\n<meta property=\"og:url\" content=\"https:\/\/wos-dev-1.staging.sd-hosting.pt\/produto\/eucerin-dermopure-fluido-protetor-fps-30-50ml\/\" \/>\n<meta property=\"og:site_name\" content=\"World Of Skin\" \/>\n<meta property=\"article:publisher\" content=\"https:\/\/www.facebook.com\/worldofskin.pt\/\" \/>\n<meta property=\"article:modified_time\" content=\"2023-08-22T08:59:27+00:00\" \/>\n<meta property=\"og:image\" content=\"https:\/\/wos-dev-1.staging.sd-hosting.pt\/wp-content\/uploads\/2022\/12\/eucerin-dermopure-fluido-protetor-spf30.png\" \/>\n\t<meta property=\"og:image:width\" content=\"1000\" \/>\n\t<meta property=\"og:image:height\" content=\"1000\" \/>\n\t<meta property=\"og:image:type\" content=\"image\/png\" \/>\n<meta name=\"twitter:card\" content=\"summary_large_image\" \/>\n<meta name=\"twitter:label1\" content=\"Tempo estimado de leitura\" \/>\n\t<meta name=\"twitter:data1\" content=\"1 minuto\" \/>\n<script type=\"application\/ld+json\" class=\"yoast-schema-graph\">{\"@context\":\"https:\/\/schema.org\",\"@graph\":[{\"@type\":\"WebPage\",\"@id\":\"https:\/\/wos-dev-1.staging.sd-hosting.pt\/produto\/eucerin-dermopure-fluido-protetor-fps-30-50ml\/\",\"url\":\"https:\/\/wos-dev-1.staging.sd-hosting.pt\/produto\/eucerin-dermopure-fluido-protetor-fps-30-50ml\/\",\"name\":\"Eucerin DermoPure Fluido Protetor FPS 30 50ml - World Of Skin\",\"isPartOf\":{\"@id\":\"https:\/\/wos-dev-1.staging.sd-hosting.pt\/#website\"},\"primaryImageOfPage\":{\"@id\":\"https:\/\/wos-dev-1.staging.sd-hosting.pt\/produto\/eucerin-dermopure-fluido-protetor-fps-30-50ml\/#primaryimage\"},\"image\":{\"@id\":\"https:\/\/wos-dev-1.staging.sd-hosting.pt\/produto\/eucerin-dermopure-fluido-protetor-fps-30-50ml\/#primaryimage\"},\"thumbnailUrl\":\"https:\/\/wos-dev-1.staging.sd-hosting.pt\/wp-content\/uploads\/2022\/12\/eucerin-dermopure-fluido-protetor-spf30.png\",\"datePublished\":\"2023-04-14T10:41:39+00:00\",\"dateModified\":\"2023-08-22T08:59:27+00:00\",\"description\":\"Eucerin DermoPure Fluido Protetor FPS 30 \u00e9 um cuidado com prote\u00e7\u00e3o solar para prevenir o aparecimento de marcas p\u00f3s acne.\",\"breadcrumb\":{\"@id\":\"https:\/\/wos-dev-1.staging.sd-hosting.pt\/produto\/eucerin-dermopure-fluido-protetor-fps-30-50ml\/#breadcrumb\"},\"inLanguage\":\"pt-PT\",\"potentialAction\":[{\"@type\":\"ReadAction\",\"target\":[\"https:\/\/wos-dev-1.staging.sd-hosting.pt\/produto\/eucerin-dermopure-fluido-protetor-fps-30-50ml\/\"]}]},{\"@type\":\"ImageObject\",\"inLanguage\":\"pt-PT\",\"@id\":\"https:\/\/wos-dev-1.staging.sd-hosting.pt\/produto\/eucerin-dermopure-fluido-protetor-fps-30-50ml\/#primaryimage\",\"url\":\"https:\/\/wos-dev-1.staging.sd-hosting.pt\/wp-content\/uploads\/2022\/12\/eucerin-dermopure-fluido-protetor-spf30.png\",\"contentUrl\":\"https:\/\/wos-dev-1.staging.sd-hosting.pt\/wp-content\/uploads\/2022\/12\/eucerin-dermopure-fluido-protetor-spf30.png\",\"width\":1000,\"height\":1000,\"caption\":\"Eucerin DermoPure Fluido Protetor FPS 30 50ml - para prevenir marcas do acne\"},{\"@type\":\"BreadcrumbList\",\"@id\":\"https:\/\/wos-dev-1.staging.sd-hosting.pt\/produto\/eucerin-dermopure-fluido-protetor-fps-30-50ml\/#breadcrumb\",\"itemListElement\":[{\"@type\":\"ListItem\",\"position\":1,\"name\":\"In\u00edcio\",\"item\":\"https:\/\/wos-dev-1.staging.sd-hosting.pt\/\"},{\"@type\":\"ListItem\",\"position\":2,\"name\":\"Eucerin DermoPure Fluido Protetor FPS 30 50ml\"}]},{\"@type\":\"WebSite\",\"@id\":\"https:\/\/wos-dev-1.staging.sd-hosting.pt\/#website\",\"url\":\"https:\/\/wos-dev-1.staging.sd-hosting.pt\/\",\"name\":\"World Of Skin\",\"description\":\"World Of Skin\",\"publisher\":{\"@id\":\"https:\/\/wos-dev-1.staging.sd-hosting.pt\/#organization\"},\"potentialAction\":[{\"@type\":\"SearchAction\",\"target\":{\"@type\":\"EntryPoint\",\"urlTemplate\":\"https:\/\/wos-dev-1.staging.sd-hosting.pt\/?s={search_term_string}\"},\"query-input\":\"required name=search_term_string\"}],\"inLanguage\":\"pt-PT\"},{\"@type\":\"Organization\",\"@id\":\"https:\/\/wos-dev-1.staging.sd-hosting.pt\/#organization\",\"name\":\"World Of Skin\",\"url\":\"https:\/\/wos-dev-1.staging.sd-hosting.pt\/\",\"logo\":{\"@type\":\"ImageObject\",\"inLanguage\":\"pt-PT\",\"@id\":\"https:\/\/wos-dev-1.staging.sd-hosting.pt\/#\/schema\/logo\/image\/\",\"url\":\"https:\/\/wos-dev-1.staging.sd-hosting.pt\/wp-content\/uploads\/2022\/10\/Logotipo_Final.png\",\"contentUrl\":\"https:\/\/wos-dev-1.staging.sd-hosting.pt\/wp-content\/uploads\/2022\/10\/Logotipo_Final.png\",\"width\":1774,\"height\":1536,\"caption\":\"World Of Skin\"},\"image\":{\"@id\":\"https:\/\/wos-dev-1.staging.sd-hosting.pt\/#\/schema\/logo\/image\/\"},\"sameAs\":[\"https:\/\/www.facebook.com\/worldofskin.pt\/\",\"https:\/\/www.instagram.com\/world.of.skin\/\"]}]}<\/script>\n<!-- \/ Yoast SEO plugin. -->","yoast_head_json":{"title":"Eucerin DermoPure Fluido Protetor FPS 30 50ml - World Of Skin","description":"Eucerin DermoPure Fluido Protetor FPS 30 \u00e9 um cuidado com prote\u00e7\u00e3o solar para prevenir o aparecimento de marcas p\u00f3s acne.","robots":{"index":"index","follow":"follow","max-snippet":"max-snippet:-1","max-image-preview":"max-image-preview:large","max-video-preview":"max-video-preview:-1"},"canonical":"https:\/\/wos-dev-1.staging.sd-hosting.pt\/produto\/eucerin-dermopure-fluido-protetor-fps-30-50ml\/","og_locale":"pt_PT","og_type":"article","og_title":"Eucerin DermoPure Fluido Protetor FPS 30 50ml - World Of Skin","og_description":"Eucerin DermoPure Fluido Protetor FPS 30 \u00e9 um cuidado com prote\u00e7\u00e3o solar para prevenir o aparecimento de marcas p\u00f3s acne.","og_url":"https:\/\/wos-dev-1.staging.sd-hosting.pt\/produto\/eucerin-dermopure-fluido-protetor-fps-30-50ml\/","og_site_name":"World Of Skin","article_publisher":"https:\/\/www.facebook.com\/worldofskin.pt\/","article_modified_time":"2023-08-22T08:59:27+00:00","og_image":[{"width":1000,"height":1000,"url":"https:\/\/wos-dev-1.staging.sd-hosting.pt\/wp-content\/uploads\/2022\/12\/eucerin-dermopure-fluido-protetor-spf30.png","type":"image\/png"}],"twitter_card":"summary_large_image","twitter_misc":{"Tempo estimado de leitura":"1 minuto"},"schema":{"@context":"https:\/\/schema.org","@graph":[{"@type":"WebPage","@id":"https:\/\/wos-dev-1.staging.sd-hosting.pt\/produto\/eucerin-dermopure-fluido-protetor-fps-30-50ml\/","url":"https:\/\/wos-dev-1.staging.sd-hosting.pt\/produto\/eucerin-dermopure-fluido-protetor-fps-30-50ml\/","name":"Eucerin DermoPure Fluido Protetor FPS 30 50ml - World Of Skin","isPartOf":{"@id":"https:\/\/wos-dev-1.staging.sd-hosting.pt\/#website"},"primaryImageOfPage":{"@id":"https:\/\/wos-dev-1.staging.sd-hosting.pt\/produto\/eucerin-dermopure-fluido-protetor-fps-30-50ml\/#primaryimage"},"image":{"@id":"https:\/\/wos-dev-1.staging.sd-hosting.pt\/produto\/eucerin-dermopure-fluido-protetor-fps-30-50ml\/#primaryimage"},"thumbnailUrl":"https:\/\/wos-dev-1.staging.sd-hosting.pt\/wp-content\/uploads\/2022\/12\/eucerin-dermopure-fluido-protetor-spf30.png","datePublished":"2023-04-14T10:41:39+00:00","dateModified":"2023-08-22T08:59:27+00:00","description":"Eucerin DermoPure Fluido Protetor FPS 30 \u00e9 um cuidado com prote\u00e7\u00e3o solar para prevenir o aparecimento de marcas p\u00f3s acne.","breadcrumb":{"@id":"https:\/\/wos-dev-1.staging.sd-hosting.pt\/produto\/eucerin-dermopure-fluido-protetor-fps-30-50ml\/#breadcrumb"},"inLanguage":"pt-PT","potentialAction":[{"@type":"ReadAction","target":["https:\/\/wos-dev-1.staging.sd-hosting.pt\/produto\/eucerin-dermopure-fluido-protetor-fps-30-50ml\/"]}]},{"@type":"ImageObject","inLanguage":"pt-PT","@id":"https:\/\/wos-dev-1.staging.sd-hosting.pt\/produto\/eucerin-dermopure-fluido-protetor-fps-30-50ml\/#primaryimage","url":"https:\/\/wos-dev-1.staging.sd-hosting.pt\/wp-content\/uploads\/2022\/12\/eucerin-dermopure-fluido-protetor-spf30.png","contentUrl":"https:\/\/wos-dev-1.staging.sd-hosting.pt\/wp-content\/uploads\/2022\/12\/eucerin-dermopure-fluido-protetor-spf30.png","width":1000,"height":1000,"caption":"Eucerin DermoPure Fluido Protetor FPS 30 50ml - para prevenir marcas do acne"},{"@type":"BreadcrumbList","@id":"https:\/\/wos-dev-1.staging.sd-hosting.pt\/produto\/eucerin-dermopure-fluido-protetor-fps-30-50ml\/#breadcrumb","itemListElement":[{"@type":"ListItem","position":1,"name":"In\u00edcio","item":"https:\/\/wos-dev-1.staging.sd-hosting.pt\/"},{"@type":"ListItem","position":2,"name":"Eucerin DermoPure Fluido Protetor FPS 30 50ml"}]},{"@type":"WebSite","@id":"https:\/\/wos-dev-1.staging.sd-hosting.pt\/#website","url":"https:\/\/wos-dev-1.staging.sd-hosting.pt\/","name":"World Of Skin","description":"World Of Skin","publisher":{"@id":"https:\/\/wos-dev-1.staging.sd-hosting.pt\/#organization"},"potentialAction":[{"@type":"SearchAction","target":{"@type":"EntryPoint","urlTemplate":"https:\/\/wos-dev-1.staging.sd-hosting.pt\/?s={search_term_string}"},"query-input":"required name=search_term_string"}],"inLanguage":"pt-PT"},{"@type":"Organization","@id":"https:\/\/wos-dev-1.staging.sd-hosting.pt\/#organization","name":"World Of Skin","url":"https:\/\/wos-dev-1.staging.sd-hosting.pt\/","logo":{"@type":"ImageObject","inLanguage":"pt-PT","@id":"https:\/\/wos-dev-1.staging.sd-hosting.pt\/#\/schema\/logo\/image\/","url":"https:\/\/wos-dev-1.staging.sd-hosting.pt\/wp-content\/uploads\/2022\/10\/Logotipo_Final.png","contentUrl":"https:\/\/wos-dev-1.staging.sd-hosting.pt\/wp-content\/uploads\/2022\/10\/Logotipo_Final.png","width":1774,"height":1536,"caption":"World Of Skin"},"image":{"@id":"https:\/\/wos-dev-1.staging.sd-hosting.pt\/#\/schema\/logo\/image\/"},"sameAs":["https:\/\/www.facebook.com\/worldofskin.pt\/","https:\/\/www.instagram.com\/world.of.skin\/"]}]}},"_links":{"self":[{"href":"https:\/\/wos-dev-1.staging.sd-hosting.pt\/index.php?rest_route=\/wp\/v2\/product\/105143","targetHints":{"allow":["GET"]}}],"collection":[{"href":"https:\/\/wos-dev-1.staging.sd-hosting.pt\/index.php?rest_route=\/wp\/v2\/product"}],"about":[{"href":"https:\/\/wos-dev-1.staging.sd-hosting.pt\/index.php?rest_route=\/wp\/v2\/types\/product"}],"replies":[{"embeddable":true,"href":"https:\/\/wos-dev-1.staging.sd-hosting.pt\/index.php?rest_route=%2Fwp%2Fv2%2Fcomments&post=105143"}],"wp:featuredmedia":[{"embeddable":true,"href":"https:\/\/wos-dev-1.staging.sd-hosting.pt\/index.php?rest_route=\/wp\/v2\/media\/1004"}],"wp:attachment":[{"href":"https:\/\/wos-dev-1.staging.sd-hosting.pt\/index.php?rest_route=%2Fwp%2Fv2%2Fmedia&parent=105143"}],"wp:term":[{"taxonomy":"product_cat","embeddable":true,"href":"https:\/\/wos-dev-1.staging.sd-hosting.pt\/index.php?rest_route=%2Fwp%2Fv2%2Fproduct_cat&post=105143"},{"taxonomy":"product_tag","embeddable":true,"href":"https:\/\/wos-dev-1.staging.sd-hosting.pt\/index.php?rest_route=%2Fwp%2Fv2%2Fproduct_tag&post=105143"},{"taxonomy":"wos_brand","embeddable":true,"href":"https:\/\/wos-dev-1.staging.sd-hosting.pt\/index.php?rest_route=%2Fwp%2Fv2%2Fwos_brand&post=105143"}],"curies":[{"name":"wp","href":"https:\/\/api.w.org\/{rel}","templated":true}]}}