{"id":105120,"date":"2023-04-14T10:41:20","date_gmt":"2023-04-14T10:41:20","guid":{"rendered":"https:\/\/wos-dev-1.staging.sd-hosting.pt\/produto\/eucerin-aquaphor-pomada-reparadora-110ml\/"},"modified":"2023-08-22T08:59:03","modified_gmt":"2023-08-22T08:59:03","slug":"eucerin-aquaphor-pomada-reparadora-110ml","status":"publish","type":"product","link":"https:\/\/wos-dev-1.staging.sd-hosting.pt\/?product=eucerin-aquaphor-pomada-reparadora-110ml","title":{"rendered":"Eucerin Aquaphor Pomada Reparadora 110ml"},"content":{"rendered":"<p class=\"wosc-text-s wosc-text-justify\"><strong class=\"wosc-text-secondary\">Eucerin Aquaphor Pomada Reparadora<\/strong> \u00e9 uma pomada sem \u00e1gua que repara, protege e acalma a irrita\u00e7\u00e3o da pele seca a muito seca, \u00e1spera e irritada.<\/p>\n<p class=\"wosc-text-s wosc-text-justify\">Este produto forma uma barreira protetora semiperme\u00e1vel sobre a pele que apoia a passagem natural de vapor de \u00e1gua para dentro e para fora da pele. Dessa forma permite esta \u201crespire\u201d e refor\u00e7a a sua fun\u00e7\u00e3o protetora natural.<\/p>\n<p class=\"wosc-text-s wosc-text-justify\">Enriquecida com Glicerina e Pantenol: a Glicerina \u00e9 um hidratante eficaz que atrair a \u00e1gua e ajuda a mant\u00ea-la no interior da pele. Em conjunto com o Pantenol, ajudam a acelerar a regenera\u00e7\u00e3o e a repara\u00e7\u00e3o da pele sem deixar de a manter hidratada.<\/p>\n<p class=\"wosc-text-s wosc-text-justify\">Tolerada por pele sens\u00edvel e adequada \u00e0 utiliza\u00e7\u00e3o em beb\u00e9s e crian\u00e7as, a sua composi\u00e7\u00e3o tem apenas alguns ingredientes. Indicada tamb\u00e9m como pomada reparadora em pequenas queimaduras e na pele sujeita a interven\u00e7\u00f5es dermatol\u00f3gicas superficiais, tais como tratamentos a laser e peelings qu\u00edmicos.<\/p>\n<p class=\"wosc-text-s wosc-text-justify\">O uso como cuidado adjuvante em tratamentos de quimioterapia e radioterapia (preven\u00e7\u00e3o de radiodermite) tamb\u00e9m est\u00e1 indicado.<\/p>\n","protected":false},"excerpt":{"rendered":"<p>Pomada reparadora e com efeito barreira para pele seca, \u00e1spera e irritada<\/p>\n","protected":false},"featured_media":1867,"comment_status":"open","ping_status":"closed","template":"","meta":{"_acf_changed":false},"product_cat":[1062,990,987,1024,1064,1028,1041,1026],"product_tag":[],"wos_brand":[1154,1102],"class_list":{"0":"post-105120","1":"product","2":"type-product","3":"status-publish","4":"has-post-thumbnail","6":"product_cat-bebe","7":"product_cat-bebe-e-mama","8":"product_cat-corpo","9":"product_cat-hidratacao-corpo","10":"product_cat-hidratacao-bebe","11":"product_cat-outros-cuidados","12":"product_cat-outros-cuidados-corporais","13":"product_cat-pes-maos-e-unhas","14":"wos_brand-aquaphor","15":"wos_brand-eucerin","17":"first","18":"outofstock","19":"taxable","20":"shipping-taxable","21":"purchasable","22":"product-type-simple"},"acf":[],"yoast_head":"<!-- This site is optimized with the Yoast SEO plugin v22.8 - https:\/\/yoast.com\/wordpress\/plugins\/seo\/ -->\n<title>Eucerin Aquaphor Pomada Reparadora 110ml - World Of Skin<\/title>\n<meta name=\"description\" content=\"Eucerin Aquaphor Pomada Reparadora \u00e9 uma pomada sem \u00e1gua que repara, protege e acalma a irrita\u00e7\u00e3o da pele seca a muito seca, \u00e1spera e irritada.\" \/>\n<meta name=\"robots\" content=\"index, follow, max-snippet:-1, max-image-preview:large, max-video-preview:-1\" \/>\n<link rel=\"canonical\" href=\"https:\/\/wos-dev-1.staging.sd-hosting.pt\/produto\/eucerin-aquaphor-pomada-reparadora-110ml\/\" \/>\n<meta property=\"og:locale\" content=\"pt_PT\" \/>\n<meta property=\"og:type\" content=\"article\" \/>\n<meta property=\"og:title\" content=\"Eucerin Aquaphor Pomada Reparadora 110ml - World Of Skin\" \/>\n<meta property=\"og:description\" content=\"Eucerin Aquaphor Pomada Reparadora \u00e9 uma pomada sem \u00e1gua que repara, protege e acalma a irrita\u00e7\u00e3o da pele seca a muito seca, \u00e1spera e irritada.\" \/>\n<meta property=\"og:url\" content=\"https:\/\/wos-dev-1.staging.sd-hosting.pt\/produto\/eucerin-aquaphor-pomada-reparadora-110ml\/\" \/>\n<meta property=\"og:site_name\" content=\"World Of Skin\" \/>\n<meta property=\"article:publisher\" content=\"https:\/\/www.facebook.com\/worldofskin.pt\/\" \/>\n<meta property=\"article:modified_time\" content=\"2023-08-22T08:59:03+00:00\" \/>\n<meta property=\"og:image\" content=\"https:\/\/wos-dev-1.staging.sd-hosting.pt\/wp-content\/uploads\/2023\/01\/eucerin-aquaphor-pomada-reparadora-110.png\" \/>\n\t<meta property=\"og:image:width\" content=\"1000\" \/>\n\t<meta property=\"og:image:height\" content=\"1000\" \/>\n\t<meta property=\"og:image:type\" content=\"image\/png\" \/>\n<meta name=\"twitter:card\" content=\"summary_large_image\" \/>\n<meta name=\"twitter:label1\" content=\"Tempo estimado de leitura\" \/>\n\t<meta name=\"twitter:data1\" content=\"1 minuto\" \/>\n<script type=\"application\/ld+json\" class=\"yoast-schema-graph\">{\"@context\":\"https:\/\/schema.org\",\"@graph\":[{\"@type\":\"WebPage\",\"@id\":\"https:\/\/wos-dev-1.staging.sd-hosting.pt\/produto\/eucerin-aquaphor-pomada-reparadora-110ml\/\",\"url\":\"https:\/\/wos-dev-1.staging.sd-hosting.pt\/produto\/eucerin-aquaphor-pomada-reparadora-110ml\/\",\"name\":\"Eucerin Aquaphor Pomada Reparadora 110ml - World Of Skin\",\"isPartOf\":{\"@id\":\"https:\/\/wos-dev-1.staging.sd-hosting.pt\/#website\"},\"primaryImageOfPage\":{\"@id\":\"https:\/\/wos-dev-1.staging.sd-hosting.pt\/produto\/eucerin-aquaphor-pomada-reparadora-110ml\/#primaryimage\"},\"image\":{\"@id\":\"https:\/\/wos-dev-1.staging.sd-hosting.pt\/produto\/eucerin-aquaphor-pomada-reparadora-110ml\/#primaryimage\"},\"thumbnailUrl\":\"https:\/\/wos-dev-1.staging.sd-hosting.pt\/wp-content\/uploads\/2023\/01\/eucerin-aquaphor-pomada-reparadora-110.png\",\"datePublished\":\"2023-04-14T10:41:20+00:00\",\"dateModified\":\"2023-08-22T08:59:03+00:00\",\"description\":\"Eucerin Aquaphor Pomada Reparadora \u00e9 uma pomada sem \u00e1gua que repara, protege e acalma a irrita\u00e7\u00e3o da pele seca a muito seca, \u00e1spera e irritada.\",\"breadcrumb\":{\"@id\":\"https:\/\/wos-dev-1.staging.sd-hosting.pt\/produto\/eucerin-aquaphor-pomada-reparadora-110ml\/#breadcrumb\"},\"inLanguage\":\"pt-PT\",\"potentialAction\":[{\"@type\":\"ReadAction\",\"target\":[\"https:\/\/wos-dev-1.staging.sd-hosting.pt\/produto\/eucerin-aquaphor-pomada-reparadora-110ml\/\"]}]},{\"@type\":\"ImageObject\",\"inLanguage\":\"pt-PT\",\"@id\":\"https:\/\/wos-dev-1.staging.sd-hosting.pt\/produto\/eucerin-aquaphor-pomada-reparadora-110ml\/#primaryimage\",\"url\":\"https:\/\/wos-dev-1.staging.sd-hosting.pt\/wp-content\/uploads\/2023\/01\/eucerin-aquaphor-pomada-reparadora-110.png\",\"contentUrl\":\"https:\/\/wos-dev-1.staging.sd-hosting.pt\/wp-content\/uploads\/2023\/01\/eucerin-aquaphor-pomada-reparadora-110.png\",\"width\":1000,\"height\":1000,\"caption\":\"Eucerin Aquaphor Pomada Reparadora 110ml\"},{\"@type\":\"BreadcrumbList\",\"@id\":\"https:\/\/wos-dev-1.staging.sd-hosting.pt\/produto\/eucerin-aquaphor-pomada-reparadora-110ml\/#breadcrumb\",\"itemListElement\":[{\"@type\":\"ListItem\",\"position\":1,\"name\":\"In\u00edcio\",\"item\":\"https:\/\/wos-dev-1.staging.sd-hosting.pt\/\"},{\"@type\":\"ListItem\",\"position\":2,\"name\":\"Eucerin Aquaphor Pomada Reparadora 110ml\"}]},{\"@type\":\"WebSite\",\"@id\":\"https:\/\/wos-dev-1.staging.sd-hosting.pt\/#website\",\"url\":\"https:\/\/wos-dev-1.staging.sd-hosting.pt\/\",\"name\":\"World Of Skin\",\"description\":\"World Of Skin\",\"publisher\":{\"@id\":\"https:\/\/wos-dev-1.staging.sd-hosting.pt\/#organization\"},\"potentialAction\":[{\"@type\":\"SearchAction\",\"target\":{\"@type\":\"EntryPoint\",\"urlTemplate\":\"https:\/\/wos-dev-1.staging.sd-hosting.pt\/?s={search_term_string}\"},\"query-input\":\"required name=search_term_string\"}],\"inLanguage\":\"pt-PT\"},{\"@type\":\"Organization\",\"@id\":\"https:\/\/wos-dev-1.staging.sd-hosting.pt\/#organization\",\"name\":\"World Of Skin\",\"url\":\"https:\/\/wos-dev-1.staging.sd-hosting.pt\/\",\"logo\":{\"@type\":\"ImageObject\",\"inLanguage\":\"pt-PT\",\"@id\":\"https:\/\/wos-dev-1.staging.sd-hosting.pt\/#\/schema\/logo\/image\/\",\"url\":\"https:\/\/wos-dev-1.staging.sd-hosting.pt\/wp-content\/uploads\/2022\/10\/Logotipo_Final.png\",\"contentUrl\":\"https:\/\/wos-dev-1.staging.sd-hosting.pt\/wp-content\/uploads\/2022\/10\/Logotipo_Final.png\",\"width\":1774,\"height\":1536,\"caption\":\"World Of Skin\"},\"image\":{\"@id\":\"https:\/\/wos-dev-1.staging.sd-hosting.pt\/#\/schema\/logo\/image\/\"},\"sameAs\":[\"https:\/\/www.facebook.com\/worldofskin.pt\/\",\"https:\/\/www.instagram.com\/world.of.skin\/\"]}]}<\/script>\n<!-- \/ Yoast SEO plugin. -->","yoast_head_json":{"title":"Eucerin Aquaphor Pomada Reparadora 110ml - World Of Skin","description":"Eucerin Aquaphor Pomada Reparadora \u00e9 uma pomada sem \u00e1gua que repara, protege e acalma a irrita\u00e7\u00e3o da pele seca a muito seca, \u00e1spera e irritada.","robots":{"index":"index","follow":"follow","max-snippet":"max-snippet:-1","max-image-preview":"max-image-preview:large","max-video-preview":"max-video-preview:-1"},"canonical":"https:\/\/wos-dev-1.staging.sd-hosting.pt\/produto\/eucerin-aquaphor-pomada-reparadora-110ml\/","og_locale":"pt_PT","og_type":"article","og_title":"Eucerin Aquaphor Pomada Reparadora 110ml - World Of Skin","og_description":"Eucerin Aquaphor Pomada Reparadora \u00e9 uma pomada sem \u00e1gua que repara, protege e acalma a irrita\u00e7\u00e3o da pele seca a muito seca, \u00e1spera e irritada.","og_url":"https:\/\/wos-dev-1.staging.sd-hosting.pt\/produto\/eucerin-aquaphor-pomada-reparadora-110ml\/","og_site_name":"World Of Skin","article_publisher":"https:\/\/www.facebook.com\/worldofskin.pt\/","article_modified_time":"2023-08-22T08:59:03+00:00","og_image":[{"width":1000,"height":1000,"url":"https:\/\/wos-dev-1.staging.sd-hosting.pt\/wp-content\/uploads\/2023\/01\/eucerin-aquaphor-pomada-reparadora-110.png","type":"image\/png"}],"twitter_card":"summary_large_image","twitter_misc":{"Tempo estimado de leitura":"1 minuto"},"schema":{"@context":"https:\/\/schema.org","@graph":[{"@type":"WebPage","@id":"https:\/\/wos-dev-1.staging.sd-hosting.pt\/produto\/eucerin-aquaphor-pomada-reparadora-110ml\/","url":"https:\/\/wos-dev-1.staging.sd-hosting.pt\/produto\/eucerin-aquaphor-pomada-reparadora-110ml\/","name":"Eucerin Aquaphor Pomada Reparadora 110ml - World Of Skin","isPartOf":{"@id":"https:\/\/wos-dev-1.staging.sd-hosting.pt\/#website"},"primaryImageOfPage":{"@id":"https:\/\/wos-dev-1.staging.sd-hosting.pt\/produto\/eucerin-aquaphor-pomada-reparadora-110ml\/#primaryimage"},"image":{"@id":"https:\/\/wos-dev-1.staging.sd-hosting.pt\/produto\/eucerin-aquaphor-pomada-reparadora-110ml\/#primaryimage"},"thumbnailUrl":"https:\/\/wos-dev-1.staging.sd-hosting.pt\/wp-content\/uploads\/2023\/01\/eucerin-aquaphor-pomada-reparadora-110.png","datePublished":"2023-04-14T10:41:20+00:00","dateModified":"2023-08-22T08:59:03+00:00","description":"Eucerin Aquaphor Pomada Reparadora \u00e9 uma pomada sem \u00e1gua que repara, protege e acalma a irrita\u00e7\u00e3o da pele seca a muito seca, \u00e1spera e irritada.","breadcrumb":{"@id":"https:\/\/wos-dev-1.staging.sd-hosting.pt\/produto\/eucerin-aquaphor-pomada-reparadora-110ml\/#breadcrumb"},"inLanguage":"pt-PT","potentialAction":[{"@type":"ReadAction","target":["https:\/\/wos-dev-1.staging.sd-hosting.pt\/produto\/eucerin-aquaphor-pomada-reparadora-110ml\/"]}]},{"@type":"ImageObject","inLanguage":"pt-PT","@id":"https:\/\/wos-dev-1.staging.sd-hosting.pt\/produto\/eucerin-aquaphor-pomada-reparadora-110ml\/#primaryimage","url":"https:\/\/wos-dev-1.staging.sd-hosting.pt\/wp-content\/uploads\/2023\/01\/eucerin-aquaphor-pomada-reparadora-110.png","contentUrl":"https:\/\/wos-dev-1.staging.sd-hosting.pt\/wp-content\/uploads\/2023\/01\/eucerin-aquaphor-pomada-reparadora-110.png","width":1000,"height":1000,"caption":"Eucerin Aquaphor Pomada Reparadora 110ml"},{"@type":"BreadcrumbList","@id":"https:\/\/wos-dev-1.staging.sd-hosting.pt\/produto\/eucerin-aquaphor-pomada-reparadora-110ml\/#breadcrumb","itemListElement":[{"@type":"ListItem","position":1,"name":"In\u00edcio","item":"https:\/\/wos-dev-1.staging.sd-hosting.pt\/"},{"@type":"ListItem","position":2,"name":"Eucerin Aquaphor Pomada Reparadora 110ml"}]},{"@type":"WebSite","@id":"https:\/\/wos-dev-1.staging.sd-hosting.pt\/#website","url":"https:\/\/wos-dev-1.staging.sd-hosting.pt\/","name":"World Of Skin","description":"World Of Skin","publisher":{"@id":"https:\/\/wos-dev-1.staging.sd-hosting.pt\/#organization"},"potentialAction":[{"@type":"SearchAction","target":{"@type":"EntryPoint","urlTemplate":"https:\/\/wos-dev-1.staging.sd-hosting.pt\/?s={search_term_string}"},"query-input":"required name=search_term_string"}],"inLanguage":"pt-PT"},{"@type":"Organization","@id":"https:\/\/wos-dev-1.staging.sd-hosting.pt\/#organization","name":"World Of Skin","url":"https:\/\/wos-dev-1.staging.sd-hosting.pt\/","logo":{"@type":"ImageObject","inLanguage":"pt-PT","@id":"https:\/\/wos-dev-1.staging.sd-hosting.pt\/#\/schema\/logo\/image\/","url":"https:\/\/wos-dev-1.staging.sd-hosting.pt\/wp-content\/uploads\/2022\/10\/Logotipo_Final.png","contentUrl":"https:\/\/wos-dev-1.staging.sd-hosting.pt\/wp-content\/uploads\/2022\/10\/Logotipo_Final.png","width":1774,"height":1536,"caption":"World Of Skin"},"image":{"@id":"https:\/\/wos-dev-1.staging.sd-hosting.pt\/#\/schema\/logo\/image\/"},"sameAs":["https:\/\/www.facebook.com\/worldofskin.pt\/","https:\/\/www.instagram.com\/world.of.skin\/"]}]}},"_links":{"self":[{"href":"https:\/\/wos-dev-1.staging.sd-hosting.pt\/index.php?rest_route=\/wp\/v2\/product\/105120","targetHints":{"allow":["GET"]}}],"collection":[{"href":"https:\/\/wos-dev-1.staging.sd-hosting.pt\/index.php?rest_route=\/wp\/v2\/product"}],"about":[{"href":"https:\/\/wos-dev-1.staging.sd-hosting.pt\/index.php?rest_route=\/wp\/v2\/types\/product"}],"replies":[{"embeddable":true,"href":"https:\/\/wos-dev-1.staging.sd-hosting.pt\/index.php?rest_route=%2Fwp%2Fv2%2Fcomments&post=105120"}],"wp:featuredmedia":[{"embeddable":true,"href":"https:\/\/wos-dev-1.staging.sd-hosting.pt\/index.php?rest_route=\/wp\/v2\/media\/1867"}],"wp:attachment":[{"href":"https:\/\/wos-dev-1.staging.sd-hosting.pt\/index.php?rest_route=%2Fwp%2Fv2%2Fmedia&parent=105120"}],"wp:term":[{"taxonomy":"product_cat","embeddable":true,"href":"https:\/\/wos-dev-1.staging.sd-hosting.pt\/index.php?rest_route=%2Fwp%2Fv2%2Fproduct_cat&post=105120"},{"taxonomy":"product_tag","embeddable":true,"href":"https:\/\/wos-dev-1.staging.sd-hosting.pt\/index.php?rest_route=%2Fwp%2Fv2%2Fproduct_tag&post=105120"},{"taxonomy":"wos_brand","embeddable":true,"href":"https:\/\/wos-dev-1.staging.sd-hosting.pt\/index.php?rest_route=%2Fwp%2Fv2%2Fwos_brand&post=105120"}],"curies":[{"name":"wp","href":"https:\/\/api.w.org\/{rel}","templated":true}]}}