{"id":105091,"date":"2023-04-13T15:56:43","date_gmt":"2023-04-13T15:56:43","guid":{"rendered":"https:\/\/wos-dev-1.staging.sd-hosting.pt\/produto\/atl-suspensao-de-oxido-de-zinco-150g\/"},"modified":"2023-08-22T08:59:00","modified_gmt":"2023-08-22T08:59:00","slug":"atl-suspensao-de-oxido-de-zinco-150g","status":"publish","type":"product","link":"https:\/\/wos-dev-1.staging.sd-hosting.pt\/?product=atl-suspensao-de-oxido-de-zinco-150g","title":{"rendered":"ATL Suspens\u00e3o de \u00d3xido de Zinco 150g"},"content":{"rendered":"<p class=\"wosc-text-s wosc-text-justify\"><strong class=\"wosc-text-secondary\">ATL\u00ae Suspens\u00e3o de \u00d3xido de Zinco<\/strong> \u00e9 um cuidado para a prote\u00e7\u00e3o elevada da pele sujeita a macera\u00e7\u00e3o, nomeadamente zonas h\u00famidas, zona da fralda e pregas cut\u00e2neas.<\/p>\n<p class=\"wosc-text-s wosc-text-justify\">A sua composi\u00e7\u00e3o conta com 50% de \u00f3xido de zinco e \u00f3leo de am\u00eandoas doces. Estas conferem propriedades secantes, emolientes, calmantes e que visam estimular o reequil\u00edbrio da barreira cut\u00e2nea.<\/p>\n<p class=\"wosc-text-s wosc-text-justify\">Indicada desde o nascimento para <strong>situa\u00e7\u00f5es de vermelhid\u00e3o e fric\u00e7\u00e3o<\/strong>.<\/p>\n<p class=\"wosc-text-s wosc-text-justify\">Uma vez possuir uma textura flu\u00edda \u00e9 de f\u00e1cil aplica\u00e7\u00e3o, para utiliza\u00e7\u00e3o em zonas extensas e sens\u00edveis ao toque. Formulado para minimizar o risco de rea\u00e7\u00e3o al\u00e9rgica, tem muito boa compatibilidade cut\u00e2nea.<\/p>\n","protected":false},"excerpt":{"rendered":"<p>Cuidado de prote\u00e7\u00e3o elevada para zonas maceradas<\/p>\n","protected":false},"featured_media":572,"comment_status":"open","ping_status":"closed","template":"","meta":{"_acf_changed":false},"product_cat":[1062,990,987,1028,1041,1066],"product_tag":[],"wos_brand":[1098],"class_list":{"0":"post-105091","1":"product","2":"type-product","3":"status-publish","4":"has-post-thumbnail","6":"product_cat-bebe","7":"product_cat-bebe-e-mama","8":"product_cat-corpo","9":"product_cat-outros-cuidados","10":"product_cat-outros-cuidados-corporais","11":"product_cat-outros-cuidados-do-bebe","12":"wos_brand-atl","14":"first","15":"outofstock","16":"taxable","17":"shipping-taxable","18":"purchasable","19":"product-type-simple"},"acf":[],"yoast_head":"<!-- This site is optimized with the Yoast SEO plugin v22.8 - https:\/\/yoast.com\/wordpress\/plugins\/seo\/ -->\n<title>ATL Suspens\u00e3o de \u00d3xido de Zinco 150g - World Of Skin<\/title>\n<meta name=\"description\" content=\"ATL\u00ae Suspens\u00e3o de \u00d3xido de Zinco \u00e9 um cuidado para a prote\u00e7\u00e3o da pele sujeita a macera\u00e7\u00e3o, nomeadamente zonas h\u00famidas, zona da fralda e pregas cut\u00e2neas.\" \/>\n<meta name=\"robots\" content=\"index, follow, max-snippet:-1, max-image-preview:large, max-video-preview:-1\" \/>\n<link rel=\"canonical\" href=\"https:\/\/wos-dev-1.staging.sd-hosting.pt\/produto\/atl-suspensao-de-oxido-de-zinco-150g\/\" \/>\n<meta property=\"og:locale\" content=\"pt_PT\" \/>\n<meta property=\"og:type\" content=\"article\" \/>\n<meta property=\"og:title\" content=\"ATL Suspens\u00e3o de \u00d3xido de Zinco 150g - World Of Skin\" \/>\n<meta property=\"og:description\" content=\"ATL\u00ae Suspens\u00e3o de \u00d3xido de Zinco \u00e9 um cuidado para a prote\u00e7\u00e3o da pele sujeita a macera\u00e7\u00e3o, nomeadamente zonas h\u00famidas, zona da fralda e pregas cut\u00e2neas.\" \/>\n<meta property=\"og:url\" content=\"https:\/\/wos-dev-1.staging.sd-hosting.pt\/produto\/atl-suspensao-de-oxido-de-zinco-150g\/\" \/>\n<meta property=\"og:site_name\" content=\"World Of Skin\" \/>\n<meta property=\"article:publisher\" content=\"https:\/\/www.facebook.com\/worldofskin.pt\/\" \/>\n<meta property=\"article:modified_time\" content=\"2023-08-22T08:59:00+00:00\" \/>\n<meta property=\"og:image\" content=\"https:\/\/wos-dev-1.staging.sd-hosting.pt\/wp-content\/uploads\/2022\/11\/atl-suspensao-oxido-de-zinco.png\" \/>\n\t<meta property=\"og:image:width\" content=\"1024\" \/>\n\t<meta property=\"og:image:height\" content=\"768\" \/>\n\t<meta property=\"og:image:type\" content=\"image\/png\" \/>\n<meta name=\"twitter:card\" content=\"summary_large_image\" \/>\n<meta name=\"twitter:label1\" content=\"Tempo estimado de leitura\" \/>\n\t<meta name=\"twitter:data1\" content=\"1 minuto\" \/>\n<script type=\"application\/ld+json\" class=\"yoast-schema-graph\">{\"@context\":\"https:\/\/schema.org\",\"@graph\":[{\"@type\":\"WebPage\",\"@id\":\"https:\/\/wos-dev-1.staging.sd-hosting.pt\/produto\/atl-suspensao-de-oxido-de-zinco-150g\/\",\"url\":\"https:\/\/wos-dev-1.staging.sd-hosting.pt\/produto\/atl-suspensao-de-oxido-de-zinco-150g\/\",\"name\":\"ATL Suspens\u00e3o de \u00d3xido de Zinco 150g - World Of Skin\",\"isPartOf\":{\"@id\":\"https:\/\/wos-dev-1.staging.sd-hosting.pt\/#website\"},\"primaryImageOfPage\":{\"@id\":\"https:\/\/wos-dev-1.staging.sd-hosting.pt\/produto\/atl-suspensao-de-oxido-de-zinco-150g\/#primaryimage\"},\"image\":{\"@id\":\"https:\/\/wos-dev-1.staging.sd-hosting.pt\/produto\/atl-suspensao-de-oxido-de-zinco-150g\/#primaryimage\"},\"thumbnailUrl\":\"https:\/\/wos-dev-1.staging.sd-hosting.pt\/wp-content\/uploads\/2022\/11\/atl-suspensao-oxido-de-zinco.png\",\"datePublished\":\"2023-04-13T15:56:43+00:00\",\"dateModified\":\"2023-08-22T08:59:00+00:00\",\"description\":\"ATL\u00ae Suspens\u00e3o de \u00d3xido de Zinco \u00e9 um cuidado para a prote\u00e7\u00e3o da pele sujeita a macera\u00e7\u00e3o, nomeadamente zonas h\u00famidas, zona da fralda e pregas cut\u00e2neas.\",\"breadcrumb\":{\"@id\":\"https:\/\/wos-dev-1.staging.sd-hosting.pt\/produto\/atl-suspensao-de-oxido-de-zinco-150g\/#breadcrumb\"},\"inLanguage\":\"pt-PT\",\"potentialAction\":[{\"@type\":\"ReadAction\",\"target\":[\"https:\/\/wos-dev-1.staging.sd-hosting.pt\/produto\/atl-suspensao-de-oxido-de-zinco-150g\/\"]}]},{\"@type\":\"ImageObject\",\"inLanguage\":\"pt-PT\",\"@id\":\"https:\/\/wos-dev-1.staging.sd-hosting.pt\/produto\/atl-suspensao-de-oxido-de-zinco-150g\/#primaryimage\",\"url\":\"https:\/\/wos-dev-1.staging.sd-hosting.pt\/wp-content\/uploads\/2022\/11\/atl-suspensao-oxido-de-zinco.png\",\"contentUrl\":\"https:\/\/wos-dev-1.staging.sd-hosting.pt\/wp-content\/uploads\/2022\/11\/atl-suspensao-oxido-de-zinco.png\",\"width\":1024,\"height\":768,\"caption\":\"ATL Suspens\u00e3o \u00d3xido de Zinco\"},{\"@type\":\"BreadcrumbList\",\"@id\":\"https:\/\/wos-dev-1.staging.sd-hosting.pt\/produto\/atl-suspensao-de-oxido-de-zinco-150g\/#breadcrumb\",\"itemListElement\":[{\"@type\":\"ListItem\",\"position\":1,\"name\":\"In\u00edcio\",\"item\":\"https:\/\/wos-dev-1.staging.sd-hosting.pt\/\"},{\"@type\":\"ListItem\",\"position\":2,\"name\":\"ATL Suspens\u00e3o de \u00d3xido de Zinco 150g\"}]},{\"@type\":\"WebSite\",\"@id\":\"https:\/\/wos-dev-1.staging.sd-hosting.pt\/#website\",\"url\":\"https:\/\/wos-dev-1.staging.sd-hosting.pt\/\",\"name\":\"World Of Skin\",\"description\":\"World Of Skin\",\"publisher\":{\"@id\":\"https:\/\/wos-dev-1.staging.sd-hosting.pt\/#organization\"},\"potentialAction\":[{\"@type\":\"SearchAction\",\"target\":{\"@type\":\"EntryPoint\",\"urlTemplate\":\"https:\/\/wos-dev-1.staging.sd-hosting.pt\/?s={search_term_string}\"},\"query-input\":\"required name=search_term_string\"}],\"inLanguage\":\"pt-PT\"},{\"@type\":\"Organization\",\"@id\":\"https:\/\/wos-dev-1.staging.sd-hosting.pt\/#organization\",\"name\":\"World Of Skin\",\"url\":\"https:\/\/wos-dev-1.staging.sd-hosting.pt\/\",\"logo\":{\"@type\":\"ImageObject\",\"inLanguage\":\"pt-PT\",\"@id\":\"https:\/\/wos-dev-1.staging.sd-hosting.pt\/#\/schema\/logo\/image\/\",\"url\":\"https:\/\/wos-dev-1.staging.sd-hosting.pt\/wp-content\/uploads\/2022\/10\/Logotipo_Final.png\",\"contentUrl\":\"https:\/\/wos-dev-1.staging.sd-hosting.pt\/wp-content\/uploads\/2022\/10\/Logotipo_Final.png\",\"width\":1774,\"height\":1536,\"caption\":\"World Of Skin\"},\"image\":{\"@id\":\"https:\/\/wos-dev-1.staging.sd-hosting.pt\/#\/schema\/logo\/image\/\"},\"sameAs\":[\"https:\/\/www.facebook.com\/worldofskin.pt\/\",\"https:\/\/www.instagram.com\/world.of.skin\/\"]}]}<\/script>\n<!-- \/ Yoast SEO plugin. -->","yoast_head_json":{"title":"ATL Suspens\u00e3o de \u00d3xido de Zinco 150g - World Of Skin","description":"ATL\u00ae Suspens\u00e3o de \u00d3xido de Zinco \u00e9 um cuidado para a prote\u00e7\u00e3o da pele sujeita a macera\u00e7\u00e3o, nomeadamente zonas h\u00famidas, zona da fralda e pregas cut\u00e2neas.","robots":{"index":"index","follow":"follow","max-snippet":"max-snippet:-1","max-image-preview":"max-image-preview:large","max-video-preview":"max-video-preview:-1"},"canonical":"https:\/\/wos-dev-1.staging.sd-hosting.pt\/produto\/atl-suspensao-de-oxido-de-zinco-150g\/","og_locale":"pt_PT","og_type":"article","og_title":"ATL Suspens\u00e3o de \u00d3xido de Zinco 150g - World Of Skin","og_description":"ATL\u00ae Suspens\u00e3o de \u00d3xido de Zinco \u00e9 um cuidado para a prote\u00e7\u00e3o da pele sujeita a macera\u00e7\u00e3o, nomeadamente zonas h\u00famidas, zona da fralda e pregas cut\u00e2neas.","og_url":"https:\/\/wos-dev-1.staging.sd-hosting.pt\/produto\/atl-suspensao-de-oxido-de-zinco-150g\/","og_site_name":"World Of Skin","article_publisher":"https:\/\/www.facebook.com\/worldofskin.pt\/","article_modified_time":"2023-08-22T08:59:00+00:00","og_image":[{"width":1024,"height":768,"url":"https:\/\/wos-dev-1.staging.sd-hosting.pt\/wp-content\/uploads\/2022\/11\/atl-suspensao-oxido-de-zinco.png","type":"image\/png"}],"twitter_card":"summary_large_image","twitter_misc":{"Tempo estimado de leitura":"1 minuto"},"schema":{"@context":"https:\/\/schema.org","@graph":[{"@type":"WebPage","@id":"https:\/\/wos-dev-1.staging.sd-hosting.pt\/produto\/atl-suspensao-de-oxido-de-zinco-150g\/","url":"https:\/\/wos-dev-1.staging.sd-hosting.pt\/produto\/atl-suspensao-de-oxido-de-zinco-150g\/","name":"ATL Suspens\u00e3o de \u00d3xido de Zinco 150g - World Of Skin","isPartOf":{"@id":"https:\/\/wos-dev-1.staging.sd-hosting.pt\/#website"},"primaryImageOfPage":{"@id":"https:\/\/wos-dev-1.staging.sd-hosting.pt\/produto\/atl-suspensao-de-oxido-de-zinco-150g\/#primaryimage"},"image":{"@id":"https:\/\/wos-dev-1.staging.sd-hosting.pt\/produto\/atl-suspensao-de-oxido-de-zinco-150g\/#primaryimage"},"thumbnailUrl":"https:\/\/wos-dev-1.staging.sd-hosting.pt\/wp-content\/uploads\/2022\/11\/atl-suspensao-oxido-de-zinco.png","datePublished":"2023-04-13T15:56:43+00:00","dateModified":"2023-08-22T08:59:00+00:00","description":"ATL\u00ae Suspens\u00e3o de \u00d3xido de Zinco \u00e9 um cuidado para a prote\u00e7\u00e3o da pele sujeita a macera\u00e7\u00e3o, nomeadamente zonas h\u00famidas, zona da fralda e pregas cut\u00e2neas.","breadcrumb":{"@id":"https:\/\/wos-dev-1.staging.sd-hosting.pt\/produto\/atl-suspensao-de-oxido-de-zinco-150g\/#breadcrumb"},"inLanguage":"pt-PT","potentialAction":[{"@type":"ReadAction","target":["https:\/\/wos-dev-1.staging.sd-hosting.pt\/produto\/atl-suspensao-de-oxido-de-zinco-150g\/"]}]},{"@type":"ImageObject","inLanguage":"pt-PT","@id":"https:\/\/wos-dev-1.staging.sd-hosting.pt\/produto\/atl-suspensao-de-oxido-de-zinco-150g\/#primaryimage","url":"https:\/\/wos-dev-1.staging.sd-hosting.pt\/wp-content\/uploads\/2022\/11\/atl-suspensao-oxido-de-zinco.png","contentUrl":"https:\/\/wos-dev-1.staging.sd-hosting.pt\/wp-content\/uploads\/2022\/11\/atl-suspensao-oxido-de-zinco.png","width":1024,"height":768,"caption":"ATL Suspens\u00e3o \u00d3xido de Zinco"},{"@type":"BreadcrumbList","@id":"https:\/\/wos-dev-1.staging.sd-hosting.pt\/produto\/atl-suspensao-de-oxido-de-zinco-150g\/#breadcrumb","itemListElement":[{"@type":"ListItem","position":1,"name":"In\u00edcio","item":"https:\/\/wos-dev-1.staging.sd-hosting.pt\/"},{"@type":"ListItem","position":2,"name":"ATL Suspens\u00e3o de \u00d3xido de Zinco 150g"}]},{"@type":"WebSite","@id":"https:\/\/wos-dev-1.staging.sd-hosting.pt\/#website","url":"https:\/\/wos-dev-1.staging.sd-hosting.pt\/","name":"World Of Skin","description":"World Of Skin","publisher":{"@id":"https:\/\/wos-dev-1.staging.sd-hosting.pt\/#organization"},"potentialAction":[{"@type":"SearchAction","target":{"@type":"EntryPoint","urlTemplate":"https:\/\/wos-dev-1.staging.sd-hosting.pt\/?s={search_term_string}"},"query-input":"required name=search_term_string"}],"inLanguage":"pt-PT"},{"@type":"Organization","@id":"https:\/\/wos-dev-1.staging.sd-hosting.pt\/#organization","name":"World Of Skin","url":"https:\/\/wos-dev-1.staging.sd-hosting.pt\/","logo":{"@type":"ImageObject","inLanguage":"pt-PT","@id":"https:\/\/wos-dev-1.staging.sd-hosting.pt\/#\/schema\/logo\/image\/","url":"https:\/\/wos-dev-1.staging.sd-hosting.pt\/wp-content\/uploads\/2022\/10\/Logotipo_Final.png","contentUrl":"https:\/\/wos-dev-1.staging.sd-hosting.pt\/wp-content\/uploads\/2022\/10\/Logotipo_Final.png","width":1774,"height":1536,"caption":"World Of Skin"},"image":{"@id":"https:\/\/wos-dev-1.staging.sd-hosting.pt\/#\/schema\/logo\/image\/"},"sameAs":["https:\/\/www.facebook.com\/worldofskin.pt\/","https:\/\/www.instagram.com\/world.of.skin\/"]}]}},"_links":{"self":[{"href":"https:\/\/wos-dev-1.staging.sd-hosting.pt\/index.php?rest_route=\/wp\/v2\/product\/105091","targetHints":{"allow":["GET"]}}],"collection":[{"href":"https:\/\/wos-dev-1.staging.sd-hosting.pt\/index.php?rest_route=\/wp\/v2\/product"}],"about":[{"href":"https:\/\/wos-dev-1.staging.sd-hosting.pt\/index.php?rest_route=\/wp\/v2\/types\/product"}],"replies":[{"embeddable":true,"href":"https:\/\/wos-dev-1.staging.sd-hosting.pt\/index.php?rest_route=%2Fwp%2Fv2%2Fcomments&post=105091"}],"wp:featuredmedia":[{"embeddable":true,"href":"https:\/\/wos-dev-1.staging.sd-hosting.pt\/index.php?rest_route=\/wp\/v2\/media\/572"}],"wp:attachment":[{"href":"https:\/\/wos-dev-1.staging.sd-hosting.pt\/index.php?rest_route=%2Fwp%2Fv2%2Fmedia&parent=105091"}],"wp:term":[{"taxonomy":"product_cat","embeddable":true,"href":"https:\/\/wos-dev-1.staging.sd-hosting.pt\/index.php?rest_route=%2Fwp%2Fv2%2Fproduct_cat&post=105091"},{"taxonomy":"product_tag","embeddable":true,"href":"https:\/\/wos-dev-1.staging.sd-hosting.pt\/index.php?rest_route=%2Fwp%2Fv2%2Fproduct_tag&post=105091"},{"taxonomy":"wos_brand","embeddable":true,"href":"https:\/\/wos-dev-1.staging.sd-hosting.pt\/index.php?rest_route=%2Fwp%2Fv2%2Fwos_brand&post=105091"}],"curies":[{"name":"wp","href":"https:\/\/api.w.org\/{rel}","templated":true}]}}