{"id":105087,"date":"2023-04-13T15:56:40","date_gmt":"2023-04-13T15:56:40","guid":{"rendered":"https:\/\/wos-dev-1.staging.sd-hosting.pt\/produto\/atl-baby-creme-hidratante-200g\/"},"modified":"2023-05-11T10:30:36","modified_gmt":"2023-05-11T10:30:36","slug":"atl-baby-creme-hidratante-200g","status":"publish","type":"product","link":"https:\/\/wos-dev-1.staging.sd-hosting.pt\/?product=atl-baby-creme-hidratante-200g","title":{"rendered":"ATL Baby Creme Hidratante 200g"},"content":{"rendered":"<p class=\"wosc-text-s wosc-text-justify\"><strong class=\"wosc-text-secondary\">ATL\u00ae Baby Creme Hidratante<\/strong> foi desenvolvido para a hidrata\u00e7\u00e3o di\u00e1ria do rosto e corpo da pele delicada do beb\u00e9.<\/p>\n<p class=\"wosc-text-s wosc-text-justify\">A sua composi\u00e7\u00e3o possui propriedades hidratantes, emolientes e suavizantes.<\/p>\n<p class=\"wosc-text-s wosc-text-justify\">\u00c9 um creme n\u00e3o gorduroso, de r\u00e1pida absor\u00e7\u00e3o, que amacia e hidrata. Refor\u00e7a ainda a camada protetora da pele delicada do beb\u00e9.<\/p>\n<p class=\"wosc-text-s wosc-text-justify\">Formulado para minimizar o risco de rea\u00e7\u00e3o al\u00e9rgica \u00e9, deste modo, indicado na <strong> prote\u00e7\u00e3o da secura e desidrata\u00e7\u00e3o da pele muito sens\u00edvel e reativa.<\/strong> Pode ser utilizado em peles com tend\u00eancia at\u00f3pica, de beb\u00e9s e crian\u00e7as, desde o nascimento.<\/p>\n","protected":false},"excerpt":{"rendered":"<p>Cuidado para a hidra\u00e7\u00e3o di\u00e1ria para o rosto e corpo do beb\u00e9 desde o nascimento.<\/p>\n","protected":false},"featured_media":562,"comment_status":"open","ping_status":"closed","template":"","meta":{"_acf_changed":false},"product_cat":[1038,1016,1062,990,987,1064,995,1024,1028,1002,1006,999,1014,1036,986],"product_tag":[],"wos_brand":[1098],"class_list":{"0":"post-105087","1":"product","2":"type-product","3":"status-publish","4":"has-post-thumbnail","6":"product_cat-atopia-outros-cuidados","7":"product_cat-atopia","8":"product_cat-bebe","9":"product_cat-bebe-e-mama","10":"product_cat-corpo","11":"product_cat-hidratacao-bebe","12":"product_cat-hidratacao","13":"product_cat-hidratacao-corpo","14":"product_cat-outros-cuidados","15":"product_cat-pele-seca","16":"product_cat-pele-sensivel","17":"product_cat-problemas-de-pele","18":"product_cat-psoriase","19":"product_cat-psoriase-outros-cuidados","20":"product_cat-rosto","21":"wos_brand-atl","23":"first","24":"outofstock","25":"taxable","26":"shipping-taxable","27":"product-type-simple"},"acf":[],"yoast_head":"<!-- This site is optimized with the Yoast SEO plugin v22.8 - https:\/\/yoast.com\/wordpress\/plugins\/seo\/ -->\n<title>ATL Baby Creme Hidratante 200g - World Of Skin<\/title>\n<meta name=\"description\" content=\"ATL\u00ae Baby Creme Hidratante foi desenvolvido para a hidrata\u00e7\u00e3o di\u00e1ria da pele delicada do beb\u00e9 com propriedades hidratantes, emolientes e suavizantes.\" \/>\n<meta name=\"robots\" content=\"index, follow, max-snippet:-1, max-image-preview:large, max-video-preview:-1\" \/>\n<link rel=\"canonical\" href=\"https:\/\/wos-dev-1.staging.sd-hosting.pt\/produto\/atl-baby-creme-hidratante-200g\/\" \/>\n<meta property=\"og:locale\" content=\"pt_PT\" \/>\n<meta property=\"og:type\" content=\"article\" \/>\n<meta property=\"og:title\" content=\"ATL Baby Creme Hidratante 200g - World Of Skin\" \/>\n<meta property=\"og:description\" content=\"ATL\u00ae Baby Creme Hidratante foi desenvolvido para a hidrata\u00e7\u00e3o di\u00e1ria da pele delicada do beb\u00e9 com propriedades hidratantes, emolientes e suavizantes.\" \/>\n<meta property=\"og:url\" content=\"https:\/\/wos-dev-1.staging.sd-hosting.pt\/produto\/atl-baby-creme-hidratante-200g\/\" \/>\n<meta property=\"og:site_name\" content=\"World Of Skin\" \/>\n<meta property=\"article:publisher\" content=\"https:\/\/www.facebook.com\/worldofskin.pt\/\" \/>\n<meta property=\"article:modified_time\" content=\"2023-05-11T10:30:36+00:00\" \/>\n<meta property=\"og:image\" content=\"https:\/\/wos-dev-1.staging.sd-hosting.pt\/wp-content\/uploads\/2022\/11\/atl-baby-creme-hidratante.png\" \/>\n\t<meta property=\"og:image:width\" content=\"1024\" \/>\n\t<meta property=\"og:image:height\" content=\"768\" \/>\n\t<meta property=\"og:image:type\" content=\"image\/png\" \/>\n<meta name=\"twitter:card\" content=\"summary_large_image\" \/>\n<meta name=\"twitter:label1\" content=\"Tempo estimado de leitura\" \/>\n\t<meta name=\"twitter:data1\" content=\"1 minuto\" \/>\n<script type=\"application\/ld+json\" class=\"yoast-schema-graph\">{\"@context\":\"https:\/\/schema.org\",\"@graph\":[{\"@type\":\"WebPage\",\"@id\":\"https:\/\/wos-dev-1.staging.sd-hosting.pt\/produto\/atl-baby-creme-hidratante-200g\/\",\"url\":\"https:\/\/wos-dev-1.staging.sd-hosting.pt\/produto\/atl-baby-creme-hidratante-200g\/\",\"name\":\"ATL Baby Creme Hidratante 200g - World Of Skin\",\"isPartOf\":{\"@id\":\"https:\/\/wos-dev-1.staging.sd-hosting.pt\/#website\"},\"primaryImageOfPage\":{\"@id\":\"https:\/\/wos-dev-1.staging.sd-hosting.pt\/produto\/atl-baby-creme-hidratante-200g\/#primaryimage\"},\"image\":{\"@id\":\"https:\/\/wos-dev-1.staging.sd-hosting.pt\/produto\/atl-baby-creme-hidratante-200g\/#primaryimage\"},\"thumbnailUrl\":\"https:\/\/wos-dev-1.staging.sd-hosting.pt\/wp-content\/uploads\/2022\/11\/atl-baby-creme-hidratante.png\",\"datePublished\":\"2023-04-13T15:56:40+00:00\",\"dateModified\":\"2023-05-11T10:30:36+00:00\",\"description\":\"ATL\u00ae Baby Creme Hidratante foi desenvolvido para a hidrata\u00e7\u00e3o di\u00e1ria da pele delicada do beb\u00e9 com propriedades hidratantes, emolientes e suavizantes.\",\"breadcrumb\":{\"@id\":\"https:\/\/wos-dev-1.staging.sd-hosting.pt\/produto\/atl-baby-creme-hidratante-200g\/#breadcrumb\"},\"inLanguage\":\"pt-PT\",\"potentialAction\":[{\"@type\":\"ReadAction\",\"target\":[\"https:\/\/wos-dev-1.staging.sd-hosting.pt\/produto\/atl-baby-creme-hidratante-200g\/\"]}]},{\"@type\":\"ImageObject\",\"inLanguage\":\"pt-PT\",\"@id\":\"https:\/\/wos-dev-1.staging.sd-hosting.pt\/produto\/atl-baby-creme-hidratante-200g\/#primaryimage\",\"url\":\"https:\/\/wos-dev-1.staging.sd-hosting.pt\/wp-content\/uploads\/2022\/11\/atl-baby-creme-hidratante.png\",\"contentUrl\":\"https:\/\/wos-dev-1.staging.sd-hosting.pt\/wp-content\/uploads\/2022\/11\/atl-baby-creme-hidratante.png\",\"width\":1024,\"height\":768,\"caption\":\"ATL Baby Creme Hidratante - hidrata\u00e7\u00e3o di\u00e1ria do beb\u00e9\"},{\"@type\":\"BreadcrumbList\",\"@id\":\"https:\/\/wos-dev-1.staging.sd-hosting.pt\/produto\/atl-baby-creme-hidratante-200g\/#breadcrumb\",\"itemListElement\":[{\"@type\":\"ListItem\",\"position\":1,\"name\":\"In\u00edcio\",\"item\":\"https:\/\/wos-dev-1.staging.sd-hosting.pt\/\"},{\"@type\":\"ListItem\",\"position\":2,\"name\":\"ATL Baby Creme Hidratante 200g\"}]},{\"@type\":\"WebSite\",\"@id\":\"https:\/\/wos-dev-1.staging.sd-hosting.pt\/#website\",\"url\":\"https:\/\/wos-dev-1.staging.sd-hosting.pt\/\",\"name\":\"World Of Skin\",\"description\":\"World Of Skin\",\"publisher\":{\"@id\":\"https:\/\/wos-dev-1.staging.sd-hosting.pt\/#organization\"},\"potentialAction\":[{\"@type\":\"SearchAction\",\"target\":{\"@type\":\"EntryPoint\",\"urlTemplate\":\"https:\/\/wos-dev-1.staging.sd-hosting.pt\/?s={search_term_string}\"},\"query-input\":\"required name=search_term_string\"}],\"inLanguage\":\"pt-PT\"},{\"@type\":\"Organization\",\"@id\":\"https:\/\/wos-dev-1.staging.sd-hosting.pt\/#organization\",\"name\":\"World Of Skin\",\"url\":\"https:\/\/wos-dev-1.staging.sd-hosting.pt\/\",\"logo\":{\"@type\":\"ImageObject\",\"inLanguage\":\"pt-PT\",\"@id\":\"https:\/\/wos-dev-1.staging.sd-hosting.pt\/#\/schema\/logo\/image\/\",\"url\":\"https:\/\/wos-dev-1.staging.sd-hosting.pt\/wp-content\/uploads\/2022\/10\/Logotipo_Final.png\",\"contentUrl\":\"https:\/\/wos-dev-1.staging.sd-hosting.pt\/wp-content\/uploads\/2022\/10\/Logotipo_Final.png\",\"width\":1774,\"height\":1536,\"caption\":\"World Of Skin\"},\"image\":{\"@id\":\"https:\/\/wos-dev-1.staging.sd-hosting.pt\/#\/schema\/logo\/image\/\"},\"sameAs\":[\"https:\/\/www.facebook.com\/worldofskin.pt\/\",\"https:\/\/www.instagram.com\/world.of.skin\/\"]}]}<\/script>\n<!-- \/ Yoast SEO plugin. -->","yoast_head_json":{"title":"ATL Baby Creme Hidratante 200g - World Of Skin","description":"ATL\u00ae Baby Creme Hidratante foi desenvolvido para a hidrata\u00e7\u00e3o di\u00e1ria da pele delicada do beb\u00e9 com propriedades hidratantes, emolientes e suavizantes.","robots":{"index":"index","follow":"follow","max-snippet":"max-snippet:-1","max-image-preview":"max-image-preview:large","max-video-preview":"max-video-preview:-1"},"canonical":"https:\/\/wos-dev-1.staging.sd-hosting.pt\/produto\/atl-baby-creme-hidratante-200g\/","og_locale":"pt_PT","og_type":"article","og_title":"ATL Baby Creme Hidratante 200g - World Of Skin","og_description":"ATL\u00ae Baby Creme Hidratante foi desenvolvido para a hidrata\u00e7\u00e3o di\u00e1ria da pele delicada do beb\u00e9 com propriedades hidratantes, emolientes e suavizantes.","og_url":"https:\/\/wos-dev-1.staging.sd-hosting.pt\/produto\/atl-baby-creme-hidratante-200g\/","og_site_name":"World Of Skin","article_publisher":"https:\/\/www.facebook.com\/worldofskin.pt\/","article_modified_time":"2023-05-11T10:30:36+00:00","og_image":[{"width":1024,"height":768,"url":"https:\/\/wos-dev-1.staging.sd-hosting.pt\/wp-content\/uploads\/2022\/11\/atl-baby-creme-hidratante.png","type":"image\/png"}],"twitter_card":"summary_large_image","twitter_misc":{"Tempo estimado de leitura":"1 minuto"},"schema":{"@context":"https:\/\/schema.org","@graph":[{"@type":"WebPage","@id":"https:\/\/wos-dev-1.staging.sd-hosting.pt\/produto\/atl-baby-creme-hidratante-200g\/","url":"https:\/\/wos-dev-1.staging.sd-hosting.pt\/produto\/atl-baby-creme-hidratante-200g\/","name":"ATL Baby Creme Hidratante 200g - World Of Skin","isPartOf":{"@id":"https:\/\/wos-dev-1.staging.sd-hosting.pt\/#website"},"primaryImageOfPage":{"@id":"https:\/\/wos-dev-1.staging.sd-hosting.pt\/produto\/atl-baby-creme-hidratante-200g\/#primaryimage"},"image":{"@id":"https:\/\/wos-dev-1.staging.sd-hosting.pt\/produto\/atl-baby-creme-hidratante-200g\/#primaryimage"},"thumbnailUrl":"https:\/\/wos-dev-1.staging.sd-hosting.pt\/wp-content\/uploads\/2022\/11\/atl-baby-creme-hidratante.png","datePublished":"2023-04-13T15:56:40+00:00","dateModified":"2023-05-11T10:30:36+00:00","description":"ATL\u00ae Baby Creme Hidratante foi desenvolvido para a hidrata\u00e7\u00e3o di\u00e1ria da pele delicada do beb\u00e9 com propriedades hidratantes, emolientes e suavizantes.","breadcrumb":{"@id":"https:\/\/wos-dev-1.staging.sd-hosting.pt\/produto\/atl-baby-creme-hidratante-200g\/#breadcrumb"},"inLanguage":"pt-PT","potentialAction":[{"@type":"ReadAction","target":["https:\/\/wos-dev-1.staging.sd-hosting.pt\/produto\/atl-baby-creme-hidratante-200g\/"]}]},{"@type":"ImageObject","inLanguage":"pt-PT","@id":"https:\/\/wos-dev-1.staging.sd-hosting.pt\/produto\/atl-baby-creme-hidratante-200g\/#primaryimage","url":"https:\/\/wos-dev-1.staging.sd-hosting.pt\/wp-content\/uploads\/2022\/11\/atl-baby-creme-hidratante.png","contentUrl":"https:\/\/wos-dev-1.staging.sd-hosting.pt\/wp-content\/uploads\/2022\/11\/atl-baby-creme-hidratante.png","width":1024,"height":768,"caption":"ATL Baby Creme Hidratante - hidrata\u00e7\u00e3o di\u00e1ria do beb\u00e9"},{"@type":"BreadcrumbList","@id":"https:\/\/wos-dev-1.staging.sd-hosting.pt\/produto\/atl-baby-creme-hidratante-200g\/#breadcrumb","itemListElement":[{"@type":"ListItem","position":1,"name":"In\u00edcio","item":"https:\/\/wos-dev-1.staging.sd-hosting.pt\/"},{"@type":"ListItem","position":2,"name":"ATL Baby Creme Hidratante 200g"}]},{"@type":"WebSite","@id":"https:\/\/wos-dev-1.staging.sd-hosting.pt\/#website","url":"https:\/\/wos-dev-1.staging.sd-hosting.pt\/","name":"World Of Skin","description":"World Of Skin","publisher":{"@id":"https:\/\/wos-dev-1.staging.sd-hosting.pt\/#organization"},"potentialAction":[{"@type":"SearchAction","target":{"@type":"EntryPoint","urlTemplate":"https:\/\/wos-dev-1.staging.sd-hosting.pt\/?s={search_term_string}"},"query-input":"required name=search_term_string"}],"inLanguage":"pt-PT"},{"@type":"Organization","@id":"https:\/\/wos-dev-1.staging.sd-hosting.pt\/#organization","name":"World Of Skin","url":"https:\/\/wos-dev-1.staging.sd-hosting.pt\/","logo":{"@type":"ImageObject","inLanguage":"pt-PT","@id":"https:\/\/wos-dev-1.staging.sd-hosting.pt\/#\/schema\/logo\/image\/","url":"https:\/\/wos-dev-1.staging.sd-hosting.pt\/wp-content\/uploads\/2022\/10\/Logotipo_Final.png","contentUrl":"https:\/\/wos-dev-1.staging.sd-hosting.pt\/wp-content\/uploads\/2022\/10\/Logotipo_Final.png","width":1774,"height":1536,"caption":"World Of Skin"},"image":{"@id":"https:\/\/wos-dev-1.staging.sd-hosting.pt\/#\/schema\/logo\/image\/"},"sameAs":["https:\/\/www.facebook.com\/worldofskin.pt\/","https:\/\/www.instagram.com\/world.of.skin\/"]}]}},"_links":{"self":[{"href":"https:\/\/wos-dev-1.staging.sd-hosting.pt\/index.php?rest_route=\/wp\/v2\/product\/105087","targetHints":{"allow":["GET"]}}],"collection":[{"href":"https:\/\/wos-dev-1.staging.sd-hosting.pt\/index.php?rest_route=\/wp\/v2\/product"}],"about":[{"href":"https:\/\/wos-dev-1.staging.sd-hosting.pt\/index.php?rest_route=\/wp\/v2\/types\/product"}],"replies":[{"embeddable":true,"href":"https:\/\/wos-dev-1.staging.sd-hosting.pt\/index.php?rest_route=%2Fwp%2Fv2%2Fcomments&post=105087"}],"wp:featuredmedia":[{"embeddable":true,"href":"https:\/\/wos-dev-1.staging.sd-hosting.pt\/index.php?rest_route=\/wp\/v2\/media\/562"}],"wp:attachment":[{"href":"https:\/\/wos-dev-1.staging.sd-hosting.pt\/index.php?rest_route=%2Fwp%2Fv2%2Fmedia&parent=105087"}],"wp:term":[{"taxonomy":"product_cat","embeddable":true,"href":"https:\/\/wos-dev-1.staging.sd-hosting.pt\/index.php?rest_route=%2Fwp%2Fv2%2Fproduct_cat&post=105087"},{"taxonomy":"product_tag","embeddable":true,"href":"https:\/\/wos-dev-1.staging.sd-hosting.pt\/index.php?rest_route=%2Fwp%2Fv2%2Fproduct_tag&post=105087"},{"taxonomy":"wos_brand","embeddable":true,"href":"https:\/\/wos-dev-1.staging.sd-hosting.pt\/index.php?rest_route=%2Fwp%2Fv2%2Fwos_brand&post=105087"}],"curies":[{"name":"wp","href":"https:\/\/api.w.org\/{rel}","templated":true}]}}