{"id":104989,"date":"2023-04-11T10:48:40","date_gmt":"2023-04-11T10:48:40","guid":{"rendered":"https:\/\/wos-dev-1.staging.sd-hosting.pt\/produto\/vichy-liftactiv-creme-supreme-olhos-15ml\/"},"modified":"2023-08-22T08:59:38","modified_gmt":"2023-08-22T08:59:38","slug":"vichy-liftactiv-creme-supreme-olhos-15ml","status":"publish","type":"product","link":"https:\/\/wos-dev-1.staging.sd-hosting.pt\/?product=vichy-liftactiv-creme-supreme-olhos-15ml","title":{"rendered":"Vichy Liftactiv Creme Supreme Olhos 15ml"},"content":{"rendered":"<p class=\"wosc-text-s wosc-text-justify\"><strong class=\"wosc-text-secondary\">Vichy Liftactiv Creme Supreme Olhos<\/strong> \u00e9 um cuidado corretor de proximidade para um efeito &#8220;lifting&#8221; do olhar 360\u00b0, mesmo para olhos sens\u00edveis.<\/p>\n<p class=\"wosc-text-s wosc-text-justify\">Para mulheres a partir dos 35 anos, mesmo de olhos sens\u00edveis, que procuram uma corre\u00e7\u00e3o integral do olhar: rugas, p\u00e1lpebras, olheiras e papos.<\/p>\n<p class=\"wosc-text-s wosc-text-justify\">Na sua constitui\u00e7\u00e3o encontramos 3 ativos poderosos de elevada toler\u00e2ncia:<\/p>\n<ul>\n<li class=\"wosc-li-p\">Rhamnose: um a\u00e7\u00facar vegetal 100% natural simultaneamente apaziguante e antienvelhecimento integral, atuando nas rugas e firmeza.<\/li>\n<li class=\"wosc-li-p\">Cafe\u00edna: antiolheiras, favorece a microcircula\u00e7\u00e3o cut\u00e2nea e a drenagem anti-\u00e1gua.<\/li>\n<li class=\"wosc-li-p\">Escina (extrato de castanheiro da \u00cdndia): antipapos, anti-incha\u00e7os, descongestiona e apazigua.<\/li>\n<\/ul>\n<p class=\"wosc-text-s wosc-text-justify\">O efeito lifting no contorno dos olhos \u00e9 vis\u00edvel, a pele \u00e9 rejuvenescida e o olhar refrescado.<\/p>\n","protected":false},"excerpt":{"rendered":"<p>Cuidado corretor de proximidade para um efeito &#8220;lifting&#8221; do olhar 360\u00b0, mesmo para olhos sens\u00edveis.<\/p>\n","protected":false},"featured_media":1484,"comment_status":"open","ping_status":"closed","template":"","meta":{"_acf_changed":false},"product_cat":[1000,998,986],"product_tag":[],"wos_brand":[1186,1114],"class_list":{"0":"post-104989","1":"product","2":"type-product","3":"status-publish","4":"has-post-thumbnail","6":"product_cat-antienvelhecimento","7":"product_cat-labios-e-olhos","8":"product_cat-rosto","9":"wos_brand-liftactiv","10":"wos_brand-vichy","12":"first","13":"outofstock","14":"taxable","15":"shipping-taxable","16":"purchasable","17":"product-type-simple"},"acf":[],"yoast_head":"<!-- This site is optimized with the Yoast SEO plugin v22.8 - https:\/\/yoast.com\/wordpress\/plugins\/seo\/ -->\n<title>Vichy Liftactiv Creme Supreme Olhos 15ml - World Of Skin<\/title>\n<meta name=\"description\" content=\"Vichy Liftactiv Creme Supreme Olhos \u00e9 um cuidado corrector de proximidade para um efeito &quot;lifting&quot; do olhar 360\u00b0, mesmo para olhos sens\u00edveis.\" \/>\n<meta name=\"robots\" content=\"index, follow, max-snippet:-1, max-image-preview:large, max-video-preview:-1\" \/>\n<link rel=\"canonical\" href=\"https:\/\/wos-dev-1.staging.sd-hosting.pt\/produto\/vichy-liftactiv-creme-supreme-olhos-15ml\/\" \/>\n<meta property=\"og:locale\" content=\"pt_PT\" \/>\n<meta property=\"og:type\" content=\"article\" \/>\n<meta property=\"og:title\" content=\"Vichy Liftactiv Creme Supreme Olhos 15ml - World Of Skin\" \/>\n<meta property=\"og:description\" content=\"Vichy Liftactiv Creme Supreme Olhos \u00e9 um cuidado corrector de proximidade para um efeito &quot;lifting&quot; do olhar 360\u00b0, mesmo para olhos sens\u00edveis.\" \/>\n<meta property=\"og:url\" content=\"https:\/\/wos-dev-1.staging.sd-hosting.pt\/produto\/vichy-liftactiv-creme-supreme-olhos-15ml\/\" \/>\n<meta property=\"og:site_name\" content=\"World Of Skin\" \/>\n<meta property=\"article:publisher\" content=\"https:\/\/www.facebook.com\/worldofskin.pt\/\" \/>\n<meta property=\"article:modified_time\" content=\"2023-08-22T08:59:38+00:00\" \/>\n<meta property=\"og:image\" content=\"https:\/\/wos-dev-1.staging.sd-hosting.pt\/wp-content\/uploads\/2023\/01\/cosmetica-ativa-vichy-liftactiv-supreme-olhos.jpg\" \/>\n\t<meta property=\"og:image:width\" content=\"2000\" \/>\n\t<meta property=\"og:image:height\" content=\"2000\" \/>\n\t<meta property=\"og:image:type\" content=\"image\/jpeg\" \/>\n<meta name=\"twitter:card\" content=\"summary_large_image\" \/>\n<meta name=\"twitter:label1\" content=\"Tempo estimado de leitura\" \/>\n\t<meta name=\"twitter:data1\" content=\"1 minuto\" \/>\n<script type=\"application\/ld+json\" class=\"yoast-schema-graph\">{\"@context\":\"https:\/\/schema.org\",\"@graph\":[{\"@type\":\"WebPage\",\"@id\":\"https:\/\/wos-dev-1.staging.sd-hosting.pt\/produto\/vichy-liftactiv-creme-supreme-olhos-15ml\/\",\"url\":\"https:\/\/wos-dev-1.staging.sd-hosting.pt\/produto\/vichy-liftactiv-creme-supreme-olhos-15ml\/\",\"name\":\"Vichy Liftactiv Creme Supreme Olhos 15ml - World Of Skin\",\"isPartOf\":{\"@id\":\"https:\/\/wos-dev-1.staging.sd-hosting.pt\/#website\"},\"primaryImageOfPage\":{\"@id\":\"https:\/\/wos-dev-1.staging.sd-hosting.pt\/produto\/vichy-liftactiv-creme-supreme-olhos-15ml\/#primaryimage\"},\"image\":{\"@id\":\"https:\/\/wos-dev-1.staging.sd-hosting.pt\/produto\/vichy-liftactiv-creme-supreme-olhos-15ml\/#primaryimage\"},\"thumbnailUrl\":\"https:\/\/wos-dev-1.staging.sd-hosting.pt\/wp-content\/uploads\/2023\/01\/cosmetica-ativa-vichy-liftactiv-supreme-olhos.jpg\",\"datePublished\":\"2023-04-11T10:48:40+00:00\",\"dateModified\":\"2023-08-22T08:59:38+00:00\",\"description\":\"Vichy Liftactiv Creme Supreme Olhos \u00e9 um cuidado corrector de proximidade para um efeito \\\"lifting\\\" do olhar 360\u00b0, mesmo para olhos sens\u00edveis.\",\"breadcrumb\":{\"@id\":\"https:\/\/wos-dev-1.staging.sd-hosting.pt\/produto\/vichy-liftactiv-creme-supreme-olhos-15ml\/#breadcrumb\"},\"inLanguage\":\"pt-PT\",\"potentialAction\":[{\"@type\":\"ReadAction\",\"target\":[\"https:\/\/wos-dev-1.staging.sd-hosting.pt\/produto\/vichy-liftactiv-creme-supreme-olhos-15ml\/\"]}]},{\"@type\":\"ImageObject\",\"inLanguage\":\"pt-PT\",\"@id\":\"https:\/\/wos-dev-1.staging.sd-hosting.pt\/produto\/vichy-liftactiv-creme-supreme-olhos-15ml\/#primaryimage\",\"url\":\"https:\/\/wos-dev-1.staging.sd-hosting.pt\/wp-content\/uploads\/2023\/01\/cosmetica-ativa-vichy-liftactiv-supreme-olhos.jpg\",\"contentUrl\":\"https:\/\/wos-dev-1.staging.sd-hosting.pt\/wp-content\/uploads\/2023\/01\/cosmetica-ativa-vichy-liftactiv-supreme-olhos.jpg\",\"width\":2000,\"height\":2000,\"caption\":\"Vichy Liftactiv Creme Supreme Olhos 15ml\"},{\"@type\":\"BreadcrumbList\",\"@id\":\"https:\/\/wos-dev-1.staging.sd-hosting.pt\/produto\/vichy-liftactiv-creme-supreme-olhos-15ml\/#breadcrumb\",\"itemListElement\":[{\"@type\":\"ListItem\",\"position\":1,\"name\":\"In\u00edcio\",\"item\":\"https:\/\/wos-dev-1.staging.sd-hosting.pt\/\"},{\"@type\":\"ListItem\",\"position\":2,\"name\":\"Vichy Liftactiv Creme Supreme Olhos 15ml\"}]},{\"@type\":\"WebSite\",\"@id\":\"https:\/\/wos-dev-1.staging.sd-hosting.pt\/#website\",\"url\":\"https:\/\/wos-dev-1.staging.sd-hosting.pt\/\",\"name\":\"World Of Skin\",\"description\":\"World Of Skin\",\"publisher\":{\"@id\":\"https:\/\/wos-dev-1.staging.sd-hosting.pt\/#organization\"},\"potentialAction\":[{\"@type\":\"SearchAction\",\"target\":{\"@type\":\"EntryPoint\",\"urlTemplate\":\"https:\/\/wos-dev-1.staging.sd-hosting.pt\/?s={search_term_string}\"},\"query-input\":\"required name=search_term_string\"}],\"inLanguage\":\"pt-PT\"},{\"@type\":\"Organization\",\"@id\":\"https:\/\/wos-dev-1.staging.sd-hosting.pt\/#organization\",\"name\":\"World Of Skin\",\"url\":\"https:\/\/wos-dev-1.staging.sd-hosting.pt\/\",\"logo\":{\"@type\":\"ImageObject\",\"inLanguage\":\"pt-PT\",\"@id\":\"https:\/\/wos-dev-1.staging.sd-hosting.pt\/#\/schema\/logo\/image\/\",\"url\":\"https:\/\/wos-dev-1.staging.sd-hosting.pt\/wp-content\/uploads\/2022\/10\/Logotipo_Final.png\",\"contentUrl\":\"https:\/\/wos-dev-1.staging.sd-hosting.pt\/wp-content\/uploads\/2022\/10\/Logotipo_Final.png\",\"width\":1774,\"height\":1536,\"caption\":\"World Of Skin\"},\"image\":{\"@id\":\"https:\/\/wos-dev-1.staging.sd-hosting.pt\/#\/schema\/logo\/image\/\"},\"sameAs\":[\"https:\/\/www.facebook.com\/worldofskin.pt\/\",\"https:\/\/www.instagram.com\/world.of.skin\/\"]}]}<\/script>\n<!-- \/ Yoast SEO plugin. -->","yoast_head_json":{"title":"Vichy Liftactiv Creme Supreme Olhos 15ml - World Of Skin","description":"Vichy Liftactiv Creme Supreme Olhos \u00e9 um cuidado corrector de proximidade para um efeito \"lifting\" do olhar 360\u00b0, mesmo para olhos sens\u00edveis.","robots":{"index":"index","follow":"follow","max-snippet":"max-snippet:-1","max-image-preview":"max-image-preview:large","max-video-preview":"max-video-preview:-1"},"canonical":"https:\/\/wos-dev-1.staging.sd-hosting.pt\/produto\/vichy-liftactiv-creme-supreme-olhos-15ml\/","og_locale":"pt_PT","og_type":"article","og_title":"Vichy Liftactiv Creme Supreme Olhos 15ml - World Of Skin","og_description":"Vichy Liftactiv Creme Supreme Olhos \u00e9 um cuidado corrector de proximidade para um efeito \"lifting\" do olhar 360\u00b0, mesmo para olhos sens\u00edveis.","og_url":"https:\/\/wos-dev-1.staging.sd-hosting.pt\/produto\/vichy-liftactiv-creme-supreme-olhos-15ml\/","og_site_name":"World Of Skin","article_publisher":"https:\/\/www.facebook.com\/worldofskin.pt\/","article_modified_time":"2023-08-22T08:59:38+00:00","og_image":[{"width":2000,"height":2000,"url":"https:\/\/wos-dev-1.staging.sd-hosting.pt\/wp-content\/uploads\/2023\/01\/cosmetica-ativa-vichy-liftactiv-supreme-olhos.jpg","type":"image\/jpeg"}],"twitter_card":"summary_large_image","twitter_misc":{"Tempo estimado de leitura":"1 minuto"},"schema":{"@context":"https:\/\/schema.org","@graph":[{"@type":"WebPage","@id":"https:\/\/wos-dev-1.staging.sd-hosting.pt\/produto\/vichy-liftactiv-creme-supreme-olhos-15ml\/","url":"https:\/\/wos-dev-1.staging.sd-hosting.pt\/produto\/vichy-liftactiv-creme-supreme-olhos-15ml\/","name":"Vichy Liftactiv Creme Supreme Olhos 15ml - World Of Skin","isPartOf":{"@id":"https:\/\/wos-dev-1.staging.sd-hosting.pt\/#website"},"primaryImageOfPage":{"@id":"https:\/\/wos-dev-1.staging.sd-hosting.pt\/produto\/vichy-liftactiv-creme-supreme-olhos-15ml\/#primaryimage"},"image":{"@id":"https:\/\/wos-dev-1.staging.sd-hosting.pt\/produto\/vichy-liftactiv-creme-supreme-olhos-15ml\/#primaryimage"},"thumbnailUrl":"https:\/\/wos-dev-1.staging.sd-hosting.pt\/wp-content\/uploads\/2023\/01\/cosmetica-ativa-vichy-liftactiv-supreme-olhos.jpg","datePublished":"2023-04-11T10:48:40+00:00","dateModified":"2023-08-22T08:59:38+00:00","description":"Vichy Liftactiv Creme Supreme Olhos \u00e9 um cuidado corrector de proximidade para um efeito \"lifting\" do olhar 360\u00b0, mesmo para olhos sens\u00edveis.","breadcrumb":{"@id":"https:\/\/wos-dev-1.staging.sd-hosting.pt\/produto\/vichy-liftactiv-creme-supreme-olhos-15ml\/#breadcrumb"},"inLanguage":"pt-PT","potentialAction":[{"@type":"ReadAction","target":["https:\/\/wos-dev-1.staging.sd-hosting.pt\/produto\/vichy-liftactiv-creme-supreme-olhos-15ml\/"]}]},{"@type":"ImageObject","inLanguage":"pt-PT","@id":"https:\/\/wos-dev-1.staging.sd-hosting.pt\/produto\/vichy-liftactiv-creme-supreme-olhos-15ml\/#primaryimage","url":"https:\/\/wos-dev-1.staging.sd-hosting.pt\/wp-content\/uploads\/2023\/01\/cosmetica-ativa-vichy-liftactiv-supreme-olhos.jpg","contentUrl":"https:\/\/wos-dev-1.staging.sd-hosting.pt\/wp-content\/uploads\/2023\/01\/cosmetica-ativa-vichy-liftactiv-supreme-olhos.jpg","width":2000,"height":2000,"caption":"Vichy Liftactiv Creme Supreme Olhos 15ml"},{"@type":"BreadcrumbList","@id":"https:\/\/wos-dev-1.staging.sd-hosting.pt\/produto\/vichy-liftactiv-creme-supreme-olhos-15ml\/#breadcrumb","itemListElement":[{"@type":"ListItem","position":1,"name":"In\u00edcio","item":"https:\/\/wos-dev-1.staging.sd-hosting.pt\/"},{"@type":"ListItem","position":2,"name":"Vichy Liftactiv Creme Supreme Olhos 15ml"}]},{"@type":"WebSite","@id":"https:\/\/wos-dev-1.staging.sd-hosting.pt\/#website","url":"https:\/\/wos-dev-1.staging.sd-hosting.pt\/","name":"World Of Skin","description":"World Of Skin","publisher":{"@id":"https:\/\/wos-dev-1.staging.sd-hosting.pt\/#organization"},"potentialAction":[{"@type":"SearchAction","target":{"@type":"EntryPoint","urlTemplate":"https:\/\/wos-dev-1.staging.sd-hosting.pt\/?s={search_term_string}"},"query-input":"required name=search_term_string"}],"inLanguage":"pt-PT"},{"@type":"Organization","@id":"https:\/\/wos-dev-1.staging.sd-hosting.pt\/#organization","name":"World Of Skin","url":"https:\/\/wos-dev-1.staging.sd-hosting.pt\/","logo":{"@type":"ImageObject","inLanguage":"pt-PT","@id":"https:\/\/wos-dev-1.staging.sd-hosting.pt\/#\/schema\/logo\/image\/","url":"https:\/\/wos-dev-1.staging.sd-hosting.pt\/wp-content\/uploads\/2022\/10\/Logotipo_Final.png","contentUrl":"https:\/\/wos-dev-1.staging.sd-hosting.pt\/wp-content\/uploads\/2022\/10\/Logotipo_Final.png","width":1774,"height":1536,"caption":"World Of Skin"},"image":{"@id":"https:\/\/wos-dev-1.staging.sd-hosting.pt\/#\/schema\/logo\/image\/"},"sameAs":["https:\/\/www.facebook.com\/worldofskin.pt\/","https:\/\/www.instagram.com\/world.of.skin\/"]}]}},"_links":{"self":[{"href":"https:\/\/wos-dev-1.staging.sd-hosting.pt\/index.php?rest_route=\/wp\/v2\/product\/104989","targetHints":{"allow":["GET"]}}],"collection":[{"href":"https:\/\/wos-dev-1.staging.sd-hosting.pt\/index.php?rest_route=\/wp\/v2\/product"}],"about":[{"href":"https:\/\/wos-dev-1.staging.sd-hosting.pt\/index.php?rest_route=\/wp\/v2\/types\/product"}],"replies":[{"embeddable":true,"href":"https:\/\/wos-dev-1.staging.sd-hosting.pt\/index.php?rest_route=%2Fwp%2Fv2%2Fcomments&post=104989"}],"wp:featuredmedia":[{"embeddable":true,"href":"https:\/\/wos-dev-1.staging.sd-hosting.pt\/index.php?rest_route=\/wp\/v2\/media\/1484"}],"wp:attachment":[{"href":"https:\/\/wos-dev-1.staging.sd-hosting.pt\/index.php?rest_route=%2Fwp%2Fv2%2Fmedia&parent=104989"}],"wp:term":[{"taxonomy":"product_cat","embeddable":true,"href":"https:\/\/wos-dev-1.staging.sd-hosting.pt\/index.php?rest_route=%2Fwp%2Fv2%2Fproduct_cat&post=104989"},{"taxonomy":"product_tag","embeddable":true,"href":"https:\/\/wos-dev-1.staging.sd-hosting.pt\/index.php?rest_route=%2Fwp%2Fv2%2Fproduct_tag&post=104989"},{"taxonomy":"wos_brand","embeddable":true,"href":"https:\/\/wos-dev-1.staging.sd-hosting.pt\/index.php?rest_route=%2Fwp%2Fv2%2Fwos_brand&post=104989"}],"curies":[{"name":"wp","href":"https:\/\/api.w.org\/{rel}","templated":true}]}}