{"id":104987,"date":"2023-04-11T10:48:39","date_gmt":"2023-04-11T10:48:39","guid":{"rendered":"https:\/\/wos-dev-1.staging.sd-hosting.pt\/produto\/vichy-liftactiv-creme-supreme-dia-pele-normal-a-mista-50ml\/"},"modified":"2023-08-22T08:59:07","modified_gmt":"2023-08-22T08:59:07","slug":"vichy-liftactiv-creme-supreme-dia-pele-normal-a-mista-50ml","status":"publish","type":"product","link":"https:\/\/wos-dev-1.staging.sd-hosting.pt\/?product=vichy-liftactiv-creme-supreme-dia-pele-normal-a-mista-50ml","title":{"rendered":"Vichy Liftactiv Creme Supreme Dia Pele Normal a Mista 50ml"},"content":{"rendered":"<p class=\"wosc-text-s wosc-text-justify\"><strong class=\"wosc-text-secondary\">Vichy Liftactiv Creme Supreme Dia Pele Normal a Mista<\/strong> \u00e9 um cuidado lifting di\u00e1rio.<\/p>\n<p class=\"wosc-text-s wosc-text-justify\">Corrige as rugas vis\u00edveis e devolve firmeza, para uma pele com aspeto mais jovem, de forma imediata e duradoura.<\/p>\n<p class=\"wosc-text-s wosc-text-justify\">A sua tecnologia de corre\u00e7\u00e3o \u00f3tica 3D e de ativos como a cafe\u00edna, a adenosina, a ramnose(5%) e a neospiridina traduz-se numa efic\u00e1cia imediata, di\u00e1ria e duradoura. Alisa as rugas e as imperfei\u00e7\u00f5es, ao mesmo tempo que ilumina a tez, perminindo \u00e0 pele ir ganhando firmeza e um aspeto jovem e repousado.<\/p>\n","protected":false},"excerpt":{"rendered":"<p>Cuidado lifting di\u00e1rio para uma pele normal e a mista com aspeto mais jovem.<\/p>\n","protected":false},"featured_media":1480,"comment_status":"open","ping_status":"closed","template":"","meta":{"_acf_changed":false},"product_cat":[1000,986],"product_tag":[],"wos_brand":[1186,1114],"class_list":{"0":"post-104987","1":"product","2":"type-product","3":"status-publish","4":"has-post-thumbnail","6":"product_cat-antienvelhecimento","7":"product_cat-rosto","8":"wos_brand-liftactiv","9":"wos_brand-vichy","11":"first","12":"outofstock","13":"taxable","14":"shipping-taxable","15":"purchasable","16":"product-type-simple"},"acf":[],"yoast_head":"<!-- This site is optimized with the Yoast SEO plugin v22.8 - https:\/\/yoast.com\/wordpress\/plugins\/seo\/ -->\n<title>Liftactiv Creme Supreme Dia Pele Normal a Mista - World Of Skin<\/title>\n<meta name=\"description\" content=\"Vichy Liftactiv Creme Supreme Dia Pele Normal a Mista \u00e9 um cuidado lifting di\u00e1rio. Corrige as rugas vis\u00edveis e devolve firmeza.\" \/>\n<meta name=\"robots\" content=\"index, follow, max-snippet:-1, max-image-preview:large, max-video-preview:-1\" \/>\n<link rel=\"canonical\" href=\"https:\/\/wos-dev-1.staging.sd-hosting.pt\/produto\/vichy-liftactiv-creme-supreme-dia-pele-normal-a-mista-50ml\/\" \/>\n<meta property=\"og:locale\" content=\"pt_PT\" \/>\n<meta property=\"og:type\" content=\"article\" \/>\n<meta property=\"og:title\" content=\"Liftactiv Creme Supreme Dia Pele Normal a Mista - World Of Skin\" \/>\n<meta property=\"og:description\" content=\"Vichy Liftactiv Creme Supreme Dia Pele Normal a Mista \u00e9 um cuidado lifting di\u00e1rio. Corrige as rugas vis\u00edveis e devolve firmeza.\" \/>\n<meta property=\"og:url\" content=\"https:\/\/wos-dev-1.staging.sd-hosting.pt\/produto\/vichy-liftactiv-creme-supreme-dia-pele-normal-a-mista-50ml\/\" \/>\n<meta property=\"og:site_name\" content=\"World Of Skin\" \/>\n<meta property=\"article:publisher\" content=\"https:\/\/www.facebook.com\/worldofskin.pt\/\" \/>\n<meta property=\"article:modified_time\" content=\"2023-08-22T08:59:07+00:00\" \/>\n<meta property=\"og:image\" content=\"https:\/\/wos-dev-1.staging.sd-hosting.pt\/wp-content\/uploads\/2023\/01\/cosmetica-ativa-vichy-liftactiv-supreme-dia-pele-normal-mista.jpg\" \/>\n\t<meta property=\"og:image:width\" content=\"2000\" \/>\n\t<meta property=\"og:image:height\" content=\"2000\" \/>\n\t<meta property=\"og:image:type\" content=\"image\/jpeg\" \/>\n<meta name=\"twitter:card\" content=\"summary_large_image\" \/>\n<meta name=\"twitter:label1\" content=\"Tempo estimado de leitura\" \/>\n\t<meta name=\"twitter:data1\" content=\"1 minuto\" \/>\n<script type=\"application\/ld+json\" class=\"yoast-schema-graph\">{\"@context\":\"https:\/\/schema.org\",\"@graph\":[{\"@type\":\"WebPage\",\"@id\":\"https:\/\/wos-dev-1.staging.sd-hosting.pt\/produto\/vichy-liftactiv-creme-supreme-dia-pele-normal-a-mista-50ml\/\",\"url\":\"https:\/\/wos-dev-1.staging.sd-hosting.pt\/produto\/vichy-liftactiv-creme-supreme-dia-pele-normal-a-mista-50ml\/\",\"name\":\"Liftactiv Creme Supreme Dia Pele Normal a Mista - World Of Skin\",\"isPartOf\":{\"@id\":\"https:\/\/wos-dev-1.staging.sd-hosting.pt\/#website\"},\"primaryImageOfPage\":{\"@id\":\"https:\/\/wos-dev-1.staging.sd-hosting.pt\/produto\/vichy-liftactiv-creme-supreme-dia-pele-normal-a-mista-50ml\/#primaryimage\"},\"image\":{\"@id\":\"https:\/\/wos-dev-1.staging.sd-hosting.pt\/produto\/vichy-liftactiv-creme-supreme-dia-pele-normal-a-mista-50ml\/#primaryimage\"},\"thumbnailUrl\":\"https:\/\/wos-dev-1.staging.sd-hosting.pt\/wp-content\/uploads\/2023\/01\/cosmetica-ativa-vichy-liftactiv-supreme-dia-pele-normal-mista.jpg\",\"datePublished\":\"2023-04-11T10:48:39+00:00\",\"dateModified\":\"2023-08-22T08:59:07+00:00\",\"description\":\"Vichy Liftactiv Creme Supreme Dia Pele Normal a Mista \u00e9 um cuidado lifting di\u00e1rio. Corrige as rugas vis\u00edveis e devolve firmeza.\",\"breadcrumb\":{\"@id\":\"https:\/\/wos-dev-1.staging.sd-hosting.pt\/produto\/vichy-liftactiv-creme-supreme-dia-pele-normal-a-mista-50ml\/#breadcrumb\"},\"inLanguage\":\"pt-PT\",\"potentialAction\":[{\"@type\":\"ReadAction\",\"target\":[\"https:\/\/wos-dev-1.staging.sd-hosting.pt\/produto\/vichy-liftactiv-creme-supreme-dia-pele-normal-a-mista-50ml\/\"]}]},{\"@type\":\"ImageObject\",\"inLanguage\":\"pt-PT\",\"@id\":\"https:\/\/wos-dev-1.staging.sd-hosting.pt\/produto\/vichy-liftactiv-creme-supreme-dia-pele-normal-a-mista-50ml\/#primaryimage\",\"url\":\"https:\/\/wos-dev-1.staging.sd-hosting.pt\/wp-content\/uploads\/2023\/01\/cosmetica-ativa-vichy-liftactiv-supreme-dia-pele-normal-mista.jpg\",\"contentUrl\":\"https:\/\/wos-dev-1.staging.sd-hosting.pt\/wp-content\/uploads\/2023\/01\/cosmetica-ativa-vichy-liftactiv-supreme-dia-pele-normal-mista.jpg\",\"width\":2000,\"height\":2000,\"caption\":\"Vichy Liftactiv Creme Supreme Dia\"},{\"@type\":\"BreadcrumbList\",\"@id\":\"https:\/\/wos-dev-1.staging.sd-hosting.pt\/produto\/vichy-liftactiv-creme-supreme-dia-pele-normal-a-mista-50ml\/#breadcrumb\",\"itemListElement\":[{\"@type\":\"ListItem\",\"position\":1,\"name\":\"In\u00edcio\",\"item\":\"https:\/\/wos-dev-1.staging.sd-hosting.pt\/\"},{\"@type\":\"ListItem\",\"position\":2,\"name\":\"Vichy Liftactiv Creme Supreme Dia Pele Normal a Mista 50ml\"}]},{\"@type\":\"WebSite\",\"@id\":\"https:\/\/wos-dev-1.staging.sd-hosting.pt\/#website\",\"url\":\"https:\/\/wos-dev-1.staging.sd-hosting.pt\/\",\"name\":\"World Of Skin\",\"description\":\"World Of Skin\",\"publisher\":{\"@id\":\"https:\/\/wos-dev-1.staging.sd-hosting.pt\/#organization\"},\"potentialAction\":[{\"@type\":\"SearchAction\",\"target\":{\"@type\":\"EntryPoint\",\"urlTemplate\":\"https:\/\/wos-dev-1.staging.sd-hosting.pt\/?s={search_term_string}\"},\"query-input\":\"required name=search_term_string\"}],\"inLanguage\":\"pt-PT\"},{\"@type\":\"Organization\",\"@id\":\"https:\/\/wos-dev-1.staging.sd-hosting.pt\/#organization\",\"name\":\"World Of Skin\",\"url\":\"https:\/\/wos-dev-1.staging.sd-hosting.pt\/\",\"logo\":{\"@type\":\"ImageObject\",\"inLanguage\":\"pt-PT\",\"@id\":\"https:\/\/wos-dev-1.staging.sd-hosting.pt\/#\/schema\/logo\/image\/\",\"url\":\"https:\/\/wos-dev-1.staging.sd-hosting.pt\/wp-content\/uploads\/2022\/10\/Logotipo_Final.png\",\"contentUrl\":\"https:\/\/wos-dev-1.staging.sd-hosting.pt\/wp-content\/uploads\/2022\/10\/Logotipo_Final.png\",\"width\":1774,\"height\":1536,\"caption\":\"World Of Skin\"},\"image\":{\"@id\":\"https:\/\/wos-dev-1.staging.sd-hosting.pt\/#\/schema\/logo\/image\/\"},\"sameAs\":[\"https:\/\/www.facebook.com\/worldofskin.pt\/\",\"https:\/\/www.instagram.com\/world.of.skin\/\"]}]}<\/script>\n<!-- \/ Yoast SEO plugin. -->","yoast_head_json":{"title":"Liftactiv Creme Supreme Dia Pele Normal a Mista - World Of Skin","description":"Vichy Liftactiv Creme Supreme Dia Pele Normal a Mista \u00e9 um cuidado lifting di\u00e1rio. Corrige as rugas vis\u00edveis e devolve firmeza.","robots":{"index":"index","follow":"follow","max-snippet":"max-snippet:-1","max-image-preview":"max-image-preview:large","max-video-preview":"max-video-preview:-1"},"canonical":"https:\/\/wos-dev-1.staging.sd-hosting.pt\/produto\/vichy-liftactiv-creme-supreme-dia-pele-normal-a-mista-50ml\/","og_locale":"pt_PT","og_type":"article","og_title":"Liftactiv Creme Supreme Dia Pele Normal a Mista - World Of Skin","og_description":"Vichy Liftactiv Creme Supreme Dia Pele Normal a Mista \u00e9 um cuidado lifting di\u00e1rio. Corrige as rugas vis\u00edveis e devolve firmeza.","og_url":"https:\/\/wos-dev-1.staging.sd-hosting.pt\/produto\/vichy-liftactiv-creme-supreme-dia-pele-normal-a-mista-50ml\/","og_site_name":"World Of Skin","article_publisher":"https:\/\/www.facebook.com\/worldofskin.pt\/","article_modified_time":"2023-08-22T08:59:07+00:00","og_image":[{"width":2000,"height":2000,"url":"https:\/\/wos-dev-1.staging.sd-hosting.pt\/wp-content\/uploads\/2023\/01\/cosmetica-ativa-vichy-liftactiv-supreme-dia-pele-normal-mista.jpg","type":"image\/jpeg"}],"twitter_card":"summary_large_image","twitter_misc":{"Tempo estimado de leitura":"1 minuto"},"schema":{"@context":"https:\/\/schema.org","@graph":[{"@type":"WebPage","@id":"https:\/\/wos-dev-1.staging.sd-hosting.pt\/produto\/vichy-liftactiv-creme-supreme-dia-pele-normal-a-mista-50ml\/","url":"https:\/\/wos-dev-1.staging.sd-hosting.pt\/produto\/vichy-liftactiv-creme-supreme-dia-pele-normal-a-mista-50ml\/","name":"Liftactiv Creme Supreme Dia Pele Normal a Mista - World Of Skin","isPartOf":{"@id":"https:\/\/wos-dev-1.staging.sd-hosting.pt\/#website"},"primaryImageOfPage":{"@id":"https:\/\/wos-dev-1.staging.sd-hosting.pt\/produto\/vichy-liftactiv-creme-supreme-dia-pele-normal-a-mista-50ml\/#primaryimage"},"image":{"@id":"https:\/\/wos-dev-1.staging.sd-hosting.pt\/produto\/vichy-liftactiv-creme-supreme-dia-pele-normal-a-mista-50ml\/#primaryimage"},"thumbnailUrl":"https:\/\/wos-dev-1.staging.sd-hosting.pt\/wp-content\/uploads\/2023\/01\/cosmetica-ativa-vichy-liftactiv-supreme-dia-pele-normal-mista.jpg","datePublished":"2023-04-11T10:48:39+00:00","dateModified":"2023-08-22T08:59:07+00:00","description":"Vichy Liftactiv Creme Supreme Dia Pele Normal a Mista \u00e9 um cuidado lifting di\u00e1rio. Corrige as rugas vis\u00edveis e devolve firmeza.","breadcrumb":{"@id":"https:\/\/wos-dev-1.staging.sd-hosting.pt\/produto\/vichy-liftactiv-creme-supreme-dia-pele-normal-a-mista-50ml\/#breadcrumb"},"inLanguage":"pt-PT","potentialAction":[{"@type":"ReadAction","target":["https:\/\/wos-dev-1.staging.sd-hosting.pt\/produto\/vichy-liftactiv-creme-supreme-dia-pele-normal-a-mista-50ml\/"]}]},{"@type":"ImageObject","inLanguage":"pt-PT","@id":"https:\/\/wos-dev-1.staging.sd-hosting.pt\/produto\/vichy-liftactiv-creme-supreme-dia-pele-normal-a-mista-50ml\/#primaryimage","url":"https:\/\/wos-dev-1.staging.sd-hosting.pt\/wp-content\/uploads\/2023\/01\/cosmetica-ativa-vichy-liftactiv-supreme-dia-pele-normal-mista.jpg","contentUrl":"https:\/\/wos-dev-1.staging.sd-hosting.pt\/wp-content\/uploads\/2023\/01\/cosmetica-ativa-vichy-liftactiv-supreme-dia-pele-normal-mista.jpg","width":2000,"height":2000,"caption":"Vichy Liftactiv Creme Supreme Dia"},{"@type":"BreadcrumbList","@id":"https:\/\/wos-dev-1.staging.sd-hosting.pt\/produto\/vichy-liftactiv-creme-supreme-dia-pele-normal-a-mista-50ml\/#breadcrumb","itemListElement":[{"@type":"ListItem","position":1,"name":"In\u00edcio","item":"https:\/\/wos-dev-1.staging.sd-hosting.pt\/"},{"@type":"ListItem","position":2,"name":"Vichy Liftactiv Creme Supreme Dia Pele Normal a Mista 50ml"}]},{"@type":"WebSite","@id":"https:\/\/wos-dev-1.staging.sd-hosting.pt\/#website","url":"https:\/\/wos-dev-1.staging.sd-hosting.pt\/","name":"World Of Skin","description":"World Of Skin","publisher":{"@id":"https:\/\/wos-dev-1.staging.sd-hosting.pt\/#organization"},"potentialAction":[{"@type":"SearchAction","target":{"@type":"EntryPoint","urlTemplate":"https:\/\/wos-dev-1.staging.sd-hosting.pt\/?s={search_term_string}"},"query-input":"required name=search_term_string"}],"inLanguage":"pt-PT"},{"@type":"Organization","@id":"https:\/\/wos-dev-1.staging.sd-hosting.pt\/#organization","name":"World Of Skin","url":"https:\/\/wos-dev-1.staging.sd-hosting.pt\/","logo":{"@type":"ImageObject","inLanguage":"pt-PT","@id":"https:\/\/wos-dev-1.staging.sd-hosting.pt\/#\/schema\/logo\/image\/","url":"https:\/\/wos-dev-1.staging.sd-hosting.pt\/wp-content\/uploads\/2022\/10\/Logotipo_Final.png","contentUrl":"https:\/\/wos-dev-1.staging.sd-hosting.pt\/wp-content\/uploads\/2022\/10\/Logotipo_Final.png","width":1774,"height":1536,"caption":"World Of Skin"},"image":{"@id":"https:\/\/wos-dev-1.staging.sd-hosting.pt\/#\/schema\/logo\/image\/"},"sameAs":["https:\/\/www.facebook.com\/worldofskin.pt\/","https:\/\/www.instagram.com\/world.of.skin\/"]}]}},"_links":{"self":[{"href":"https:\/\/wos-dev-1.staging.sd-hosting.pt\/index.php?rest_route=\/wp\/v2\/product\/104987","targetHints":{"allow":["GET"]}}],"collection":[{"href":"https:\/\/wos-dev-1.staging.sd-hosting.pt\/index.php?rest_route=\/wp\/v2\/product"}],"about":[{"href":"https:\/\/wos-dev-1.staging.sd-hosting.pt\/index.php?rest_route=\/wp\/v2\/types\/product"}],"replies":[{"embeddable":true,"href":"https:\/\/wos-dev-1.staging.sd-hosting.pt\/index.php?rest_route=%2Fwp%2Fv2%2Fcomments&post=104987"}],"wp:featuredmedia":[{"embeddable":true,"href":"https:\/\/wos-dev-1.staging.sd-hosting.pt\/index.php?rest_route=\/wp\/v2\/media\/1480"}],"wp:attachment":[{"href":"https:\/\/wos-dev-1.staging.sd-hosting.pt\/index.php?rest_route=%2Fwp%2Fv2%2Fmedia&parent=104987"}],"wp:term":[{"taxonomy":"product_cat","embeddable":true,"href":"https:\/\/wos-dev-1.staging.sd-hosting.pt\/index.php?rest_route=%2Fwp%2Fv2%2Fproduct_cat&post=104987"},{"taxonomy":"product_tag","embeddable":true,"href":"https:\/\/wos-dev-1.staging.sd-hosting.pt\/index.php?rest_route=%2Fwp%2Fv2%2Fproduct_tag&post=104987"},{"taxonomy":"wos_brand","embeddable":true,"href":"https:\/\/wos-dev-1.staging.sd-hosting.pt\/index.php?rest_route=%2Fwp%2Fv2%2Fwos_brand&post=104987"}],"curies":[{"name":"wp","href":"https:\/\/api.w.org\/{rel}","templated":true}]}}