{"id":104984,"date":"2023-04-11T10:48:37","date_gmt":"2023-04-11T10:48:37","guid":{"rendered":"https:\/\/wos-dev-1.staging.sd-hosting.pt\/produto\/vichy-homme-structure-force-antienvelhecimento-50ml\/"},"modified":"2023-08-22T08:59:37","modified_gmt":"2023-08-22T08:59:37","slug":"vichy-homme-structure-force-antienvelhecimento-50ml","status":"publish","type":"product","link":"https:\/\/wos-dev-1.staging.sd-hosting.pt\/?product=vichy-homme-structure-force-antienvelhecimento-50ml","title":{"rendered":"Vichy Homme Structure Force Antienvelhecimento 50ml"},"content":{"rendered":"<p class=\"wosc-text-s wosc-text-justify\"><strong class=\"wosc-text-secondary\">Vichy Homme Structure Force Antienvelhecimento<\/strong> \u00e9 um cuidado antienvelhecimento para homens com ingredientes ativos de alta performance.<\/p>\n<p class=\"wosc-text-s wosc-text-justify\">De r\u00e1pida absor\u00e7\u00e3o com efic\u00e1cia comprovada nos 4 sinais cl\u00ednicos de envelhecimento:<\/p>\n<ul>\n<li class=\"wosc-li-p\">Perda de firmeza,<\/li>\n<li class=\"wosc-li-p\">Rugas no contorno dos olhos,<\/li>\n<li class=\"wosc-li-p\">Textura irregular da pele e<\/li>\n<li class=\"wosc-li-p\">Flacidez.<\/li>\n<\/ul>\n","protected":false},"excerpt":{"rendered":"<p>Cuidado antienvelhecimento para homens, de r\u00e1pida absor\u00e7\u00e3o.<\/p>\n","protected":false},"featured_media":1436,"comment_status":"open","ping_status":"closed","template":"","meta":{"_acf_changed":false},"product_cat":[1046,988,1042,986],"product_tag":[],"wos_brand":[1114],"class_list":{"0":"post-104984","1":"product","2":"type-product","3":"status-publish","4":"has-post-thumbnail","6":"product_cat-antienvelhecimento-homem","7":"product_cat-homem","8":"product_cat-rosto-homem","9":"product_cat-rosto","10":"wos_brand-vichy","12":"first","13":"outofstock","14":"taxable","15":"shipping-taxable","16":"purchasable","17":"product-type-simple"},"acf":[],"yoast_head":"<!-- This site is optimized with the Yoast SEO plugin v22.8 - https:\/\/yoast.com\/wordpress\/plugins\/seo\/ -->\n<title>Vichy Homme Structure Force Antienvelhecimento - World Of Skin<\/title>\n<meta name=\"description\" content=\"Vichy Homme Structure Force Antienvelhecimento \u00e9 um cuidado antienvelhecimento para homens com ingredientes ativos de alta performance.\" \/>\n<meta name=\"robots\" content=\"index, follow, max-snippet:-1, max-image-preview:large, max-video-preview:-1\" \/>\n<link rel=\"canonical\" href=\"https:\/\/wos-dev-1.staging.sd-hosting.pt\/produto\/vichy-homme-structure-force-antienvelhecimento-50ml\/\" \/>\n<meta property=\"og:locale\" content=\"pt_PT\" \/>\n<meta property=\"og:type\" content=\"article\" \/>\n<meta property=\"og:title\" content=\"Vichy Homme Structure Force Antienvelhecimento - World Of Skin\" \/>\n<meta property=\"og:description\" content=\"Vichy Homme Structure Force Antienvelhecimento \u00e9 um cuidado antienvelhecimento para homens com ingredientes ativos de alta performance.\" \/>\n<meta property=\"og:url\" content=\"https:\/\/wos-dev-1.staging.sd-hosting.pt\/produto\/vichy-homme-structure-force-antienvelhecimento-50ml\/\" \/>\n<meta property=\"og:site_name\" content=\"World Of Skin\" \/>\n<meta property=\"article:publisher\" content=\"https:\/\/www.facebook.com\/worldofskin.pt\/\" \/>\n<meta property=\"article:modified_time\" content=\"2023-08-22T08:59:37+00:00\" \/>\n<meta property=\"og:image\" content=\"https:\/\/wos-dev-1.staging.sd-hosting.pt\/wp-content\/uploads\/2023\/01\/cosmetica-ativa-vichy-homme-structure-force-antienvelhecimento.jpg\" \/>\n\t<meta property=\"og:image:width\" content=\"2000\" \/>\n\t<meta property=\"og:image:height\" content=\"2000\" \/>\n\t<meta property=\"og:image:type\" content=\"image\/jpeg\" \/>\n<meta name=\"twitter:card\" content=\"summary_large_image\" \/>\n<meta name=\"twitter:label1\" content=\"Tempo estimado de leitura\" \/>\n\t<meta name=\"twitter:data1\" content=\"1 minuto\" \/>\n<script type=\"application\/ld+json\" class=\"yoast-schema-graph\">{\"@context\":\"https:\/\/schema.org\",\"@graph\":[{\"@type\":\"WebPage\",\"@id\":\"https:\/\/wos-dev-1.staging.sd-hosting.pt\/produto\/vichy-homme-structure-force-antienvelhecimento-50ml\/\",\"url\":\"https:\/\/wos-dev-1.staging.sd-hosting.pt\/produto\/vichy-homme-structure-force-antienvelhecimento-50ml\/\",\"name\":\"Vichy Homme Structure Force Antienvelhecimento - World Of Skin\",\"isPartOf\":{\"@id\":\"https:\/\/wos-dev-1.staging.sd-hosting.pt\/#website\"},\"primaryImageOfPage\":{\"@id\":\"https:\/\/wos-dev-1.staging.sd-hosting.pt\/produto\/vichy-homme-structure-force-antienvelhecimento-50ml\/#primaryimage\"},\"image\":{\"@id\":\"https:\/\/wos-dev-1.staging.sd-hosting.pt\/produto\/vichy-homme-structure-force-antienvelhecimento-50ml\/#primaryimage\"},\"thumbnailUrl\":\"https:\/\/wos-dev-1.staging.sd-hosting.pt\/wp-content\/uploads\/2023\/01\/cosmetica-ativa-vichy-homme-structure-force-antienvelhecimento.jpg\",\"datePublished\":\"2023-04-11T10:48:37+00:00\",\"dateModified\":\"2023-08-22T08:59:37+00:00\",\"description\":\"Vichy Homme Structure Force Antienvelhecimento \u00e9 um cuidado antienvelhecimento para homens com ingredientes ativos de alta performance.\",\"breadcrumb\":{\"@id\":\"https:\/\/wos-dev-1.staging.sd-hosting.pt\/produto\/vichy-homme-structure-force-antienvelhecimento-50ml\/#breadcrumb\"},\"inLanguage\":\"pt-PT\",\"potentialAction\":[{\"@type\":\"ReadAction\",\"target\":[\"https:\/\/wos-dev-1.staging.sd-hosting.pt\/produto\/vichy-homme-structure-force-antienvelhecimento-50ml\/\"]}]},{\"@type\":\"ImageObject\",\"inLanguage\":\"pt-PT\",\"@id\":\"https:\/\/wos-dev-1.staging.sd-hosting.pt\/produto\/vichy-homme-structure-force-antienvelhecimento-50ml\/#primaryimage\",\"url\":\"https:\/\/wos-dev-1.staging.sd-hosting.pt\/wp-content\/uploads\/2023\/01\/cosmetica-ativa-vichy-homme-structure-force-antienvelhecimento.jpg\",\"contentUrl\":\"https:\/\/wos-dev-1.staging.sd-hosting.pt\/wp-content\/uploads\/2023\/01\/cosmetica-ativa-vichy-homme-structure-force-antienvelhecimento.jpg\",\"width\":2000,\"height\":2000,\"caption\":\"Vichy Homme Structure Force Antienvelhecimento 50ml - cuidado antienvelhecimento para homens\"},{\"@type\":\"BreadcrumbList\",\"@id\":\"https:\/\/wos-dev-1.staging.sd-hosting.pt\/produto\/vichy-homme-structure-force-antienvelhecimento-50ml\/#breadcrumb\",\"itemListElement\":[{\"@type\":\"ListItem\",\"position\":1,\"name\":\"In\u00edcio\",\"item\":\"https:\/\/wos-dev-1.staging.sd-hosting.pt\/\"},{\"@type\":\"ListItem\",\"position\":2,\"name\":\"Vichy Homme Structure Force Antienvelhecimento 50ml\"}]},{\"@type\":\"WebSite\",\"@id\":\"https:\/\/wos-dev-1.staging.sd-hosting.pt\/#website\",\"url\":\"https:\/\/wos-dev-1.staging.sd-hosting.pt\/\",\"name\":\"World Of Skin\",\"description\":\"World Of Skin\",\"publisher\":{\"@id\":\"https:\/\/wos-dev-1.staging.sd-hosting.pt\/#organization\"},\"potentialAction\":[{\"@type\":\"SearchAction\",\"target\":{\"@type\":\"EntryPoint\",\"urlTemplate\":\"https:\/\/wos-dev-1.staging.sd-hosting.pt\/?s={search_term_string}\"},\"query-input\":\"required name=search_term_string\"}],\"inLanguage\":\"pt-PT\"},{\"@type\":\"Organization\",\"@id\":\"https:\/\/wos-dev-1.staging.sd-hosting.pt\/#organization\",\"name\":\"World Of Skin\",\"url\":\"https:\/\/wos-dev-1.staging.sd-hosting.pt\/\",\"logo\":{\"@type\":\"ImageObject\",\"inLanguage\":\"pt-PT\",\"@id\":\"https:\/\/wos-dev-1.staging.sd-hosting.pt\/#\/schema\/logo\/image\/\",\"url\":\"https:\/\/wos-dev-1.staging.sd-hosting.pt\/wp-content\/uploads\/2022\/10\/Logotipo_Final.png\",\"contentUrl\":\"https:\/\/wos-dev-1.staging.sd-hosting.pt\/wp-content\/uploads\/2022\/10\/Logotipo_Final.png\",\"width\":1774,\"height\":1536,\"caption\":\"World Of Skin\"},\"image\":{\"@id\":\"https:\/\/wos-dev-1.staging.sd-hosting.pt\/#\/schema\/logo\/image\/\"},\"sameAs\":[\"https:\/\/www.facebook.com\/worldofskin.pt\/\",\"https:\/\/www.instagram.com\/world.of.skin\/\"]}]}<\/script>\n<!-- \/ Yoast SEO plugin. -->","yoast_head_json":{"title":"Vichy Homme Structure Force Antienvelhecimento - World Of Skin","description":"Vichy Homme Structure Force Antienvelhecimento \u00e9 um cuidado antienvelhecimento para homens com ingredientes ativos de alta performance.","robots":{"index":"index","follow":"follow","max-snippet":"max-snippet:-1","max-image-preview":"max-image-preview:large","max-video-preview":"max-video-preview:-1"},"canonical":"https:\/\/wos-dev-1.staging.sd-hosting.pt\/produto\/vichy-homme-structure-force-antienvelhecimento-50ml\/","og_locale":"pt_PT","og_type":"article","og_title":"Vichy Homme Structure Force Antienvelhecimento - World Of Skin","og_description":"Vichy Homme Structure Force Antienvelhecimento \u00e9 um cuidado antienvelhecimento para homens com ingredientes ativos de alta performance.","og_url":"https:\/\/wos-dev-1.staging.sd-hosting.pt\/produto\/vichy-homme-structure-force-antienvelhecimento-50ml\/","og_site_name":"World Of Skin","article_publisher":"https:\/\/www.facebook.com\/worldofskin.pt\/","article_modified_time":"2023-08-22T08:59:37+00:00","og_image":[{"width":2000,"height":2000,"url":"https:\/\/wos-dev-1.staging.sd-hosting.pt\/wp-content\/uploads\/2023\/01\/cosmetica-ativa-vichy-homme-structure-force-antienvelhecimento.jpg","type":"image\/jpeg"}],"twitter_card":"summary_large_image","twitter_misc":{"Tempo estimado de leitura":"1 minuto"},"schema":{"@context":"https:\/\/schema.org","@graph":[{"@type":"WebPage","@id":"https:\/\/wos-dev-1.staging.sd-hosting.pt\/produto\/vichy-homme-structure-force-antienvelhecimento-50ml\/","url":"https:\/\/wos-dev-1.staging.sd-hosting.pt\/produto\/vichy-homme-structure-force-antienvelhecimento-50ml\/","name":"Vichy Homme Structure Force Antienvelhecimento - World Of Skin","isPartOf":{"@id":"https:\/\/wos-dev-1.staging.sd-hosting.pt\/#website"},"primaryImageOfPage":{"@id":"https:\/\/wos-dev-1.staging.sd-hosting.pt\/produto\/vichy-homme-structure-force-antienvelhecimento-50ml\/#primaryimage"},"image":{"@id":"https:\/\/wos-dev-1.staging.sd-hosting.pt\/produto\/vichy-homme-structure-force-antienvelhecimento-50ml\/#primaryimage"},"thumbnailUrl":"https:\/\/wos-dev-1.staging.sd-hosting.pt\/wp-content\/uploads\/2023\/01\/cosmetica-ativa-vichy-homme-structure-force-antienvelhecimento.jpg","datePublished":"2023-04-11T10:48:37+00:00","dateModified":"2023-08-22T08:59:37+00:00","description":"Vichy Homme Structure Force Antienvelhecimento \u00e9 um cuidado antienvelhecimento para homens com ingredientes ativos de alta performance.","breadcrumb":{"@id":"https:\/\/wos-dev-1.staging.sd-hosting.pt\/produto\/vichy-homme-structure-force-antienvelhecimento-50ml\/#breadcrumb"},"inLanguage":"pt-PT","potentialAction":[{"@type":"ReadAction","target":["https:\/\/wos-dev-1.staging.sd-hosting.pt\/produto\/vichy-homme-structure-force-antienvelhecimento-50ml\/"]}]},{"@type":"ImageObject","inLanguage":"pt-PT","@id":"https:\/\/wos-dev-1.staging.sd-hosting.pt\/produto\/vichy-homme-structure-force-antienvelhecimento-50ml\/#primaryimage","url":"https:\/\/wos-dev-1.staging.sd-hosting.pt\/wp-content\/uploads\/2023\/01\/cosmetica-ativa-vichy-homme-structure-force-antienvelhecimento.jpg","contentUrl":"https:\/\/wos-dev-1.staging.sd-hosting.pt\/wp-content\/uploads\/2023\/01\/cosmetica-ativa-vichy-homme-structure-force-antienvelhecimento.jpg","width":2000,"height":2000,"caption":"Vichy Homme Structure Force Antienvelhecimento 50ml - cuidado antienvelhecimento para homens"},{"@type":"BreadcrumbList","@id":"https:\/\/wos-dev-1.staging.sd-hosting.pt\/produto\/vichy-homme-structure-force-antienvelhecimento-50ml\/#breadcrumb","itemListElement":[{"@type":"ListItem","position":1,"name":"In\u00edcio","item":"https:\/\/wos-dev-1.staging.sd-hosting.pt\/"},{"@type":"ListItem","position":2,"name":"Vichy Homme Structure Force Antienvelhecimento 50ml"}]},{"@type":"WebSite","@id":"https:\/\/wos-dev-1.staging.sd-hosting.pt\/#website","url":"https:\/\/wos-dev-1.staging.sd-hosting.pt\/","name":"World Of Skin","description":"World Of Skin","publisher":{"@id":"https:\/\/wos-dev-1.staging.sd-hosting.pt\/#organization"},"potentialAction":[{"@type":"SearchAction","target":{"@type":"EntryPoint","urlTemplate":"https:\/\/wos-dev-1.staging.sd-hosting.pt\/?s={search_term_string}"},"query-input":"required name=search_term_string"}],"inLanguage":"pt-PT"},{"@type":"Organization","@id":"https:\/\/wos-dev-1.staging.sd-hosting.pt\/#organization","name":"World Of Skin","url":"https:\/\/wos-dev-1.staging.sd-hosting.pt\/","logo":{"@type":"ImageObject","inLanguage":"pt-PT","@id":"https:\/\/wos-dev-1.staging.sd-hosting.pt\/#\/schema\/logo\/image\/","url":"https:\/\/wos-dev-1.staging.sd-hosting.pt\/wp-content\/uploads\/2022\/10\/Logotipo_Final.png","contentUrl":"https:\/\/wos-dev-1.staging.sd-hosting.pt\/wp-content\/uploads\/2022\/10\/Logotipo_Final.png","width":1774,"height":1536,"caption":"World Of Skin"},"image":{"@id":"https:\/\/wos-dev-1.staging.sd-hosting.pt\/#\/schema\/logo\/image\/"},"sameAs":["https:\/\/www.facebook.com\/worldofskin.pt\/","https:\/\/www.instagram.com\/world.of.skin\/"]}]}},"_links":{"self":[{"href":"https:\/\/wos-dev-1.staging.sd-hosting.pt\/index.php?rest_route=\/wp\/v2\/product\/104984","targetHints":{"allow":["GET"]}}],"collection":[{"href":"https:\/\/wos-dev-1.staging.sd-hosting.pt\/index.php?rest_route=\/wp\/v2\/product"}],"about":[{"href":"https:\/\/wos-dev-1.staging.sd-hosting.pt\/index.php?rest_route=\/wp\/v2\/types\/product"}],"replies":[{"embeddable":true,"href":"https:\/\/wos-dev-1.staging.sd-hosting.pt\/index.php?rest_route=%2Fwp%2Fv2%2Fcomments&post=104984"}],"wp:featuredmedia":[{"embeddable":true,"href":"https:\/\/wos-dev-1.staging.sd-hosting.pt\/index.php?rest_route=\/wp\/v2\/media\/1436"}],"wp:attachment":[{"href":"https:\/\/wos-dev-1.staging.sd-hosting.pt\/index.php?rest_route=%2Fwp%2Fv2%2Fmedia&parent=104984"}],"wp:term":[{"taxonomy":"product_cat","embeddable":true,"href":"https:\/\/wos-dev-1.staging.sd-hosting.pt\/index.php?rest_route=%2Fwp%2Fv2%2Fproduct_cat&post=104984"},{"taxonomy":"product_tag","embeddable":true,"href":"https:\/\/wos-dev-1.staging.sd-hosting.pt\/index.php?rest_route=%2Fwp%2Fv2%2Fproduct_tag&post=104984"},{"taxonomy":"wos_brand","embeddable":true,"href":"https:\/\/wos-dev-1.staging.sd-hosting.pt\/index.php?rest_route=%2Fwp%2Fv2%2Fwos_brand&post=104984"}],"curies":[{"name":"wp","href":"https:\/\/api.w.org\/{rel}","templated":true}]}}