{"id":104982,"date":"2023-04-11T10:48:36","date_gmt":"2023-04-11T10:48:36","guid":{"rendered":"https:\/\/wos-dev-1.staging.sd-hosting.pt\/produto\/vichy-homme-mousse-de-barbear-anti-irritacoes-200ml\/"},"modified":"2023-08-22T08:58:56","modified_gmt":"2023-08-22T08:58:56","slug":"vichy-homme-mousse-de-barbear-anti-irritacoes-200ml","status":"publish","type":"product","link":"https:\/\/wos-dev-1.staging.sd-hosting.pt\/?product=vichy-homme-mousse-de-barbear-anti-irritacoes-200ml","title":{"rendered":"Vichy Homme Mousse de Barbear Anti-irrita\u00e7\u00f5es 200ml"},"content":{"rendered":"<p class=\"wosc-text-s wosc-text-justify\"><strong class=\"wosc-text-secondary\">Vichy Homme Mousse de Barbear Anti-irrita\u00e7\u00f5es <\/strong>est\u00e1 indicado para homens de pele sens\u00edvel ou problem\u00e1tica. Para pelos encravados, borbulhas provocadas pelo barbear, entre outros problemas que, na zona da barba, apresentem vermelhid\u00e3o ou irrita\u00e7\u00e3o depois do barbear.<\/p>\n<p class=\"wosc-text-s wosc-text-justify\">A conjuga\u00e7\u00e3o de C\u00e1lcio, Vitamina C glucosilada e \u00c1cido Salic\u00edlico previne o aquecimento que pode resultar do barbear. Ao mesmo tempo que preserva o filme hidrolip\u00eddico cut\u00e2neo evitando as sensa\u00e7\u00f5es de fric\u00e7\u00e3o e irrita\u00e7\u00e3o.<\/p>\n<p class=\"wosc-text-s wosc-text-justify\">A pele fica protegida e hidratada em profundidade.<\/p>\n","protected":false},"excerpt":{"rendered":"<p>Mousse de barbear para irrita\u00e7\u00e3o e\/ou vermelhid\u00e3o na zona da barba.<\/p>\n","protected":false},"featured_media":1434,"comment_status":"open","ping_status":"closed","template":"","meta":{"_acf_changed":false},"product_cat":[1043,988],"product_tag":[],"wos_brand":[1114],"class_list":{"0":"post-104982","1":"product","2":"type-product","3":"status-publish","4":"has-post-thumbnail","6":"product_cat-cabelo-e-barba","7":"product_cat-homem","8":"wos_brand-vichy","10":"first","11":"outofstock","12":"taxable","13":"shipping-taxable","14":"purchasable","15":"product-type-simple"},"acf":[],"yoast_head":"<!-- This site is optimized with the Yoast SEO plugin v22.8 - https:\/\/yoast.com\/wordpress\/plugins\/seo\/ -->\n<title>Vichy Homme Mousse de Barbear 200ml - World Of Skin<\/title>\n<meta name=\"description\" content=\"Para homens de pele sens\u00edvel ou problem\u00e1tica que apresentem, na zona da barba, pelos encravados, borbulhas, vermelhid\u00e3o ou irrita\u00e7\u00e3o depois do barbear.\" \/>\n<meta name=\"robots\" content=\"index, follow, max-snippet:-1, max-image-preview:large, max-video-preview:-1\" \/>\n<link rel=\"canonical\" href=\"https:\/\/wos-dev-1.staging.sd-hosting.pt\/produto\/vichy-homme-mousse-de-barbear-anti-irritacoes-200ml\/\" \/>\n<meta property=\"og:locale\" content=\"pt_PT\" \/>\n<meta property=\"og:type\" content=\"article\" \/>\n<meta property=\"og:title\" content=\"Vichy Homme Mousse de Barbear 200ml - World Of Skin\" \/>\n<meta property=\"og:description\" content=\"Para homens de pele sens\u00edvel ou problem\u00e1tica que apresentem, na zona da barba, pelos encravados, borbulhas, vermelhid\u00e3o ou irrita\u00e7\u00e3o depois do barbear.\" \/>\n<meta property=\"og:url\" content=\"https:\/\/wos-dev-1.staging.sd-hosting.pt\/produto\/vichy-homme-mousse-de-barbear-anti-irritacoes-200ml\/\" \/>\n<meta property=\"og:site_name\" content=\"World Of Skin\" \/>\n<meta property=\"article:publisher\" content=\"https:\/\/www.facebook.com\/worldofskin.pt\/\" \/>\n<meta property=\"article:modified_time\" content=\"2023-08-22T08:58:56+00:00\" \/>\n<meta property=\"og:image\" content=\"https:\/\/wos-dev-1.staging.sd-hosting.pt\/wp-content\/uploads\/2023\/01\/cosmetica-ativa-vichy-homme-mousse-barbear-anti-irritacoes.jpg\" \/>\n\t<meta property=\"og:image:width\" content=\"2000\" \/>\n\t<meta property=\"og:image:height\" content=\"2000\" \/>\n\t<meta property=\"og:image:type\" content=\"image\/jpeg\" \/>\n<meta name=\"twitter:card\" content=\"summary_large_image\" \/>\n<meta name=\"twitter:label1\" content=\"Tempo estimado de leitura\" \/>\n\t<meta name=\"twitter:data1\" content=\"1 minuto\" \/>\n<script type=\"application\/ld+json\" class=\"yoast-schema-graph\">{\"@context\":\"https:\/\/schema.org\",\"@graph\":[{\"@type\":\"WebPage\",\"@id\":\"https:\/\/wos-dev-1.staging.sd-hosting.pt\/produto\/vichy-homme-mousse-de-barbear-anti-irritacoes-200ml\/\",\"url\":\"https:\/\/wos-dev-1.staging.sd-hosting.pt\/produto\/vichy-homme-mousse-de-barbear-anti-irritacoes-200ml\/\",\"name\":\"Vichy Homme Mousse de Barbear 200ml - World Of Skin\",\"isPartOf\":{\"@id\":\"https:\/\/wos-dev-1.staging.sd-hosting.pt\/#website\"},\"primaryImageOfPage\":{\"@id\":\"https:\/\/wos-dev-1.staging.sd-hosting.pt\/produto\/vichy-homme-mousse-de-barbear-anti-irritacoes-200ml\/#primaryimage\"},\"image\":{\"@id\":\"https:\/\/wos-dev-1.staging.sd-hosting.pt\/produto\/vichy-homme-mousse-de-barbear-anti-irritacoes-200ml\/#primaryimage\"},\"thumbnailUrl\":\"https:\/\/wos-dev-1.staging.sd-hosting.pt\/wp-content\/uploads\/2023\/01\/cosmetica-ativa-vichy-homme-mousse-barbear-anti-irritacoes.jpg\",\"datePublished\":\"2023-04-11T10:48:36+00:00\",\"dateModified\":\"2023-08-22T08:58:56+00:00\",\"description\":\"Para homens de pele sens\u00edvel ou problem\u00e1tica que apresentem, na zona da barba, pelos encravados, borbulhas, vermelhid\u00e3o ou irrita\u00e7\u00e3o depois do barbear.\",\"breadcrumb\":{\"@id\":\"https:\/\/wos-dev-1.staging.sd-hosting.pt\/produto\/vichy-homme-mousse-de-barbear-anti-irritacoes-200ml\/#breadcrumb\"},\"inLanguage\":\"pt-PT\",\"potentialAction\":[{\"@type\":\"ReadAction\",\"target\":[\"https:\/\/wos-dev-1.staging.sd-hosting.pt\/produto\/vichy-homme-mousse-de-barbear-anti-irritacoes-200ml\/\"]}]},{\"@type\":\"ImageObject\",\"inLanguage\":\"pt-PT\",\"@id\":\"https:\/\/wos-dev-1.staging.sd-hosting.pt\/produto\/vichy-homme-mousse-de-barbear-anti-irritacoes-200ml\/#primaryimage\",\"url\":\"https:\/\/wos-dev-1.staging.sd-hosting.pt\/wp-content\/uploads\/2023\/01\/cosmetica-ativa-vichy-homme-mousse-barbear-anti-irritacoes.jpg\",\"contentUrl\":\"https:\/\/wos-dev-1.staging.sd-hosting.pt\/wp-content\/uploads\/2023\/01\/cosmetica-ativa-vichy-homme-mousse-barbear-anti-irritacoes.jpg\",\"width\":2000,\"height\":2000,\"caption\":\"Vichy Homme Mousse de Barbear Anti-irrita\u00e7\u00f5es 200ml\"},{\"@type\":\"BreadcrumbList\",\"@id\":\"https:\/\/wos-dev-1.staging.sd-hosting.pt\/produto\/vichy-homme-mousse-de-barbear-anti-irritacoes-200ml\/#breadcrumb\",\"itemListElement\":[{\"@type\":\"ListItem\",\"position\":1,\"name\":\"In\u00edcio\",\"item\":\"https:\/\/wos-dev-1.staging.sd-hosting.pt\/\"},{\"@type\":\"ListItem\",\"position\":2,\"name\":\"Vichy Homme Mousse de Barbear Anti-irrita\u00e7\u00f5es 200ml\"}]},{\"@type\":\"WebSite\",\"@id\":\"https:\/\/wos-dev-1.staging.sd-hosting.pt\/#website\",\"url\":\"https:\/\/wos-dev-1.staging.sd-hosting.pt\/\",\"name\":\"World Of Skin\",\"description\":\"World Of Skin\",\"publisher\":{\"@id\":\"https:\/\/wos-dev-1.staging.sd-hosting.pt\/#organization\"},\"potentialAction\":[{\"@type\":\"SearchAction\",\"target\":{\"@type\":\"EntryPoint\",\"urlTemplate\":\"https:\/\/wos-dev-1.staging.sd-hosting.pt\/?s={search_term_string}\"},\"query-input\":\"required name=search_term_string\"}],\"inLanguage\":\"pt-PT\"},{\"@type\":\"Organization\",\"@id\":\"https:\/\/wos-dev-1.staging.sd-hosting.pt\/#organization\",\"name\":\"World Of Skin\",\"url\":\"https:\/\/wos-dev-1.staging.sd-hosting.pt\/\",\"logo\":{\"@type\":\"ImageObject\",\"inLanguage\":\"pt-PT\",\"@id\":\"https:\/\/wos-dev-1.staging.sd-hosting.pt\/#\/schema\/logo\/image\/\",\"url\":\"https:\/\/wos-dev-1.staging.sd-hosting.pt\/wp-content\/uploads\/2022\/10\/Logotipo_Final.png\",\"contentUrl\":\"https:\/\/wos-dev-1.staging.sd-hosting.pt\/wp-content\/uploads\/2022\/10\/Logotipo_Final.png\",\"width\":1774,\"height\":1536,\"caption\":\"World Of Skin\"},\"image\":{\"@id\":\"https:\/\/wos-dev-1.staging.sd-hosting.pt\/#\/schema\/logo\/image\/\"},\"sameAs\":[\"https:\/\/www.facebook.com\/worldofskin.pt\/\",\"https:\/\/www.instagram.com\/world.of.skin\/\"]}]}<\/script>\n<!-- \/ Yoast SEO plugin. -->","yoast_head_json":{"title":"Vichy Homme Mousse de Barbear 200ml - World Of Skin","description":"Para homens de pele sens\u00edvel ou problem\u00e1tica que apresentem, na zona da barba, pelos encravados, borbulhas, vermelhid\u00e3o ou irrita\u00e7\u00e3o depois do barbear.","robots":{"index":"index","follow":"follow","max-snippet":"max-snippet:-1","max-image-preview":"max-image-preview:large","max-video-preview":"max-video-preview:-1"},"canonical":"https:\/\/wos-dev-1.staging.sd-hosting.pt\/produto\/vichy-homme-mousse-de-barbear-anti-irritacoes-200ml\/","og_locale":"pt_PT","og_type":"article","og_title":"Vichy Homme Mousse de Barbear 200ml - World Of Skin","og_description":"Para homens de pele sens\u00edvel ou problem\u00e1tica que apresentem, na zona da barba, pelos encravados, borbulhas, vermelhid\u00e3o ou irrita\u00e7\u00e3o depois do barbear.","og_url":"https:\/\/wos-dev-1.staging.sd-hosting.pt\/produto\/vichy-homme-mousse-de-barbear-anti-irritacoes-200ml\/","og_site_name":"World Of Skin","article_publisher":"https:\/\/www.facebook.com\/worldofskin.pt\/","article_modified_time":"2023-08-22T08:58:56+00:00","og_image":[{"width":2000,"height":2000,"url":"https:\/\/wos-dev-1.staging.sd-hosting.pt\/wp-content\/uploads\/2023\/01\/cosmetica-ativa-vichy-homme-mousse-barbear-anti-irritacoes.jpg","type":"image\/jpeg"}],"twitter_card":"summary_large_image","twitter_misc":{"Tempo estimado de leitura":"1 minuto"},"schema":{"@context":"https:\/\/schema.org","@graph":[{"@type":"WebPage","@id":"https:\/\/wos-dev-1.staging.sd-hosting.pt\/produto\/vichy-homme-mousse-de-barbear-anti-irritacoes-200ml\/","url":"https:\/\/wos-dev-1.staging.sd-hosting.pt\/produto\/vichy-homme-mousse-de-barbear-anti-irritacoes-200ml\/","name":"Vichy Homme Mousse de Barbear 200ml - World Of Skin","isPartOf":{"@id":"https:\/\/wos-dev-1.staging.sd-hosting.pt\/#website"},"primaryImageOfPage":{"@id":"https:\/\/wos-dev-1.staging.sd-hosting.pt\/produto\/vichy-homme-mousse-de-barbear-anti-irritacoes-200ml\/#primaryimage"},"image":{"@id":"https:\/\/wos-dev-1.staging.sd-hosting.pt\/produto\/vichy-homme-mousse-de-barbear-anti-irritacoes-200ml\/#primaryimage"},"thumbnailUrl":"https:\/\/wos-dev-1.staging.sd-hosting.pt\/wp-content\/uploads\/2023\/01\/cosmetica-ativa-vichy-homme-mousse-barbear-anti-irritacoes.jpg","datePublished":"2023-04-11T10:48:36+00:00","dateModified":"2023-08-22T08:58:56+00:00","description":"Para homens de pele sens\u00edvel ou problem\u00e1tica que apresentem, na zona da barba, pelos encravados, borbulhas, vermelhid\u00e3o ou irrita\u00e7\u00e3o depois do barbear.","breadcrumb":{"@id":"https:\/\/wos-dev-1.staging.sd-hosting.pt\/produto\/vichy-homme-mousse-de-barbear-anti-irritacoes-200ml\/#breadcrumb"},"inLanguage":"pt-PT","potentialAction":[{"@type":"ReadAction","target":["https:\/\/wos-dev-1.staging.sd-hosting.pt\/produto\/vichy-homme-mousse-de-barbear-anti-irritacoes-200ml\/"]}]},{"@type":"ImageObject","inLanguage":"pt-PT","@id":"https:\/\/wos-dev-1.staging.sd-hosting.pt\/produto\/vichy-homme-mousse-de-barbear-anti-irritacoes-200ml\/#primaryimage","url":"https:\/\/wos-dev-1.staging.sd-hosting.pt\/wp-content\/uploads\/2023\/01\/cosmetica-ativa-vichy-homme-mousse-barbear-anti-irritacoes.jpg","contentUrl":"https:\/\/wos-dev-1.staging.sd-hosting.pt\/wp-content\/uploads\/2023\/01\/cosmetica-ativa-vichy-homme-mousse-barbear-anti-irritacoes.jpg","width":2000,"height":2000,"caption":"Vichy Homme Mousse de Barbear Anti-irrita\u00e7\u00f5es 200ml"},{"@type":"BreadcrumbList","@id":"https:\/\/wos-dev-1.staging.sd-hosting.pt\/produto\/vichy-homme-mousse-de-barbear-anti-irritacoes-200ml\/#breadcrumb","itemListElement":[{"@type":"ListItem","position":1,"name":"In\u00edcio","item":"https:\/\/wos-dev-1.staging.sd-hosting.pt\/"},{"@type":"ListItem","position":2,"name":"Vichy Homme Mousse de Barbear Anti-irrita\u00e7\u00f5es 200ml"}]},{"@type":"WebSite","@id":"https:\/\/wos-dev-1.staging.sd-hosting.pt\/#website","url":"https:\/\/wos-dev-1.staging.sd-hosting.pt\/","name":"World Of Skin","description":"World Of Skin","publisher":{"@id":"https:\/\/wos-dev-1.staging.sd-hosting.pt\/#organization"},"potentialAction":[{"@type":"SearchAction","target":{"@type":"EntryPoint","urlTemplate":"https:\/\/wos-dev-1.staging.sd-hosting.pt\/?s={search_term_string}"},"query-input":"required name=search_term_string"}],"inLanguage":"pt-PT"},{"@type":"Organization","@id":"https:\/\/wos-dev-1.staging.sd-hosting.pt\/#organization","name":"World Of Skin","url":"https:\/\/wos-dev-1.staging.sd-hosting.pt\/","logo":{"@type":"ImageObject","inLanguage":"pt-PT","@id":"https:\/\/wos-dev-1.staging.sd-hosting.pt\/#\/schema\/logo\/image\/","url":"https:\/\/wos-dev-1.staging.sd-hosting.pt\/wp-content\/uploads\/2022\/10\/Logotipo_Final.png","contentUrl":"https:\/\/wos-dev-1.staging.sd-hosting.pt\/wp-content\/uploads\/2022\/10\/Logotipo_Final.png","width":1774,"height":1536,"caption":"World Of Skin"},"image":{"@id":"https:\/\/wos-dev-1.staging.sd-hosting.pt\/#\/schema\/logo\/image\/"},"sameAs":["https:\/\/www.facebook.com\/worldofskin.pt\/","https:\/\/www.instagram.com\/world.of.skin\/"]}]}},"_links":{"self":[{"href":"https:\/\/wos-dev-1.staging.sd-hosting.pt\/index.php?rest_route=\/wp\/v2\/product\/104982","targetHints":{"allow":["GET"]}}],"collection":[{"href":"https:\/\/wos-dev-1.staging.sd-hosting.pt\/index.php?rest_route=\/wp\/v2\/product"}],"about":[{"href":"https:\/\/wos-dev-1.staging.sd-hosting.pt\/index.php?rest_route=\/wp\/v2\/types\/product"}],"replies":[{"embeddable":true,"href":"https:\/\/wos-dev-1.staging.sd-hosting.pt\/index.php?rest_route=%2Fwp%2Fv2%2Fcomments&post=104982"}],"wp:featuredmedia":[{"embeddable":true,"href":"https:\/\/wos-dev-1.staging.sd-hosting.pt\/index.php?rest_route=\/wp\/v2\/media\/1434"}],"wp:attachment":[{"href":"https:\/\/wos-dev-1.staging.sd-hosting.pt\/index.php?rest_route=%2Fwp%2Fv2%2Fmedia&parent=104982"}],"wp:term":[{"taxonomy":"product_cat","embeddable":true,"href":"https:\/\/wos-dev-1.staging.sd-hosting.pt\/index.php?rest_route=%2Fwp%2Fv2%2Fproduct_cat&post=104982"},{"taxonomy":"product_tag","embeddable":true,"href":"https:\/\/wos-dev-1.staging.sd-hosting.pt\/index.php?rest_route=%2Fwp%2Fv2%2Fproduct_tag&post=104982"},{"taxonomy":"wos_brand","embeddable":true,"href":"https:\/\/wos-dev-1.staging.sd-hosting.pt\/index.php?rest_route=%2Fwp%2Fv2%2Fwos_brand&post=104982"}],"curies":[{"name":"wp","href":"https:\/\/api.w.org\/{rel}","templated":true}]}}