{"id":104954,"date":"2023-04-11T10:48:18","date_gmt":"2023-04-11T10:48:18","guid":{"rendered":"https:\/\/wos-dev-1.staging.sd-hosting.pt\/produto\/la-roche-posay-lipikar-baume-light-apm-400ml\/"},"modified":"2023-08-22T08:59:43","modified_gmt":"2023-08-22T08:59:43","slug":"la-roche-posay-lipikar-baume-light-apm-400ml","status":"publish","type":"product","link":"https:\/\/wos-dev-1.staging.sd-hosting.pt\/?product=la-roche-posay-lipikar-baume-light-apm-400ml","title":{"rendered":"La Roche Posay Lipikar Baume Light AP+M 400ml"},"content":{"rendered":"<p class=\"wosc-text-s wosc-text-justify\"><strong class=\"wosc-text-secondary\">La Roche Posay Lipikar Baume AP+M Light<\/strong> \u00e9 um b\u00e1lsamo hidratante que reequilibra o microbioma da pele. Apazigua imediatamente a pele e reduz o prurido, com uma textura mais leve e de absor\u00e7\u00e3o mais r\u00e1pida.<\/p>\n<p class=\"wosc-text-s wosc-text-justify\">Este cuidado est\u00e1 formulado para:<\/p>\n<ul>\n<li class=\"wosc-li-p\">Apaziguar, aliviando o prurido e o desconforto atrav\u00e9s da niacinamida;<\/li>\n<li class=\"wosc-li-p\">Ajudar a espa\u00e7ar as crises de secura severa para uma efic\u00e1cia antirrecidiva;<\/li>\n<li class=\"wosc-li-p\">Nutrir a pele com a manteiga de Karit\u00e9 e<\/li>\n<li class=\"wosc-li-p\">Restaurar a fun\u00e7\u00e3o de barreira ao reequilibrar o microbioma da pele atrav\u00e9s da Tecnologia AP+M (Aqua Posae+Microresyl).<\/li>\n<\/ul>\n<p class=\"wosc-text-s wosc-text-justify\">Este b\u00e1lsamo hidratante, formulado para pele com secura extrema, \u00e9 de absor\u00e7\u00e3o r\u00e1pida por forma a facilitar e acelerar a aplica\u00e7\u00e3o di\u00e1ria, com acabamento n\u00e3o oleoso e n\u00e3o pegajoso.<\/p>\n<p class=\"wosc-text-s wosc-text-justify\">Formulado para beb\u00e9s, crian\u00e7as e adultos com pele muito seca, com tend\u00eancia ao eczema ou alergias.<\/p>\n","protected":false},"excerpt":{"rendered":"<p>B\u00e1lsamo hidratante corporal com textura leve para pele com secura extrema e tend\u00eancia a eczema at\u00f3pico e alergias.<\/p>\n","protected":false},"featured_media":1336,"comment_status":"open","ping_status":"closed","template":"","meta":{"_acf_changed":false},"product_cat":[1038,987,1024,1028,999,986],"product_tag":[],"wos_brand":[1113,1180],"class_list":{"0":"post-104954","1":"product","2":"type-product","3":"status-publish","4":"has-post-thumbnail","6":"product_cat-atopia-outros-cuidados","7":"product_cat-corpo","8":"product_cat-hidratacao-corpo","9":"product_cat-outros-cuidados","10":"product_cat-problemas-de-pele","11":"product_cat-rosto","12":"wos_brand-la-roche-posay","13":"wos_brand-lipikar","15":"first","16":"outofstock","17":"taxable","18":"shipping-taxable","19":"purchasable","20":"product-type-simple"},"acf":[],"yoast_head":"<!-- This site is optimized with the Yoast SEO plugin v22.8 - https:\/\/yoast.com\/wordpress\/plugins\/seo\/ -->\n<title>La Roche Posay Lipikar Baume Light AP+M 400ml - World Of Skin<\/title>\n<meta name=\"description\" content=\"B\u00e1lsamo hidratante que reequilibra o microbioma da pele, apazigua a pele e reduz o prurido, com uma textura mais leve e de absor\u00e7\u00e3o mais r\u00e1pida.\" \/>\n<meta name=\"robots\" content=\"index, follow, max-snippet:-1, max-image-preview:large, max-video-preview:-1\" \/>\n<link rel=\"canonical\" href=\"https:\/\/wos-dev-1.staging.sd-hosting.pt\/produto\/la-roche-posay-lipikar-baume-light-apm-400ml\/\" \/>\n<meta property=\"og:locale\" content=\"pt_PT\" \/>\n<meta property=\"og:type\" content=\"article\" \/>\n<meta property=\"og:title\" content=\"La Roche Posay Lipikar Baume Light AP+M 400ml - World Of Skin\" \/>\n<meta property=\"og:description\" content=\"B\u00e1lsamo hidratante que reequilibra o microbioma da pele, apazigua a pele e reduz o prurido, com uma textura mais leve e de absor\u00e7\u00e3o mais r\u00e1pida.\" \/>\n<meta property=\"og:url\" content=\"https:\/\/wos-dev-1.staging.sd-hosting.pt\/produto\/la-roche-posay-lipikar-baume-light-apm-400ml\/\" \/>\n<meta property=\"og:site_name\" content=\"World Of Skin\" \/>\n<meta property=\"article:publisher\" content=\"https:\/\/www.facebook.com\/worldofskin.pt\/\" \/>\n<meta property=\"article:modified_time\" content=\"2023-08-22T08:59:43+00:00\" \/>\n<meta property=\"og:image\" content=\"https:\/\/wos-dev-1.staging.sd-hosting.pt\/wp-content\/uploads\/2023\/01\/cosmetica-ativa-la-roche-posay-lipikar-baume-light-ap-m-frente.jpg\" \/>\n\t<meta property=\"og:image:width\" content=\"2000\" \/>\n\t<meta property=\"og:image:height\" content=\"2000\" \/>\n\t<meta property=\"og:image:type\" content=\"image\/jpeg\" \/>\n<meta name=\"twitter:card\" content=\"summary_large_image\" \/>\n<meta name=\"twitter:label1\" content=\"Tempo estimado de leitura\" \/>\n\t<meta name=\"twitter:data1\" content=\"1 minuto\" \/>\n<script type=\"application\/ld+json\" class=\"yoast-schema-graph\">{\"@context\":\"https:\/\/schema.org\",\"@graph\":[{\"@type\":\"WebPage\",\"@id\":\"https:\/\/wos-dev-1.staging.sd-hosting.pt\/produto\/la-roche-posay-lipikar-baume-light-apm-400ml\/\",\"url\":\"https:\/\/wos-dev-1.staging.sd-hosting.pt\/produto\/la-roche-posay-lipikar-baume-light-apm-400ml\/\",\"name\":\"La Roche Posay Lipikar Baume Light AP+M 400ml - World Of Skin\",\"isPartOf\":{\"@id\":\"https:\/\/wos-dev-1.staging.sd-hosting.pt\/#website\"},\"primaryImageOfPage\":{\"@id\":\"https:\/\/wos-dev-1.staging.sd-hosting.pt\/produto\/la-roche-posay-lipikar-baume-light-apm-400ml\/#primaryimage\"},\"image\":{\"@id\":\"https:\/\/wos-dev-1.staging.sd-hosting.pt\/produto\/la-roche-posay-lipikar-baume-light-apm-400ml\/#primaryimage\"},\"thumbnailUrl\":\"https:\/\/wos-dev-1.staging.sd-hosting.pt\/wp-content\/uploads\/2023\/01\/cosmetica-ativa-la-roche-posay-lipikar-baume-light-ap-m-frente.jpg\",\"datePublished\":\"2023-04-11T10:48:18+00:00\",\"dateModified\":\"2023-08-22T08:59:43+00:00\",\"description\":\"B\u00e1lsamo hidratante que reequilibra o microbioma da pele, apazigua a pele e reduz o prurido, com uma textura mais leve e de absor\u00e7\u00e3o mais r\u00e1pida.\",\"breadcrumb\":{\"@id\":\"https:\/\/wos-dev-1.staging.sd-hosting.pt\/produto\/la-roche-posay-lipikar-baume-light-apm-400ml\/#breadcrumb\"},\"inLanguage\":\"pt-PT\",\"potentialAction\":[{\"@type\":\"ReadAction\",\"target\":[\"https:\/\/wos-dev-1.staging.sd-hosting.pt\/produto\/la-roche-posay-lipikar-baume-light-apm-400ml\/\"]}]},{\"@type\":\"ImageObject\",\"inLanguage\":\"pt-PT\",\"@id\":\"https:\/\/wos-dev-1.staging.sd-hosting.pt\/produto\/la-roche-posay-lipikar-baume-light-apm-400ml\/#primaryimage\",\"url\":\"https:\/\/wos-dev-1.staging.sd-hosting.pt\/wp-content\/uploads\/2023\/01\/cosmetica-ativa-la-roche-posay-lipikar-baume-light-ap-m-frente.jpg\",\"contentUrl\":\"https:\/\/wos-dev-1.staging.sd-hosting.pt\/wp-content\/uploads\/2023\/01\/cosmetica-ativa-la-roche-posay-lipikar-baume-light-ap-m-frente.jpg\",\"width\":2000,\"height\":2000,\"caption\":\"La Roche Posay Lipikar Baume Light AP+M 400ml\"},{\"@type\":\"BreadcrumbList\",\"@id\":\"https:\/\/wos-dev-1.staging.sd-hosting.pt\/produto\/la-roche-posay-lipikar-baume-light-apm-400ml\/#breadcrumb\",\"itemListElement\":[{\"@type\":\"ListItem\",\"position\":1,\"name\":\"In\u00edcio\",\"item\":\"https:\/\/wos-dev-1.staging.sd-hosting.pt\/\"},{\"@type\":\"ListItem\",\"position\":2,\"name\":\"La Roche Posay Lipikar Baume Light AP+M 400ml\"}]},{\"@type\":\"WebSite\",\"@id\":\"https:\/\/wos-dev-1.staging.sd-hosting.pt\/#website\",\"url\":\"https:\/\/wos-dev-1.staging.sd-hosting.pt\/\",\"name\":\"World Of Skin\",\"description\":\"World Of Skin\",\"publisher\":{\"@id\":\"https:\/\/wos-dev-1.staging.sd-hosting.pt\/#organization\"},\"potentialAction\":[{\"@type\":\"SearchAction\",\"target\":{\"@type\":\"EntryPoint\",\"urlTemplate\":\"https:\/\/wos-dev-1.staging.sd-hosting.pt\/?s={search_term_string}\"},\"query-input\":\"required name=search_term_string\"}],\"inLanguage\":\"pt-PT\"},{\"@type\":\"Organization\",\"@id\":\"https:\/\/wos-dev-1.staging.sd-hosting.pt\/#organization\",\"name\":\"World Of Skin\",\"url\":\"https:\/\/wos-dev-1.staging.sd-hosting.pt\/\",\"logo\":{\"@type\":\"ImageObject\",\"inLanguage\":\"pt-PT\",\"@id\":\"https:\/\/wos-dev-1.staging.sd-hosting.pt\/#\/schema\/logo\/image\/\",\"url\":\"https:\/\/wos-dev-1.staging.sd-hosting.pt\/wp-content\/uploads\/2022\/10\/Logotipo_Final.png\",\"contentUrl\":\"https:\/\/wos-dev-1.staging.sd-hosting.pt\/wp-content\/uploads\/2022\/10\/Logotipo_Final.png\",\"width\":1774,\"height\":1536,\"caption\":\"World Of Skin\"},\"image\":{\"@id\":\"https:\/\/wos-dev-1.staging.sd-hosting.pt\/#\/schema\/logo\/image\/\"},\"sameAs\":[\"https:\/\/www.facebook.com\/worldofskin.pt\/\",\"https:\/\/www.instagram.com\/world.of.skin\/\"]}]}<\/script>\n<!-- \/ Yoast SEO plugin. -->","yoast_head_json":{"title":"La Roche Posay Lipikar Baume Light AP+M 400ml - World Of Skin","description":"B\u00e1lsamo hidratante que reequilibra o microbioma da pele, apazigua a pele e reduz o prurido, com uma textura mais leve e de absor\u00e7\u00e3o mais r\u00e1pida.","robots":{"index":"index","follow":"follow","max-snippet":"max-snippet:-1","max-image-preview":"max-image-preview:large","max-video-preview":"max-video-preview:-1"},"canonical":"https:\/\/wos-dev-1.staging.sd-hosting.pt\/produto\/la-roche-posay-lipikar-baume-light-apm-400ml\/","og_locale":"pt_PT","og_type":"article","og_title":"La Roche Posay Lipikar Baume Light AP+M 400ml - World Of Skin","og_description":"B\u00e1lsamo hidratante que reequilibra o microbioma da pele, apazigua a pele e reduz o prurido, com uma textura mais leve e de absor\u00e7\u00e3o mais r\u00e1pida.","og_url":"https:\/\/wos-dev-1.staging.sd-hosting.pt\/produto\/la-roche-posay-lipikar-baume-light-apm-400ml\/","og_site_name":"World Of Skin","article_publisher":"https:\/\/www.facebook.com\/worldofskin.pt\/","article_modified_time":"2023-08-22T08:59:43+00:00","og_image":[{"width":2000,"height":2000,"url":"https:\/\/wos-dev-1.staging.sd-hosting.pt\/wp-content\/uploads\/2023\/01\/cosmetica-ativa-la-roche-posay-lipikar-baume-light-ap-m-frente.jpg","type":"image\/jpeg"}],"twitter_card":"summary_large_image","twitter_misc":{"Tempo estimado de leitura":"1 minuto"},"schema":{"@context":"https:\/\/schema.org","@graph":[{"@type":"WebPage","@id":"https:\/\/wos-dev-1.staging.sd-hosting.pt\/produto\/la-roche-posay-lipikar-baume-light-apm-400ml\/","url":"https:\/\/wos-dev-1.staging.sd-hosting.pt\/produto\/la-roche-posay-lipikar-baume-light-apm-400ml\/","name":"La Roche Posay Lipikar Baume Light AP+M 400ml - World Of Skin","isPartOf":{"@id":"https:\/\/wos-dev-1.staging.sd-hosting.pt\/#website"},"primaryImageOfPage":{"@id":"https:\/\/wos-dev-1.staging.sd-hosting.pt\/produto\/la-roche-posay-lipikar-baume-light-apm-400ml\/#primaryimage"},"image":{"@id":"https:\/\/wos-dev-1.staging.sd-hosting.pt\/produto\/la-roche-posay-lipikar-baume-light-apm-400ml\/#primaryimage"},"thumbnailUrl":"https:\/\/wos-dev-1.staging.sd-hosting.pt\/wp-content\/uploads\/2023\/01\/cosmetica-ativa-la-roche-posay-lipikar-baume-light-ap-m-frente.jpg","datePublished":"2023-04-11T10:48:18+00:00","dateModified":"2023-08-22T08:59:43+00:00","description":"B\u00e1lsamo hidratante que reequilibra o microbioma da pele, apazigua a pele e reduz o prurido, com uma textura mais leve e de absor\u00e7\u00e3o mais r\u00e1pida.","breadcrumb":{"@id":"https:\/\/wos-dev-1.staging.sd-hosting.pt\/produto\/la-roche-posay-lipikar-baume-light-apm-400ml\/#breadcrumb"},"inLanguage":"pt-PT","potentialAction":[{"@type":"ReadAction","target":["https:\/\/wos-dev-1.staging.sd-hosting.pt\/produto\/la-roche-posay-lipikar-baume-light-apm-400ml\/"]}]},{"@type":"ImageObject","inLanguage":"pt-PT","@id":"https:\/\/wos-dev-1.staging.sd-hosting.pt\/produto\/la-roche-posay-lipikar-baume-light-apm-400ml\/#primaryimage","url":"https:\/\/wos-dev-1.staging.sd-hosting.pt\/wp-content\/uploads\/2023\/01\/cosmetica-ativa-la-roche-posay-lipikar-baume-light-ap-m-frente.jpg","contentUrl":"https:\/\/wos-dev-1.staging.sd-hosting.pt\/wp-content\/uploads\/2023\/01\/cosmetica-ativa-la-roche-posay-lipikar-baume-light-ap-m-frente.jpg","width":2000,"height":2000,"caption":"La Roche Posay Lipikar Baume Light AP+M 400ml"},{"@type":"BreadcrumbList","@id":"https:\/\/wos-dev-1.staging.sd-hosting.pt\/produto\/la-roche-posay-lipikar-baume-light-apm-400ml\/#breadcrumb","itemListElement":[{"@type":"ListItem","position":1,"name":"In\u00edcio","item":"https:\/\/wos-dev-1.staging.sd-hosting.pt\/"},{"@type":"ListItem","position":2,"name":"La Roche Posay Lipikar Baume Light AP+M 400ml"}]},{"@type":"WebSite","@id":"https:\/\/wos-dev-1.staging.sd-hosting.pt\/#website","url":"https:\/\/wos-dev-1.staging.sd-hosting.pt\/","name":"World Of Skin","description":"World Of Skin","publisher":{"@id":"https:\/\/wos-dev-1.staging.sd-hosting.pt\/#organization"},"potentialAction":[{"@type":"SearchAction","target":{"@type":"EntryPoint","urlTemplate":"https:\/\/wos-dev-1.staging.sd-hosting.pt\/?s={search_term_string}"},"query-input":"required name=search_term_string"}],"inLanguage":"pt-PT"},{"@type":"Organization","@id":"https:\/\/wos-dev-1.staging.sd-hosting.pt\/#organization","name":"World Of Skin","url":"https:\/\/wos-dev-1.staging.sd-hosting.pt\/","logo":{"@type":"ImageObject","inLanguage":"pt-PT","@id":"https:\/\/wos-dev-1.staging.sd-hosting.pt\/#\/schema\/logo\/image\/","url":"https:\/\/wos-dev-1.staging.sd-hosting.pt\/wp-content\/uploads\/2022\/10\/Logotipo_Final.png","contentUrl":"https:\/\/wos-dev-1.staging.sd-hosting.pt\/wp-content\/uploads\/2022\/10\/Logotipo_Final.png","width":1774,"height":1536,"caption":"World Of Skin"},"image":{"@id":"https:\/\/wos-dev-1.staging.sd-hosting.pt\/#\/schema\/logo\/image\/"},"sameAs":["https:\/\/www.facebook.com\/worldofskin.pt\/","https:\/\/www.instagram.com\/world.of.skin\/"]}]}},"_links":{"self":[{"href":"https:\/\/wos-dev-1.staging.sd-hosting.pt\/index.php?rest_route=\/wp\/v2\/product\/104954","targetHints":{"allow":["GET"]}}],"collection":[{"href":"https:\/\/wos-dev-1.staging.sd-hosting.pt\/index.php?rest_route=\/wp\/v2\/product"}],"about":[{"href":"https:\/\/wos-dev-1.staging.sd-hosting.pt\/index.php?rest_route=\/wp\/v2\/types\/product"}],"replies":[{"embeddable":true,"href":"https:\/\/wos-dev-1.staging.sd-hosting.pt\/index.php?rest_route=%2Fwp%2Fv2%2Fcomments&post=104954"}],"wp:featuredmedia":[{"embeddable":true,"href":"https:\/\/wos-dev-1.staging.sd-hosting.pt\/index.php?rest_route=\/wp\/v2\/media\/1336"}],"wp:attachment":[{"href":"https:\/\/wos-dev-1.staging.sd-hosting.pt\/index.php?rest_route=%2Fwp%2Fv2%2Fmedia&parent=104954"}],"wp:term":[{"taxonomy":"product_cat","embeddable":true,"href":"https:\/\/wos-dev-1.staging.sd-hosting.pt\/index.php?rest_route=%2Fwp%2Fv2%2Fproduct_cat&post=104954"},{"taxonomy":"product_tag","embeddable":true,"href":"https:\/\/wos-dev-1.staging.sd-hosting.pt\/index.php?rest_route=%2Fwp%2Fv2%2Fproduct_tag&post=104954"},{"taxonomy":"wos_brand","embeddable":true,"href":"https:\/\/wos-dev-1.staging.sd-hosting.pt\/index.php?rest_route=%2Fwp%2Fv2%2Fwos_brand&post=104954"}],"curies":[{"name":"wp","href":"https:\/\/api.w.org\/{rel}","templated":true}]}}