{"id":104952,"date":"2023-04-11T10:48:17","date_gmt":"2023-04-11T10:48:17","guid":{"rendered":"https:\/\/wos-dev-1.staging.sd-hosting.pt\/produto\/la-roche-posay-kerium-caspa-oleosa-200ml\/"},"modified":"2023-08-22T08:58:46","modified_gmt":"2023-08-22T08:58:46","slug":"la-roche-posay-kerium-caspa-oleosa-200ml","status":"publish","type":"product","link":"https:\/\/wos-dev-1.staging.sd-hosting.pt\/?product=la-roche-posay-kerium-caspa-oleosa-200ml","title":{"rendered":"La Roche Posay Kerium Caspa Oleosa 200ml"},"content":{"rendered":"<p class=\"wosc-text-s wosc-text-justify\"><strong class=\"wosc-text-secondary\">La Roche Posay Kerium Caspa Oleosa<\/strong> \u00e9 um champ\u00f4 gel concebido para o couro cabeludo sens\u00edvel, com caspa e oleoso.<\/p>\n<p class=\"wosc-text-s wosc-text-justify\">Indicado quando existe um excesso de sebo, muitas vezes acompanhado de um cabelo ba\u00e7o e oleoso e com sensa\u00e7\u00e3o de comich\u00e3o, este cuidado purifica de forma imediata o couro cabeludo. Ao mesmo tempo, combate a oleosidade e alivia a sensa\u00e7\u00e3o de prurido com uma f\u00f3rmula de gel fresca, leve e transparente.<\/p>\n<p class=\"wosc-text-s wosc-text-justify\">Este champ\u00f4 para a caspa oleosa \u00e9 enriquecido com Zinco e com LHA microesfoliante, para uma a\u00e7\u00e3o direcionada:<\/p>\n<ul>\n<li class=\"wosc-li-p\">Elimina de forma vis\u00edvel e duradoura a caspa e previne o seu reaparecimento;<\/li>\n<li class=\"wosc-li-p\">Reequilibra o couro cabeludo, deixando-o menos oleoso;<\/li>\n<li class=\"wosc-li-p\">Reduz a sensa\u00e7\u00e3o de prurido.<\/li>\n<\/ul>\n","protected":false},"excerpt":{"rendered":"<p>Champ\u00f4 gel anticaspa e micro-exfoliante para couro cabeludo sens\u00edvel e oleoso.<\/p>\n","protected":false},"featured_media":1318,"comment_status":"open","ping_status":"closed","template":"","meta":{"_acf_changed":false},"product_cat":[1055,989,1052,1048,1049],"product_tag":[],"wos_brand":[1179,1113],"class_list":{"0":"post-104952","1":"product","2":"type-product","3":"status-publish","4":"has-post-thumbnail","6":"product_cat-anticaspa-e-dermatite-seborreica","7":"product_cat-cabelo","8":"product_cat-cabelo-oleoso","9":"product_cat-higiene-cabelo","10":"product_cat-tratamentos-capilares","11":"wos_brand-kerium","12":"wos_brand-la-roche-posay","14":"first","15":"outofstock","16":"taxable","17":"shipping-taxable","18":"purchasable","19":"product-type-simple"},"acf":[],"yoast_head":"<!-- This site is optimized with the Yoast SEO plugin v22.8 - https:\/\/yoast.com\/wordpress\/plugins\/seo\/ -->\n<title>La Roche Posay Kerium Caspa Oleosa 200ml - World Of Skin<\/title>\n<meta name=\"description\" content=\"La Roche Posay Kerium Caspa Oleosa \u00e9 um champ\u00f4 para caspa oleosa, concebido para o couro cabeludo sens\u00edvel. Combate a oleosidade e alivia o prurido.\" \/>\n<meta name=\"robots\" content=\"index, follow, max-snippet:-1, max-image-preview:large, max-video-preview:-1\" \/>\n<link rel=\"canonical\" href=\"https:\/\/wos-dev-1.staging.sd-hosting.pt\/produto\/la-roche-posay-kerium-caspa-oleosa-200ml\/\" \/>\n<meta property=\"og:locale\" content=\"pt_PT\" \/>\n<meta property=\"og:type\" content=\"article\" \/>\n<meta property=\"og:title\" content=\"La Roche Posay Kerium Caspa Oleosa 200ml - World Of Skin\" \/>\n<meta property=\"og:description\" content=\"La Roche Posay Kerium Caspa Oleosa \u00e9 um champ\u00f4 para caspa oleosa, concebido para o couro cabeludo sens\u00edvel. Combate a oleosidade e alivia o prurido.\" \/>\n<meta property=\"og:url\" content=\"https:\/\/wos-dev-1.staging.sd-hosting.pt\/produto\/la-roche-posay-kerium-caspa-oleosa-200ml\/\" \/>\n<meta property=\"og:site_name\" content=\"World Of Skin\" \/>\n<meta property=\"article:publisher\" content=\"https:\/\/www.facebook.com\/worldofskin.pt\/\" \/>\n<meta property=\"article:modified_time\" content=\"2023-08-22T08:58:46+00:00\" \/>\n<meta property=\"og:image\" content=\"https:\/\/wos-dev-1.staging.sd-hosting.pt\/wp-content\/uploads\/2023\/01\/cosmetica-ativa-la-roche-posay-kerium-caspa-oleosa-frente.jpg\" \/>\n\t<meta property=\"og:image:width\" content=\"2000\" \/>\n\t<meta property=\"og:image:height\" content=\"2000\" \/>\n\t<meta property=\"og:image:type\" content=\"image\/jpeg\" \/>\n<meta name=\"twitter:card\" content=\"summary_large_image\" \/>\n<meta name=\"twitter:label1\" content=\"Tempo estimado de leitura\" \/>\n\t<meta name=\"twitter:data1\" content=\"1 minuto\" \/>\n<script type=\"application\/ld+json\" class=\"yoast-schema-graph\">{\"@context\":\"https:\/\/schema.org\",\"@graph\":[{\"@type\":\"WebPage\",\"@id\":\"https:\/\/wos-dev-1.staging.sd-hosting.pt\/produto\/la-roche-posay-kerium-caspa-oleosa-200ml\/\",\"url\":\"https:\/\/wos-dev-1.staging.sd-hosting.pt\/produto\/la-roche-posay-kerium-caspa-oleosa-200ml\/\",\"name\":\"La Roche Posay Kerium Caspa Oleosa 200ml - World Of Skin\",\"isPartOf\":{\"@id\":\"https:\/\/wos-dev-1.staging.sd-hosting.pt\/#website\"},\"primaryImageOfPage\":{\"@id\":\"https:\/\/wos-dev-1.staging.sd-hosting.pt\/produto\/la-roche-posay-kerium-caspa-oleosa-200ml\/#primaryimage\"},\"image\":{\"@id\":\"https:\/\/wos-dev-1.staging.sd-hosting.pt\/produto\/la-roche-posay-kerium-caspa-oleosa-200ml\/#primaryimage\"},\"thumbnailUrl\":\"https:\/\/wos-dev-1.staging.sd-hosting.pt\/wp-content\/uploads\/2023\/01\/cosmetica-ativa-la-roche-posay-kerium-caspa-oleosa-frente.jpg\",\"datePublished\":\"2023-04-11T10:48:17+00:00\",\"dateModified\":\"2023-08-22T08:58:46+00:00\",\"description\":\"La Roche Posay Kerium Caspa Oleosa \u00e9 um champ\u00f4 para caspa oleosa, concebido para o couro cabeludo sens\u00edvel. Combate a oleosidade e alivia o prurido.\",\"breadcrumb\":{\"@id\":\"https:\/\/wos-dev-1.staging.sd-hosting.pt\/produto\/la-roche-posay-kerium-caspa-oleosa-200ml\/#breadcrumb\"},\"inLanguage\":\"pt-PT\",\"potentialAction\":[{\"@type\":\"ReadAction\",\"target\":[\"https:\/\/wos-dev-1.staging.sd-hosting.pt\/produto\/la-roche-posay-kerium-caspa-oleosa-200ml\/\"]}]},{\"@type\":\"ImageObject\",\"inLanguage\":\"pt-PT\",\"@id\":\"https:\/\/wos-dev-1.staging.sd-hosting.pt\/produto\/la-roche-posay-kerium-caspa-oleosa-200ml\/#primaryimage\",\"url\":\"https:\/\/wos-dev-1.staging.sd-hosting.pt\/wp-content\/uploads\/2023\/01\/cosmetica-ativa-la-roche-posay-kerium-caspa-oleosa-frente.jpg\",\"contentUrl\":\"https:\/\/wos-dev-1.staging.sd-hosting.pt\/wp-content\/uploads\/2023\/01\/cosmetica-ativa-la-roche-posay-kerium-caspa-oleosa-frente.jpg\",\"width\":2000,\"height\":2000,\"caption\":\"La Roche Posay Kerium Caspa Oleosa 200ml\"},{\"@type\":\"BreadcrumbList\",\"@id\":\"https:\/\/wos-dev-1.staging.sd-hosting.pt\/produto\/la-roche-posay-kerium-caspa-oleosa-200ml\/#breadcrumb\",\"itemListElement\":[{\"@type\":\"ListItem\",\"position\":1,\"name\":\"In\u00edcio\",\"item\":\"https:\/\/wos-dev-1.staging.sd-hosting.pt\/\"},{\"@type\":\"ListItem\",\"position\":2,\"name\":\"La Roche Posay Kerium Caspa Oleosa 200ml\"}]},{\"@type\":\"WebSite\",\"@id\":\"https:\/\/wos-dev-1.staging.sd-hosting.pt\/#website\",\"url\":\"https:\/\/wos-dev-1.staging.sd-hosting.pt\/\",\"name\":\"World Of Skin\",\"description\":\"World Of Skin\",\"publisher\":{\"@id\":\"https:\/\/wos-dev-1.staging.sd-hosting.pt\/#organization\"},\"potentialAction\":[{\"@type\":\"SearchAction\",\"target\":{\"@type\":\"EntryPoint\",\"urlTemplate\":\"https:\/\/wos-dev-1.staging.sd-hosting.pt\/?s={search_term_string}\"},\"query-input\":\"required name=search_term_string\"}],\"inLanguage\":\"pt-PT\"},{\"@type\":\"Organization\",\"@id\":\"https:\/\/wos-dev-1.staging.sd-hosting.pt\/#organization\",\"name\":\"World Of Skin\",\"url\":\"https:\/\/wos-dev-1.staging.sd-hosting.pt\/\",\"logo\":{\"@type\":\"ImageObject\",\"inLanguage\":\"pt-PT\",\"@id\":\"https:\/\/wos-dev-1.staging.sd-hosting.pt\/#\/schema\/logo\/image\/\",\"url\":\"https:\/\/wos-dev-1.staging.sd-hosting.pt\/wp-content\/uploads\/2022\/10\/Logotipo_Final.png\",\"contentUrl\":\"https:\/\/wos-dev-1.staging.sd-hosting.pt\/wp-content\/uploads\/2022\/10\/Logotipo_Final.png\",\"width\":1774,\"height\":1536,\"caption\":\"World Of Skin\"},\"image\":{\"@id\":\"https:\/\/wos-dev-1.staging.sd-hosting.pt\/#\/schema\/logo\/image\/\"},\"sameAs\":[\"https:\/\/www.facebook.com\/worldofskin.pt\/\",\"https:\/\/www.instagram.com\/world.of.skin\/\"]}]}<\/script>\n<!-- \/ Yoast SEO plugin. -->","yoast_head_json":{"title":"La Roche Posay Kerium Caspa Oleosa 200ml - World Of Skin","description":"La Roche Posay Kerium Caspa Oleosa \u00e9 um champ\u00f4 para caspa oleosa, concebido para o couro cabeludo sens\u00edvel. Combate a oleosidade e alivia o prurido.","robots":{"index":"index","follow":"follow","max-snippet":"max-snippet:-1","max-image-preview":"max-image-preview:large","max-video-preview":"max-video-preview:-1"},"canonical":"https:\/\/wos-dev-1.staging.sd-hosting.pt\/produto\/la-roche-posay-kerium-caspa-oleosa-200ml\/","og_locale":"pt_PT","og_type":"article","og_title":"La Roche Posay Kerium Caspa Oleosa 200ml - World Of Skin","og_description":"La Roche Posay Kerium Caspa Oleosa \u00e9 um champ\u00f4 para caspa oleosa, concebido para o couro cabeludo sens\u00edvel. Combate a oleosidade e alivia o prurido.","og_url":"https:\/\/wos-dev-1.staging.sd-hosting.pt\/produto\/la-roche-posay-kerium-caspa-oleosa-200ml\/","og_site_name":"World Of Skin","article_publisher":"https:\/\/www.facebook.com\/worldofskin.pt\/","article_modified_time":"2023-08-22T08:58:46+00:00","og_image":[{"width":2000,"height":2000,"url":"https:\/\/wos-dev-1.staging.sd-hosting.pt\/wp-content\/uploads\/2023\/01\/cosmetica-ativa-la-roche-posay-kerium-caspa-oleosa-frente.jpg","type":"image\/jpeg"}],"twitter_card":"summary_large_image","twitter_misc":{"Tempo estimado de leitura":"1 minuto"},"schema":{"@context":"https:\/\/schema.org","@graph":[{"@type":"WebPage","@id":"https:\/\/wos-dev-1.staging.sd-hosting.pt\/produto\/la-roche-posay-kerium-caspa-oleosa-200ml\/","url":"https:\/\/wos-dev-1.staging.sd-hosting.pt\/produto\/la-roche-posay-kerium-caspa-oleosa-200ml\/","name":"La Roche Posay Kerium Caspa Oleosa 200ml - World Of Skin","isPartOf":{"@id":"https:\/\/wos-dev-1.staging.sd-hosting.pt\/#website"},"primaryImageOfPage":{"@id":"https:\/\/wos-dev-1.staging.sd-hosting.pt\/produto\/la-roche-posay-kerium-caspa-oleosa-200ml\/#primaryimage"},"image":{"@id":"https:\/\/wos-dev-1.staging.sd-hosting.pt\/produto\/la-roche-posay-kerium-caspa-oleosa-200ml\/#primaryimage"},"thumbnailUrl":"https:\/\/wos-dev-1.staging.sd-hosting.pt\/wp-content\/uploads\/2023\/01\/cosmetica-ativa-la-roche-posay-kerium-caspa-oleosa-frente.jpg","datePublished":"2023-04-11T10:48:17+00:00","dateModified":"2023-08-22T08:58:46+00:00","description":"La Roche Posay Kerium Caspa Oleosa \u00e9 um champ\u00f4 para caspa oleosa, concebido para o couro cabeludo sens\u00edvel. Combate a oleosidade e alivia o prurido.","breadcrumb":{"@id":"https:\/\/wos-dev-1.staging.sd-hosting.pt\/produto\/la-roche-posay-kerium-caspa-oleosa-200ml\/#breadcrumb"},"inLanguage":"pt-PT","potentialAction":[{"@type":"ReadAction","target":["https:\/\/wos-dev-1.staging.sd-hosting.pt\/produto\/la-roche-posay-kerium-caspa-oleosa-200ml\/"]}]},{"@type":"ImageObject","inLanguage":"pt-PT","@id":"https:\/\/wos-dev-1.staging.sd-hosting.pt\/produto\/la-roche-posay-kerium-caspa-oleosa-200ml\/#primaryimage","url":"https:\/\/wos-dev-1.staging.sd-hosting.pt\/wp-content\/uploads\/2023\/01\/cosmetica-ativa-la-roche-posay-kerium-caspa-oleosa-frente.jpg","contentUrl":"https:\/\/wos-dev-1.staging.sd-hosting.pt\/wp-content\/uploads\/2023\/01\/cosmetica-ativa-la-roche-posay-kerium-caspa-oleosa-frente.jpg","width":2000,"height":2000,"caption":"La Roche Posay Kerium Caspa Oleosa 200ml"},{"@type":"BreadcrumbList","@id":"https:\/\/wos-dev-1.staging.sd-hosting.pt\/produto\/la-roche-posay-kerium-caspa-oleosa-200ml\/#breadcrumb","itemListElement":[{"@type":"ListItem","position":1,"name":"In\u00edcio","item":"https:\/\/wos-dev-1.staging.sd-hosting.pt\/"},{"@type":"ListItem","position":2,"name":"La Roche Posay Kerium Caspa Oleosa 200ml"}]},{"@type":"WebSite","@id":"https:\/\/wos-dev-1.staging.sd-hosting.pt\/#website","url":"https:\/\/wos-dev-1.staging.sd-hosting.pt\/","name":"World Of Skin","description":"World Of Skin","publisher":{"@id":"https:\/\/wos-dev-1.staging.sd-hosting.pt\/#organization"},"potentialAction":[{"@type":"SearchAction","target":{"@type":"EntryPoint","urlTemplate":"https:\/\/wos-dev-1.staging.sd-hosting.pt\/?s={search_term_string}"},"query-input":"required name=search_term_string"}],"inLanguage":"pt-PT"},{"@type":"Organization","@id":"https:\/\/wos-dev-1.staging.sd-hosting.pt\/#organization","name":"World Of Skin","url":"https:\/\/wos-dev-1.staging.sd-hosting.pt\/","logo":{"@type":"ImageObject","inLanguage":"pt-PT","@id":"https:\/\/wos-dev-1.staging.sd-hosting.pt\/#\/schema\/logo\/image\/","url":"https:\/\/wos-dev-1.staging.sd-hosting.pt\/wp-content\/uploads\/2022\/10\/Logotipo_Final.png","contentUrl":"https:\/\/wos-dev-1.staging.sd-hosting.pt\/wp-content\/uploads\/2022\/10\/Logotipo_Final.png","width":1774,"height":1536,"caption":"World Of Skin"},"image":{"@id":"https:\/\/wos-dev-1.staging.sd-hosting.pt\/#\/schema\/logo\/image\/"},"sameAs":["https:\/\/www.facebook.com\/worldofskin.pt\/","https:\/\/www.instagram.com\/world.of.skin\/"]}]}},"_links":{"self":[{"href":"https:\/\/wos-dev-1.staging.sd-hosting.pt\/index.php?rest_route=\/wp\/v2\/product\/104952","targetHints":{"allow":["GET"]}}],"collection":[{"href":"https:\/\/wos-dev-1.staging.sd-hosting.pt\/index.php?rest_route=\/wp\/v2\/product"}],"about":[{"href":"https:\/\/wos-dev-1.staging.sd-hosting.pt\/index.php?rest_route=\/wp\/v2\/types\/product"}],"replies":[{"embeddable":true,"href":"https:\/\/wos-dev-1.staging.sd-hosting.pt\/index.php?rest_route=%2Fwp%2Fv2%2Fcomments&post=104952"}],"wp:featuredmedia":[{"embeddable":true,"href":"https:\/\/wos-dev-1.staging.sd-hosting.pt\/index.php?rest_route=\/wp\/v2\/media\/1318"}],"wp:attachment":[{"href":"https:\/\/wos-dev-1.staging.sd-hosting.pt\/index.php?rest_route=%2Fwp%2Fv2%2Fmedia&parent=104952"}],"wp:term":[{"taxonomy":"product_cat","embeddable":true,"href":"https:\/\/wos-dev-1.staging.sd-hosting.pt\/index.php?rest_route=%2Fwp%2Fv2%2Fproduct_cat&post=104952"},{"taxonomy":"product_tag","embeddable":true,"href":"https:\/\/wos-dev-1.staging.sd-hosting.pt\/index.php?rest_route=%2Fwp%2Fv2%2Fproduct_tag&post=104952"},{"taxonomy":"wos_brand","embeddable":true,"href":"https:\/\/wos-dev-1.staging.sd-hosting.pt\/index.php?rest_route=%2Fwp%2Fv2%2Fwos_brand&post=104952"}],"curies":[{"name":"wp","href":"https:\/\/api.w.org\/{rel}","templated":true}]}}