{"id":104914,"date":"2023-04-10T14:39:26","date_gmt":"2023-04-10T14:39:26","guid":{"rendered":"https:\/\/wos-dev-1.staging.sd-hosting.pt\/produto\/estrofito-forte-bio-30-capsulas\/"},"modified":"2023-08-22T08:59:07","modified_gmt":"2023-08-22T08:59:07","slug":"estrofito-forte-bio-30-capsulas","status":"publish","type":"product","link":"https:\/\/wos-dev-1.staging.sd-hosting.pt\/?product=estrofito-forte-bio-30-capsulas","title":{"rendered":"Estrofito Forte Bio 30 c\u00e1psulas"},"content":{"rendered":"<p class=\"wosc-text-s wosc-text-justify\"><strong class=\"wosc-text-secondary\">Estrofito Forte<\/strong> <strong>Bio<\/strong> \u00e9 um suplemento alimentar indicado para al\u00edvio dos sintomas da menopausa.<\/p>\n<p class=\"wosc-text-s wosc-text-justify\">Na sua composi\u00e7\u00e3o encontramos 100 mg de Isoflavonas de soja Soy WB\u00ae por c\u00e1psula. Estas obt\u00eam-se a partir do gr\u00e3o de soja completo e com uma estirpe selecionada, a Bifidobacterium animalis S-EF\u00ae.<\/p>\n<p class=\"wosc-text-s wosc-text-justify\">Contribui para o bem-estar e qualidade de vida da mulher na menopausa com sintomas intensos e frequentes como afrontamentos.<\/p>\n","protected":false},"excerpt":{"rendered":"<p>Suplemento alimentar para al\u00edvio dos sintomas intensos e frequentes da menopausa<\/p>\n","protected":false},"featured_media":1233,"comment_status":"open","ping_status":"closed","template":"","meta":{"_acf_changed":false},"product_cat":[992,1088,1080],"product_tag":[],"wos_brand":[1126],"class_list":{"0":"post-104914","1":"product","2":"type-product","3":"status-publish","4":"has-post-thumbnail","6":"product_cat-bem-estar","7":"product_cat-feminino","8":"product_cat-suplementos","9":"wos_brand-estrofito","11":"first","12":"outofstock","13":"taxable","14":"shipping-taxable","15":"purchasable","16":"product-type-simple"},"acf":[],"yoast_head":"<!-- This site is optimized with the Yoast SEO plugin v22.8 - https:\/\/yoast.com\/wordpress\/plugins\/seo\/ -->\n<title>Estrofito Forte Bio 30 c\u00e1psulas - World Of Skin<\/title>\n<meta name=\"description\" content=\"Estrofito Forte Bio \u00e9 um suplemento alimentar indicado para al\u00edvio dos sintomas da menopausa, contribuindo para o bem-estar e qualidade de vida da mulher.\" \/>\n<meta name=\"robots\" content=\"index, follow, max-snippet:-1, max-image-preview:large, max-video-preview:-1\" \/>\n<link rel=\"canonical\" href=\"https:\/\/wos-dev-1.staging.sd-hosting.pt\/produto\/estrofito-forte-bio-30-capsulas\/\" \/>\n<meta property=\"og:locale\" content=\"pt_PT\" \/>\n<meta property=\"og:type\" content=\"article\" \/>\n<meta property=\"og:title\" content=\"Estrofito Forte Bio 30 c\u00e1psulas - World Of Skin\" \/>\n<meta property=\"og:description\" content=\"Estrofito Forte Bio \u00e9 um suplemento alimentar indicado para al\u00edvio dos sintomas da menopausa, contribuindo para o bem-estar e qualidade de vida da mulher.\" \/>\n<meta property=\"og:url\" content=\"https:\/\/wos-dev-1.staging.sd-hosting.pt\/produto\/estrofito-forte-bio-30-capsulas\/\" \/>\n<meta property=\"og:site_name\" content=\"World Of Skin\" \/>\n<meta property=\"article:publisher\" content=\"https:\/\/www.facebook.com\/worldofskin.pt\/\" \/>\n<meta property=\"article:modified_time\" content=\"2023-08-22T08:59:07+00:00\" \/>\n<meta property=\"og:image\" content=\"https:\/\/wos-dev-1.staging.sd-hosting.pt\/wp-content\/uploads\/2023\/01\/cantabria-estrofito-forte-bio.png\" \/>\n\t<meta property=\"og:image:width\" content=\"600\" \/>\n\t<meta property=\"og:image:height\" content=\"600\" \/>\n\t<meta property=\"og:image:type\" content=\"image\/png\" \/>\n<meta name=\"twitter:card\" content=\"summary_large_image\" \/>\n<meta name=\"twitter:label1\" content=\"Tempo estimado de leitura\" \/>\n\t<meta name=\"twitter:data1\" content=\"1 minuto\" \/>\n<script type=\"application\/ld+json\" class=\"yoast-schema-graph\">{\"@context\":\"https:\/\/schema.org\",\"@graph\":[{\"@type\":\"WebPage\",\"@id\":\"https:\/\/wos-dev-1.staging.sd-hosting.pt\/produto\/estrofito-forte-bio-30-capsulas\/\",\"url\":\"https:\/\/wos-dev-1.staging.sd-hosting.pt\/produto\/estrofito-forte-bio-30-capsulas\/\",\"name\":\"Estrofito Forte Bio 30 c\u00e1psulas - World Of Skin\",\"isPartOf\":{\"@id\":\"https:\/\/wos-dev-1.staging.sd-hosting.pt\/#website\"},\"primaryImageOfPage\":{\"@id\":\"https:\/\/wos-dev-1.staging.sd-hosting.pt\/produto\/estrofito-forte-bio-30-capsulas\/#primaryimage\"},\"image\":{\"@id\":\"https:\/\/wos-dev-1.staging.sd-hosting.pt\/produto\/estrofito-forte-bio-30-capsulas\/#primaryimage\"},\"thumbnailUrl\":\"https:\/\/wos-dev-1.staging.sd-hosting.pt\/wp-content\/uploads\/2023\/01\/cantabria-estrofito-forte-bio.png\",\"datePublished\":\"2023-04-10T14:39:26+00:00\",\"dateModified\":\"2023-08-22T08:59:07+00:00\",\"description\":\"Estrofito Forte Bio \u00e9 um suplemento alimentar indicado para al\u00edvio dos sintomas da menopausa, contribuindo para o bem-estar e qualidade de vida da mulher.\",\"breadcrumb\":{\"@id\":\"https:\/\/wos-dev-1.staging.sd-hosting.pt\/produto\/estrofito-forte-bio-30-capsulas\/#breadcrumb\"},\"inLanguage\":\"pt-PT\",\"potentialAction\":[{\"@type\":\"ReadAction\",\"target\":[\"https:\/\/wos-dev-1.staging.sd-hosting.pt\/produto\/estrofito-forte-bio-30-capsulas\/\"]}]},{\"@type\":\"ImageObject\",\"inLanguage\":\"pt-PT\",\"@id\":\"https:\/\/wos-dev-1.staging.sd-hosting.pt\/produto\/estrofito-forte-bio-30-capsulas\/#primaryimage\",\"url\":\"https:\/\/wos-dev-1.staging.sd-hosting.pt\/wp-content\/uploads\/2023\/01\/cantabria-estrofito-forte-bio.png\",\"contentUrl\":\"https:\/\/wos-dev-1.staging.sd-hosting.pt\/wp-content\/uploads\/2023\/01\/cantabria-estrofito-forte-bio.png\",\"width\":600,\"height\":600,\"caption\":\"Estrofito Forte Bio 30 c\u00e1psulas\"},{\"@type\":\"BreadcrumbList\",\"@id\":\"https:\/\/wos-dev-1.staging.sd-hosting.pt\/produto\/estrofito-forte-bio-30-capsulas\/#breadcrumb\",\"itemListElement\":[{\"@type\":\"ListItem\",\"position\":1,\"name\":\"In\u00edcio\",\"item\":\"https:\/\/wos-dev-1.staging.sd-hosting.pt\/\"},{\"@type\":\"ListItem\",\"position\":2,\"name\":\"Estrofito Forte Bio 30 c\u00e1psulas\"}]},{\"@type\":\"WebSite\",\"@id\":\"https:\/\/wos-dev-1.staging.sd-hosting.pt\/#website\",\"url\":\"https:\/\/wos-dev-1.staging.sd-hosting.pt\/\",\"name\":\"World Of Skin\",\"description\":\"World Of Skin\",\"publisher\":{\"@id\":\"https:\/\/wos-dev-1.staging.sd-hosting.pt\/#organization\"},\"potentialAction\":[{\"@type\":\"SearchAction\",\"target\":{\"@type\":\"EntryPoint\",\"urlTemplate\":\"https:\/\/wos-dev-1.staging.sd-hosting.pt\/?s={search_term_string}\"},\"query-input\":\"required name=search_term_string\"}],\"inLanguage\":\"pt-PT\"},{\"@type\":\"Organization\",\"@id\":\"https:\/\/wos-dev-1.staging.sd-hosting.pt\/#organization\",\"name\":\"World Of Skin\",\"url\":\"https:\/\/wos-dev-1.staging.sd-hosting.pt\/\",\"logo\":{\"@type\":\"ImageObject\",\"inLanguage\":\"pt-PT\",\"@id\":\"https:\/\/wos-dev-1.staging.sd-hosting.pt\/#\/schema\/logo\/image\/\",\"url\":\"https:\/\/wos-dev-1.staging.sd-hosting.pt\/wp-content\/uploads\/2022\/10\/Logotipo_Final.png\",\"contentUrl\":\"https:\/\/wos-dev-1.staging.sd-hosting.pt\/wp-content\/uploads\/2022\/10\/Logotipo_Final.png\",\"width\":1774,\"height\":1536,\"caption\":\"World Of Skin\"},\"image\":{\"@id\":\"https:\/\/wos-dev-1.staging.sd-hosting.pt\/#\/schema\/logo\/image\/\"},\"sameAs\":[\"https:\/\/www.facebook.com\/worldofskin.pt\/\",\"https:\/\/www.instagram.com\/world.of.skin\/\"]}]}<\/script>\n<!-- \/ Yoast SEO plugin. -->","yoast_head_json":{"title":"Estrofito Forte Bio 30 c\u00e1psulas - World Of Skin","description":"Estrofito Forte Bio \u00e9 um suplemento alimentar indicado para al\u00edvio dos sintomas da menopausa, contribuindo para o bem-estar e qualidade de vida da mulher.","robots":{"index":"index","follow":"follow","max-snippet":"max-snippet:-1","max-image-preview":"max-image-preview:large","max-video-preview":"max-video-preview:-1"},"canonical":"https:\/\/wos-dev-1.staging.sd-hosting.pt\/produto\/estrofito-forte-bio-30-capsulas\/","og_locale":"pt_PT","og_type":"article","og_title":"Estrofito Forte Bio 30 c\u00e1psulas - World Of Skin","og_description":"Estrofito Forte Bio \u00e9 um suplemento alimentar indicado para al\u00edvio dos sintomas da menopausa, contribuindo para o bem-estar e qualidade de vida da mulher.","og_url":"https:\/\/wos-dev-1.staging.sd-hosting.pt\/produto\/estrofito-forte-bio-30-capsulas\/","og_site_name":"World Of Skin","article_publisher":"https:\/\/www.facebook.com\/worldofskin.pt\/","article_modified_time":"2023-08-22T08:59:07+00:00","og_image":[{"width":600,"height":600,"url":"https:\/\/wos-dev-1.staging.sd-hosting.pt\/wp-content\/uploads\/2023\/01\/cantabria-estrofito-forte-bio.png","type":"image\/png"}],"twitter_card":"summary_large_image","twitter_misc":{"Tempo estimado de leitura":"1 minuto"},"schema":{"@context":"https:\/\/schema.org","@graph":[{"@type":"WebPage","@id":"https:\/\/wos-dev-1.staging.sd-hosting.pt\/produto\/estrofito-forte-bio-30-capsulas\/","url":"https:\/\/wos-dev-1.staging.sd-hosting.pt\/produto\/estrofito-forte-bio-30-capsulas\/","name":"Estrofito Forte Bio 30 c\u00e1psulas - World Of Skin","isPartOf":{"@id":"https:\/\/wos-dev-1.staging.sd-hosting.pt\/#website"},"primaryImageOfPage":{"@id":"https:\/\/wos-dev-1.staging.sd-hosting.pt\/produto\/estrofito-forte-bio-30-capsulas\/#primaryimage"},"image":{"@id":"https:\/\/wos-dev-1.staging.sd-hosting.pt\/produto\/estrofito-forte-bio-30-capsulas\/#primaryimage"},"thumbnailUrl":"https:\/\/wos-dev-1.staging.sd-hosting.pt\/wp-content\/uploads\/2023\/01\/cantabria-estrofito-forte-bio.png","datePublished":"2023-04-10T14:39:26+00:00","dateModified":"2023-08-22T08:59:07+00:00","description":"Estrofito Forte Bio \u00e9 um suplemento alimentar indicado para al\u00edvio dos sintomas da menopausa, contribuindo para o bem-estar e qualidade de vida da mulher.","breadcrumb":{"@id":"https:\/\/wos-dev-1.staging.sd-hosting.pt\/produto\/estrofito-forte-bio-30-capsulas\/#breadcrumb"},"inLanguage":"pt-PT","potentialAction":[{"@type":"ReadAction","target":["https:\/\/wos-dev-1.staging.sd-hosting.pt\/produto\/estrofito-forte-bio-30-capsulas\/"]}]},{"@type":"ImageObject","inLanguage":"pt-PT","@id":"https:\/\/wos-dev-1.staging.sd-hosting.pt\/produto\/estrofito-forte-bio-30-capsulas\/#primaryimage","url":"https:\/\/wos-dev-1.staging.sd-hosting.pt\/wp-content\/uploads\/2023\/01\/cantabria-estrofito-forte-bio.png","contentUrl":"https:\/\/wos-dev-1.staging.sd-hosting.pt\/wp-content\/uploads\/2023\/01\/cantabria-estrofito-forte-bio.png","width":600,"height":600,"caption":"Estrofito Forte Bio 30 c\u00e1psulas"},{"@type":"BreadcrumbList","@id":"https:\/\/wos-dev-1.staging.sd-hosting.pt\/produto\/estrofito-forte-bio-30-capsulas\/#breadcrumb","itemListElement":[{"@type":"ListItem","position":1,"name":"In\u00edcio","item":"https:\/\/wos-dev-1.staging.sd-hosting.pt\/"},{"@type":"ListItem","position":2,"name":"Estrofito Forte Bio 30 c\u00e1psulas"}]},{"@type":"WebSite","@id":"https:\/\/wos-dev-1.staging.sd-hosting.pt\/#website","url":"https:\/\/wos-dev-1.staging.sd-hosting.pt\/","name":"World Of Skin","description":"World Of Skin","publisher":{"@id":"https:\/\/wos-dev-1.staging.sd-hosting.pt\/#organization"},"potentialAction":[{"@type":"SearchAction","target":{"@type":"EntryPoint","urlTemplate":"https:\/\/wos-dev-1.staging.sd-hosting.pt\/?s={search_term_string}"},"query-input":"required name=search_term_string"}],"inLanguage":"pt-PT"},{"@type":"Organization","@id":"https:\/\/wos-dev-1.staging.sd-hosting.pt\/#organization","name":"World Of Skin","url":"https:\/\/wos-dev-1.staging.sd-hosting.pt\/","logo":{"@type":"ImageObject","inLanguage":"pt-PT","@id":"https:\/\/wos-dev-1.staging.sd-hosting.pt\/#\/schema\/logo\/image\/","url":"https:\/\/wos-dev-1.staging.sd-hosting.pt\/wp-content\/uploads\/2022\/10\/Logotipo_Final.png","contentUrl":"https:\/\/wos-dev-1.staging.sd-hosting.pt\/wp-content\/uploads\/2022\/10\/Logotipo_Final.png","width":1774,"height":1536,"caption":"World Of Skin"},"image":{"@id":"https:\/\/wos-dev-1.staging.sd-hosting.pt\/#\/schema\/logo\/image\/"},"sameAs":["https:\/\/www.facebook.com\/worldofskin.pt\/","https:\/\/www.instagram.com\/world.of.skin\/"]}]}},"_links":{"self":[{"href":"https:\/\/wos-dev-1.staging.sd-hosting.pt\/index.php?rest_route=\/wp\/v2\/product\/104914","targetHints":{"allow":["GET"]}}],"collection":[{"href":"https:\/\/wos-dev-1.staging.sd-hosting.pt\/index.php?rest_route=\/wp\/v2\/product"}],"about":[{"href":"https:\/\/wos-dev-1.staging.sd-hosting.pt\/index.php?rest_route=\/wp\/v2\/types\/product"}],"replies":[{"embeddable":true,"href":"https:\/\/wos-dev-1.staging.sd-hosting.pt\/index.php?rest_route=%2Fwp%2Fv2%2Fcomments&post=104914"}],"wp:featuredmedia":[{"embeddable":true,"href":"https:\/\/wos-dev-1.staging.sd-hosting.pt\/index.php?rest_route=\/wp\/v2\/media\/1233"}],"wp:attachment":[{"href":"https:\/\/wos-dev-1.staging.sd-hosting.pt\/index.php?rest_route=%2Fwp%2Fv2%2Fmedia&parent=104914"}],"wp:term":[{"taxonomy":"product_cat","embeddable":true,"href":"https:\/\/wos-dev-1.staging.sd-hosting.pt\/index.php?rest_route=%2Fwp%2Fv2%2Fproduct_cat&post=104914"},{"taxonomy":"product_tag","embeddable":true,"href":"https:\/\/wos-dev-1.staging.sd-hosting.pt\/index.php?rest_route=%2Fwp%2Fv2%2Fproduct_tag&post=104914"},{"taxonomy":"wos_brand","embeddable":true,"href":"https:\/\/wos-dev-1.staging.sd-hosting.pt\/index.php?rest_route=%2Fwp%2Fv2%2Fwos_brand&post=104914"}],"curies":[{"name":"wp","href":"https:\/\/api.w.org\/{rel}","templated":true}]}}