{"id":104860,"date":"2023-04-06T09:40:18","date_gmt":"2023-04-06T09:40:18","guid":{"rendered":"https:\/\/wos-dev-1.staging.sd-hosting.pt\/produto\/bioactivo-cla-forte-150-capsulas\/"},"modified":"2023-08-22T08:58:51","modified_gmt":"2023-08-22T08:58:51","slug":"bioactivo-cla-forte-150-capsulas","status":"publish","type":"product","link":"https:\/\/wos-dev-1.staging.sd-hosting.pt\/?product=bioactivo-cla-forte-150-capsulas","title":{"rendered":"BioActivo CLA Forte 150 c\u00e1psulas"},"content":{"rendered":"<p class=\"wosc-text-s wosc-text-justify\"> <strong class=\"wosc-text-secondary\">BioActivo CLA Forte<\/strong> \u00e9 um suplemento alimentar com 400 mg de CLA (\u00c1cido Linoleico Conjugado) de origem vegetal, sob a forma de \u00e1cidos gordos de f\u00e1cil absor\u00e7\u00e3o.<\/p>\n<p class=\"wosc-text-s wosc-text-justify\">Quando se faz dieta, n\u00e3o se perde s\u00f3 gordura: a massa muscular tamb\u00e9m \u00e9 reduzida. O BioActivo\u00ae CLA Forte ajuda a manter um equil\u00edbrio \u00f3ptimo entre a massa muscular e a gordura corporal. Assim, consegue-se uma redu\u00e7\u00e3o do volume e mais firmeza<\/p>\n<p><\/p>\n<p class=\"wosc-text-s wosc-text-justify\">Sobre a dieta:<br \/>\nComo as c\u00e9lulas dos m\u00fasculos precisam de mais energia do que as c\u00e9lulas de gordura, ao perder muitos quilos ap\u00f3s uma dieta, o metabolismo fica mais lento. Quando se regressa aos h\u00e1bitos alimentares anteriores \u00e0 dieta acaba-se por voltar a ganhar mais peso (efeito \u201ci\u00f4-i\u00f4\u201d). Estes resultados podem ser explicados pela diminui\u00e7\u00e3o do metabolismo causada pela perda de massa muscular.<\/p>\n","protected":false},"excerpt":{"rendered":"<p>Suplemento alimentar para ajudar na gest\u00e3o do peso. <\/p>\n","protected":false},"featured_media":1571,"comment_status":"open","ping_status":"closed","template":"","meta":{"_acf_changed":false},"product_cat":[992,1086,1080],"product_tag":[],"wos_brand":[1115],"class_list":{"0":"post-104860","1":"product","2":"type-product","3":"status-publish","4":"has-post-thumbnail","6":"product_cat-bem-estar","7":"product_cat-emagrecimento","8":"product_cat-suplementos","9":"wos_brand-bioactivo","11":"first","12":"outofstock","13":"taxable","14":"shipping-taxable","15":"purchasable","16":"product-type-simple"},"acf":[],"yoast_head":"<!-- This site is optimized with the Yoast SEO plugin v22.8 - https:\/\/yoast.com\/wordpress\/plugins\/seo\/ -->\n<title>BioActivo CLA Forte 150 c\u00e1psulas - World Of Skin<\/title>\n<meta name=\"description\" content=\"Suplemento alimentar que ajuda na manuten\u00e7\u00e3o da massa muscular, com CLA de origem vegetal, sob a forma de \u00e1cidos gordos de f\u00e1cil absor\u00e7\u00e3o.\" \/>\n<meta name=\"robots\" content=\"index, follow, max-snippet:-1, max-image-preview:large, max-video-preview:-1\" \/>\n<link rel=\"canonical\" href=\"https:\/\/wos-dev-1.staging.sd-hosting.pt\/produto\/bioactivo-cla-forte-150-capsulas\/\" \/>\n<meta property=\"og:locale\" content=\"pt_PT\" \/>\n<meta property=\"og:type\" content=\"article\" \/>\n<meta property=\"og:title\" content=\"BioActivo CLA Forte 150 c\u00e1psulas - World Of Skin\" \/>\n<meta property=\"og:description\" content=\"Suplemento alimentar que ajuda na manuten\u00e7\u00e3o da massa muscular, com CLA de origem vegetal, sob a forma de \u00e1cidos gordos de f\u00e1cil absor\u00e7\u00e3o.\" \/>\n<meta property=\"og:url\" content=\"https:\/\/wos-dev-1.staging.sd-hosting.pt\/produto\/bioactivo-cla-forte-150-capsulas\/\" \/>\n<meta property=\"og:site_name\" content=\"World Of Skin\" \/>\n<meta property=\"article:publisher\" content=\"https:\/\/www.facebook.com\/worldofskin.pt\/\" \/>\n<meta property=\"article:modified_time\" content=\"2023-08-22T08:58:51+00:00\" \/>\n<meta property=\"og:image\" content=\"https:\/\/wos-dev-1.staging.sd-hosting.pt\/wp-content\/uploads\/2023\/01\/bioactivo-cla-forte-150.png\" \/>\n\t<meta property=\"og:image:width\" content=\"980\" \/>\n\t<meta property=\"og:image:height\" content=\"762\" \/>\n\t<meta property=\"og:image:type\" content=\"image\/png\" \/>\n<meta name=\"twitter:card\" content=\"summary_large_image\" \/>\n<meta name=\"twitter:label1\" content=\"Tempo estimado de leitura\" \/>\n\t<meta name=\"twitter:data1\" content=\"1 minuto\" \/>\n<script type=\"application\/ld+json\" class=\"yoast-schema-graph\">{\"@context\":\"https:\/\/schema.org\",\"@graph\":[{\"@type\":\"WebPage\",\"@id\":\"https:\/\/wos-dev-1.staging.sd-hosting.pt\/produto\/bioactivo-cla-forte-150-capsulas\/\",\"url\":\"https:\/\/wos-dev-1.staging.sd-hosting.pt\/produto\/bioactivo-cla-forte-150-capsulas\/\",\"name\":\"BioActivo CLA Forte 150 c\u00e1psulas - World Of Skin\",\"isPartOf\":{\"@id\":\"https:\/\/wos-dev-1.staging.sd-hosting.pt\/#website\"},\"primaryImageOfPage\":{\"@id\":\"https:\/\/wos-dev-1.staging.sd-hosting.pt\/produto\/bioactivo-cla-forte-150-capsulas\/#primaryimage\"},\"image\":{\"@id\":\"https:\/\/wos-dev-1.staging.sd-hosting.pt\/produto\/bioactivo-cla-forte-150-capsulas\/#primaryimage\"},\"thumbnailUrl\":\"https:\/\/wos-dev-1.staging.sd-hosting.pt\/wp-content\/uploads\/2023\/01\/bioactivo-cla-forte-150.png\",\"datePublished\":\"2023-04-06T09:40:18+00:00\",\"dateModified\":\"2023-08-22T08:58:51+00:00\",\"description\":\"Suplemento alimentar que ajuda na manuten\u00e7\u00e3o da massa muscular, com CLA de origem vegetal, sob a forma de \u00e1cidos gordos de f\u00e1cil absor\u00e7\u00e3o.\",\"breadcrumb\":{\"@id\":\"https:\/\/wos-dev-1.staging.sd-hosting.pt\/produto\/bioactivo-cla-forte-150-capsulas\/#breadcrumb\"},\"inLanguage\":\"pt-PT\",\"potentialAction\":[{\"@type\":\"ReadAction\",\"target\":[\"https:\/\/wos-dev-1.staging.sd-hosting.pt\/produto\/bioactivo-cla-forte-150-capsulas\/\"]}]},{\"@type\":\"ImageObject\",\"inLanguage\":\"pt-PT\",\"@id\":\"https:\/\/wos-dev-1.staging.sd-hosting.pt\/produto\/bioactivo-cla-forte-150-capsulas\/#primaryimage\",\"url\":\"https:\/\/wos-dev-1.staging.sd-hosting.pt\/wp-content\/uploads\/2023\/01\/bioactivo-cla-forte-150.png\",\"contentUrl\":\"https:\/\/wos-dev-1.staging.sd-hosting.pt\/wp-content\/uploads\/2023\/01\/bioactivo-cla-forte-150.png\",\"width\":980,\"height\":762,\"caption\":\"BioActivo CLA Forte 150 c\u00e1psulas\"},{\"@type\":\"BreadcrumbList\",\"@id\":\"https:\/\/wos-dev-1.staging.sd-hosting.pt\/produto\/bioactivo-cla-forte-150-capsulas\/#breadcrumb\",\"itemListElement\":[{\"@type\":\"ListItem\",\"position\":1,\"name\":\"In\u00edcio\",\"item\":\"https:\/\/wos-dev-1.staging.sd-hosting.pt\/\"},{\"@type\":\"ListItem\",\"position\":2,\"name\":\"BioActivo CLA Forte 150 c\u00e1psulas\"}]},{\"@type\":\"WebSite\",\"@id\":\"https:\/\/wos-dev-1.staging.sd-hosting.pt\/#website\",\"url\":\"https:\/\/wos-dev-1.staging.sd-hosting.pt\/\",\"name\":\"World Of Skin\",\"description\":\"World Of Skin\",\"publisher\":{\"@id\":\"https:\/\/wos-dev-1.staging.sd-hosting.pt\/#organization\"},\"potentialAction\":[{\"@type\":\"SearchAction\",\"target\":{\"@type\":\"EntryPoint\",\"urlTemplate\":\"https:\/\/wos-dev-1.staging.sd-hosting.pt\/?s={search_term_string}\"},\"query-input\":\"required name=search_term_string\"}],\"inLanguage\":\"pt-PT\"},{\"@type\":\"Organization\",\"@id\":\"https:\/\/wos-dev-1.staging.sd-hosting.pt\/#organization\",\"name\":\"World Of Skin\",\"url\":\"https:\/\/wos-dev-1.staging.sd-hosting.pt\/\",\"logo\":{\"@type\":\"ImageObject\",\"inLanguage\":\"pt-PT\",\"@id\":\"https:\/\/wos-dev-1.staging.sd-hosting.pt\/#\/schema\/logo\/image\/\",\"url\":\"https:\/\/wos-dev-1.staging.sd-hosting.pt\/wp-content\/uploads\/2022\/10\/Logotipo_Final.png\",\"contentUrl\":\"https:\/\/wos-dev-1.staging.sd-hosting.pt\/wp-content\/uploads\/2022\/10\/Logotipo_Final.png\",\"width\":1774,\"height\":1536,\"caption\":\"World Of Skin\"},\"image\":{\"@id\":\"https:\/\/wos-dev-1.staging.sd-hosting.pt\/#\/schema\/logo\/image\/\"},\"sameAs\":[\"https:\/\/www.facebook.com\/worldofskin.pt\/\",\"https:\/\/www.instagram.com\/world.of.skin\/\"]}]}<\/script>\n<!-- \/ Yoast SEO plugin. -->","yoast_head_json":{"title":"BioActivo CLA Forte 150 c\u00e1psulas - World Of Skin","description":"Suplemento alimentar que ajuda na manuten\u00e7\u00e3o da massa muscular, com CLA de origem vegetal, sob a forma de \u00e1cidos gordos de f\u00e1cil absor\u00e7\u00e3o.","robots":{"index":"index","follow":"follow","max-snippet":"max-snippet:-1","max-image-preview":"max-image-preview:large","max-video-preview":"max-video-preview:-1"},"canonical":"https:\/\/wos-dev-1.staging.sd-hosting.pt\/produto\/bioactivo-cla-forte-150-capsulas\/","og_locale":"pt_PT","og_type":"article","og_title":"BioActivo CLA Forte 150 c\u00e1psulas - World Of Skin","og_description":"Suplemento alimentar que ajuda na manuten\u00e7\u00e3o da massa muscular, com CLA de origem vegetal, sob a forma de \u00e1cidos gordos de f\u00e1cil absor\u00e7\u00e3o.","og_url":"https:\/\/wos-dev-1.staging.sd-hosting.pt\/produto\/bioactivo-cla-forte-150-capsulas\/","og_site_name":"World Of Skin","article_publisher":"https:\/\/www.facebook.com\/worldofskin.pt\/","article_modified_time":"2023-08-22T08:58:51+00:00","og_image":[{"width":980,"height":762,"url":"https:\/\/wos-dev-1.staging.sd-hosting.pt\/wp-content\/uploads\/2023\/01\/bioactivo-cla-forte-150.png","type":"image\/png"}],"twitter_card":"summary_large_image","twitter_misc":{"Tempo estimado de leitura":"1 minuto"},"schema":{"@context":"https:\/\/schema.org","@graph":[{"@type":"WebPage","@id":"https:\/\/wos-dev-1.staging.sd-hosting.pt\/produto\/bioactivo-cla-forte-150-capsulas\/","url":"https:\/\/wos-dev-1.staging.sd-hosting.pt\/produto\/bioactivo-cla-forte-150-capsulas\/","name":"BioActivo CLA Forte 150 c\u00e1psulas - World Of Skin","isPartOf":{"@id":"https:\/\/wos-dev-1.staging.sd-hosting.pt\/#website"},"primaryImageOfPage":{"@id":"https:\/\/wos-dev-1.staging.sd-hosting.pt\/produto\/bioactivo-cla-forte-150-capsulas\/#primaryimage"},"image":{"@id":"https:\/\/wos-dev-1.staging.sd-hosting.pt\/produto\/bioactivo-cla-forte-150-capsulas\/#primaryimage"},"thumbnailUrl":"https:\/\/wos-dev-1.staging.sd-hosting.pt\/wp-content\/uploads\/2023\/01\/bioactivo-cla-forte-150.png","datePublished":"2023-04-06T09:40:18+00:00","dateModified":"2023-08-22T08:58:51+00:00","description":"Suplemento alimentar que ajuda na manuten\u00e7\u00e3o da massa muscular, com CLA de origem vegetal, sob a forma de \u00e1cidos gordos de f\u00e1cil absor\u00e7\u00e3o.","breadcrumb":{"@id":"https:\/\/wos-dev-1.staging.sd-hosting.pt\/produto\/bioactivo-cla-forte-150-capsulas\/#breadcrumb"},"inLanguage":"pt-PT","potentialAction":[{"@type":"ReadAction","target":["https:\/\/wos-dev-1.staging.sd-hosting.pt\/produto\/bioactivo-cla-forte-150-capsulas\/"]}]},{"@type":"ImageObject","inLanguage":"pt-PT","@id":"https:\/\/wos-dev-1.staging.sd-hosting.pt\/produto\/bioactivo-cla-forte-150-capsulas\/#primaryimage","url":"https:\/\/wos-dev-1.staging.sd-hosting.pt\/wp-content\/uploads\/2023\/01\/bioactivo-cla-forte-150.png","contentUrl":"https:\/\/wos-dev-1.staging.sd-hosting.pt\/wp-content\/uploads\/2023\/01\/bioactivo-cla-forte-150.png","width":980,"height":762,"caption":"BioActivo CLA Forte 150 c\u00e1psulas"},{"@type":"BreadcrumbList","@id":"https:\/\/wos-dev-1.staging.sd-hosting.pt\/produto\/bioactivo-cla-forte-150-capsulas\/#breadcrumb","itemListElement":[{"@type":"ListItem","position":1,"name":"In\u00edcio","item":"https:\/\/wos-dev-1.staging.sd-hosting.pt\/"},{"@type":"ListItem","position":2,"name":"BioActivo CLA Forte 150 c\u00e1psulas"}]},{"@type":"WebSite","@id":"https:\/\/wos-dev-1.staging.sd-hosting.pt\/#website","url":"https:\/\/wos-dev-1.staging.sd-hosting.pt\/","name":"World Of Skin","description":"World Of Skin","publisher":{"@id":"https:\/\/wos-dev-1.staging.sd-hosting.pt\/#organization"},"potentialAction":[{"@type":"SearchAction","target":{"@type":"EntryPoint","urlTemplate":"https:\/\/wos-dev-1.staging.sd-hosting.pt\/?s={search_term_string}"},"query-input":"required name=search_term_string"}],"inLanguage":"pt-PT"},{"@type":"Organization","@id":"https:\/\/wos-dev-1.staging.sd-hosting.pt\/#organization","name":"World Of Skin","url":"https:\/\/wos-dev-1.staging.sd-hosting.pt\/","logo":{"@type":"ImageObject","inLanguage":"pt-PT","@id":"https:\/\/wos-dev-1.staging.sd-hosting.pt\/#\/schema\/logo\/image\/","url":"https:\/\/wos-dev-1.staging.sd-hosting.pt\/wp-content\/uploads\/2022\/10\/Logotipo_Final.png","contentUrl":"https:\/\/wos-dev-1.staging.sd-hosting.pt\/wp-content\/uploads\/2022\/10\/Logotipo_Final.png","width":1774,"height":1536,"caption":"World Of Skin"},"image":{"@id":"https:\/\/wos-dev-1.staging.sd-hosting.pt\/#\/schema\/logo\/image\/"},"sameAs":["https:\/\/www.facebook.com\/worldofskin.pt\/","https:\/\/www.instagram.com\/world.of.skin\/"]}]}},"_links":{"self":[{"href":"https:\/\/wos-dev-1.staging.sd-hosting.pt\/index.php?rest_route=\/wp\/v2\/product\/104860","targetHints":{"allow":["GET"]}}],"collection":[{"href":"https:\/\/wos-dev-1.staging.sd-hosting.pt\/index.php?rest_route=\/wp\/v2\/product"}],"about":[{"href":"https:\/\/wos-dev-1.staging.sd-hosting.pt\/index.php?rest_route=\/wp\/v2\/types\/product"}],"replies":[{"embeddable":true,"href":"https:\/\/wos-dev-1.staging.sd-hosting.pt\/index.php?rest_route=%2Fwp%2Fv2%2Fcomments&post=104860"}],"wp:featuredmedia":[{"embeddable":true,"href":"https:\/\/wos-dev-1.staging.sd-hosting.pt\/index.php?rest_route=\/wp\/v2\/media\/1571"}],"wp:attachment":[{"href":"https:\/\/wos-dev-1.staging.sd-hosting.pt\/index.php?rest_route=%2Fwp%2Fv2%2Fmedia&parent=104860"}],"wp:term":[{"taxonomy":"product_cat","embeddable":true,"href":"https:\/\/wos-dev-1.staging.sd-hosting.pt\/index.php?rest_route=%2Fwp%2Fv2%2Fproduct_cat&post=104860"},{"taxonomy":"product_tag","embeddable":true,"href":"https:\/\/wos-dev-1.staging.sd-hosting.pt\/index.php?rest_route=%2Fwp%2Fv2%2Fproduct_tag&post=104860"},{"taxonomy":"wos_brand","embeddable":true,"href":"https:\/\/wos-dev-1.staging.sd-hosting.pt\/index.php?rest_route=%2Fwp%2Fv2%2Fwos_brand&post=104860"}],"curies":[{"name":"wp","href":"https:\/\/api.w.org\/{rel}","templated":true}]}}