{"id":104859,"date":"2023-04-06T09:40:18","date_gmt":"2023-04-06T09:40:18","guid":{"rendered":"https:\/\/wos-dev-1.staging.sd-hosting.pt\/produto\/bioactivo-cardio-60-capsulas\/"},"modified":"2023-05-11T10:28:11","modified_gmt":"2023-05-11T10:28:11","slug":"bioactivo-cardio-60-capsulas","status":"publish","type":"product","link":"https:\/\/wos-dev-1.staging.sd-hosting.pt\/?product=bioactivo-cardio-60-capsulas","title":{"rendered":"BioActivo Cardio 60 c\u00e1psulas"},"content":{"rendered":"<p class=\"wosc-text-s wosc-text-justify\"> <strong class=\"wosc-text-secondary\">BioActivo Cardio<\/strong> \u00e9 um suplemento alimentar com 500 mg de \u00f3leo de peixe rico em \u00e1cidos gordos \u00f3mega-3 na forma livre (70%) e enriquecido por \u00e1cido f\u00f3lico e vitamina B12.<\/p>\n<ul class=\"wosc-text-s\">\n<li class=\"wosc-li-p\">EPA e o DHA contribuem para um cora\u00e7\u00e3o saud\u00e1vel. O DHA ajuda ainda no desenvolvimento do c\u00e9rebro e dos olhos dos beb\u00e9s.<\/li>\n<li class=\"wosc-li-p\">\u00c1cido f\u00f3lico e vitamina B12 contribuem para o metabolismo normal da homociste\u00edna. A vitamina B12 est\u00e1 associada a uma fun\u00e7ao psicol\u00f3gica normal e redu\u00e7\u00e3o do cansa\u00e7o e fadiga. J\u00e1 o \u00e1cido f\u00f3lico ajuda na divis\u00e3o celular contribuindo para uma gravidez saud\u00e1vel.<\/li>\n<\/ul>\n","protected":false},"excerpt":{"rendered":"<p>Suplemento alimentar com \u00d3mega-3 puro e concentrado indicado para a sa\u00fade do cora\u00e7\u00e3o, c\u00e9rebro e vis\u00e3o.<\/p>\n","protected":false},"featured_media":1565,"comment_status":"open","ping_status":"closed","template":"","meta":{"_acf_changed":false},"product_cat":[992,1087,1089,1097,1091,1080],"product_tag":[],"wos_brand":[1115],"class_list":{"0":"post-104859","1":"product","2":"type-product","3":"status-publish","4":"has-post-thumbnail","6":"product_cat-bem-estar","7":"product_cat-energia","8":"product_cat-memoria-e-concentracao","9":"product_cat-outros","10":"product_cat-sistema-cardiovascular","11":"product_cat-suplementos","12":"wos_brand-bioactivo","14":"first","15":"outofstock","16":"taxable","17":"shipping-taxable","18":"product-type-simple"},"acf":[],"yoast_head":"<!-- This site is optimized with the Yoast SEO plugin v22.8 - https:\/\/yoast.com\/wordpress\/plugins\/seo\/ -->\n<title>BioActivo Cardio 60 c\u00e1psulas - World Of Skin<\/title>\n<meta name=\"description\" content=\"Suplemento alimentar para manter um cora\u00e7\u00e3o saud\u00e1vel. Com \u00f3leo de peixe rico em \u00e1cidos gordos e enriquecido por \u00e1cido f\u00f3lico e vitamina B12.\" \/>\n<meta name=\"robots\" content=\"index, follow, max-snippet:-1, max-image-preview:large, max-video-preview:-1\" \/>\n<link rel=\"canonical\" href=\"https:\/\/wos-dev-1.staging.sd-hosting.pt\/produto\/bioactivo-cardio-60-capsulas\/\" \/>\n<meta property=\"og:locale\" content=\"pt_PT\" \/>\n<meta property=\"og:type\" content=\"article\" \/>\n<meta property=\"og:title\" content=\"BioActivo Cardio 60 c\u00e1psulas - World Of Skin\" \/>\n<meta property=\"og:description\" content=\"Suplemento alimentar para manter um cora\u00e7\u00e3o saud\u00e1vel. Com \u00f3leo de peixe rico em \u00e1cidos gordos e enriquecido por \u00e1cido f\u00f3lico e vitamina B12.\" \/>\n<meta property=\"og:url\" content=\"https:\/\/wos-dev-1.staging.sd-hosting.pt\/produto\/bioactivo-cardio-60-capsulas\/\" \/>\n<meta property=\"og:site_name\" content=\"World Of Skin\" \/>\n<meta property=\"article:publisher\" content=\"https:\/\/www.facebook.com\/worldofskin.pt\/\" \/>\n<meta property=\"article:modified_time\" content=\"2023-05-11T10:28:11+00:00\" \/>\n<meta property=\"og:image\" content=\"https:\/\/wos-dev-1.staging.sd-hosting.pt\/wp-content\/uploads\/2023\/01\/bioactivo-cardio-60.png\" \/>\n\t<meta property=\"og:image:width\" content=\"980\" \/>\n\t<meta property=\"og:image:height\" content=\"762\" \/>\n\t<meta property=\"og:image:type\" content=\"image\/png\" \/>\n<meta name=\"twitter:card\" content=\"summary_large_image\" \/>\n<meta name=\"twitter:label1\" content=\"Tempo estimado de leitura\" \/>\n\t<meta name=\"twitter:data1\" content=\"1 minuto\" \/>\n<script type=\"application\/ld+json\" class=\"yoast-schema-graph\">{\"@context\":\"https:\/\/schema.org\",\"@graph\":[{\"@type\":\"WebPage\",\"@id\":\"https:\/\/wos-dev-1.staging.sd-hosting.pt\/produto\/bioactivo-cardio-60-capsulas\/\",\"url\":\"https:\/\/wos-dev-1.staging.sd-hosting.pt\/produto\/bioactivo-cardio-60-capsulas\/\",\"name\":\"BioActivo Cardio 60 c\u00e1psulas - World Of Skin\",\"isPartOf\":{\"@id\":\"https:\/\/wos-dev-1.staging.sd-hosting.pt\/#website\"},\"primaryImageOfPage\":{\"@id\":\"https:\/\/wos-dev-1.staging.sd-hosting.pt\/produto\/bioactivo-cardio-60-capsulas\/#primaryimage\"},\"image\":{\"@id\":\"https:\/\/wos-dev-1.staging.sd-hosting.pt\/produto\/bioactivo-cardio-60-capsulas\/#primaryimage\"},\"thumbnailUrl\":\"https:\/\/wos-dev-1.staging.sd-hosting.pt\/wp-content\/uploads\/2023\/01\/bioactivo-cardio-60.png\",\"datePublished\":\"2023-04-06T09:40:18+00:00\",\"dateModified\":\"2023-05-11T10:28:11+00:00\",\"description\":\"Suplemento alimentar para manter um cora\u00e7\u00e3o saud\u00e1vel. Com \u00f3leo de peixe rico em \u00e1cidos gordos e enriquecido por \u00e1cido f\u00f3lico e vitamina B12.\",\"breadcrumb\":{\"@id\":\"https:\/\/wos-dev-1.staging.sd-hosting.pt\/produto\/bioactivo-cardio-60-capsulas\/#breadcrumb\"},\"inLanguage\":\"pt-PT\",\"potentialAction\":[{\"@type\":\"ReadAction\",\"target\":[\"https:\/\/wos-dev-1.staging.sd-hosting.pt\/produto\/bioactivo-cardio-60-capsulas\/\"]}]},{\"@type\":\"ImageObject\",\"inLanguage\":\"pt-PT\",\"@id\":\"https:\/\/wos-dev-1.staging.sd-hosting.pt\/produto\/bioactivo-cardio-60-capsulas\/#primaryimage\",\"url\":\"https:\/\/wos-dev-1.staging.sd-hosting.pt\/wp-content\/uploads\/2023\/01\/bioactivo-cardio-60.png\",\"contentUrl\":\"https:\/\/wos-dev-1.staging.sd-hosting.pt\/wp-content\/uploads\/2023\/01\/bioactivo-cardio-60.png\",\"width\":980,\"height\":762,\"caption\":\"BioActivo Cardio 60 c\u00e1psulas\"},{\"@type\":\"BreadcrumbList\",\"@id\":\"https:\/\/wos-dev-1.staging.sd-hosting.pt\/produto\/bioactivo-cardio-60-capsulas\/#breadcrumb\",\"itemListElement\":[{\"@type\":\"ListItem\",\"position\":1,\"name\":\"In\u00edcio\",\"item\":\"https:\/\/wos-dev-1.staging.sd-hosting.pt\/\"},{\"@type\":\"ListItem\",\"position\":2,\"name\":\"BioActivo Cardio 60 c\u00e1psulas\"}]},{\"@type\":\"WebSite\",\"@id\":\"https:\/\/wos-dev-1.staging.sd-hosting.pt\/#website\",\"url\":\"https:\/\/wos-dev-1.staging.sd-hosting.pt\/\",\"name\":\"World Of Skin\",\"description\":\"World Of Skin\",\"publisher\":{\"@id\":\"https:\/\/wos-dev-1.staging.sd-hosting.pt\/#organization\"},\"potentialAction\":[{\"@type\":\"SearchAction\",\"target\":{\"@type\":\"EntryPoint\",\"urlTemplate\":\"https:\/\/wos-dev-1.staging.sd-hosting.pt\/?s={search_term_string}\"},\"query-input\":\"required name=search_term_string\"}],\"inLanguage\":\"pt-PT\"},{\"@type\":\"Organization\",\"@id\":\"https:\/\/wos-dev-1.staging.sd-hosting.pt\/#organization\",\"name\":\"World Of Skin\",\"url\":\"https:\/\/wos-dev-1.staging.sd-hosting.pt\/\",\"logo\":{\"@type\":\"ImageObject\",\"inLanguage\":\"pt-PT\",\"@id\":\"https:\/\/wos-dev-1.staging.sd-hosting.pt\/#\/schema\/logo\/image\/\",\"url\":\"https:\/\/wos-dev-1.staging.sd-hosting.pt\/wp-content\/uploads\/2022\/10\/Logotipo_Final.png\",\"contentUrl\":\"https:\/\/wos-dev-1.staging.sd-hosting.pt\/wp-content\/uploads\/2022\/10\/Logotipo_Final.png\",\"width\":1774,\"height\":1536,\"caption\":\"World Of Skin\"},\"image\":{\"@id\":\"https:\/\/wos-dev-1.staging.sd-hosting.pt\/#\/schema\/logo\/image\/\"},\"sameAs\":[\"https:\/\/www.facebook.com\/worldofskin.pt\/\",\"https:\/\/www.instagram.com\/world.of.skin\/\"]}]}<\/script>\n<!-- \/ Yoast SEO plugin. -->","yoast_head_json":{"title":"BioActivo Cardio 60 c\u00e1psulas - World Of Skin","description":"Suplemento alimentar para manter um cora\u00e7\u00e3o saud\u00e1vel. Com \u00f3leo de peixe rico em \u00e1cidos gordos e enriquecido por \u00e1cido f\u00f3lico e vitamina B12.","robots":{"index":"index","follow":"follow","max-snippet":"max-snippet:-1","max-image-preview":"max-image-preview:large","max-video-preview":"max-video-preview:-1"},"canonical":"https:\/\/wos-dev-1.staging.sd-hosting.pt\/produto\/bioactivo-cardio-60-capsulas\/","og_locale":"pt_PT","og_type":"article","og_title":"BioActivo Cardio 60 c\u00e1psulas - World Of Skin","og_description":"Suplemento alimentar para manter um cora\u00e7\u00e3o saud\u00e1vel. Com \u00f3leo de peixe rico em \u00e1cidos gordos e enriquecido por \u00e1cido f\u00f3lico e vitamina B12.","og_url":"https:\/\/wos-dev-1.staging.sd-hosting.pt\/produto\/bioactivo-cardio-60-capsulas\/","og_site_name":"World Of Skin","article_publisher":"https:\/\/www.facebook.com\/worldofskin.pt\/","article_modified_time":"2023-05-11T10:28:11+00:00","og_image":[{"width":980,"height":762,"url":"https:\/\/wos-dev-1.staging.sd-hosting.pt\/wp-content\/uploads\/2023\/01\/bioactivo-cardio-60.png","type":"image\/png"}],"twitter_card":"summary_large_image","twitter_misc":{"Tempo estimado de leitura":"1 minuto"},"schema":{"@context":"https:\/\/schema.org","@graph":[{"@type":"WebPage","@id":"https:\/\/wos-dev-1.staging.sd-hosting.pt\/produto\/bioactivo-cardio-60-capsulas\/","url":"https:\/\/wos-dev-1.staging.sd-hosting.pt\/produto\/bioactivo-cardio-60-capsulas\/","name":"BioActivo Cardio 60 c\u00e1psulas - World Of Skin","isPartOf":{"@id":"https:\/\/wos-dev-1.staging.sd-hosting.pt\/#website"},"primaryImageOfPage":{"@id":"https:\/\/wos-dev-1.staging.sd-hosting.pt\/produto\/bioactivo-cardio-60-capsulas\/#primaryimage"},"image":{"@id":"https:\/\/wos-dev-1.staging.sd-hosting.pt\/produto\/bioactivo-cardio-60-capsulas\/#primaryimage"},"thumbnailUrl":"https:\/\/wos-dev-1.staging.sd-hosting.pt\/wp-content\/uploads\/2023\/01\/bioactivo-cardio-60.png","datePublished":"2023-04-06T09:40:18+00:00","dateModified":"2023-05-11T10:28:11+00:00","description":"Suplemento alimentar para manter um cora\u00e7\u00e3o saud\u00e1vel. Com \u00f3leo de peixe rico em \u00e1cidos gordos e enriquecido por \u00e1cido f\u00f3lico e vitamina B12.","breadcrumb":{"@id":"https:\/\/wos-dev-1.staging.sd-hosting.pt\/produto\/bioactivo-cardio-60-capsulas\/#breadcrumb"},"inLanguage":"pt-PT","potentialAction":[{"@type":"ReadAction","target":["https:\/\/wos-dev-1.staging.sd-hosting.pt\/produto\/bioactivo-cardio-60-capsulas\/"]}]},{"@type":"ImageObject","inLanguage":"pt-PT","@id":"https:\/\/wos-dev-1.staging.sd-hosting.pt\/produto\/bioactivo-cardio-60-capsulas\/#primaryimage","url":"https:\/\/wos-dev-1.staging.sd-hosting.pt\/wp-content\/uploads\/2023\/01\/bioactivo-cardio-60.png","contentUrl":"https:\/\/wos-dev-1.staging.sd-hosting.pt\/wp-content\/uploads\/2023\/01\/bioactivo-cardio-60.png","width":980,"height":762,"caption":"BioActivo Cardio 60 c\u00e1psulas"},{"@type":"BreadcrumbList","@id":"https:\/\/wos-dev-1.staging.sd-hosting.pt\/produto\/bioactivo-cardio-60-capsulas\/#breadcrumb","itemListElement":[{"@type":"ListItem","position":1,"name":"In\u00edcio","item":"https:\/\/wos-dev-1.staging.sd-hosting.pt\/"},{"@type":"ListItem","position":2,"name":"BioActivo Cardio 60 c\u00e1psulas"}]},{"@type":"WebSite","@id":"https:\/\/wos-dev-1.staging.sd-hosting.pt\/#website","url":"https:\/\/wos-dev-1.staging.sd-hosting.pt\/","name":"World Of Skin","description":"World Of Skin","publisher":{"@id":"https:\/\/wos-dev-1.staging.sd-hosting.pt\/#organization"},"potentialAction":[{"@type":"SearchAction","target":{"@type":"EntryPoint","urlTemplate":"https:\/\/wos-dev-1.staging.sd-hosting.pt\/?s={search_term_string}"},"query-input":"required name=search_term_string"}],"inLanguage":"pt-PT"},{"@type":"Organization","@id":"https:\/\/wos-dev-1.staging.sd-hosting.pt\/#organization","name":"World Of Skin","url":"https:\/\/wos-dev-1.staging.sd-hosting.pt\/","logo":{"@type":"ImageObject","inLanguage":"pt-PT","@id":"https:\/\/wos-dev-1.staging.sd-hosting.pt\/#\/schema\/logo\/image\/","url":"https:\/\/wos-dev-1.staging.sd-hosting.pt\/wp-content\/uploads\/2022\/10\/Logotipo_Final.png","contentUrl":"https:\/\/wos-dev-1.staging.sd-hosting.pt\/wp-content\/uploads\/2022\/10\/Logotipo_Final.png","width":1774,"height":1536,"caption":"World Of Skin"},"image":{"@id":"https:\/\/wos-dev-1.staging.sd-hosting.pt\/#\/schema\/logo\/image\/"},"sameAs":["https:\/\/www.facebook.com\/worldofskin.pt\/","https:\/\/www.instagram.com\/world.of.skin\/"]}]}},"_links":{"self":[{"href":"https:\/\/wos-dev-1.staging.sd-hosting.pt\/index.php?rest_route=\/wp\/v2\/product\/104859","targetHints":{"allow":["GET"]}}],"collection":[{"href":"https:\/\/wos-dev-1.staging.sd-hosting.pt\/index.php?rest_route=\/wp\/v2\/product"}],"about":[{"href":"https:\/\/wos-dev-1.staging.sd-hosting.pt\/index.php?rest_route=\/wp\/v2\/types\/product"}],"replies":[{"embeddable":true,"href":"https:\/\/wos-dev-1.staging.sd-hosting.pt\/index.php?rest_route=%2Fwp%2Fv2%2Fcomments&post=104859"}],"wp:featuredmedia":[{"embeddable":true,"href":"https:\/\/wos-dev-1.staging.sd-hosting.pt\/index.php?rest_route=\/wp\/v2\/media\/1565"}],"wp:attachment":[{"href":"https:\/\/wos-dev-1.staging.sd-hosting.pt\/index.php?rest_route=%2Fwp%2Fv2%2Fmedia&parent=104859"}],"wp:term":[{"taxonomy":"product_cat","embeddable":true,"href":"https:\/\/wos-dev-1.staging.sd-hosting.pt\/index.php?rest_route=%2Fwp%2Fv2%2Fproduct_cat&post=104859"},{"taxonomy":"product_tag","embeddable":true,"href":"https:\/\/wos-dev-1.staging.sd-hosting.pt\/index.php?rest_route=%2Fwp%2Fv2%2Fproduct_tag&post=104859"},{"taxonomy":"wos_brand","embeddable":true,"href":"https:\/\/wos-dev-1.staging.sd-hosting.pt\/index.php?rest_route=%2Fwp%2Fv2%2Fwos_brand&post=104859"}],"curies":[{"name":"wp","href":"https:\/\/api.w.org\/{rel}","templated":true}]}}