{"id":104853,"date":"2023-04-06T09:40:15","date_gmt":"2023-04-06T09:40:15","guid":{"rendered":"https:\/\/wos-dev-1.staging.sd-hosting.pt\/produto\/bioactivo-alho-60-comprimidos\/"},"modified":"2023-08-22T08:58:53","modified_gmt":"2023-08-22T08:58:53","slug":"bioactivo-alho-60-comprimidos","status":"publish","type":"product","link":"https:\/\/wos-dev-1.staging.sd-hosting.pt\/?product=bioactivo-alho-60-comprimidos","title":{"rendered":"BioActivo Alho 60 comprimidos"},"content":{"rendered":"<p class=\"wosc-text-s wosc-text-justify\"> <strong class=\"wosc-text-secondary\">BioActivo Alho<\/strong> \u00e9 um suplemento alimentar com 300 mg de alho em p\u00f3 padronizados.<\/p>\n<p class=\"wosc-text-s wosc-text-justify\"> O alho cont\u00e9m diversas susbst\u00e2ncias ativas, atuando a n\u00edvel card\u00edaco e dos vasos sangu\u00edneos, bem como no sistema imunit\u00e1rio.<\/p>\n<p class=\"wosc-text-s wosc-text-justify\"> O comprimido \u00e9 revestido para evitar o odor a alho (o comprimido atravessa o est\u00f4mago intacto e s\u00f3 se dissolve no intestino).<\/p>\n","protected":false},"excerpt":{"rendered":"<p>Suplemento alimentar para o cora\u00e7\u00e3o e vasos sangu\u00edneos saud\u00e1veis. <\/p>\n","protected":false},"featured_media":0,"comment_status":"open","ping_status":"closed","template":"","meta":{"_acf_changed":false},"product_cat":[992,1091,1093,1095,1080],"product_tag":[],"wos_brand":[1115],"class_list":{"0":"post-104853","1":"product","2":"type-product","3":"status-publish","5":"product_cat-bem-estar","6":"product_cat-sistema-cardiovascular","7":"product_cat-sistema-imunitario","8":"product_cat-sistema-nervoso","9":"product_cat-suplementos","10":"wos_brand-bioactivo","12":"first","13":"outofstock","14":"taxable","15":"shipping-taxable","16":"purchasable","17":"product-type-simple"},"acf":[],"yoast_head":"<!-- This site is optimized with the Yoast SEO plugin v22.8 - https:\/\/yoast.com\/wordpress\/plugins\/seo\/ -->\n<title>BioActivo Alho 60 comprimidos - World Of Skin<\/title>\n<meta name=\"description\" content=\"BioActivo Alho \u00e9 um suplemento alimentar, com concentra\u00e7\u00f5es elevadas de alho, para manuten\u00e7\u00e3o da sa\u00fade do cora\u00e7\u00e3o, vasos sangu\u00edneos e sistema imunit\u00e1rio.\" \/>\n<meta name=\"robots\" content=\"index, follow, max-snippet:-1, max-image-preview:large, max-video-preview:-1\" \/>\n<link rel=\"canonical\" href=\"https:\/\/wos-dev-1.staging.sd-hosting.pt\/produto\/bioactivo-alho-60-comprimidos\/\" \/>\n<meta property=\"og:locale\" content=\"pt_PT\" \/>\n<meta property=\"og:type\" content=\"article\" \/>\n<meta property=\"og:title\" content=\"BioActivo Alho 60 comprimidos - World Of Skin\" \/>\n<meta property=\"og:description\" content=\"BioActivo Alho \u00e9 um suplemento alimentar, com concentra\u00e7\u00f5es elevadas de alho, para manuten\u00e7\u00e3o da sa\u00fade do cora\u00e7\u00e3o, vasos sangu\u00edneos e sistema imunit\u00e1rio.\" \/>\n<meta property=\"og:url\" content=\"https:\/\/wos-dev-1.staging.sd-hosting.pt\/produto\/bioactivo-alho-60-comprimidos\/\" \/>\n<meta property=\"og:site_name\" content=\"World Of Skin\" \/>\n<meta property=\"article:publisher\" content=\"https:\/\/www.facebook.com\/worldofskin.pt\/\" \/>\n<meta property=\"article:modified_time\" content=\"2023-08-22T08:58:53+00:00\" \/>\n<meta name=\"twitter:card\" content=\"summary_large_image\" \/>\n<meta name=\"twitter:label1\" content=\"Tempo estimado de leitura\" \/>\n\t<meta name=\"twitter:data1\" content=\"1 minuto\" \/>\n<script type=\"application\/ld+json\" class=\"yoast-schema-graph\">{\"@context\":\"https:\/\/schema.org\",\"@graph\":[{\"@type\":\"WebPage\",\"@id\":\"https:\/\/wos-dev-1.staging.sd-hosting.pt\/produto\/bioactivo-alho-60-comprimidos\/\",\"url\":\"https:\/\/wos-dev-1.staging.sd-hosting.pt\/produto\/bioactivo-alho-60-comprimidos\/\",\"name\":\"BioActivo Alho 60 comprimidos - World Of Skin\",\"isPartOf\":{\"@id\":\"https:\/\/wos-dev-1.staging.sd-hosting.pt\/#website\"},\"datePublished\":\"2023-04-06T09:40:15+00:00\",\"dateModified\":\"2023-08-22T08:58:53+00:00\",\"description\":\"BioActivo Alho \u00e9 um suplemento alimentar, com concentra\u00e7\u00f5es elevadas de alho, para manuten\u00e7\u00e3o da sa\u00fade do cora\u00e7\u00e3o, vasos sangu\u00edneos e sistema imunit\u00e1rio.\",\"breadcrumb\":{\"@id\":\"https:\/\/wos-dev-1.staging.sd-hosting.pt\/produto\/bioactivo-alho-60-comprimidos\/#breadcrumb\"},\"inLanguage\":\"pt-PT\",\"potentialAction\":[{\"@type\":\"ReadAction\",\"target\":[\"https:\/\/wos-dev-1.staging.sd-hosting.pt\/produto\/bioactivo-alho-60-comprimidos\/\"]}]},{\"@type\":\"BreadcrumbList\",\"@id\":\"https:\/\/wos-dev-1.staging.sd-hosting.pt\/produto\/bioactivo-alho-60-comprimidos\/#breadcrumb\",\"itemListElement\":[{\"@type\":\"ListItem\",\"position\":1,\"name\":\"In\u00edcio\",\"item\":\"https:\/\/wos-dev-1.staging.sd-hosting.pt\/\"},{\"@type\":\"ListItem\",\"position\":2,\"name\":\"BioActivo Alho 60 comprimidos\"}]},{\"@type\":\"WebSite\",\"@id\":\"https:\/\/wos-dev-1.staging.sd-hosting.pt\/#website\",\"url\":\"https:\/\/wos-dev-1.staging.sd-hosting.pt\/\",\"name\":\"World Of Skin\",\"description\":\"World Of Skin\",\"publisher\":{\"@id\":\"https:\/\/wos-dev-1.staging.sd-hosting.pt\/#organization\"},\"potentialAction\":[{\"@type\":\"SearchAction\",\"target\":{\"@type\":\"EntryPoint\",\"urlTemplate\":\"https:\/\/wos-dev-1.staging.sd-hosting.pt\/?s={search_term_string}\"},\"query-input\":\"required name=search_term_string\"}],\"inLanguage\":\"pt-PT\"},{\"@type\":\"Organization\",\"@id\":\"https:\/\/wos-dev-1.staging.sd-hosting.pt\/#organization\",\"name\":\"World Of Skin\",\"url\":\"https:\/\/wos-dev-1.staging.sd-hosting.pt\/\",\"logo\":{\"@type\":\"ImageObject\",\"inLanguage\":\"pt-PT\",\"@id\":\"https:\/\/wos-dev-1.staging.sd-hosting.pt\/#\/schema\/logo\/image\/\",\"url\":\"https:\/\/wos-dev-1.staging.sd-hosting.pt\/wp-content\/uploads\/2022\/10\/Logotipo_Final.png\",\"contentUrl\":\"https:\/\/wos-dev-1.staging.sd-hosting.pt\/wp-content\/uploads\/2022\/10\/Logotipo_Final.png\",\"width\":1774,\"height\":1536,\"caption\":\"World Of Skin\"},\"image\":{\"@id\":\"https:\/\/wos-dev-1.staging.sd-hosting.pt\/#\/schema\/logo\/image\/\"},\"sameAs\":[\"https:\/\/www.facebook.com\/worldofskin.pt\/\",\"https:\/\/www.instagram.com\/world.of.skin\/\"]}]}<\/script>\n<!-- \/ Yoast SEO plugin. -->","yoast_head_json":{"title":"BioActivo Alho 60 comprimidos - World Of Skin","description":"BioActivo Alho \u00e9 um suplemento alimentar, com concentra\u00e7\u00f5es elevadas de alho, para manuten\u00e7\u00e3o da sa\u00fade do cora\u00e7\u00e3o, vasos sangu\u00edneos e sistema imunit\u00e1rio.","robots":{"index":"index","follow":"follow","max-snippet":"max-snippet:-1","max-image-preview":"max-image-preview:large","max-video-preview":"max-video-preview:-1"},"canonical":"https:\/\/wos-dev-1.staging.sd-hosting.pt\/produto\/bioactivo-alho-60-comprimidos\/","og_locale":"pt_PT","og_type":"article","og_title":"BioActivo Alho 60 comprimidos - World Of Skin","og_description":"BioActivo Alho \u00e9 um suplemento alimentar, com concentra\u00e7\u00f5es elevadas de alho, para manuten\u00e7\u00e3o da sa\u00fade do cora\u00e7\u00e3o, vasos sangu\u00edneos e sistema imunit\u00e1rio.","og_url":"https:\/\/wos-dev-1.staging.sd-hosting.pt\/produto\/bioactivo-alho-60-comprimidos\/","og_site_name":"World Of Skin","article_publisher":"https:\/\/www.facebook.com\/worldofskin.pt\/","article_modified_time":"2023-08-22T08:58:53+00:00","twitter_card":"summary_large_image","twitter_misc":{"Tempo estimado de leitura":"1 minuto"},"schema":{"@context":"https:\/\/schema.org","@graph":[{"@type":"WebPage","@id":"https:\/\/wos-dev-1.staging.sd-hosting.pt\/produto\/bioactivo-alho-60-comprimidos\/","url":"https:\/\/wos-dev-1.staging.sd-hosting.pt\/produto\/bioactivo-alho-60-comprimidos\/","name":"BioActivo Alho 60 comprimidos - World Of Skin","isPartOf":{"@id":"https:\/\/wos-dev-1.staging.sd-hosting.pt\/#website"},"datePublished":"2023-04-06T09:40:15+00:00","dateModified":"2023-08-22T08:58:53+00:00","description":"BioActivo Alho \u00e9 um suplemento alimentar, com concentra\u00e7\u00f5es elevadas de alho, para manuten\u00e7\u00e3o da sa\u00fade do cora\u00e7\u00e3o, vasos sangu\u00edneos e sistema imunit\u00e1rio.","breadcrumb":{"@id":"https:\/\/wos-dev-1.staging.sd-hosting.pt\/produto\/bioactivo-alho-60-comprimidos\/#breadcrumb"},"inLanguage":"pt-PT","potentialAction":[{"@type":"ReadAction","target":["https:\/\/wos-dev-1.staging.sd-hosting.pt\/produto\/bioactivo-alho-60-comprimidos\/"]}]},{"@type":"BreadcrumbList","@id":"https:\/\/wos-dev-1.staging.sd-hosting.pt\/produto\/bioactivo-alho-60-comprimidos\/#breadcrumb","itemListElement":[{"@type":"ListItem","position":1,"name":"In\u00edcio","item":"https:\/\/wos-dev-1.staging.sd-hosting.pt\/"},{"@type":"ListItem","position":2,"name":"BioActivo Alho 60 comprimidos"}]},{"@type":"WebSite","@id":"https:\/\/wos-dev-1.staging.sd-hosting.pt\/#website","url":"https:\/\/wos-dev-1.staging.sd-hosting.pt\/","name":"World Of Skin","description":"World Of Skin","publisher":{"@id":"https:\/\/wos-dev-1.staging.sd-hosting.pt\/#organization"},"potentialAction":[{"@type":"SearchAction","target":{"@type":"EntryPoint","urlTemplate":"https:\/\/wos-dev-1.staging.sd-hosting.pt\/?s={search_term_string}"},"query-input":"required name=search_term_string"}],"inLanguage":"pt-PT"},{"@type":"Organization","@id":"https:\/\/wos-dev-1.staging.sd-hosting.pt\/#organization","name":"World Of Skin","url":"https:\/\/wos-dev-1.staging.sd-hosting.pt\/","logo":{"@type":"ImageObject","inLanguage":"pt-PT","@id":"https:\/\/wos-dev-1.staging.sd-hosting.pt\/#\/schema\/logo\/image\/","url":"https:\/\/wos-dev-1.staging.sd-hosting.pt\/wp-content\/uploads\/2022\/10\/Logotipo_Final.png","contentUrl":"https:\/\/wos-dev-1.staging.sd-hosting.pt\/wp-content\/uploads\/2022\/10\/Logotipo_Final.png","width":1774,"height":1536,"caption":"World Of Skin"},"image":{"@id":"https:\/\/wos-dev-1.staging.sd-hosting.pt\/#\/schema\/logo\/image\/"},"sameAs":["https:\/\/www.facebook.com\/worldofskin.pt\/","https:\/\/www.instagram.com\/world.of.skin\/"]}]}},"_links":{"self":[{"href":"https:\/\/wos-dev-1.staging.sd-hosting.pt\/index.php?rest_route=\/wp\/v2\/product\/104853","targetHints":{"allow":["GET"]}}],"collection":[{"href":"https:\/\/wos-dev-1.staging.sd-hosting.pt\/index.php?rest_route=\/wp\/v2\/product"}],"about":[{"href":"https:\/\/wos-dev-1.staging.sd-hosting.pt\/index.php?rest_route=\/wp\/v2\/types\/product"}],"replies":[{"embeddable":true,"href":"https:\/\/wos-dev-1.staging.sd-hosting.pt\/index.php?rest_route=%2Fwp%2Fv2%2Fcomments&post=104853"}],"wp:attachment":[{"href":"https:\/\/wos-dev-1.staging.sd-hosting.pt\/index.php?rest_route=%2Fwp%2Fv2%2Fmedia&parent=104853"}],"wp:term":[{"taxonomy":"product_cat","embeddable":true,"href":"https:\/\/wos-dev-1.staging.sd-hosting.pt\/index.php?rest_route=%2Fwp%2Fv2%2Fproduct_cat&post=104853"},{"taxonomy":"product_tag","embeddable":true,"href":"https:\/\/wos-dev-1.staging.sd-hosting.pt\/index.php?rest_route=%2Fwp%2Fv2%2Fproduct_tag&post=104853"},{"taxonomy":"wos_brand","embeddable":true,"href":"https:\/\/wos-dev-1.staging.sd-hosting.pt\/index.php?rest_route=%2Fwp%2Fv2%2Fwos_brand&post=104853"}],"curies":[{"name":"wp","href":"https:\/\/api.w.org\/{rel}","templated":true}]}}