{"id":104851,"date":"2023-04-06T09:40:13","date_gmt":"2023-04-06T09:40:13","guid":{"rendered":"https:\/\/wos-dev-1.staging.sd-hosting.pt\/produto\/bioactivo-seleniozinco-60-comprimidos\/"},"modified":"2023-08-22T08:58:53","modified_gmt":"2023-08-22T08:58:53","slug":"bioactivo-seleniozinco-60-comprimidos","status":"publish","type":"product","link":"https:\/\/wos-dev-1.staging.sd-hosting.pt\/?product=bioactivo-seleniozinco-60-comprimidos","title":{"rendered":"BioActivo Sel\u00e9nio+Zinco 60 comprimidos"},"content":{"rendered":"<p class=\"wosc-text-s wosc-text-justify\"> <strong class=\"wosc-text-secondary\"> BioActivo Sel\u00e9nio+Zinco <\/strong>  \u00e9 suplemento alimentar com sel\u00e9nio org\u00e2nico, zinco e vitaminas C, E e B6 , que contribui para o funcionamento normal do sistema imunit\u00e1rio. <\/p>\n<p class=\"wosc-text-s wosc-text-justify\"> Na sua composi\u00e7\u00e3o encontramos  sel\u00e9nio e o zinco que apoiam o funcionamento normal do sistema imunit\u00e1rio, vitamina E que contribui para a prote\u00e7\u00e3o das c\u00e9lulas contra o stress oxidativo, vitamina C para o normal funcionamento do sistema imunit\u00e1rio e a protec\u00e7\u00e3o das c\u00e9lulas contra o oxida\u00e7\u00f5es indesej\u00e1veis e vitamina B6 para uma fun\u00e7\u00e3o psicol\u00f3gica normal.<\/p>\n","protected":false},"excerpt":{"rendered":"<p>Suplemento alimentar que contribui para o funcionamento normal do sistema imunit\u00e1rio. <\/p>\n","protected":false},"featured_media":623,"comment_status":"open","ping_status":"closed","template":"","meta":{"_acf_changed":false},"product_cat":[992,989,1085,1087,1097,1093,1095,1080,1060,1049],"product_tag":[],"wos_brand":[1115],"class_list":{"0":"post-104851","1":"product","2":"type-product","3":"status-publish","4":"has-post-thumbnail","6":"product_cat-bem-estar","7":"product_cat-cabelo","8":"product_cat-cabelo-e-unhas","9":"product_cat-energia","10":"product_cat-outros","11":"product_cat-sistema-imunitario","12":"product_cat-sistema-nervoso","13":"product_cat-suplementos","14":"product_cat-suplementos-capilares","15":"product_cat-tratamentos-capilares","16":"wos_brand-bioactivo","18":"first","19":"outofstock","20":"taxable","21":"shipping-taxable","22":"purchasable","23":"product-type-simple"},"acf":[],"yoast_head":"<!-- This site is optimized with the Yoast SEO plugin v22.8 - https:\/\/yoast.com\/wordpress\/plugins\/seo\/ -->\n<title>BioActivo Sel\u00e9nio+Zinco 60 comprimidos - World Of Skin<\/title>\n<meta name=\"description\" content=\"BioActivo Sel\u00e9nio+Zinco \u00e9 suplemento alimentar, enriquecido com minerais e vitaminas, que contribui para o funcionamento normal do sistema imunit\u00e1rio.\" \/>\n<meta name=\"robots\" content=\"index, follow, max-snippet:-1, max-image-preview:large, max-video-preview:-1\" \/>\n<link rel=\"canonical\" href=\"https:\/\/wos-dev-1.staging.sd-hosting.pt\/produto\/bioactivo-seleniozinco-60-comprimidos\/\" \/>\n<meta property=\"og:locale\" content=\"pt_PT\" \/>\n<meta property=\"og:type\" content=\"article\" \/>\n<meta property=\"og:title\" content=\"BioActivo Sel\u00e9nio+Zinco 60 comprimidos - World Of Skin\" \/>\n<meta property=\"og:description\" content=\"BioActivo Sel\u00e9nio+Zinco \u00e9 suplemento alimentar, enriquecido com minerais e vitaminas, que contribui para o funcionamento normal do sistema imunit\u00e1rio.\" \/>\n<meta property=\"og:url\" content=\"https:\/\/wos-dev-1.staging.sd-hosting.pt\/produto\/bioactivo-seleniozinco-60-comprimidos\/\" \/>\n<meta property=\"og:site_name\" content=\"World Of Skin\" \/>\n<meta property=\"article:publisher\" content=\"https:\/\/www.facebook.com\/worldofskin.pt\/\" \/>\n<meta property=\"article:modified_time\" content=\"2023-08-22T08:58:53+00:00\" \/>\n<meta property=\"og:image\" content=\"https:\/\/wos-dev-1.staging.sd-hosting.pt\/wp-content\/uploads\/2022\/12\/bioactivo-selenio-zinco-60.png\" \/>\n\t<meta property=\"og:image:width\" content=\"980\" \/>\n\t<meta property=\"og:image:height\" content=\"762\" \/>\n\t<meta property=\"og:image:type\" content=\"image\/png\" \/>\n<meta name=\"twitter:card\" content=\"summary_large_image\" \/>\n<meta name=\"twitter:label1\" content=\"Tempo estimado de leitura\" \/>\n\t<meta name=\"twitter:data1\" content=\"1 minuto\" \/>\n<script type=\"application\/ld+json\" class=\"yoast-schema-graph\">{\"@context\":\"https:\/\/schema.org\",\"@graph\":[{\"@type\":\"WebPage\",\"@id\":\"https:\/\/wos-dev-1.staging.sd-hosting.pt\/produto\/bioactivo-seleniozinco-60-comprimidos\/\",\"url\":\"https:\/\/wos-dev-1.staging.sd-hosting.pt\/produto\/bioactivo-seleniozinco-60-comprimidos\/\",\"name\":\"BioActivo Sel\u00e9nio+Zinco 60 comprimidos - World Of Skin\",\"isPartOf\":{\"@id\":\"https:\/\/wos-dev-1.staging.sd-hosting.pt\/#website\"},\"primaryImageOfPage\":{\"@id\":\"https:\/\/wos-dev-1.staging.sd-hosting.pt\/produto\/bioactivo-seleniozinco-60-comprimidos\/#primaryimage\"},\"image\":{\"@id\":\"https:\/\/wos-dev-1.staging.sd-hosting.pt\/produto\/bioactivo-seleniozinco-60-comprimidos\/#primaryimage\"},\"thumbnailUrl\":\"https:\/\/wos-dev-1.staging.sd-hosting.pt\/wp-content\/uploads\/2022\/12\/bioactivo-selenio-zinco-60.png\",\"datePublished\":\"2023-04-06T09:40:13+00:00\",\"dateModified\":\"2023-08-22T08:58:53+00:00\",\"description\":\"BioActivo Sel\u00e9nio+Zinco \u00e9 suplemento alimentar, enriquecido com minerais e vitaminas, que contribui para o funcionamento normal do sistema imunit\u00e1rio.\",\"breadcrumb\":{\"@id\":\"https:\/\/wos-dev-1.staging.sd-hosting.pt\/produto\/bioactivo-seleniozinco-60-comprimidos\/#breadcrumb\"},\"inLanguage\":\"pt-PT\",\"potentialAction\":[{\"@type\":\"ReadAction\",\"target\":[\"https:\/\/wos-dev-1.staging.sd-hosting.pt\/produto\/bioactivo-seleniozinco-60-comprimidos\/\"]}]},{\"@type\":\"ImageObject\",\"inLanguage\":\"pt-PT\",\"@id\":\"https:\/\/wos-dev-1.staging.sd-hosting.pt\/produto\/bioactivo-seleniozinco-60-comprimidos\/#primaryimage\",\"url\":\"https:\/\/wos-dev-1.staging.sd-hosting.pt\/wp-content\/uploads\/2022\/12\/bioactivo-selenio-zinco-60.png\",\"contentUrl\":\"https:\/\/wos-dev-1.staging.sd-hosting.pt\/wp-content\/uploads\/2022\/12\/bioactivo-selenio-zinco-60.png\",\"width\":980,\"height\":762,\"caption\":\"Bioactivo Sel\u00e9nio + Zinco 60 comprimidos\"},{\"@type\":\"BreadcrumbList\",\"@id\":\"https:\/\/wos-dev-1.staging.sd-hosting.pt\/produto\/bioactivo-seleniozinco-60-comprimidos\/#breadcrumb\",\"itemListElement\":[{\"@type\":\"ListItem\",\"position\":1,\"name\":\"In\u00edcio\",\"item\":\"https:\/\/wos-dev-1.staging.sd-hosting.pt\/\"},{\"@type\":\"ListItem\",\"position\":2,\"name\":\"BioActivo Sel\u00e9nio+Zinco 60 comprimidos\"}]},{\"@type\":\"WebSite\",\"@id\":\"https:\/\/wos-dev-1.staging.sd-hosting.pt\/#website\",\"url\":\"https:\/\/wos-dev-1.staging.sd-hosting.pt\/\",\"name\":\"World Of Skin\",\"description\":\"World Of Skin\",\"publisher\":{\"@id\":\"https:\/\/wos-dev-1.staging.sd-hosting.pt\/#organization\"},\"potentialAction\":[{\"@type\":\"SearchAction\",\"target\":{\"@type\":\"EntryPoint\",\"urlTemplate\":\"https:\/\/wos-dev-1.staging.sd-hosting.pt\/?s={search_term_string}\"},\"query-input\":\"required name=search_term_string\"}],\"inLanguage\":\"pt-PT\"},{\"@type\":\"Organization\",\"@id\":\"https:\/\/wos-dev-1.staging.sd-hosting.pt\/#organization\",\"name\":\"World Of Skin\",\"url\":\"https:\/\/wos-dev-1.staging.sd-hosting.pt\/\",\"logo\":{\"@type\":\"ImageObject\",\"inLanguage\":\"pt-PT\",\"@id\":\"https:\/\/wos-dev-1.staging.sd-hosting.pt\/#\/schema\/logo\/image\/\",\"url\":\"https:\/\/wos-dev-1.staging.sd-hosting.pt\/wp-content\/uploads\/2022\/10\/Logotipo_Final.png\",\"contentUrl\":\"https:\/\/wos-dev-1.staging.sd-hosting.pt\/wp-content\/uploads\/2022\/10\/Logotipo_Final.png\",\"width\":1774,\"height\":1536,\"caption\":\"World Of Skin\"},\"image\":{\"@id\":\"https:\/\/wos-dev-1.staging.sd-hosting.pt\/#\/schema\/logo\/image\/\"},\"sameAs\":[\"https:\/\/www.facebook.com\/worldofskin.pt\/\",\"https:\/\/www.instagram.com\/world.of.skin\/\"]}]}<\/script>\n<!-- \/ Yoast SEO plugin. -->","yoast_head_json":{"title":"BioActivo Sel\u00e9nio+Zinco 60 comprimidos - World Of Skin","description":"BioActivo Sel\u00e9nio+Zinco \u00e9 suplemento alimentar, enriquecido com minerais e vitaminas, que contribui para o funcionamento normal do sistema imunit\u00e1rio.","robots":{"index":"index","follow":"follow","max-snippet":"max-snippet:-1","max-image-preview":"max-image-preview:large","max-video-preview":"max-video-preview:-1"},"canonical":"https:\/\/wos-dev-1.staging.sd-hosting.pt\/produto\/bioactivo-seleniozinco-60-comprimidos\/","og_locale":"pt_PT","og_type":"article","og_title":"BioActivo Sel\u00e9nio+Zinco 60 comprimidos - World Of Skin","og_description":"BioActivo Sel\u00e9nio+Zinco \u00e9 suplemento alimentar, enriquecido com minerais e vitaminas, que contribui para o funcionamento normal do sistema imunit\u00e1rio.","og_url":"https:\/\/wos-dev-1.staging.sd-hosting.pt\/produto\/bioactivo-seleniozinco-60-comprimidos\/","og_site_name":"World Of Skin","article_publisher":"https:\/\/www.facebook.com\/worldofskin.pt\/","article_modified_time":"2023-08-22T08:58:53+00:00","og_image":[{"width":980,"height":762,"url":"https:\/\/wos-dev-1.staging.sd-hosting.pt\/wp-content\/uploads\/2022\/12\/bioactivo-selenio-zinco-60.png","type":"image\/png"}],"twitter_card":"summary_large_image","twitter_misc":{"Tempo estimado de leitura":"1 minuto"},"schema":{"@context":"https:\/\/schema.org","@graph":[{"@type":"WebPage","@id":"https:\/\/wos-dev-1.staging.sd-hosting.pt\/produto\/bioactivo-seleniozinco-60-comprimidos\/","url":"https:\/\/wos-dev-1.staging.sd-hosting.pt\/produto\/bioactivo-seleniozinco-60-comprimidos\/","name":"BioActivo Sel\u00e9nio+Zinco 60 comprimidos - World Of Skin","isPartOf":{"@id":"https:\/\/wos-dev-1.staging.sd-hosting.pt\/#website"},"primaryImageOfPage":{"@id":"https:\/\/wos-dev-1.staging.sd-hosting.pt\/produto\/bioactivo-seleniozinco-60-comprimidos\/#primaryimage"},"image":{"@id":"https:\/\/wos-dev-1.staging.sd-hosting.pt\/produto\/bioactivo-seleniozinco-60-comprimidos\/#primaryimage"},"thumbnailUrl":"https:\/\/wos-dev-1.staging.sd-hosting.pt\/wp-content\/uploads\/2022\/12\/bioactivo-selenio-zinco-60.png","datePublished":"2023-04-06T09:40:13+00:00","dateModified":"2023-08-22T08:58:53+00:00","description":"BioActivo Sel\u00e9nio+Zinco \u00e9 suplemento alimentar, enriquecido com minerais e vitaminas, que contribui para o funcionamento normal do sistema imunit\u00e1rio.","breadcrumb":{"@id":"https:\/\/wos-dev-1.staging.sd-hosting.pt\/produto\/bioactivo-seleniozinco-60-comprimidos\/#breadcrumb"},"inLanguage":"pt-PT","potentialAction":[{"@type":"ReadAction","target":["https:\/\/wos-dev-1.staging.sd-hosting.pt\/produto\/bioactivo-seleniozinco-60-comprimidos\/"]}]},{"@type":"ImageObject","inLanguage":"pt-PT","@id":"https:\/\/wos-dev-1.staging.sd-hosting.pt\/produto\/bioactivo-seleniozinco-60-comprimidos\/#primaryimage","url":"https:\/\/wos-dev-1.staging.sd-hosting.pt\/wp-content\/uploads\/2022\/12\/bioactivo-selenio-zinco-60.png","contentUrl":"https:\/\/wos-dev-1.staging.sd-hosting.pt\/wp-content\/uploads\/2022\/12\/bioactivo-selenio-zinco-60.png","width":980,"height":762,"caption":"Bioactivo Sel\u00e9nio + Zinco 60 comprimidos"},{"@type":"BreadcrumbList","@id":"https:\/\/wos-dev-1.staging.sd-hosting.pt\/produto\/bioactivo-seleniozinco-60-comprimidos\/#breadcrumb","itemListElement":[{"@type":"ListItem","position":1,"name":"In\u00edcio","item":"https:\/\/wos-dev-1.staging.sd-hosting.pt\/"},{"@type":"ListItem","position":2,"name":"BioActivo Sel\u00e9nio+Zinco 60 comprimidos"}]},{"@type":"WebSite","@id":"https:\/\/wos-dev-1.staging.sd-hosting.pt\/#website","url":"https:\/\/wos-dev-1.staging.sd-hosting.pt\/","name":"World Of Skin","description":"World Of Skin","publisher":{"@id":"https:\/\/wos-dev-1.staging.sd-hosting.pt\/#organization"},"potentialAction":[{"@type":"SearchAction","target":{"@type":"EntryPoint","urlTemplate":"https:\/\/wos-dev-1.staging.sd-hosting.pt\/?s={search_term_string}"},"query-input":"required name=search_term_string"}],"inLanguage":"pt-PT"},{"@type":"Organization","@id":"https:\/\/wos-dev-1.staging.sd-hosting.pt\/#organization","name":"World Of Skin","url":"https:\/\/wos-dev-1.staging.sd-hosting.pt\/","logo":{"@type":"ImageObject","inLanguage":"pt-PT","@id":"https:\/\/wos-dev-1.staging.sd-hosting.pt\/#\/schema\/logo\/image\/","url":"https:\/\/wos-dev-1.staging.sd-hosting.pt\/wp-content\/uploads\/2022\/10\/Logotipo_Final.png","contentUrl":"https:\/\/wos-dev-1.staging.sd-hosting.pt\/wp-content\/uploads\/2022\/10\/Logotipo_Final.png","width":1774,"height":1536,"caption":"World Of Skin"},"image":{"@id":"https:\/\/wos-dev-1.staging.sd-hosting.pt\/#\/schema\/logo\/image\/"},"sameAs":["https:\/\/www.facebook.com\/worldofskin.pt\/","https:\/\/www.instagram.com\/world.of.skin\/"]}]}},"_links":{"self":[{"href":"https:\/\/wos-dev-1.staging.sd-hosting.pt\/index.php?rest_route=\/wp\/v2\/product\/104851","targetHints":{"allow":["GET"]}}],"collection":[{"href":"https:\/\/wos-dev-1.staging.sd-hosting.pt\/index.php?rest_route=\/wp\/v2\/product"}],"about":[{"href":"https:\/\/wos-dev-1.staging.sd-hosting.pt\/index.php?rest_route=\/wp\/v2\/types\/product"}],"replies":[{"embeddable":true,"href":"https:\/\/wos-dev-1.staging.sd-hosting.pt\/index.php?rest_route=%2Fwp%2Fv2%2Fcomments&post=104851"}],"wp:featuredmedia":[{"embeddable":true,"href":"https:\/\/wos-dev-1.staging.sd-hosting.pt\/index.php?rest_route=\/wp\/v2\/media\/623"}],"wp:attachment":[{"href":"https:\/\/wos-dev-1.staging.sd-hosting.pt\/index.php?rest_route=%2Fwp%2Fv2%2Fmedia&parent=104851"}],"wp:term":[{"taxonomy":"product_cat","embeddable":true,"href":"https:\/\/wos-dev-1.staging.sd-hosting.pt\/index.php?rest_route=%2Fwp%2Fv2%2Fproduct_cat&post=104851"},{"taxonomy":"product_tag","embeddable":true,"href":"https:\/\/wos-dev-1.staging.sd-hosting.pt\/index.php?rest_route=%2Fwp%2Fv2%2Fproduct_tag&post=104851"},{"taxonomy":"wos_brand","embeddable":true,"href":"https:\/\/wos-dev-1.staging.sd-hosting.pt\/index.php?rest_route=%2Fwp%2Fv2%2Fwos_brand&post=104851"}],"curies":[{"name":"wp","href":"https:\/\/api.w.org\/{rel}","templated":true}]}}