{"id":104847,"date":"2023-04-06T09:40:11","date_gmt":"2023-04-06T09:40:11","guid":{"rendered":"https:\/\/wos-dev-1.staging.sd-hosting.pt\/produto\/bioactivo-magnesio-60-comprimidos\/"},"modified":"2023-08-22T08:58:51","modified_gmt":"2023-08-22T08:58:51","slug":"bioactivo-magnesio-60-comprimidos","status":"publish","type":"product","link":"https:\/\/wos-dev-1.staging.sd-hosting.pt\/?product=bioactivo-magnesio-60-comprimidos","title":{"rendered":"BioActivo Magn\u00e9sio 60 comprimidos"},"content":{"rendered":"<p class=\"wosc-text-s wosc-text-justify\"> <strong class=\"wosc-text-secondary\">BioActivo Magn\u00e9sio<\/strong> \u00e9 um suplemento alimentar com 3 formas de magn\u00e9sio de elevada absor\u00e7\u00e3o para <strong>manuten\u00e7\u00e3o dos m\u00fasculos, ossos e dentes saud\u00e1veis <\/strong>.<\/p>\n<p class=\"wosc-text-s wosc-text-justify\">Cada comprimido cont\u00e9m 200 mg de magn\u00e9sio com 3 diferentes formas (org\u00e2nicas e inorg\u00e2nicas), cuja combina\u00e7\u00e3o faz com que seja mais sol\u00favel e de f\u00e1cil absor\u00e7\u00e3o (dissolve-se em \u00e1gua em 1 a 2 minutos).<\/p>\n<p class=\"wosc-text-s wosc-text-justify\">Contribui ainda para a <strong> redu\u00e7\u00e3o da fadiga e gest\u00e3o do stress<\/strong>.<\/p>\n","protected":false},"excerpt":{"rendered":"<p>Suplemento alimentar para m\u00fasculos, ossos e dentes saud\u00e1veis. <\/p>\n","protected":false},"featured_media":621,"comment_status":"open","ping_status":"closed","template":"","meta":{"_acf_changed":false},"product_cat":[992,1087,1094,1080],"product_tag":[],"wos_brand":[1115],"class_list":{"0":"post-104847","1":"product","2":"type-product","3":"status-publish","4":"has-post-thumbnail","6":"product_cat-bem-estar","7":"product_cat-energia","8":"product_cat-sistema-muscular-e-esqueletico","9":"product_cat-suplementos","10":"wos_brand-bioactivo","12":"first","13":"outofstock","14":"taxable","15":"shipping-taxable","16":"purchasable","17":"product-type-simple"},"acf":[],"yoast_head":"<!-- This site is optimized with the Yoast SEO plugin v22.8 - https:\/\/yoast.com\/wordpress\/plugins\/seo\/ -->\n<title>BioActivo Magn\u00e9sio 60 comprimidos - World Of Skin<\/title>\n<meta name=\"description\" content=\"\u00c9 um suplemento alimentar muscular e \u00f3sseo que ajuda na manuten\u00e7\u00e3o dos m\u00fasculos saud\u00e1veis, bem como na sa\u00fade dos ossos e dentes.\" \/>\n<meta name=\"robots\" content=\"index, follow, max-snippet:-1, max-image-preview:large, max-video-preview:-1\" \/>\n<link rel=\"canonical\" href=\"https:\/\/wos-dev-1.staging.sd-hosting.pt\/produto\/bioactivo-magnesio-60-comprimidos\/\" \/>\n<meta property=\"og:locale\" content=\"pt_PT\" \/>\n<meta property=\"og:type\" content=\"article\" \/>\n<meta property=\"og:title\" content=\"BioActivo Magn\u00e9sio 60 comprimidos - World Of Skin\" \/>\n<meta property=\"og:description\" content=\"\u00c9 um suplemento alimentar muscular e \u00f3sseo que ajuda na manuten\u00e7\u00e3o dos m\u00fasculos saud\u00e1veis, bem como na sa\u00fade dos ossos e dentes.\" \/>\n<meta property=\"og:url\" content=\"https:\/\/wos-dev-1.staging.sd-hosting.pt\/produto\/bioactivo-magnesio-60-comprimidos\/\" \/>\n<meta property=\"og:site_name\" content=\"World Of Skin\" \/>\n<meta property=\"article:publisher\" content=\"https:\/\/www.facebook.com\/worldofskin.pt\/\" \/>\n<meta property=\"article:modified_time\" content=\"2023-08-22T08:58:51+00:00\" \/>\n<meta property=\"og:image\" content=\"https:\/\/wos-dev-1.staging.sd-hosting.pt\/wp-content\/uploads\/2022\/12\/bioactivo-magnesio-60.png\" \/>\n\t<meta property=\"og:image:width\" content=\"980\" \/>\n\t<meta property=\"og:image:height\" content=\"762\" \/>\n\t<meta property=\"og:image:type\" content=\"image\/png\" \/>\n<meta name=\"twitter:card\" content=\"summary_large_image\" \/>\n<meta name=\"twitter:label1\" content=\"Tempo estimado de leitura\" \/>\n\t<meta name=\"twitter:data1\" content=\"1 minuto\" \/>\n<script type=\"application\/ld+json\" class=\"yoast-schema-graph\">{\"@context\":\"https:\/\/schema.org\",\"@graph\":[{\"@type\":\"WebPage\",\"@id\":\"https:\/\/wos-dev-1.staging.sd-hosting.pt\/produto\/bioactivo-magnesio-60-comprimidos\/\",\"url\":\"https:\/\/wos-dev-1.staging.sd-hosting.pt\/produto\/bioactivo-magnesio-60-comprimidos\/\",\"name\":\"BioActivo Magn\u00e9sio 60 comprimidos - World Of Skin\",\"isPartOf\":{\"@id\":\"https:\/\/wos-dev-1.staging.sd-hosting.pt\/#website\"},\"primaryImageOfPage\":{\"@id\":\"https:\/\/wos-dev-1.staging.sd-hosting.pt\/produto\/bioactivo-magnesio-60-comprimidos\/#primaryimage\"},\"image\":{\"@id\":\"https:\/\/wos-dev-1.staging.sd-hosting.pt\/produto\/bioactivo-magnesio-60-comprimidos\/#primaryimage\"},\"thumbnailUrl\":\"https:\/\/wos-dev-1.staging.sd-hosting.pt\/wp-content\/uploads\/2022\/12\/bioactivo-magnesio-60.png\",\"datePublished\":\"2023-04-06T09:40:11+00:00\",\"dateModified\":\"2023-08-22T08:58:51+00:00\",\"description\":\"\u00c9 um suplemento alimentar muscular e \u00f3sseo que ajuda na manuten\u00e7\u00e3o dos m\u00fasculos saud\u00e1veis, bem como na sa\u00fade dos ossos e dentes.\",\"breadcrumb\":{\"@id\":\"https:\/\/wos-dev-1.staging.sd-hosting.pt\/produto\/bioactivo-magnesio-60-comprimidos\/#breadcrumb\"},\"inLanguage\":\"pt-PT\",\"potentialAction\":[{\"@type\":\"ReadAction\",\"target\":[\"https:\/\/wos-dev-1.staging.sd-hosting.pt\/produto\/bioactivo-magnesio-60-comprimidos\/\"]}]},{\"@type\":\"ImageObject\",\"inLanguage\":\"pt-PT\",\"@id\":\"https:\/\/wos-dev-1.staging.sd-hosting.pt\/produto\/bioactivo-magnesio-60-comprimidos\/#primaryimage\",\"url\":\"https:\/\/wos-dev-1.staging.sd-hosting.pt\/wp-content\/uploads\/2022\/12\/bioactivo-magnesio-60.png\",\"contentUrl\":\"https:\/\/wos-dev-1.staging.sd-hosting.pt\/wp-content\/uploads\/2022\/12\/bioactivo-magnesio-60.png\",\"width\":980,\"height\":762,\"caption\":\"Bioactivo Magn\u00e9sio 60 comprimidos\"},{\"@type\":\"BreadcrumbList\",\"@id\":\"https:\/\/wos-dev-1.staging.sd-hosting.pt\/produto\/bioactivo-magnesio-60-comprimidos\/#breadcrumb\",\"itemListElement\":[{\"@type\":\"ListItem\",\"position\":1,\"name\":\"In\u00edcio\",\"item\":\"https:\/\/wos-dev-1.staging.sd-hosting.pt\/\"},{\"@type\":\"ListItem\",\"position\":2,\"name\":\"BioActivo Magn\u00e9sio 60 comprimidos\"}]},{\"@type\":\"WebSite\",\"@id\":\"https:\/\/wos-dev-1.staging.sd-hosting.pt\/#website\",\"url\":\"https:\/\/wos-dev-1.staging.sd-hosting.pt\/\",\"name\":\"World Of Skin\",\"description\":\"World Of Skin\",\"publisher\":{\"@id\":\"https:\/\/wos-dev-1.staging.sd-hosting.pt\/#organization\"},\"potentialAction\":[{\"@type\":\"SearchAction\",\"target\":{\"@type\":\"EntryPoint\",\"urlTemplate\":\"https:\/\/wos-dev-1.staging.sd-hosting.pt\/?s={search_term_string}\"},\"query-input\":\"required name=search_term_string\"}],\"inLanguage\":\"pt-PT\"},{\"@type\":\"Organization\",\"@id\":\"https:\/\/wos-dev-1.staging.sd-hosting.pt\/#organization\",\"name\":\"World Of Skin\",\"url\":\"https:\/\/wos-dev-1.staging.sd-hosting.pt\/\",\"logo\":{\"@type\":\"ImageObject\",\"inLanguage\":\"pt-PT\",\"@id\":\"https:\/\/wos-dev-1.staging.sd-hosting.pt\/#\/schema\/logo\/image\/\",\"url\":\"https:\/\/wos-dev-1.staging.sd-hosting.pt\/wp-content\/uploads\/2022\/10\/Logotipo_Final.png\",\"contentUrl\":\"https:\/\/wos-dev-1.staging.sd-hosting.pt\/wp-content\/uploads\/2022\/10\/Logotipo_Final.png\",\"width\":1774,\"height\":1536,\"caption\":\"World Of Skin\"},\"image\":{\"@id\":\"https:\/\/wos-dev-1.staging.sd-hosting.pt\/#\/schema\/logo\/image\/\"},\"sameAs\":[\"https:\/\/www.facebook.com\/worldofskin.pt\/\",\"https:\/\/www.instagram.com\/world.of.skin\/\"]}]}<\/script>\n<!-- \/ Yoast SEO plugin. -->","yoast_head_json":{"title":"BioActivo Magn\u00e9sio 60 comprimidos - World Of Skin","description":"\u00c9 um suplemento alimentar muscular e \u00f3sseo que ajuda na manuten\u00e7\u00e3o dos m\u00fasculos saud\u00e1veis, bem como na sa\u00fade dos ossos e dentes.","robots":{"index":"index","follow":"follow","max-snippet":"max-snippet:-1","max-image-preview":"max-image-preview:large","max-video-preview":"max-video-preview:-1"},"canonical":"https:\/\/wos-dev-1.staging.sd-hosting.pt\/produto\/bioactivo-magnesio-60-comprimidos\/","og_locale":"pt_PT","og_type":"article","og_title":"BioActivo Magn\u00e9sio 60 comprimidos - World Of Skin","og_description":"\u00c9 um suplemento alimentar muscular e \u00f3sseo que ajuda na manuten\u00e7\u00e3o dos m\u00fasculos saud\u00e1veis, bem como na sa\u00fade dos ossos e dentes.","og_url":"https:\/\/wos-dev-1.staging.sd-hosting.pt\/produto\/bioactivo-magnesio-60-comprimidos\/","og_site_name":"World Of Skin","article_publisher":"https:\/\/www.facebook.com\/worldofskin.pt\/","article_modified_time":"2023-08-22T08:58:51+00:00","og_image":[{"width":980,"height":762,"url":"https:\/\/wos-dev-1.staging.sd-hosting.pt\/wp-content\/uploads\/2022\/12\/bioactivo-magnesio-60.png","type":"image\/png"}],"twitter_card":"summary_large_image","twitter_misc":{"Tempo estimado de leitura":"1 minuto"},"schema":{"@context":"https:\/\/schema.org","@graph":[{"@type":"WebPage","@id":"https:\/\/wos-dev-1.staging.sd-hosting.pt\/produto\/bioactivo-magnesio-60-comprimidos\/","url":"https:\/\/wos-dev-1.staging.sd-hosting.pt\/produto\/bioactivo-magnesio-60-comprimidos\/","name":"BioActivo Magn\u00e9sio 60 comprimidos - World Of Skin","isPartOf":{"@id":"https:\/\/wos-dev-1.staging.sd-hosting.pt\/#website"},"primaryImageOfPage":{"@id":"https:\/\/wos-dev-1.staging.sd-hosting.pt\/produto\/bioactivo-magnesio-60-comprimidos\/#primaryimage"},"image":{"@id":"https:\/\/wos-dev-1.staging.sd-hosting.pt\/produto\/bioactivo-magnesio-60-comprimidos\/#primaryimage"},"thumbnailUrl":"https:\/\/wos-dev-1.staging.sd-hosting.pt\/wp-content\/uploads\/2022\/12\/bioactivo-magnesio-60.png","datePublished":"2023-04-06T09:40:11+00:00","dateModified":"2023-08-22T08:58:51+00:00","description":"\u00c9 um suplemento alimentar muscular e \u00f3sseo que ajuda na manuten\u00e7\u00e3o dos m\u00fasculos saud\u00e1veis, bem como na sa\u00fade dos ossos e dentes.","breadcrumb":{"@id":"https:\/\/wos-dev-1.staging.sd-hosting.pt\/produto\/bioactivo-magnesio-60-comprimidos\/#breadcrumb"},"inLanguage":"pt-PT","potentialAction":[{"@type":"ReadAction","target":["https:\/\/wos-dev-1.staging.sd-hosting.pt\/produto\/bioactivo-magnesio-60-comprimidos\/"]}]},{"@type":"ImageObject","inLanguage":"pt-PT","@id":"https:\/\/wos-dev-1.staging.sd-hosting.pt\/produto\/bioactivo-magnesio-60-comprimidos\/#primaryimage","url":"https:\/\/wos-dev-1.staging.sd-hosting.pt\/wp-content\/uploads\/2022\/12\/bioactivo-magnesio-60.png","contentUrl":"https:\/\/wos-dev-1.staging.sd-hosting.pt\/wp-content\/uploads\/2022\/12\/bioactivo-magnesio-60.png","width":980,"height":762,"caption":"Bioactivo Magn\u00e9sio 60 comprimidos"},{"@type":"BreadcrumbList","@id":"https:\/\/wos-dev-1.staging.sd-hosting.pt\/produto\/bioactivo-magnesio-60-comprimidos\/#breadcrumb","itemListElement":[{"@type":"ListItem","position":1,"name":"In\u00edcio","item":"https:\/\/wos-dev-1.staging.sd-hosting.pt\/"},{"@type":"ListItem","position":2,"name":"BioActivo Magn\u00e9sio 60 comprimidos"}]},{"@type":"WebSite","@id":"https:\/\/wos-dev-1.staging.sd-hosting.pt\/#website","url":"https:\/\/wos-dev-1.staging.sd-hosting.pt\/","name":"World Of Skin","description":"World Of Skin","publisher":{"@id":"https:\/\/wos-dev-1.staging.sd-hosting.pt\/#organization"},"potentialAction":[{"@type":"SearchAction","target":{"@type":"EntryPoint","urlTemplate":"https:\/\/wos-dev-1.staging.sd-hosting.pt\/?s={search_term_string}"},"query-input":"required name=search_term_string"}],"inLanguage":"pt-PT"},{"@type":"Organization","@id":"https:\/\/wos-dev-1.staging.sd-hosting.pt\/#organization","name":"World Of Skin","url":"https:\/\/wos-dev-1.staging.sd-hosting.pt\/","logo":{"@type":"ImageObject","inLanguage":"pt-PT","@id":"https:\/\/wos-dev-1.staging.sd-hosting.pt\/#\/schema\/logo\/image\/","url":"https:\/\/wos-dev-1.staging.sd-hosting.pt\/wp-content\/uploads\/2022\/10\/Logotipo_Final.png","contentUrl":"https:\/\/wos-dev-1.staging.sd-hosting.pt\/wp-content\/uploads\/2022\/10\/Logotipo_Final.png","width":1774,"height":1536,"caption":"World Of Skin"},"image":{"@id":"https:\/\/wos-dev-1.staging.sd-hosting.pt\/#\/schema\/logo\/image\/"},"sameAs":["https:\/\/www.facebook.com\/worldofskin.pt\/","https:\/\/www.instagram.com\/world.of.skin\/"]}]}},"_links":{"self":[{"href":"https:\/\/wos-dev-1.staging.sd-hosting.pt\/index.php?rest_route=\/wp\/v2\/product\/104847","targetHints":{"allow":["GET"]}}],"collection":[{"href":"https:\/\/wos-dev-1.staging.sd-hosting.pt\/index.php?rest_route=\/wp\/v2\/product"}],"about":[{"href":"https:\/\/wos-dev-1.staging.sd-hosting.pt\/index.php?rest_route=\/wp\/v2\/types\/product"}],"replies":[{"embeddable":true,"href":"https:\/\/wos-dev-1.staging.sd-hosting.pt\/index.php?rest_route=%2Fwp%2Fv2%2Fcomments&post=104847"}],"wp:featuredmedia":[{"embeddable":true,"href":"https:\/\/wos-dev-1.staging.sd-hosting.pt\/index.php?rest_route=\/wp\/v2\/media\/621"}],"wp:attachment":[{"href":"https:\/\/wos-dev-1.staging.sd-hosting.pt\/index.php?rest_route=%2Fwp%2Fv2%2Fmedia&parent=104847"}],"wp:term":[{"taxonomy":"product_cat","embeddable":true,"href":"https:\/\/wos-dev-1.staging.sd-hosting.pt\/index.php?rest_route=%2Fwp%2Fv2%2Fproduct_cat&post=104847"},{"taxonomy":"product_tag","embeddable":true,"href":"https:\/\/wos-dev-1.staging.sd-hosting.pt\/index.php?rest_route=%2Fwp%2Fv2%2Fproduct_tag&post=104847"},{"taxonomy":"wos_brand","embeddable":true,"href":"https:\/\/wos-dev-1.staging.sd-hosting.pt\/index.php?rest_route=%2Fwp%2Fv2%2Fwos_brand&post=104847"}],"curies":[{"name":"wp","href":"https:\/\/api.w.org\/{rel}","templated":true}]}}