{"id":104836,"date":"2023-04-05T10:40:05","date_gmt":"2023-04-05T10:40:05","guid":{"rendered":"https:\/\/wos-dev-1.staging.sd-hosting.pt\/produto\/bepanthen-pomada-para-muda-da-fralda-100g\/"},"modified":"2024-08-02T17:29:16","modified_gmt":"2024-08-02T16:29:16","slug":"bepanthen-pomada-para-muda-da-fralda-100g","status":"publish","type":"product","link":"https:\/\/wos-dev-1.staging.sd-hosting.pt\/?product=bepanthen-pomada-para-muda-da-fralda-100g","title":{"rendered":"Bepanthen Pomada para Muda da Fralda 100g"},"content":{"rendered":"<p class=\"wosc-text-s wosc-text-justify\"><strong class=\"wosc-text-secondary\">Bepanthen Baby<\/strong> \u00e9 uma pomada para a muda da fralda com dupla a\u00e7\u00e3o: <strong>protege da vermelhid\u00e3o e regenera a pele do rabinho<\/strong> do beb\u00e9.<\/p>\n<p class=\"wosc-text-s wosc-text-justify\">A prote\u00e7\u00e3o contra a assadura da fralda prov\u00e9m da capacidade desta pomada de criar uma camada transparente que deixa a pele respirar, enquanto a protege contra os agentes irritantes e a fric\u00e7\u00e3o que podem causar vermelhid\u00e3o. Desta forma garante-se o cuidado da pele do rabinho do seu beb\u00e9.<\/p>\n<p class=\"wosc-text-s wosc-text-justify\">Na composi\u00e7\u00e3o de Bepanthen Baby, enquanto pomada para a muda da fralda, destaca-se o dexpantenol (ou provitamina B5). Este promove o processo natural de regenera\u00e7\u00e3o da pele delicada do rabinho do beb\u00e9, mantendo-a hidratada.<\/p>\n<p class=\"wosc-text-s wosc-text-justify\">A sua formula\u00e7\u00e3o \u00e1gua em \u00f3leo proporciona as condi\u00e7\u00f5es ideais para manter a pele saud\u00e1vel sem secar. N\u00e3o cont\u00e9m conservantes, corantes nem perfume.<\/p>\n","protected":false},"excerpt":{"rendered":"<p>Cuidado di\u00e1rio em pomada para a muda da fralda que protege e regenera a pele do rabinho do beb\u00e9.<\/p>\n","protected":false},"featured_media":587,"comment_status":"open","ping_status":"closed","template":"","meta":{"_acf_changed":false},"product_cat":[1062,990,1066],"product_tag":[],"wos_brand":[1134,1099],"class_list":{"0":"post-104836","1":"product","2":"type-product","3":"status-publish","4":"has-post-thumbnail","6":"product_cat-bebe","7":"product_cat-bebe-e-mama","8":"product_cat-outros-cuidados-do-bebe","9":"wos_brand-baby","10":"wos_brand-bepanthene","12":"first","13":"instock","14":"taxable","15":"shipping-taxable","16":"purchasable","17":"product-type-simple"},"acf":[],"yoast_head":"<!-- This site is optimized with the Yoast SEO plugin v22.8 - https:\/\/yoast.com\/wordpress\/plugins\/seo\/ -->\n<title>Bepanthen Pomada para Muda da Fralda 100g - World Of Skin<\/title>\n<meta name=\"description\" content=\"Bepanthen Baby \u00e9 uma pomada para a muda da fralda com dupla a\u00e7\u00e3o: protege da vermelhid\u00e3o e regenera a pele do rabinho do beb\u00e9.\" \/>\n<meta name=\"robots\" content=\"index, follow, max-snippet:-1, max-image-preview:large, max-video-preview:-1\" \/>\n<link rel=\"canonical\" href=\"https:\/\/wos-dev-1.staging.sd-hosting.pt\/produto\/bepanthen-pomada-para-muda-da-fralda-100g\/\" \/>\n<meta property=\"og:locale\" content=\"pt_PT\" \/>\n<meta property=\"og:type\" content=\"article\" \/>\n<meta property=\"og:title\" content=\"Bepanthen Pomada para Muda da Fralda 100g - World Of Skin\" \/>\n<meta property=\"og:description\" content=\"Bepanthen Baby \u00e9 uma pomada para a muda da fralda com dupla a\u00e7\u00e3o: protege da vermelhid\u00e3o e regenera a pele do rabinho do beb\u00e9.\" \/>\n<meta property=\"og:url\" content=\"https:\/\/wos-dev-1.staging.sd-hosting.pt\/produto\/bepanthen-pomada-para-muda-da-fralda-100g\/\" \/>\n<meta property=\"og:site_name\" content=\"World Of Skin\" \/>\n<meta property=\"article:publisher\" content=\"https:\/\/www.facebook.com\/worldofskin.pt\/\" \/>\n<meta property=\"article:modified_time\" content=\"2024-08-02T16:29:16+00:00\" \/>\n<meta property=\"og:image\" content=\"https:\/\/wos-dev-1.staging.sd-hosting.pt\/wp-content\/uploads\/2022\/12\/bepanthen-baby.png\" \/>\n\t<meta property=\"og:image:width\" content=\"2183\" \/>\n\t<meta property=\"og:image:height\" content=\"1042\" \/>\n\t<meta property=\"og:image:type\" content=\"image\/png\" \/>\n<meta name=\"twitter:card\" content=\"summary_large_image\" \/>\n<meta name=\"twitter:label1\" content=\"Tempo estimado de leitura\" \/>\n\t<meta name=\"twitter:data1\" content=\"1 minuto\" \/>\n<script type=\"application\/ld+json\" class=\"yoast-schema-graph\">{\"@context\":\"https:\/\/schema.org\",\"@graph\":[{\"@type\":\"WebPage\",\"@id\":\"https:\/\/wos-dev-1.staging.sd-hosting.pt\/produto\/bepanthen-pomada-para-muda-da-fralda-100g\/\",\"url\":\"https:\/\/wos-dev-1.staging.sd-hosting.pt\/produto\/bepanthen-pomada-para-muda-da-fralda-100g\/\",\"name\":\"Bepanthen Pomada para Muda da Fralda 100g - World Of Skin\",\"isPartOf\":{\"@id\":\"https:\/\/wos-dev-1.staging.sd-hosting.pt\/#website\"},\"primaryImageOfPage\":{\"@id\":\"https:\/\/wos-dev-1.staging.sd-hosting.pt\/produto\/bepanthen-pomada-para-muda-da-fralda-100g\/#primaryimage\"},\"image\":{\"@id\":\"https:\/\/wos-dev-1.staging.sd-hosting.pt\/produto\/bepanthen-pomada-para-muda-da-fralda-100g\/#primaryimage\"},\"thumbnailUrl\":\"https:\/\/wos-dev-1.staging.sd-hosting.pt\/wp-content\/uploads\/2022\/12\/bepanthen-baby.png\",\"datePublished\":\"2023-04-05T10:40:05+00:00\",\"dateModified\":\"2024-08-02T16:29:16+00:00\",\"description\":\"Bepanthen Baby \u00e9 uma pomada para a muda da fralda com dupla a\u00e7\u00e3o: protege da vermelhid\u00e3o e regenera a pele do rabinho do beb\u00e9.\",\"breadcrumb\":{\"@id\":\"https:\/\/wos-dev-1.staging.sd-hosting.pt\/produto\/bepanthen-pomada-para-muda-da-fralda-100g\/#breadcrumb\"},\"inLanguage\":\"pt-PT\",\"potentialAction\":[{\"@type\":\"ReadAction\",\"target\":[\"https:\/\/wos-dev-1.staging.sd-hosting.pt\/produto\/bepanthen-pomada-para-muda-da-fralda-100g\/\"]}]},{\"@type\":\"ImageObject\",\"inLanguage\":\"pt-PT\",\"@id\":\"https:\/\/wos-dev-1.staging.sd-hosting.pt\/produto\/bepanthen-pomada-para-muda-da-fralda-100g\/#primaryimage\",\"url\":\"https:\/\/wos-dev-1.staging.sd-hosting.pt\/wp-content\/uploads\/2022\/12\/bepanthen-baby.png\",\"contentUrl\":\"https:\/\/wos-dev-1.staging.sd-hosting.pt\/wp-content\/uploads\/2022\/12\/bepanthen-baby.png\",\"width\":2183,\"height\":1042,\"caption\":\"bepanthen baby\"},{\"@type\":\"BreadcrumbList\",\"@id\":\"https:\/\/wos-dev-1.staging.sd-hosting.pt\/produto\/bepanthen-pomada-para-muda-da-fralda-100g\/#breadcrumb\",\"itemListElement\":[{\"@type\":\"ListItem\",\"position\":1,\"name\":\"In\u00edcio\",\"item\":\"https:\/\/wos-dev-1.staging.sd-hosting.pt\/\"},{\"@type\":\"ListItem\",\"position\":2,\"name\":\"Bepanthen Pomada para Muda da Fralda 100g\"}]},{\"@type\":\"WebSite\",\"@id\":\"https:\/\/wos-dev-1.staging.sd-hosting.pt\/#website\",\"url\":\"https:\/\/wos-dev-1.staging.sd-hosting.pt\/\",\"name\":\"World Of Skin\",\"description\":\"World Of Skin\",\"publisher\":{\"@id\":\"https:\/\/wos-dev-1.staging.sd-hosting.pt\/#organization\"},\"potentialAction\":[{\"@type\":\"SearchAction\",\"target\":{\"@type\":\"EntryPoint\",\"urlTemplate\":\"https:\/\/wos-dev-1.staging.sd-hosting.pt\/?s={search_term_string}\"},\"query-input\":\"required name=search_term_string\"}],\"inLanguage\":\"pt-PT\"},{\"@type\":\"Organization\",\"@id\":\"https:\/\/wos-dev-1.staging.sd-hosting.pt\/#organization\",\"name\":\"World Of Skin\",\"url\":\"https:\/\/wos-dev-1.staging.sd-hosting.pt\/\",\"logo\":{\"@type\":\"ImageObject\",\"inLanguage\":\"pt-PT\",\"@id\":\"https:\/\/wos-dev-1.staging.sd-hosting.pt\/#\/schema\/logo\/image\/\",\"url\":\"https:\/\/wos-dev-1.staging.sd-hosting.pt\/wp-content\/uploads\/2022\/10\/Logotipo_Final.png\",\"contentUrl\":\"https:\/\/wos-dev-1.staging.sd-hosting.pt\/wp-content\/uploads\/2022\/10\/Logotipo_Final.png\",\"width\":1774,\"height\":1536,\"caption\":\"World Of Skin\"},\"image\":{\"@id\":\"https:\/\/wos-dev-1.staging.sd-hosting.pt\/#\/schema\/logo\/image\/\"},\"sameAs\":[\"https:\/\/www.facebook.com\/worldofskin.pt\/\",\"https:\/\/www.instagram.com\/world.of.skin\/\"]}]}<\/script>\n<!-- \/ Yoast SEO plugin. -->","yoast_head_json":{"title":"Bepanthen Pomada para Muda da Fralda 100g - World Of Skin","description":"Bepanthen Baby \u00e9 uma pomada para a muda da fralda com dupla a\u00e7\u00e3o: protege da vermelhid\u00e3o e regenera a pele do rabinho do beb\u00e9.","robots":{"index":"index","follow":"follow","max-snippet":"max-snippet:-1","max-image-preview":"max-image-preview:large","max-video-preview":"max-video-preview:-1"},"canonical":"https:\/\/wos-dev-1.staging.sd-hosting.pt\/produto\/bepanthen-pomada-para-muda-da-fralda-100g\/","og_locale":"pt_PT","og_type":"article","og_title":"Bepanthen Pomada para Muda da Fralda 100g - World Of Skin","og_description":"Bepanthen Baby \u00e9 uma pomada para a muda da fralda com dupla a\u00e7\u00e3o: protege da vermelhid\u00e3o e regenera a pele do rabinho do beb\u00e9.","og_url":"https:\/\/wos-dev-1.staging.sd-hosting.pt\/produto\/bepanthen-pomada-para-muda-da-fralda-100g\/","og_site_name":"World Of Skin","article_publisher":"https:\/\/www.facebook.com\/worldofskin.pt\/","article_modified_time":"2024-08-02T16:29:16+00:00","og_image":[{"width":2183,"height":1042,"url":"https:\/\/wos-dev-1.staging.sd-hosting.pt\/wp-content\/uploads\/2022\/12\/bepanthen-baby.png","type":"image\/png"}],"twitter_card":"summary_large_image","twitter_misc":{"Tempo estimado de leitura":"1 minuto"},"schema":{"@context":"https:\/\/schema.org","@graph":[{"@type":"WebPage","@id":"https:\/\/wos-dev-1.staging.sd-hosting.pt\/produto\/bepanthen-pomada-para-muda-da-fralda-100g\/","url":"https:\/\/wos-dev-1.staging.sd-hosting.pt\/produto\/bepanthen-pomada-para-muda-da-fralda-100g\/","name":"Bepanthen Pomada para Muda da Fralda 100g - World Of Skin","isPartOf":{"@id":"https:\/\/wos-dev-1.staging.sd-hosting.pt\/#website"},"primaryImageOfPage":{"@id":"https:\/\/wos-dev-1.staging.sd-hosting.pt\/produto\/bepanthen-pomada-para-muda-da-fralda-100g\/#primaryimage"},"image":{"@id":"https:\/\/wos-dev-1.staging.sd-hosting.pt\/produto\/bepanthen-pomada-para-muda-da-fralda-100g\/#primaryimage"},"thumbnailUrl":"https:\/\/wos-dev-1.staging.sd-hosting.pt\/wp-content\/uploads\/2022\/12\/bepanthen-baby.png","datePublished":"2023-04-05T10:40:05+00:00","dateModified":"2024-08-02T16:29:16+00:00","description":"Bepanthen Baby \u00e9 uma pomada para a muda da fralda com dupla a\u00e7\u00e3o: protege da vermelhid\u00e3o e regenera a pele do rabinho do beb\u00e9.","breadcrumb":{"@id":"https:\/\/wos-dev-1.staging.sd-hosting.pt\/produto\/bepanthen-pomada-para-muda-da-fralda-100g\/#breadcrumb"},"inLanguage":"pt-PT","potentialAction":[{"@type":"ReadAction","target":["https:\/\/wos-dev-1.staging.sd-hosting.pt\/produto\/bepanthen-pomada-para-muda-da-fralda-100g\/"]}]},{"@type":"ImageObject","inLanguage":"pt-PT","@id":"https:\/\/wos-dev-1.staging.sd-hosting.pt\/produto\/bepanthen-pomada-para-muda-da-fralda-100g\/#primaryimage","url":"https:\/\/wos-dev-1.staging.sd-hosting.pt\/wp-content\/uploads\/2022\/12\/bepanthen-baby.png","contentUrl":"https:\/\/wos-dev-1.staging.sd-hosting.pt\/wp-content\/uploads\/2022\/12\/bepanthen-baby.png","width":2183,"height":1042,"caption":"bepanthen baby"},{"@type":"BreadcrumbList","@id":"https:\/\/wos-dev-1.staging.sd-hosting.pt\/produto\/bepanthen-pomada-para-muda-da-fralda-100g\/#breadcrumb","itemListElement":[{"@type":"ListItem","position":1,"name":"In\u00edcio","item":"https:\/\/wos-dev-1.staging.sd-hosting.pt\/"},{"@type":"ListItem","position":2,"name":"Bepanthen Pomada para Muda da Fralda 100g"}]},{"@type":"WebSite","@id":"https:\/\/wos-dev-1.staging.sd-hosting.pt\/#website","url":"https:\/\/wos-dev-1.staging.sd-hosting.pt\/","name":"World Of Skin","description":"World Of Skin","publisher":{"@id":"https:\/\/wos-dev-1.staging.sd-hosting.pt\/#organization"},"potentialAction":[{"@type":"SearchAction","target":{"@type":"EntryPoint","urlTemplate":"https:\/\/wos-dev-1.staging.sd-hosting.pt\/?s={search_term_string}"},"query-input":"required name=search_term_string"}],"inLanguage":"pt-PT"},{"@type":"Organization","@id":"https:\/\/wos-dev-1.staging.sd-hosting.pt\/#organization","name":"World Of Skin","url":"https:\/\/wos-dev-1.staging.sd-hosting.pt\/","logo":{"@type":"ImageObject","inLanguage":"pt-PT","@id":"https:\/\/wos-dev-1.staging.sd-hosting.pt\/#\/schema\/logo\/image\/","url":"https:\/\/wos-dev-1.staging.sd-hosting.pt\/wp-content\/uploads\/2022\/10\/Logotipo_Final.png","contentUrl":"https:\/\/wos-dev-1.staging.sd-hosting.pt\/wp-content\/uploads\/2022\/10\/Logotipo_Final.png","width":1774,"height":1536,"caption":"World Of Skin"},"image":{"@id":"https:\/\/wos-dev-1.staging.sd-hosting.pt\/#\/schema\/logo\/image\/"},"sameAs":["https:\/\/www.facebook.com\/worldofskin.pt\/","https:\/\/www.instagram.com\/world.of.skin\/"]}]}},"_links":{"self":[{"href":"https:\/\/wos-dev-1.staging.sd-hosting.pt\/index.php?rest_route=\/wp\/v2\/product\/104836","targetHints":{"allow":["GET"]}}],"collection":[{"href":"https:\/\/wos-dev-1.staging.sd-hosting.pt\/index.php?rest_route=\/wp\/v2\/product"}],"about":[{"href":"https:\/\/wos-dev-1.staging.sd-hosting.pt\/index.php?rest_route=\/wp\/v2\/types\/product"}],"replies":[{"embeddable":true,"href":"https:\/\/wos-dev-1.staging.sd-hosting.pt\/index.php?rest_route=%2Fwp%2Fv2%2Fcomments&post=104836"}],"wp:featuredmedia":[{"embeddable":true,"href":"https:\/\/wos-dev-1.staging.sd-hosting.pt\/index.php?rest_route=\/wp\/v2\/media\/587"}],"wp:attachment":[{"href":"https:\/\/wos-dev-1.staging.sd-hosting.pt\/index.php?rest_route=%2Fwp%2Fv2%2Fmedia&parent=104836"}],"wp:term":[{"taxonomy":"product_cat","embeddable":true,"href":"https:\/\/wos-dev-1.staging.sd-hosting.pt\/index.php?rest_route=%2Fwp%2Fv2%2Fproduct_cat&post=104836"},{"taxonomy":"product_tag","embeddable":true,"href":"https:\/\/wos-dev-1.staging.sd-hosting.pt\/index.php?rest_route=%2Fwp%2Fv2%2Fproduct_tag&post=104836"},{"taxonomy":"wos_brand","embeddable":true,"href":"https:\/\/wos-dev-1.staging.sd-hosting.pt\/index.php?rest_route=%2Fwp%2Fv2%2Fwos_brand&post=104836"}],"curies":[{"name":"wp","href":"https:\/\/api.w.org\/{rel}","templated":true}]}}