{"id":104711,"date":"2023-03-27T23:45:59","date_gmt":"2023-03-27T23:45:59","guid":{"rendered":"https:\/\/wos-dev-1.staging.sd-hosting.pt\/produto\/biorga-mycogel-gel-de-limpeza-150ml\/"},"modified":"2023-09-20T18:33:55","modified_gmt":"2023-09-20T17:33:55","slug":"biorga-mycogel-gel-de-limpeza-pele-irritada","status":"publish","type":"product","link":"https:\/\/wos-dev-1.staging.sd-hosting.pt\/?product=biorga-mycogel-gel-de-limpeza-pele-irritada","title":{"rendered":"Biorga Mycogel Gel de Limpeza 150ml"},"content":{"rendered":"<p class=\"wosc-text-s wosc-text-justify\"><strong class=\"wosc-text-secondary\">Mycogel Gel de Limpeza<\/strong> \u00e9 um cuidado de higiene purificante para uma limpeza suave de pele sens\u00edvel e irritada.<\/p>\n<p class=\"wosc-text-s wosc-text-justify\">Com cobre, zinco e \u00f3leo de melaleuca inibe a prolifera\u00e7\u00e3o de microrganismos respons\u00e1veis pela irrita\u00e7\u00e3o da pele. Ao mesmo tempo, apazigua a pele irritada por agentes externos.<\/p>\n","protected":false},"excerpt":{"rendered":"<p>Cuidado de higiene purificante de corpo, rosto e cabelo para uma limpeza suave de pele sens\u00edvel e irritada<\/p>\n","protected":false},"featured_media":1945,"comment_status":"open","ping_status":"closed","template":"","meta":{"_acf_changed":false},"product_cat":[989,987,1054,1048,1028,1041,999,986,1018],"product_tag":[],"wos_brand":[1119,1209],"class_list":{"0":"post-104711","1":"product","2":"type-product","3":"status-publish","4":"has-post-thumbnail","6":"product_cat-cabelo","7":"product_cat-corpo","8":"product_cat-couro-cabeludo-sensivel","9":"product_cat-higiene-cabelo","10":"product_cat-outros-cuidados","11":"product_cat-outros-cuidados-corporais","12":"product_cat-problemas-de-pele","13":"product_cat-rosto","14":"product_cat-vermelhidao-e-rosacea","15":"wos_brand-bailleul","16":"wos_brand-mycogel","18":"first","19":"instock","20":"taxable","21":"shipping-taxable","22":"purchasable","23":"product-type-simple"},"acf":[],"yoast_head":"<!-- This site is optimized with the Yoast SEO plugin v22.8 - https:\/\/yoast.com\/wordpress\/plugins\/seo\/ -->\n<title>Biorga Mycogel Gel de Limpeza 150ml - World Of Skin<\/title>\n<meta name=\"description\" content=\"Cuidado de higiene para uma limpeza suave de pele sens\u00edvel e irritada, inibindo o crescimento de microrganismos e acalmando rosto, corpo e cabelo.\" \/>\n<meta name=\"robots\" content=\"index, follow, max-snippet:-1, max-image-preview:large, max-video-preview:-1\" \/>\n<link rel=\"canonical\" href=\"https:\/\/wos-dev-1.staging.sd-hosting.pt\/produto\/biorga-mycogel-gel-de-limpeza-pele-irritada\/\" \/>\n<meta property=\"og:locale\" content=\"pt_PT\" \/>\n<meta property=\"og:type\" content=\"article\" \/>\n<meta property=\"og:title\" content=\"Biorga Mycogel Gel de Limpeza 150ml - World Of Skin\" \/>\n<meta property=\"og:description\" content=\"Cuidado de higiene para uma limpeza suave de pele sens\u00edvel e irritada, inibindo o crescimento de microrganismos e acalmando rosto, corpo e cabelo.\" \/>\n<meta property=\"og:url\" content=\"https:\/\/wos-dev-1.staging.sd-hosting.pt\/produto\/biorga-mycogel-gel-de-limpeza-pele-irritada\/\" \/>\n<meta property=\"og:site_name\" content=\"World Of Skin\" \/>\n<meta property=\"article:publisher\" content=\"https:\/\/www.facebook.com\/worldofskin.pt\/\" \/>\n<meta property=\"article:modified_time\" content=\"2023-09-20T17:33:55+00:00\" \/>\n<meta property=\"og:image\" content=\"https:\/\/wos-dev-1.staging.sd-hosting.pt\/wp-content\/uploads\/2023\/02\/biorga-mycogel-gel-limpeza.png\" \/>\n\t<meta property=\"og:image:width\" content=\"615\" \/>\n\t<meta property=\"og:image:height\" content=\"546\" \/>\n\t<meta property=\"og:image:type\" content=\"image\/png\" \/>\n<meta name=\"twitter:card\" content=\"summary_large_image\" \/>\n<meta name=\"twitter:label1\" content=\"Tempo estimado de leitura\" \/>\n\t<meta name=\"twitter:data1\" content=\"1 minuto\" \/>\n<script type=\"application\/ld+json\" class=\"yoast-schema-graph\">{\"@context\":\"https:\/\/schema.org\",\"@graph\":[{\"@type\":\"WebPage\",\"@id\":\"https:\/\/wos-dev-1.staging.sd-hosting.pt\/produto\/biorga-mycogel-gel-de-limpeza-pele-irritada\/\",\"url\":\"https:\/\/wos-dev-1.staging.sd-hosting.pt\/produto\/biorga-mycogel-gel-de-limpeza-pele-irritada\/\",\"name\":\"Biorga Mycogel Gel de Limpeza 150ml - World Of Skin\",\"isPartOf\":{\"@id\":\"https:\/\/wos-dev-1.staging.sd-hosting.pt\/#website\"},\"primaryImageOfPage\":{\"@id\":\"https:\/\/wos-dev-1.staging.sd-hosting.pt\/produto\/biorga-mycogel-gel-de-limpeza-pele-irritada\/#primaryimage\"},\"image\":{\"@id\":\"https:\/\/wos-dev-1.staging.sd-hosting.pt\/produto\/biorga-mycogel-gel-de-limpeza-pele-irritada\/#primaryimage\"},\"thumbnailUrl\":\"https:\/\/wos-dev-1.staging.sd-hosting.pt\/wp-content\/uploads\/2023\/02\/biorga-mycogel-gel-limpeza.png\",\"datePublished\":\"2023-03-27T23:45:59+00:00\",\"dateModified\":\"2023-09-20T17:33:55+00:00\",\"description\":\"Cuidado de higiene para uma limpeza suave de pele sens\u00edvel e irritada, inibindo o crescimento de microrganismos e acalmando rosto, corpo e cabelo.\",\"breadcrumb\":{\"@id\":\"https:\/\/wos-dev-1.staging.sd-hosting.pt\/produto\/biorga-mycogel-gel-de-limpeza-pele-irritada\/#breadcrumb\"},\"inLanguage\":\"pt-PT\",\"potentialAction\":[{\"@type\":\"ReadAction\",\"target\":[\"https:\/\/wos-dev-1.staging.sd-hosting.pt\/produto\/biorga-mycogel-gel-de-limpeza-pele-irritada\/\"]}]},{\"@type\":\"ImageObject\",\"inLanguage\":\"pt-PT\",\"@id\":\"https:\/\/wos-dev-1.staging.sd-hosting.pt\/produto\/biorga-mycogel-gel-de-limpeza-pele-irritada\/#primaryimage\",\"url\":\"https:\/\/wos-dev-1.staging.sd-hosting.pt\/wp-content\/uploads\/2023\/02\/biorga-mycogel-gel-limpeza.png\",\"contentUrl\":\"https:\/\/wos-dev-1.staging.sd-hosting.pt\/wp-content\/uploads\/2023\/02\/biorga-mycogel-gel-limpeza.png\",\"width\":615,\"height\":546,\"caption\":\"Biorga Mycogel Gel de Limpeza 150ml\"},{\"@type\":\"BreadcrumbList\",\"@id\":\"https:\/\/wos-dev-1.staging.sd-hosting.pt\/produto\/biorga-mycogel-gel-de-limpeza-pele-irritada\/#breadcrumb\",\"itemListElement\":[{\"@type\":\"ListItem\",\"position\":1,\"name\":\"In\u00edcio\",\"item\":\"https:\/\/wos-dev-1.staging.sd-hosting.pt\/\"},{\"@type\":\"ListItem\",\"position\":2,\"name\":\"Biorga Mycogel Gel de Limpeza 150ml\"}]},{\"@type\":\"WebSite\",\"@id\":\"https:\/\/wos-dev-1.staging.sd-hosting.pt\/#website\",\"url\":\"https:\/\/wos-dev-1.staging.sd-hosting.pt\/\",\"name\":\"World Of Skin\",\"description\":\"World Of Skin\",\"publisher\":{\"@id\":\"https:\/\/wos-dev-1.staging.sd-hosting.pt\/#organization\"},\"potentialAction\":[{\"@type\":\"SearchAction\",\"target\":{\"@type\":\"EntryPoint\",\"urlTemplate\":\"https:\/\/wos-dev-1.staging.sd-hosting.pt\/?s={search_term_string}\"},\"query-input\":\"required name=search_term_string\"}],\"inLanguage\":\"pt-PT\"},{\"@type\":\"Organization\",\"@id\":\"https:\/\/wos-dev-1.staging.sd-hosting.pt\/#organization\",\"name\":\"World Of Skin\",\"url\":\"https:\/\/wos-dev-1.staging.sd-hosting.pt\/\",\"logo\":{\"@type\":\"ImageObject\",\"inLanguage\":\"pt-PT\",\"@id\":\"https:\/\/wos-dev-1.staging.sd-hosting.pt\/#\/schema\/logo\/image\/\",\"url\":\"https:\/\/wos-dev-1.staging.sd-hosting.pt\/wp-content\/uploads\/2022\/10\/Logotipo_Final.png\",\"contentUrl\":\"https:\/\/wos-dev-1.staging.sd-hosting.pt\/wp-content\/uploads\/2022\/10\/Logotipo_Final.png\",\"width\":1774,\"height\":1536,\"caption\":\"World Of Skin\"},\"image\":{\"@id\":\"https:\/\/wos-dev-1.staging.sd-hosting.pt\/#\/schema\/logo\/image\/\"},\"sameAs\":[\"https:\/\/www.facebook.com\/worldofskin.pt\/\",\"https:\/\/www.instagram.com\/world.of.skin\/\"]}]}<\/script>\n<!-- \/ Yoast SEO plugin. -->","yoast_head_json":{"title":"Biorga Mycogel Gel de Limpeza 150ml - World Of Skin","description":"Cuidado de higiene para uma limpeza suave de pele sens\u00edvel e irritada, inibindo o crescimento de microrganismos e acalmando rosto, corpo e cabelo.","robots":{"index":"index","follow":"follow","max-snippet":"max-snippet:-1","max-image-preview":"max-image-preview:large","max-video-preview":"max-video-preview:-1"},"canonical":"https:\/\/wos-dev-1.staging.sd-hosting.pt\/produto\/biorga-mycogel-gel-de-limpeza-pele-irritada\/","og_locale":"pt_PT","og_type":"article","og_title":"Biorga Mycogel Gel de Limpeza 150ml - World Of Skin","og_description":"Cuidado de higiene para uma limpeza suave de pele sens\u00edvel e irritada, inibindo o crescimento de microrganismos e acalmando rosto, corpo e cabelo.","og_url":"https:\/\/wos-dev-1.staging.sd-hosting.pt\/produto\/biorga-mycogel-gel-de-limpeza-pele-irritada\/","og_site_name":"World Of Skin","article_publisher":"https:\/\/www.facebook.com\/worldofskin.pt\/","article_modified_time":"2023-09-20T17:33:55+00:00","og_image":[{"width":615,"height":546,"url":"https:\/\/wos-dev-1.staging.sd-hosting.pt\/wp-content\/uploads\/2023\/02\/biorga-mycogel-gel-limpeza.png","type":"image\/png"}],"twitter_card":"summary_large_image","twitter_misc":{"Tempo estimado de leitura":"1 minuto"},"schema":{"@context":"https:\/\/schema.org","@graph":[{"@type":"WebPage","@id":"https:\/\/wos-dev-1.staging.sd-hosting.pt\/produto\/biorga-mycogel-gel-de-limpeza-pele-irritada\/","url":"https:\/\/wos-dev-1.staging.sd-hosting.pt\/produto\/biorga-mycogel-gel-de-limpeza-pele-irritada\/","name":"Biorga Mycogel Gel de Limpeza 150ml - World Of Skin","isPartOf":{"@id":"https:\/\/wos-dev-1.staging.sd-hosting.pt\/#website"},"primaryImageOfPage":{"@id":"https:\/\/wos-dev-1.staging.sd-hosting.pt\/produto\/biorga-mycogel-gel-de-limpeza-pele-irritada\/#primaryimage"},"image":{"@id":"https:\/\/wos-dev-1.staging.sd-hosting.pt\/produto\/biorga-mycogel-gel-de-limpeza-pele-irritada\/#primaryimage"},"thumbnailUrl":"https:\/\/wos-dev-1.staging.sd-hosting.pt\/wp-content\/uploads\/2023\/02\/biorga-mycogel-gel-limpeza.png","datePublished":"2023-03-27T23:45:59+00:00","dateModified":"2023-09-20T17:33:55+00:00","description":"Cuidado de higiene para uma limpeza suave de pele sens\u00edvel e irritada, inibindo o crescimento de microrganismos e acalmando rosto, corpo e cabelo.","breadcrumb":{"@id":"https:\/\/wos-dev-1.staging.sd-hosting.pt\/produto\/biorga-mycogel-gel-de-limpeza-pele-irritada\/#breadcrumb"},"inLanguage":"pt-PT","potentialAction":[{"@type":"ReadAction","target":["https:\/\/wos-dev-1.staging.sd-hosting.pt\/produto\/biorga-mycogel-gel-de-limpeza-pele-irritada\/"]}]},{"@type":"ImageObject","inLanguage":"pt-PT","@id":"https:\/\/wos-dev-1.staging.sd-hosting.pt\/produto\/biorga-mycogel-gel-de-limpeza-pele-irritada\/#primaryimage","url":"https:\/\/wos-dev-1.staging.sd-hosting.pt\/wp-content\/uploads\/2023\/02\/biorga-mycogel-gel-limpeza.png","contentUrl":"https:\/\/wos-dev-1.staging.sd-hosting.pt\/wp-content\/uploads\/2023\/02\/biorga-mycogel-gel-limpeza.png","width":615,"height":546,"caption":"Biorga Mycogel Gel de Limpeza 150ml"},{"@type":"BreadcrumbList","@id":"https:\/\/wos-dev-1.staging.sd-hosting.pt\/produto\/biorga-mycogel-gel-de-limpeza-pele-irritada\/#breadcrumb","itemListElement":[{"@type":"ListItem","position":1,"name":"In\u00edcio","item":"https:\/\/wos-dev-1.staging.sd-hosting.pt\/"},{"@type":"ListItem","position":2,"name":"Biorga Mycogel Gel de Limpeza 150ml"}]},{"@type":"WebSite","@id":"https:\/\/wos-dev-1.staging.sd-hosting.pt\/#website","url":"https:\/\/wos-dev-1.staging.sd-hosting.pt\/","name":"World Of Skin","description":"World Of Skin","publisher":{"@id":"https:\/\/wos-dev-1.staging.sd-hosting.pt\/#organization"},"potentialAction":[{"@type":"SearchAction","target":{"@type":"EntryPoint","urlTemplate":"https:\/\/wos-dev-1.staging.sd-hosting.pt\/?s={search_term_string}"},"query-input":"required name=search_term_string"}],"inLanguage":"pt-PT"},{"@type":"Organization","@id":"https:\/\/wos-dev-1.staging.sd-hosting.pt\/#organization","name":"World Of Skin","url":"https:\/\/wos-dev-1.staging.sd-hosting.pt\/","logo":{"@type":"ImageObject","inLanguage":"pt-PT","@id":"https:\/\/wos-dev-1.staging.sd-hosting.pt\/#\/schema\/logo\/image\/","url":"https:\/\/wos-dev-1.staging.sd-hosting.pt\/wp-content\/uploads\/2022\/10\/Logotipo_Final.png","contentUrl":"https:\/\/wos-dev-1.staging.sd-hosting.pt\/wp-content\/uploads\/2022\/10\/Logotipo_Final.png","width":1774,"height":1536,"caption":"World Of Skin"},"image":{"@id":"https:\/\/wos-dev-1.staging.sd-hosting.pt\/#\/schema\/logo\/image\/"},"sameAs":["https:\/\/www.facebook.com\/worldofskin.pt\/","https:\/\/www.instagram.com\/world.of.skin\/"]}]}},"_links":{"self":[{"href":"https:\/\/wos-dev-1.staging.sd-hosting.pt\/index.php?rest_route=\/wp\/v2\/product\/104711","targetHints":{"allow":["GET"]}}],"collection":[{"href":"https:\/\/wos-dev-1.staging.sd-hosting.pt\/index.php?rest_route=\/wp\/v2\/product"}],"about":[{"href":"https:\/\/wos-dev-1.staging.sd-hosting.pt\/index.php?rest_route=\/wp\/v2\/types\/product"}],"replies":[{"embeddable":true,"href":"https:\/\/wos-dev-1.staging.sd-hosting.pt\/index.php?rest_route=%2Fwp%2Fv2%2Fcomments&post=104711"}],"wp:featuredmedia":[{"embeddable":true,"href":"https:\/\/wos-dev-1.staging.sd-hosting.pt\/index.php?rest_route=\/wp\/v2\/media\/1945"}],"wp:attachment":[{"href":"https:\/\/wos-dev-1.staging.sd-hosting.pt\/index.php?rest_route=%2Fwp%2Fv2%2Fmedia&parent=104711"}],"wp:term":[{"taxonomy":"product_cat","embeddable":true,"href":"https:\/\/wos-dev-1.staging.sd-hosting.pt\/index.php?rest_route=%2Fwp%2Fv2%2Fproduct_cat&post=104711"},{"taxonomy":"product_tag","embeddable":true,"href":"https:\/\/wos-dev-1.staging.sd-hosting.pt\/index.php?rest_route=%2Fwp%2Fv2%2Fproduct_tag&post=104711"},{"taxonomy":"wos_brand","embeddable":true,"href":"https:\/\/wos-dev-1.staging.sd-hosting.pt\/index.php?rest_route=%2Fwp%2Fv2%2Fwos_brand&post=104711"}],"curies":[{"name":"wp","href":"https:\/\/api.w.org\/{rel}","templated":true}]}}