{"id":104710,"date":"2023-03-27T23:45:59","date_gmt":"2023-03-27T23:45:59","guid":{"rendered":"https:\/\/wos-dev-1.staging.sd-hosting.pt\/produto\/femilyane-fluido-apaziguante-hidratante-ph8-200ml\/"},"modified":"2023-08-22T08:59:00","modified_gmt":"2023-08-22T08:59:00","slug":"femilyane-fluido-higiene-intima-apaziguante-hidratante","status":"publish","type":"product","link":"https:\/\/wos-dev-1.staging.sd-hosting.pt\/?product=femilyane-fluido-higiene-intima-apaziguante-hidratante","title":{"rendered":"Femilyane Flu\u00eddo Apaziguante Hidratante pH8 200ml"},"content":{"rendered":"<p class=\"wosc-text-s wosc-text-justify\"><strong class=\"wosc-text-secondary\">Femilyane Flu\u00eddo Apaziguante Hidratante pH8<\/strong> est\u00e1 indicado para a higiene \u00edntima em situa\u00e7\u00f5es de desconforto e secura.<\/p>\n<p class=\"wosc-text-s wosc-text-justify\">Este flu\u00eddo limpa ao mesmo tempo que apazigua, gra\u00e7as ao Alo\u00e9 Vera, refresca e hidrata, com a\u00e7\u00e3o antibacteriana e antif\u00fangica, gra\u00e7as \u00e0 piroctona olamina.<\/p>\n","protected":false},"excerpt":{"rendered":"<p>Cuidado de higiene \u00edntima para per\u00edodos de desconforto e secura<\/p>\n","protected":false},"featured_media":1943,"comment_status":"open","ping_status":"closed","template":"","meta":{"_acf_changed":false},"product_cat":[987],"product_tag":[],"wos_brand":[1119,1207],"class_list":{"0":"post-104710","1":"product","2":"type-product","3":"status-publish","4":"has-post-thumbnail","6":"product_cat-corpo","7":"wos_brand-bailleul","8":"wos_brand-femilyane","10":"first","11":"outofstock","12":"taxable","13":"shipping-taxable","14":"purchasable","15":"product-type-simple"},"acf":[],"yoast_head":"<!-- This site is optimized with the Yoast SEO plugin v22.8 - https:\/\/yoast.com\/wordpress\/plugins\/seo\/ -->\n<title>Femilyane Flu\u00eddo Apaziguante Hidratante pH8- World Of Skin<\/title>\n<meta name=\"description\" content=\"Cuidado apaziguante flu\u00eddo para a higiene \u00edntima que acalma, refresca e hidrata em situa\u00e7\u00f5es de desconforto e secura da zona \u00edntima.\" \/>\n<meta name=\"robots\" content=\"index, follow, max-snippet:-1, max-image-preview:large, max-video-preview:-1\" \/>\n<link rel=\"canonical\" href=\"https:\/\/wos-dev-1.staging.sd-hosting.pt\/produto\/femilyane-fluido-higiene-intima-apaziguante-hidratante\/\" \/>\n<meta property=\"og:locale\" content=\"pt_PT\" \/>\n<meta property=\"og:type\" content=\"article\" \/>\n<meta property=\"og:title\" content=\"Femilyane Flu\u00eddo Apaziguante Hidratante pH8- World Of Skin\" \/>\n<meta property=\"og:description\" content=\"Cuidado apaziguante flu\u00eddo para a higiene \u00edntima que acalma, refresca e hidrata em situa\u00e7\u00f5es de desconforto e secura da zona \u00edntima.\" \/>\n<meta property=\"og:url\" content=\"https:\/\/wos-dev-1.staging.sd-hosting.pt\/produto\/femilyane-fluido-higiene-intima-apaziguante-hidratante\/\" \/>\n<meta property=\"og:site_name\" content=\"World Of Skin\" \/>\n<meta property=\"article:publisher\" content=\"https:\/\/www.facebook.com\/worldofskin.pt\/\" \/>\n<meta property=\"article:modified_time\" content=\"2023-08-22T08:59:00+00:00\" \/>\n<meta property=\"og:image\" content=\"https:\/\/wos-dev-1.staging.sd-hosting.pt\/wp-content\/uploads\/2023\/02\/biorga-femilyane-physiologique-solucao-higiene-intima-200.jpg\" \/>\n\t<meta property=\"og:image:width\" content=\"600\" \/>\n\t<meta property=\"og:image:height\" content=\"600\" \/>\n\t<meta property=\"og:image:type\" content=\"image\/jpeg\" \/>\n<meta name=\"twitter:card\" content=\"summary_large_image\" \/>\n<meta name=\"twitter:label1\" content=\"Tempo estimado de leitura\" \/>\n\t<meta name=\"twitter:data1\" content=\"1 minuto\" \/>\n<script type=\"application\/ld+json\" class=\"yoast-schema-graph\">{\"@context\":\"https:\/\/schema.org\",\"@graph\":[{\"@type\":\"WebPage\",\"@id\":\"https:\/\/wos-dev-1.staging.sd-hosting.pt\/produto\/femilyane-fluido-higiene-intima-apaziguante-hidratante\/\",\"url\":\"https:\/\/wos-dev-1.staging.sd-hosting.pt\/produto\/femilyane-fluido-higiene-intima-apaziguante-hidratante\/\",\"name\":\"Femilyane Flu\u00eddo Apaziguante Hidratante pH8- World Of Skin\",\"isPartOf\":{\"@id\":\"https:\/\/wos-dev-1.staging.sd-hosting.pt\/#website\"},\"primaryImageOfPage\":{\"@id\":\"https:\/\/wos-dev-1.staging.sd-hosting.pt\/produto\/femilyane-fluido-higiene-intima-apaziguante-hidratante\/#primaryimage\"},\"image\":{\"@id\":\"https:\/\/wos-dev-1.staging.sd-hosting.pt\/produto\/femilyane-fluido-higiene-intima-apaziguante-hidratante\/#primaryimage\"},\"thumbnailUrl\":\"https:\/\/wos-dev-1.staging.sd-hosting.pt\/wp-content\/uploads\/2023\/02\/biorga-femilyane-physiologique-solucao-higiene-intima-200.jpg\",\"datePublished\":\"2023-03-27T23:45:59+00:00\",\"dateModified\":\"2023-08-22T08:59:00+00:00\",\"description\":\"Cuidado apaziguante flu\u00eddo para a higiene \u00edntima que acalma, refresca e hidrata em situa\u00e7\u00f5es de desconforto e secura da zona \u00edntima.\",\"breadcrumb\":{\"@id\":\"https:\/\/wos-dev-1.staging.sd-hosting.pt\/produto\/femilyane-fluido-higiene-intima-apaziguante-hidratante\/#breadcrumb\"},\"inLanguage\":\"pt-PT\",\"potentialAction\":[{\"@type\":\"ReadAction\",\"target\":[\"https:\/\/wos-dev-1.staging.sd-hosting.pt\/produto\/femilyane-fluido-higiene-intima-apaziguante-hidratante\/\"]}]},{\"@type\":\"ImageObject\",\"inLanguage\":\"pt-PT\",\"@id\":\"https:\/\/wos-dev-1.staging.sd-hosting.pt\/produto\/femilyane-fluido-higiene-intima-apaziguante-hidratante\/#primaryimage\",\"url\":\"https:\/\/wos-dev-1.staging.sd-hosting.pt\/wp-content\/uploads\/2023\/02\/biorga-femilyane-physiologique-solucao-higiene-intima-200.jpg\",\"contentUrl\":\"https:\/\/wos-dev-1.staging.sd-hosting.pt\/wp-content\/uploads\/2023\/02\/biorga-femilyane-physiologique-solucao-higiene-intima-200.jpg\",\"width\":600,\"height\":600,\"caption\":\"Femilyane Physiologique Solu\u00e7\u00e3o de Higiene \u00cdntima 200ml\"},{\"@type\":\"BreadcrumbList\",\"@id\":\"https:\/\/wos-dev-1.staging.sd-hosting.pt\/produto\/femilyane-fluido-higiene-intima-apaziguante-hidratante\/#breadcrumb\",\"itemListElement\":[{\"@type\":\"ListItem\",\"position\":1,\"name\":\"In\u00edcio\",\"item\":\"https:\/\/wos-dev-1.staging.sd-hosting.pt\/\"},{\"@type\":\"ListItem\",\"position\":2,\"name\":\"Femilyane Flu\u00eddo Apaziguante Hidratante pH8 200ml\"}]},{\"@type\":\"WebSite\",\"@id\":\"https:\/\/wos-dev-1.staging.sd-hosting.pt\/#website\",\"url\":\"https:\/\/wos-dev-1.staging.sd-hosting.pt\/\",\"name\":\"World Of Skin\",\"description\":\"World Of Skin\",\"publisher\":{\"@id\":\"https:\/\/wos-dev-1.staging.sd-hosting.pt\/#organization\"},\"potentialAction\":[{\"@type\":\"SearchAction\",\"target\":{\"@type\":\"EntryPoint\",\"urlTemplate\":\"https:\/\/wos-dev-1.staging.sd-hosting.pt\/?s={search_term_string}\"},\"query-input\":\"required name=search_term_string\"}],\"inLanguage\":\"pt-PT\"},{\"@type\":\"Organization\",\"@id\":\"https:\/\/wos-dev-1.staging.sd-hosting.pt\/#organization\",\"name\":\"World Of Skin\",\"url\":\"https:\/\/wos-dev-1.staging.sd-hosting.pt\/\",\"logo\":{\"@type\":\"ImageObject\",\"inLanguage\":\"pt-PT\",\"@id\":\"https:\/\/wos-dev-1.staging.sd-hosting.pt\/#\/schema\/logo\/image\/\",\"url\":\"https:\/\/wos-dev-1.staging.sd-hosting.pt\/wp-content\/uploads\/2022\/10\/Logotipo_Final.png\",\"contentUrl\":\"https:\/\/wos-dev-1.staging.sd-hosting.pt\/wp-content\/uploads\/2022\/10\/Logotipo_Final.png\",\"width\":1774,\"height\":1536,\"caption\":\"World Of Skin\"},\"image\":{\"@id\":\"https:\/\/wos-dev-1.staging.sd-hosting.pt\/#\/schema\/logo\/image\/\"},\"sameAs\":[\"https:\/\/www.facebook.com\/worldofskin.pt\/\",\"https:\/\/www.instagram.com\/world.of.skin\/\"]}]}<\/script>\n<!-- \/ Yoast SEO plugin. -->","yoast_head_json":{"title":"Femilyane Flu\u00eddo Apaziguante Hidratante pH8- World Of Skin","description":"Cuidado apaziguante flu\u00eddo para a higiene \u00edntima que acalma, refresca e hidrata em situa\u00e7\u00f5es de desconforto e secura da zona \u00edntima.","robots":{"index":"index","follow":"follow","max-snippet":"max-snippet:-1","max-image-preview":"max-image-preview:large","max-video-preview":"max-video-preview:-1"},"canonical":"https:\/\/wos-dev-1.staging.sd-hosting.pt\/produto\/femilyane-fluido-higiene-intima-apaziguante-hidratante\/","og_locale":"pt_PT","og_type":"article","og_title":"Femilyane Flu\u00eddo Apaziguante Hidratante pH8- World Of Skin","og_description":"Cuidado apaziguante flu\u00eddo para a higiene \u00edntima que acalma, refresca e hidrata em situa\u00e7\u00f5es de desconforto e secura da zona \u00edntima.","og_url":"https:\/\/wos-dev-1.staging.sd-hosting.pt\/produto\/femilyane-fluido-higiene-intima-apaziguante-hidratante\/","og_site_name":"World Of Skin","article_publisher":"https:\/\/www.facebook.com\/worldofskin.pt\/","article_modified_time":"2023-08-22T08:59:00+00:00","og_image":[{"width":600,"height":600,"url":"https:\/\/wos-dev-1.staging.sd-hosting.pt\/wp-content\/uploads\/2023\/02\/biorga-femilyane-physiologique-solucao-higiene-intima-200.jpg","type":"image\/jpeg"}],"twitter_card":"summary_large_image","twitter_misc":{"Tempo estimado de leitura":"1 minuto"},"schema":{"@context":"https:\/\/schema.org","@graph":[{"@type":"WebPage","@id":"https:\/\/wos-dev-1.staging.sd-hosting.pt\/produto\/femilyane-fluido-higiene-intima-apaziguante-hidratante\/","url":"https:\/\/wos-dev-1.staging.sd-hosting.pt\/produto\/femilyane-fluido-higiene-intima-apaziguante-hidratante\/","name":"Femilyane Flu\u00eddo Apaziguante Hidratante pH8- World Of Skin","isPartOf":{"@id":"https:\/\/wos-dev-1.staging.sd-hosting.pt\/#website"},"primaryImageOfPage":{"@id":"https:\/\/wos-dev-1.staging.sd-hosting.pt\/produto\/femilyane-fluido-higiene-intima-apaziguante-hidratante\/#primaryimage"},"image":{"@id":"https:\/\/wos-dev-1.staging.sd-hosting.pt\/produto\/femilyane-fluido-higiene-intima-apaziguante-hidratante\/#primaryimage"},"thumbnailUrl":"https:\/\/wos-dev-1.staging.sd-hosting.pt\/wp-content\/uploads\/2023\/02\/biorga-femilyane-physiologique-solucao-higiene-intima-200.jpg","datePublished":"2023-03-27T23:45:59+00:00","dateModified":"2023-08-22T08:59:00+00:00","description":"Cuidado apaziguante flu\u00eddo para a higiene \u00edntima que acalma, refresca e hidrata em situa\u00e7\u00f5es de desconforto e secura da zona \u00edntima.","breadcrumb":{"@id":"https:\/\/wos-dev-1.staging.sd-hosting.pt\/produto\/femilyane-fluido-higiene-intima-apaziguante-hidratante\/#breadcrumb"},"inLanguage":"pt-PT","potentialAction":[{"@type":"ReadAction","target":["https:\/\/wos-dev-1.staging.sd-hosting.pt\/produto\/femilyane-fluido-higiene-intima-apaziguante-hidratante\/"]}]},{"@type":"ImageObject","inLanguage":"pt-PT","@id":"https:\/\/wos-dev-1.staging.sd-hosting.pt\/produto\/femilyane-fluido-higiene-intima-apaziguante-hidratante\/#primaryimage","url":"https:\/\/wos-dev-1.staging.sd-hosting.pt\/wp-content\/uploads\/2023\/02\/biorga-femilyane-physiologique-solucao-higiene-intima-200.jpg","contentUrl":"https:\/\/wos-dev-1.staging.sd-hosting.pt\/wp-content\/uploads\/2023\/02\/biorga-femilyane-physiologique-solucao-higiene-intima-200.jpg","width":600,"height":600,"caption":"Femilyane Physiologique Solu\u00e7\u00e3o de Higiene \u00cdntima 200ml"},{"@type":"BreadcrumbList","@id":"https:\/\/wos-dev-1.staging.sd-hosting.pt\/produto\/femilyane-fluido-higiene-intima-apaziguante-hidratante\/#breadcrumb","itemListElement":[{"@type":"ListItem","position":1,"name":"In\u00edcio","item":"https:\/\/wos-dev-1.staging.sd-hosting.pt\/"},{"@type":"ListItem","position":2,"name":"Femilyane Flu\u00eddo Apaziguante Hidratante pH8 200ml"}]},{"@type":"WebSite","@id":"https:\/\/wos-dev-1.staging.sd-hosting.pt\/#website","url":"https:\/\/wos-dev-1.staging.sd-hosting.pt\/","name":"World Of Skin","description":"World Of Skin","publisher":{"@id":"https:\/\/wos-dev-1.staging.sd-hosting.pt\/#organization"},"potentialAction":[{"@type":"SearchAction","target":{"@type":"EntryPoint","urlTemplate":"https:\/\/wos-dev-1.staging.sd-hosting.pt\/?s={search_term_string}"},"query-input":"required name=search_term_string"}],"inLanguage":"pt-PT"},{"@type":"Organization","@id":"https:\/\/wos-dev-1.staging.sd-hosting.pt\/#organization","name":"World Of Skin","url":"https:\/\/wos-dev-1.staging.sd-hosting.pt\/","logo":{"@type":"ImageObject","inLanguage":"pt-PT","@id":"https:\/\/wos-dev-1.staging.sd-hosting.pt\/#\/schema\/logo\/image\/","url":"https:\/\/wos-dev-1.staging.sd-hosting.pt\/wp-content\/uploads\/2022\/10\/Logotipo_Final.png","contentUrl":"https:\/\/wos-dev-1.staging.sd-hosting.pt\/wp-content\/uploads\/2022\/10\/Logotipo_Final.png","width":1774,"height":1536,"caption":"World Of Skin"},"image":{"@id":"https:\/\/wos-dev-1.staging.sd-hosting.pt\/#\/schema\/logo\/image\/"},"sameAs":["https:\/\/www.facebook.com\/worldofskin.pt\/","https:\/\/www.instagram.com\/world.of.skin\/"]}]}},"_links":{"self":[{"href":"https:\/\/wos-dev-1.staging.sd-hosting.pt\/index.php?rest_route=\/wp\/v2\/product\/104710","targetHints":{"allow":["GET"]}}],"collection":[{"href":"https:\/\/wos-dev-1.staging.sd-hosting.pt\/index.php?rest_route=\/wp\/v2\/product"}],"about":[{"href":"https:\/\/wos-dev-1.staging.sd-hosting.pt\/index.php?rest_route=\/wp\/v2\/types\/product"}],"replies":[{"embeddable":true,"href":"https:\/\/wos-dev-1.staging.sd-hosting.pt\/index.php?rest_route=%2Fwp%2Fv2%2Fcomments&post=104710"}],"wp:featuredmedia":[{"embeddable":true,"href":"https:\/\/wos-dev-1.staging.sd-hosting.pt\/index.php?rest_route=\/wp\/v2\/media\/1943"}],"wp:attachment":[{"href":"https:\/\/wos-dev-1.staging.sd-hosting.pt\/index.php?rest_route=%2Fwp%2Fv2%2Fmedia&parent=104710"}],"wp:term":[{"taxonomy":"product_cat","embeddable":true,"href":"https:\/\/wos-dev-1.staging.sd-hosting.pt\/index.php?rest_route=%2Fwp%2Fv2%2Fproduct_cat&post=104710"},{"taxonomy":"product_tag","embeddable":true,"href":"https:\/\/wos-dev-1.staging.sd-hosting.pt\/index.php?rest_route=%2Fwp%2Fv2%2Fproduct_tag&post=104710"},{"taxonomy":"wos_brand","embeddable":true,"href":"https:\/\/wos-dev-1.staging.sd-hosting.pt\/index.php?rest_route=%2Fwp%2Fv2%2Fwos_brand&post=104710"}],"curies":[{"name":"wp","href":"https:\/\/api.w.org\/{rel}","templated":true}]}}