{"id":104708,"date":"2023-03-27T23:45:58","date_gmt":"2023-03-27T23:45:58","guid":{"rendered":"https:\/\/wos-dev-1.staging.sd-hosting.pt\/produto\/femilyane-physiologique-solucao-de-higiene-intima-200ml\/"},"modified":"2023-08-22T08:58:46","modified_gmt":"2023-08-22T08:58:46","slug":"femilyane-solucao-de-higiene-intima-calmante","status":"publish","type":"product","link":"https:\/\/wos-dev-1.staging.sd-hosting.pt\/?product=femilyane-solucao-de-higiene-intima-calmante","title":{"rendered":"Femilyane Physiologique Solu\u00e7\u00e3o de Higiene \u00cdntima 200ml"},"content":{"rendered":"<p class=\"wosc-text-s wosc-text-justify\"><strong class=\"wosc-text-secondary\">Femilyane Physiologique Solu\u00e7\u00e3o de Higiene \u00cdntima<\/strong> \u00e9 um cuidado \u00edntimo calmante para uso di\u00e1rio assegurando uma higiene suave que respeita o equil\u00edbrio da flora vaginal.<\/p>\n<p class=\"wosc-text-s wosc-text-justify\">A sua composi\u00e7\u00e3o com Alo\u00e9 Vera ajuda a apaziguar e a proteger e a Glicerina assegura que n\u00e3o haja secura.<\/p>\n","protected":false},"excerpt":{"rendered":"<p>Cuidado de higiene \u00edntima calmante para uso di\u00e1rio<\/p>\n","protected":false},"featured_media":1942,"comment_status":"open","ping_status":"closed","template":"","meta":{"_acf_changed":false},"product_cat":[987],"product_tag":[],"wos_brand":[1119,1207],"class_list":{"0":"post-104708","1":"product","2":"type-product","3":"status-publish","4":"has-post-thumbnail","6":"product_cat-corpo","7":"wos_brand-bailleul","8":"wos_brand-femilyane","10":"first","11":"outofstock","12":"taxable","13":"shipping-taxable","14":"purchasable","15":"product-type-simple"},"acf":[],"yoast_head":"<!-- This site is optimized with the Yoast SEO plugin v22.8 - https:\/\/yoast.com\/wordpress\/plugins\/seo\/ -->\n<title>Femilyane Solu\u00e7\u00e3o de Higiene \u00cdntima 200ml - World Of Skin<\/title>\n<meta name=\"description\" content=\"Uma solu\u00e7\u00e3o de higiene \u00edntima calmante para uso di\u00e1rio, que protege, mant\u00e9m hidratada e equilibrada a zona \u00edntima da mulher.\" \/>\n<meta name=\"robots\" content=\"index, follow, max-snippet:-1, max-image-preview:large, max-video-preview:-1\" \/>\n<link rel=\"canonical\" href=\"https:\/\/wos-dev-1.staging.sd-hosting.pt\/produto\/femilyane-solucao-de-higiene-intima-calmante\/\" \/>\n<meta property=\"og:locale\" content=\"pt_PT\" \/>\n<meta property=\"og:type\" content=\"article\" \/>\n<meta property=\"og:title\" content=\"Femilyane Solu\u00e7\u00e3o de Higiene \u00cdntima 200ml - World Of Skin\" \/>\n<meta property=\"og:description\" content=\"Uma solu\u00e7\u00e3o de higiene \u00edntima calmante para uso di\u00e1rio, que protege, mant\u00e9m hidratada e equilibrada a zona \u00edntima da mulher.\" \/>\n<meta property=\"og:url\" content=\"https:\/\/wos-dev-1.staging.sd-hosting.pt\/produto\/femilyane-solucao-de-higiene-intima-calmante\/\" \/>\n<meta property=\"og:site_name\" content=\"World Of Skin\" \/>\n<meta property=\"article:publisher\" content=\"https:\/\/www.facebook.com\/worldofskin.pt\/\" \/>\n<meta property=\"article:modified_time\" content=\"2023-08-22T08:58:46+00:00\" \/>\n<meta property=\"og:image\" content=\"https:\/\/wos-dev-1.staging.sd-hosting.pt\/wp-content\/uploads\/2023\/02\/biorga-femilyane-fluido-apaziguante-hidratante-ph8-200.png\" \/>\n\t<meta property=\"og:image:width\" content=\"484\" \/>\n\t<meta property=\"og:image:height\" content=\"558\" \/>\n\t<meta property=\"og:image:type\" content=\"image\/png\" \/>\n<meta name=\"twitter:card\" content=\"summary_large_image\" \/>\n<meta name=\"twitter:label1\" content=\"Tempo estimado de leitura\" \/>\n\t<meta name=\"twitter:data1\" content=\"1 minuto\" \/>\n<script type=\"application\/ld+json\" class=\"yoast-schema-graph\">{\"@context\":\"https:\/\/schema.org\",\"@graph\":[{\"@type\":\"WebPage\",\"@id\":\"https:\/\/wos-dev-1.staging.sd-hosting.pt\/produto\/femilyane-solucao-de-higiene-intima-calmante\/\",\"url\":\"https:\/\/wos-dev-1.staging.sd-hosting.pt\/produto\/femilyane-solucao-de-higiene-intima-calmante\/\",\"name\":\"Femilyane Solu\u00e7\u00e3o de Higiene \u00cdntima 200ml - World Of Skin\",\"isPartOf\":{\"@id\":\"https:\/\/wos-dev-1.staging.sd-hosting.pt\/#website\"},\"primaryImageOfPage\":{\"@id\":\"https:\/\/wos-dev-1.staging.sd-hosting.pt\/produto\/femilyane-solucao-de-higiene-intima-calmante\/#primaryimage\"},\"image\":{\"@id\":\"https:\/\/wos-dev-1.staging.sd-hosting.pt\/produto\/femilyane-solucao-de-higiene-intima-calmante\/#primaryimage\"},\"thumbnailUrl\":\"https:\/\/wos-dev-1.staging.sd-hosting.pt\/wp-content\/uploads\/2023\/02\/biorga-femilyane-fluido-apaziguante-hidratante-ph8-200.png\",\"datePublished\":\"2023-03-27T23:45:58+00:00\",\"dateModified\":\"2023-08-22T08:58:46+00:00\",\"description\":\"Uma solu\u00e7\u00e3o de higiene \u00edntima calmante para uso di\u00e1rio, que protege, mant\u00e9m hidratada e equilibrada a zona \u00edntima da mulher.\",\"breadcrumb\":{\"@id\":\"https:\/\/wos-dev-1.staging.sd-hosting.pt\/produto\/femilyane-solucao-de-higiene-intima-calmante\/#breadcrumb\"},\"inLanguage\":\"pt-PT\",\"potentialAction\":[{\"@type\":\"ReadAction\",\"target\":[\"https:\/\/wos-dev-1.staging.sd-hosting.pt\/produto\/femilyane-solucao-de-higiene-intima-calmante\/\"]}]},{\"@type\":\"ImageObject\",\"inLanguage\":\"pt-PT\",\"@id\":\"https:\/\/wos-dev-1.staging.sd-hosting.pt\/produto\/femilyane-solucao-de-higiene-intima-calmante\/#primaryimage\",\"url\":\"https:\/\/wos-dev-1.staging.sd-hosting.pt\/wp-content\/uploads\/2023\/02\/biorga-femilyane-fluido-apaziguante-hidratante-ph8-200.png\",\"contentUrl\":\"https:\/\/wos-dev-1.staging.sd-hosting.pt\/wp-content\/uploads\/2023\/02\/biorga-femilyane-fluido-apaziguante-hidratante-ph8-200.png\",\"width\":484,\"height\":558,\"caption\":\"Femilyane Flu\u00eddo Apaziguante Hidratante pH8 200ml\"},{\"@type\":\"BreadcrumbList\",\"@id\":\"https:\/\/wos-dev-1.staging.sd-hosting.pt\/produto\/femilyane-solucao-de-higiene-intima-calmante\/#breadcrumb\",\"itemListElement\":[{\"@type\":\"ListItem\",\"position\":1,\"name\":\"In\u00edcio\",\"item\":\"https:\/\/wos-dev-1.staging.sd-hosting.pt\/\"},{\"@type\":\"ListItem\",\"position\":2,\"name\":\"Femilyane Physiologique Solu\u00e7\u00e3o de Higiene \u00cdntima 200ml\"}]},{\"@type\":\"WebSite\",\"@id\":\"https:\/\/wos-dev-1.staging.sd-hosting.pt\/#website\",\"url\":\"https:\/\/wos-dev-1.staging.sd-hosting.pt\/\",\"name\":\"World Of Skin\",\"description\":\"World Of Skin\",\"publisher\":{\"@id\":\"https:\/\/wos-dev-1.staging.sd-hosting.pt\/#organization\"},\"potentialAction\":[{\"@type\":\"SearchAction\",\"target\":{\"@type\":\"EntryPoint\",\"urlTemplate\":\"https:\/\/wos-dev-1.staging.sd-hosting.pt\/?s={search_term_string}\"},\"query-input\":\"required name=search_term_string\"}],\"inLanguage\":\"pt-PT\"},{\"@type\":\"Organization\",\"@id\":\"https:\/\/wos-dev-1.staging.sd-hosting.pt\/#organization\",\"name\":\"World Of Skin\",\"url\":\"https:\/\/wos-dev-1.staging.sd-hosting.pt\/\",\"logo\":{\"@type\":\"ImageObject\",\"inLanguage\":\"pt-PT\",\"@id\":\"https:\/\/wos-dev-1.staging.sd-hosting.pt\/#\/schema\/logo\/image\/\",\"url\":\"https:\/\/wos-dev-1.staging.sd-hosting.pt\/wp-content\/uploads\/2022\/10\/Logotipo_Final.png\",\"contentUrl\":\"https:\/\/wos-dev-1.staging.sd-hosting.pt\/wp-content\/uploads\/2022\/10\/Logotipo_Final.png\",\"width\":1774,\"height\":1536,\"caption\":\"World Of Skin\"},\"image\":{\"@id\":\"https:\/\/wos-dev-1.staging.sd-hosting.pt\/#\/schema\/logo\/image\/\"},\"sameAs\":[\"https:\/\/www.facebook.com\/worldofskin.pt\/\",\"https:\/\/www.instagram.com\/world.of.skin\/\"]}]}<\/script>\n<!-- \/ Yoast SEO plugin. -->","yoast_head_json":{"title":"Femilyane Solu\u00e7\u00e3o de Higiene \u00cdntima 200ml - World Of Skin","description":"Uma solu\u00e7\u00e3o de higiene \u00edntima calmante para uso di\u00e1rio, que protege, mant\u00e9m hidratada e equilibrada a zona \u00edntima da mulher.","robots":{"index":"index","follow":"follow","max-snippet":"max-snippet:-1","max-image-preview":"max-image-preview:large","max-video-preview":"max-video-preview:-1"},"canonical":"https:\/\/wos-dev-1.staging.sd-hosting.pt\/produto\/femilyane-solucao-de-higiene-intima-calmante\/","og_locale":"pt_PT","og_type":"article","og_title":"Femilyane Solu\u00e7\u00e3o de Higiene \u00cdntima 200ml - World Of Skin","og_description":"Uma solu\u00e7\u00e3o de higiene \u00edntima calmante para uso di\u00e1rio, que protege, mant\u00e9m hidratada e equilibrada a zona \u00edntima da mulher.","og_url":"https:\/\/wos-dev-1.staging.sd-hosting.pt\/produto\/femilyane-solucao-de-higiene-intima-calmante\/","og_site_name":"World Of Skin","article_publisher":"https:\/\/www.facebook.com\/worldofskin.pt\/","article_modified_time":"2023-08-22T08:58:46+00:00","og_image":[{"width":484,"height":558,"url":"https:\/\/wos-dev-1.staging.sd-hosting.pt\/wp-content\/uploads\/2023\/02\/biorga-femilyane-fluido-apaziguante-hidratante-ph8-200.png","type":"image\/png"}],"twitter_card":"summary_large_image","twitter_misc":{"Tempo estimado de leitura":"1 minuto"},"schema":{"@context":"https:\/\/schema.org","@graph":[{"@type":"WebPage","@id":"https:\/\/wos-dev-1.staging.sd-hosting.pt\/produto\/femilyane-solucao-de-higiene-intima-calmante\/","url":"https:\/\/wos-dev-1.staging.sd-hosting.pt\/produto\/femilyane-solucao-de-higiene-intima-calmante\/","name":"Femilyane Solu\u00e7\u00e3o de Higiene \u00cdntima 200ml - World Of Skin","isPartOf":{"@id":"https:\/\/wos-dev-1.staging.sd-hosting.pt\/#website"},"primaryImageOfPage":{"@id":"https:\/\/wos-dev-1.staging.sd-hosting.pt\/produto\/femilyane-solucao-de-higiene-intima-calmante\/#primaryimage"},"image":{"@id":"https:\/\/wos-dev-1.staging.sd-hosting.pt\/produto\/femilyane-solucao-de-higiene-intima-calmante\/#primaryimage"},"thumbnailUrl":"https:\/\/wos-dev-1.staging.sd-hosting.pt\/wp-content\/uploads\/2023\/02\/biorga-femilyane-fluido-apaziguante-hidratante-ph8-200.png","datePublished":"2023-03-27T23:45:58+00:00","dateModified":"2023-08-22T08:58:46+00:00","description":"Uma solu\u00e7\u00e3o de higiene \u00edntima calmante para uso di\u00e1rio, que protege, mant\u00e9m hidratada e equilibrada a zona \u00edntima da mulher.","breadcrumb":{"@id":"https:\/\/wos-dev-1.staging.sd-hosting.pt\/produto\/femilyane-solucao-de-higiene-intima-calmante\/#breadcrumb"},"inLanguage":"pt-PT","potentialAction":[{"@type":"ReadAction","target":["https:\/\/wos-dev-1.staging.sd-hosting.pt\/produto\/femilyane-solucao-de-higiene-intima-calmante\/"]}]},{"@type":"ImageObject","inLanguage":"pt-PT","@id":"https:\/\/wos-dev-1.staging.sd-hosting.pt\/produto\/femilyane-solucao-de-higiene-intima-calmante\/#primaryimage","url":"https:\/\/wos-dev-1.staging.sd-hosting.pt\/wp-content\/uploads\/2023\/02\/biorga-femilyane-fluido-apaziguante-hidratante-ph8-200.png","contentUrl":"https:\/\/wos-dev-1.staging.sd-hosting.pt\/wp-content\/uploads\/2023\/02\/biorga-femilyane-fluido-apaziguante-hidratante-ph8-200.png","width":484,"height":558,"caption":"Femilyane Flu\u00eddo Apaziguante Hidratante pH8 200ml"},{"@type":"BreadcrumbList","@id":"https:\/\/wos-dev-1.staging.sd-hosting.pt\/produto\/femilyane-solucao-de-higiene-intima-calmante\/#breadcrumb","itemListElement":[{"@type":"ListItem","position":1,"name":"In\u00edcio","item":"https:\/\/wos-dev-1.staging.sd-hosting.pt\/"},{"@type":"ListItem","position":2,"name":"Femilyane Physiologique Solu\u00e7\u00e3o de Higiene \u00cdntima 200ml"}]},{"@type":"WebSite","@id":"https:\/\/wos-dev-1.staging.sd-hosting.pt\/#website","url":"https:\/\/wos-dev-1.staging.sd-hosting.pt\/","name":"World Of Skin","description":"World Of Skin","publisher":{"@id":"https:\/\/wos-dev-1.staging.sd-hosting.pt\/#organization"},"potentialAction":[{"@type":"SearchAction","target":{"@type":"EntryPoint","urlTemplate":"https:\/\/wos-dev-1.staging.sd-hosting.pt\/?s={search_term_string}"},"query-input":"required name=search_term_string"}],"inLanguage":"pt-PT"},{"@type":"Organization","@id":"https:\/\/wos-dev-1.staging.sd-hosting.pt\/#organization","name":"World Of Skin","url":"https:\/\/wos-dev-1.staging.sd-hosting.pt\/","logo":{"@type":"ImageObject","inLanguage":"pt-PT","@id":"https:\/\/wos-dev-1.staging.sd-hosting.pt\/#\/schema\/logo\/image\/","url":"https:\/\/wos-dev-1.staging.sd-hosting.pt\/wp-content\/uploads\/2022\/10\/Logotipo_Final.png","contentUrl":"https:\/\/wos-dev-1.staging.sd-hosting.pt\/wp-content\/uploads\/2022\/10\/Logotipo_Final.png","width":1774,"height":1536,"caption":"World Of Skin"},"image":{"@id":"https:\/\/wos-dev-1.staging.sd-hosting.pt\/#\/schema\/logo\/image\/"},"sameAs":["https:\/\/www.facebook.com\/worldofskin.pt\/","https:\/\/www.instagram.com\/world.of.skin\/"]}]}},"_links":{"self":[{"href":"https:\/\/wos-dev-1.staging.sd-hosting.pt\/index.php?rest_route=\/wp\/v2\/product\/104708","targetHints":{"allow":["GET"]}}],"collection":[{"href":"https:\/\/wos-dev-1.staging.sd-hosting.pt\/index.php?rest_route=\/wp\/v2\/product"}],"about":[{"href":"https:\/\/wos-dev-1.staging.sd-hosting.pt\/index.php?rest_route=\/wp\/v2\/types\/product"}],"replies":[{"embeddable":true,"href":"https:\/\/wos-dev-1.staging.sd-hosting.pt\/index.php?rest_route=%2Fwp%2Fv2%2Fcomments&post=104708"}],"wp:featuredmedia":[{"embeddable":true,"href":"https:\/\/wos-dev-1.staging.sd-hosting.pt\/index.php?rest_route=\/wp\/v2\/media\/1942"}],"wp:attachment":[{"href":"https:\/\/wos-dev-1.staging.sd-hosting.pt\/index.php?rest_route=%2Fwp%2Fv2%2Fmedia&parent=104708"}],"wp:term":[{"taxonomy":"product_cat","embeddable":true,"href":"https:\/\/wos-dev-1.staging.sd-hosting.pt\/index.php?rest_route=%2Fwp%2Fv2%2Fproduct_cat&post=104708"},{"taxonomy":"product_tag","embeddable":true,"href":"https:\/\/wos-dev-1.staging.sd-hosting.pt\/index.php?rest_route=%2Fwp%2Fv2%2Fproduct_tag&post=104708"},{"taxonomy":"wos_brand","embeddable":true,"href":"https:\/\/wos-dev-1.staging.sd-hosting.pt\/index.php?rest_route=%2Fwp%2Fv2%2Fwos_brand&post=104708"}],"curies":[{"name":"wp","href":"https:\/\/api.w.org\/{rel}","templated":true}]}}