{"id":9,"date":"2023-02-16T00:16:09","date_gmt":"2023-02-16T00:16:09","guid":{"rendered":"https:\/\/wos-dev-1.staging.sd-hosting.pt\/?page_id=9"},"modified":"2023-04-14T17:56:00","modified_gmt":"2023-04-14T17:56:00","slug":"minha-conta","status":"publish","type":"page","link":"https:\/\/wos-dev-1.staging.sd-hosting.pt\/?page_id=9","title":{"rendered":"A minha conta"},"content":{"rendered":"<div class=\"woocommerce\"><div class=\"woocommerce-notices-wrapper\"><\/div>\n\n<div class=\"u-columns col2-set\" id=\"customer_login\">\n\n\t<div class=\"u-column1 col-1\">\n\n\n\t\t<h2>Login<\/h2>\n\n\t\t<form class=\"woocommerce-form woocommerce-form-login login\" method=\"post\">\n\n\t\t\t\n\t\t\t<p class=\"woocommerce-form-row woocommerce-form-row--wide form-row form-row-wide\">\n\t\t\t\t<label for=\"username\">Username or email address&nbsp;<span class=\"required\">*<\/span><\/label>\n\t\t\t\t<input type=\"text\" class=\"woocommerce-Input woocommerce-Input--text input-text\" name=\"username\" id=\"username\" autocomplete=\"username\" value=\"\" \/>\t\t\t<\/p>\n\t\t\t<p class=\"woocommerce-form-row woocommerce-form-row--wide form-row form-row-wide\">\n\t\t\t\t<label for=\"password\">Password&nbsp;<span class=\"required\">*<\/span><\/label>\n\t\t\t\t<input class=\"woocommerce-Input woocommerce-Input--text input-text\" type=\"password\" name=\"password\" id=\"password\" autocomplete=\"current-password\" \/>\n\t\t\t<\/p>\n\n\t\t\t\n\t\t\t<p class=\"form-row\">\n\t\t\t\t<label class=\"woocommerce-form__label woocommerce-form__label-for-checkbox woocommerce-form-login__rememberme\">\n\t\t\t\t\t<input class=\"woocommerce-form__input woocommerce-form__input-checkbox\" name=\"rememberme\" type=\"checkbox\" id=\"rememberme\" value=\"forever\" \/> <span>Remember me<\/span>\n\t\t\t\t<\/label>\n\t\t\t\t<input type=\"hidden\" id=\"woocommerce-login-nonce\" name=\"woocommerce-login-nonce\" value=\"5318bc749f\" \/><input type=\"hidden\" name=\"_wp_http_referer\" value=\"\/index.php?rest_route=%2Fwp%2Fv2%2Fpages%2F9\" \/>\t\t\t\t<button type=\"submit\" class=\"woocommerce-button button woocommerce-form-login__submit\" name=\"login\" value=\"Log in\">Log in<\/button>\n\t\t\t<\/p>\n\t\t\t<p class=\"woocommerce-LostPassword lost_password\">\n\t\t\t\t<a href=\"https:\/\/wos-dev-1.staging.sd-hosting.pt\/wp-login.php?action=lostpassword\">Lost your password?<\/a>\n\t\t\t<\/p>\n\n\t\t\t\n\t\t<\/form>\n\n\n\t<\/div>\n\n\t<div class=\"u-column2 col-2\">\n\n\t\t<h2>Register<\/h2>\n\n\t\t<form method=\"post\" class=\"woocommerce-form woocommerce-form-register register\"  >\n\n\t\t\t\n\t\t\t\n\t\t\t<p class=\"woocommerce-form-row woocommerce-form-row--wide form-row form-row-wide\">\n\t\t\t\t<label for=\"reg_email\">Email address&nbsp;<span class=\"required\">*<\/span><\/label>\n\t\t\t\t<input type=\"email\" class=\"woocommerce-Input woocommerce-Input--text input-text\" name=\"email\" id=\"reg_email\" autocomplete=\"email\" value=\"\" \/>\t\t\t<\/p>\n\n\t\t\t\n\t\t\t\t<p>A link to set a new password will be sent to your email address.<\/p>\n\n\t\t\t\n\t\t\t<wc-order-attribution-inputs><\/wc-order-attribution-inputs><div class=\"woocommerce-privacy-policy-text\"><p>A sua informa\u00e7\u00e3o pessoal servir\u00e1 para melhorar a sua experi\u00eancia no nosso site e permitir o acesso \u00e0 sua conta. Para mais informa\u00e7\u00f5es consulte a nossa <a href=\"https:\/\/wos-dev-1.staging.sd-hosting.pt\/?page_id=3\" class=\"woocommerce-privacy-policy-link\" target=\"_blank\">privacy policy<\/a>.<\/p>\n<\/div>\n\t\t\t<p class=\"woocommerce-form-row form-row\">\n\t\t\t\t<input type=\"hidden\" id=\"woocommerce-register-nonce\" name=\"woocommerce-register-nonce\" value=\"fbc53dcaff\" \/><input type=\"hidden\" name=\"_wp_http_referer\" value=\"\/index.php?rest_route=%2Fwp%2Fv2%2Fpages%2F9\" \/>\t\t\t\t<button type=\"submit\" class=\"woocommerce-Button woocommerce-button button woocommerce-form-register__submit\" name=\"register\" value=\"Register\">Register<\/button>\n\t\t\t<\/p>\n\n\t\t\t\n\t\t<\/form>\n\n\t<\/div>\n\n<\/div>\n\n<\/div>\n","protected":false},"excerpt":{"rendered":"","protected":false},"author":1,"featured_media":0,"parent":0,"menu_order":0,"comment_status":"closed","ping_status":"closed","template":"","meta":{"_acf_changed":false,"footnotes":""},"class_list":["post-9","page","type-page","status-publish","hentry"],"acf":[],"yoast_head":"<!-- This site is optimized with the Yoast SEO plugin v22.8 - https:\/\/yoast.com\/wordpress\/plugins\/seo\/ -->\n<title>A minha conta - World Of Skin<\/title>\n<meta name=\"robots\" content=\"index, follow, max-snippet:-1, max-image-preview:large, max-video-preview:-1\" \/>\n<link rel=\"canonical\" href=\"https:\/\/wos-dev-1.staging.sd-hosting.pt\/?page_id=9\" \/>\n<meta property=\"og:locale\" content=\"pt_PT\" \/>\n<meta property=\"og:type\" content=\"article\" \/>\n<meta property=\"og:title\" content=\"A minha conta - World Of Skin\" \/>\n<meta property=\"og:url\" content=\"https:\/\/wos-dev-1.staging.sd-hosting.pt\/?page_id=9\" \/>\n<meta property=\"og:site_name\" content=\"World Of Skin\" \/>\n<meta property=\"article:publisher\" content=\"https:\/\/www.facebook.com\/worldofskin.pt\/\" \/>\n<meta property=\"article:modified_time\" content=\"2023-04-14T17:56:00+00:00\" \/>\n<meta name=\"twitter:card\" content=\"summary_large_image\" \/>\n<meta name=\"twitter:label1\" content=\"Tempo estimado de leitura\" \/>\n\t<meta name=\"twitter:data1\" content=\"1 minuto\" \/>\n<script type=\"application\/ld+json\" class=\"yoast-schema-graph\">{\"@context\":\"https:\/\/schema.org\",\"@graph\":[{\"@type\":\"WebPage\",\"@id\":\"https:\/\/wos-dev-1.staging.sd-hosting.pt\/?page_id=9\",\"url\":\"https:\/\/wos-dev-1.staging.sd-hosting.pt\/?page_id=9\",\"name\":\"A minha conta - World Of Skin\",\"isPartOf\":{\"@id\":\"https:\/\/wos-dev-1.staging.sd-hosting.pt\/#website\"},\"datePublished\":\"2023-02-16T00:16:09+00:00\",\"dateModified\":\"2023-04-14T17:56:00+00:00\",\"breadcrumb\":{\"@id\":\"https:\/\/wos-dev-1.staging.sd-hosting.pt\/?page_id=9#breadcrumb\"},\"inLanguage\":\"pt-PT\",\"potentialAction\":[{\"@type\":\"ReadAction\",\"target\":[\"https:\/\/wos-dev-1.staging.sd-hosting.pt\/?page_id=9\"]}]},{\"@type\":\"BreadcrumbList\",\"@id\":\"https:\/\/wos-dev-1.staging.sd-hosting.pt\/?page_id=9#breadcrumb\",\"itemListElement\":[{\"@type\":\"ListItem\",\"position\":1,\"name\":\"In\u00edcio\",\"item\":\"https:\/\/wos-dev-1.staging.sd-hosting.pt\/\"},{\"@type\":\"ListItem\",\"position\":2,\"name\":\"A minha conta\"}]},{\"@type\":\"WebSite\",\"@id\":\"https:\/\/wos-dev-1.staging.sd-hosting.pt\/#website\",\"url\":\"https:\/\/wos-dev-1.staging.sd-hosting.pt\/\",\"name\":\"World Of Skin\",\"description\":\"World Of Skin\",\"publisher\":{\"@id\":\"https:\/\/wos-dev-1.staging.sd-hosting.pt\/#organization\"},\"potentialAction\":[{\"@type\":\"SearchAction\",\"target\":{\"@type\":\"EntryPoint\",\"urlTemplate\":\"https:\/\/wos-dev-1.staging.sd-hosting.pt\/?s={search_term_string}\"},\"query-input\":\"required name=search_term_string\"}],\"inLanguage\":\"pt-PT\"},{\"@type\":\"Organization\",\"@id\":\"https:\/\/wos-dev-1.staging.sd-hosting.pt\/#organization\",\"name\":\"World Of Skin\",\"url\":\"https:\/\/wos-dev-1.staging.sd-hosting.pt\/\",\"logo\":{\"@type\":\"ImageObject\",\"inLanguage\":\"pt-PT\",\"@id\":\"https:\/\/wos-dev-1.staging.sd-hosting.pt\/#\/schema\/logo\/image\/\",\"url\":\"https:\/\/wos-dev-1.staging.sd-hosting.pt\/wp-content\/uploads\/2022\/10\/Logotipo_Final.png\",\"contentUrl\":\"https:\/\/wos-dev-1.staging.sd-hosting.pt\/wp-content\/uploads\/2022\/10\/Logotipo_Final.png\",\"width\":1774,\"height\":1536,\"caption\":\"World Of Skin\"},\"image\":{\"@id\":\"https:\/\/wos-dev-1.staging.sd-hosting.pt\/#\/schema\/logo\/image\/\"},\"sameAs\":[\"https:\/\/www.facebook.com\/worldofskin.pt\/\",\"https:\/\/www.instagram.com\/world.of.skin\/\"]}]}<\/script>\n<!-- \/ Yoast SEO plugin. -->","yoast_head_json":{"title":"A minha conta - World Of Skin","robots":{"index":"index","follow":"follow","max-snippet":"max-snippet:-1","max-image-preview":"max-image-preview:large","max-video-preview":"max-video-preview:-1"},"canonical":"https:\/\/wos-dev-1.staging.sd-hosting.pt\/?page_id=9","og_locale":"pt_PT","og_type":"article","og_title":"A minha conta - World Of Skin","og_url":"https:\/\/wos-dev-1.staging.sd-hosting.pt\/?page_id=9","og_site_name":"World Of Skin","article_publisher":"https:\/\/www.facebook.com\/worldofskin.pt\/","article_modified_time":"2023-04-14T17:56:00+00:00","twitter_card":"summary_large_image","twitter_misc":{"Tempo estimado de leitura":"1 minuto"},"schema":{"@context":"https:\/\/schema.org","@graph":[{"@type":"WebPage","@id":"https:\/\/wos-dev-1.staging.sd-hosting.pt\/?page_id=9","url":"https:\/\/wos-dev-1.staging.sd-hosting.pt\/?page_id=9","name":"A minha conta - World Of Skin","isPartOf":{"@id":"https:\/\/wos-dev-1.staging.sd-hosting.pt\/#website"},"datePublished":"2023-02-16T00:16:09+00:00","dateModified":"2023-04-14T17:56:00+00:00","breadcrumb":{"@id":"https:\/\/wos-dev-1.staging.sd-hosting.pt\/?page_id=9#breadcrumb"},"inLanguage":"pt-PT","potentialAction":[{"@type":"ReadAction","target":["https:\/\/wos-dev-1.staging.sd-hosting.pt\/?page_id=9"]}]},{"@type":"BreadcrumbList","@id":"https:\/\/wos-dev-1.staging.sd-hosting.pt\/?page_id=9#breadcrumb","itemListElement":[{"@type":"ListItem","position":1,"name":"In\u00edcio","item":"https:\/\/wos-dev-1.staging.sd-hosting.pt\/"},{"@type":"ListItem","position":2,"name":"A minha conta"}]},{"@type":"WebSite","@id":"https:\/\/wos-dev-1.staging.sd-hosting.pt\/#website","url":"https:\/\/wos-dev-1.staging.sd-hosting.pt\/","name":"World Of Skin","description":"World Of Skin","publisher":{"@id":"https:\/\/wos-dev-1.staging.sd-hosting.pt\/#organization"},"potentialAction":[{"@type":"SearchAction","target":{"@type":"EntryPoint","urlTemplate":"https:\/\/wos-dev-1.staging.sd-hosting.pt\/?s={search_term_string}"},"query-input":"required name=search_term_string"}],"inLanguage":"pt-PT"},{"@type":"Organization","@id":"https:\/\/wos-dev-1.staging.sd-hosting.pt\/#organization","name":"World Of Skin","url":"https:\/\/wos-dev-1.staging.sd-hosting.pt\/","logo":{"@type":"ImageObject","inLanguage":"pt-PT","@id":"https:\/\/wos-dev-1.staging.sd-hosting.pt\/#\/schema\/logo\/image\/","url":"https:\/\/wos-dev-1.staging.sd-hosting.pt\/wp-content\/uploads\/2022\/10\/Logotipo_Final.png","contentUrl":"https:\/\/wos-dev-1.staging.sd-hosting.pt\/wp-content\/uploads\/2022\/10\/Logotipo_Final.png","width":1774,"height":1536,"caption":"World Of Skin"},"image":{"@id":"https:\/\/wos-dev-1.staging.sd-hosting.pt\/#\/schema\/logo\/image\/"},"sameAs":["https:\/\/www.facebook.com\/worldofskin.pt\/","https:\/\/www.instagram.com\/world.of.skin\/"]}]}},"_links":{"self":[{"href":"https:\/\/wos-dev-1.staging.sd-hosting.pt\/index.php?rest_route=\/wp\/v2\/pages\/9","targetHints":{"allow":["GET"]}}],"collection":[{"href":"https:\/\/wos-dev-1.staging.sd-hosting.pt\/index.php?rest_route=\/wp\/v2\/pages"}],"about":[{"href":"https:\/\/wos-dev-1.staging.sd-hosting.pt\/index.php?rest_route=\/wp\/v2\/types\/page"}],"author":[{"embeddable":true,"href":"https:\/\/wos-dev-1.staging.sd-hosting.pt\/index.php?rest_route=\/wp\/v2\/users\/1"}],"replies":[{"embeddable":true,"href":"https:\/\/wos-dev-1.staging.sd-hosting.pt\/index.php?rest_route=%2Fwp%2Fv2%2Fcomments&post=9"}],"version-history":[{"count":2,"href":"https:\/\/wos-dev-1.staging.sd-hosting.pt\/index.php?rest_route=\/wp\/v2\/pages\/9\/revisions"}],"predecessor-version":[{"id":105196,"href":"https:\/\/wos-dev-1.staging.sd-hosting.pt\/index.php?rest_route=\/wp\/v2\/pages\/9\/revisions\/105196"}],"wp:attachment":[{"href":"https:\/\/wos-dev-1.staging.sd-hosting.pt\/index.php?rest_route=%2Fwp%2Fv2%2Fmedia&parent=9"}],"curies":[{"name":"wp","href":"https:\/\/api.w.org\/{rel}","templated":true}]}}